{"id":3845,"date":"2015-05-20T10:42:22","date_gmt":"2015-05-20T10:42:22","guid":{"rendered":"http:\/\/www.kunnskap.de\/?page_id=3845"},"modified":"2021-06-25T12:50:16","modified_gmt":"2021-06-25T10:50:16","slug":"verkauf-einer-option","status":"publish","type":"page","link":"https:\/\/prudentwater.com\/en\/verkauf-einer-option\/","title":{"rendered":"Verkauf einer Option"},"content":{"rendered":"<p>Einer der entscheidenden Unterschiede zwischen einer Option und einem Optionsschein ist, dass eine Privatperson als Stillhalter einer Option auftreten kann, jedoch nicht als Stillhalter eines Optionsscheines. Dies bedeutet, dass jeder Privatanleger eine Option auf einen bestimmten Basiswert &#8220;kreieren&#8221; und anschlie\u00dfend verkaufen kann. Ein Optionsschein kann hingegen nur eine Bank oder ein Finanzinstitut emittieren.<br \/>\nEine Option kann nur in 100er St\u00fccken (mindestens ein Kontrakt) gekauft oder verkauft werden. Verkauft also ein Privatanleger eine Option (bspw. 100 St\u00fcck), so tritt er als Stillhalter auf. Zuerst erh\u00e4lt er vom K\u00e4ufer der Optionen den Optionspreis. Dies ist der m\u00f6gliche Gewinn und der Ausgleich daf\u00fcr, dass der folgendes Risiko eingeht:<\/p>\n<p>Hat er eine <b>Call-Option<\/b> verkauft, so muss er an den K\u00e4ufer den zugrunde liegenden Basiswert liefern, falls der K\u00e4ufer seine Option ausf\u00fchren m\u00f6chte. Dies wird er jedoch nur machen, falls der Kurs des Basiswertes (Aktie XY notiert bei 10 Euro) \u00fcber dem Basispreis (Option verbrieft das Recht, Aktie XY f\u00fcr 8 Euro zu kaufen) liegt. In diesem Fall erleidet der Verk\u00e4ufer der Option einen Verlust, wobei noch die zuvor erhaltene Optionspr\u00e4mie ber\u00fccksichtigt werden muss, welche er immer behalten kann. Der K\u00e4ufer wird die Option jedoch nicht aus\u00fcben, falls der Basispreis \u00fcber dem aktuellen B\u00f6rsenkurs liegt. Denn in diesem Fall bekommt der K\u00e4ufer der Option die Aktie g\u00fcnstiger am Markt. Es macht somit f\u00fcr ihn keinen Sinn, den Basiswert teurer \u00fcber die Option zu kaufen. Die Option verf\u00e4llt daraufhin und der Verk\u00e4ufer der Option kann die zuvor erhaltene Optionspr\u00e4mie als kompletten Gewinnen einstreichen. <\/p>\n<p>Wurde hingegen eine <b>Put-Option<\/b> verkauft, so ist der Verk\u00e4ufer verpflichtet, den Basiswert zum Basispreis zu kaufen, ganz egal wie tief der Kurs gefallen ist. Liegt der Basispreis bei 40 Euro, der B\u00f6rsenkurs ist jedoch auf 30 Euro gefallen, so muss der Verk\u00e4ufer dem K\u00e4ufer den Basiswert f\u00fcr 40 Euro abkaufen, obwohl der Basiswert deutlich g\u00fcnstiger an der B\u00f6rse gehandelt wird. Der Verk\u00e4ufer erleidet einen Verlust. Er w\u00fcrde einen Gewinn in Form der Optionspr\u00e4mie erzielen, falls der B\u00f6rsenkurs des Basiswertes \u00fcber dem Basispreis liegt. Denn dann wird die Option vom K\u00e4ufer wahrscheinlich nicht ausge\u00fcbt, die Option verf\u00e4llt und die Optionspr\u00e4mie ist der Gewinn des Verk\u00e4ufers der Put-Option.<br \/>\nEs findet jedoch keine tats\u00e4chliche Lieferung des Basiswertes statt. Es findet lediglich ein Barausgleich statt, bei dem die Differenz ausbezahlt wird. <\/p>\n","protected":false},"excerpt":{"rendered":"<p>Einer der entscheidenden Unterschiede zwischen einer Option und einem Optionsschein ist, dass eine Privatperson als Stillhalter einer Option auftreten kann, jedoch nicht als Stillhalter eines Optionsscheines. Dies bedeutet, dass jeder Privatanleger eine Option auf einen bestimmten Basiswert &#8220;kreieren&#8221; und anschlie\u00dfend verkaufen kann. Ein Optionsschein kann hingegen nur eine Bank oder ein Finanzinstitut emittieren. Eine Option [&hellip;]<\/p>\n","protected":false},"author":1,"featured_media":0,"parent":0,"menu_order":0,"comment_status":"closed","ping_status":"closed","template":"","meta":{"site-sidebar-layout":"default","site-content-layout":"","ast-site-content-layout":"","site-content-style":"default","site-sidebar-style":"default","ast-global-header-display":"","ast-banner-title-visibility":"","ast-main-header-display":"","ast-hfb-above-header-display":"","ast-hfb-below-header-display":"","ast-hfb-mobile-header-display":"","site-post-title":"","ast-breadcrumbs-content":"","ast-featured-img":"","footer-sml-layout":"","theme-transparent-header-meta":"","adv-header-id-meta":"","stick-header-meta":"","header-above-stick-meta":"","header-main-stick-meta":"","header-below-stick-meta":"","astra-migrate-meta-layouts":"default","ast-page-background-enabled":"default","ast-page-background-meta":{"desktop":{"background-color":"","background-image":"","background-repeat":"repeat","background-position":"center center","background-size":"auto","background-attachment":"scroll","background-type":"","background-media":"","overlay-type":"","overlay-color":"","overlay-opacity":"","overlay-gradient":""},"tablet":{"background-color":"","background-image":"","background-repeat":"repeat","background-position":"center center","background-size":"auto","background-attachment":"scroll","background-type":"","background-media":"","overlay-type":"","overlay-color":"","overlay-opacity":"","overlay-gradient":""},"mobile":{"background-color":"","background-image":"","background-repeat":"repeat","background-position":"center center","background-size":"auto","background-attachment":"scroll","background-type":"","background-media":"","overlay-type":"","overlay-color":"","overlay-opacity":"","overlay-gradient":""}},"ast-content-background-meta":{"desktop":{"background-color":"var(--ast-global-color-5)","background-image":"","background-repeat":"repeat","background-position":"center center","background-size":"auto","background-attachment":"scroll","background-type":"","background-media":"","overlay-type":"","overlay-color":"","overlay-opacity":"","overlay-gradient":""},"tablet":{"background-color":"var(--ast-global-color-5)","background-image":"","background-repeat":"repeat","background-position":"center center","background-size":"auto","background-attachment":"scroll","background-type":"","background-media":"","overlay-type":"","overlay-color":"","overlay-opacity":"","overlay-gradient":""},"mobile":{"background-color":"var(--ast-global-color-5)","background-image":"","background-repeat":"repeat","background-position":"center center","background-size":"auto","background-attachment":"scroll","background-type":"","background-media":"","overlay-type":"","overlay-color":"","overlay-opacity":"","overlay-gradient":""}},"footnotes":""},"class_list":["post-3845","page","type-page","status-publish","hentry"],"translation":{"provider":"WPGlobus","version":"3.0.2","language":"en","enabled_languages":["de","en"],"languages":{"de":{"title":true,"content":true,"excerpt":false},"en":{"title":false,"content":false,"excerpt":false}}},"featured_image_urls_v2":{"full":"","thumbnail":"","medium":"","medium_large":"","large":"","1536x1536":"","2048x2048":""},"post_excerpt_stackable_v2":"<p>Einer der entscheidenden Unterschiede zwischen einer Option und einem Optionsschein ist, dass eine Privatperson als Stillhalter einer Option auftreten kann, jedoch nicht als Stillhalter eines Optionsscheines. Dies bedeutet, dass jeder Privatanleger eine Option auf einen bestimmten Basiswert &#8220;kreieren&#8221; und anschlie\u00dfend verkaufen kann. Ein Optionsschein kann hingegen nur eine Bank oder ein Finanzinstitut emittieren. Eine Option kann nur in 100er St\u00fccken (mindestens ein Kontrakt) gekauft oder verkauft werden. Verkauft also ein Privatanleger eine Option (bspw. 100 St\u00fcck), so tritt er als Stillhalter auf. Zuerst erh\u00e4lt er vom K\u00e4ufer der Optionen den Optionspreis. Dies ist der m\u00f6gliche Gewinn und der Ausgleich daf\u00fcr,&hellip;<\/p>\n","category_list_v2":"","author_info_v2":{"name":"PrudentWater","url":"https:\/\/prudentwater.com\/en\/author\/niklas33\/"},"comments_num_v2":"0 comments","_links":{"self":[{"href":"https:\/\/prudentwater.com\/en\/wp-json\/wp\/v2\/pages\/3845","targetHints":{"allow":["GET"]}}],"collection":[{"href":"https:\/\/prudentwater.com\/en\/wp-json\/wp\/v2\/pages"}],"about":[{"href":"https:\/\/prudentwater.com\/en\/wp-json\/wp\/v2\/types\/page"}],"author":[{"embeddable":true,"href":"https:\/\/prudentwater.com\/en\/wp-json\/wp\/v2\/users\/1"}],"replies":[{"embeddable":true,"href":"https:\/\/prudentwater.com\/en\/wp-json\/wp\/v2\/comments?post=3845"}],"version-history":[{"count":0,"href":"https:\/\/prudentwater.com\/en\/wp-json\/wp\/v2\/pages\/3845\/revisions"}],"wp:attachment":[{"href":"https:\/\/prudentwater.com\/en\/wp-json\/wp\/v2\/media?parent=3845"}],"curies":[{"name":"wp","href":"https:\/\/api.w.org\/{rel}","templated":true}]}}