{"id":3858,"date":"2015-05-27T06:03:09","date_gmt":"2015-05-27T06:03:09","guid":{"rendered":"http:\/\/www.kunnskap.de\/?page_id=3858"},"modified":"2022-10-17T13:33:52","modified_gmt":"2022-10-17T11:33:52","slug":"aktiengattung","status":"publish","type":"page","link":"https:\/\/prudentwater.com\/en\/aktiengattung\/","title":{"rendered":"Aktiengattung"},"content":{"rendered":"<p>Auch <b>Aktienform<\/b> oder <b>Aktienart<\/b><br \/>\nengl. <b>Share Class<\/b><\/p>\n<p>An der B\u00f6rse gibt es verschiedene Klassen von Aktien, welche dann mit unterschiedlichen Rechten ausgestattet sind. Diese verschiedenen Klassen von Aktien werden unter dem Begriff &#8216;Aktiengattung&#8217; zusammengefasst. Dieselbe Aktiengesellschaft kann dabei unterschiedliche Klassen von Aktien ausgeben. Diese Aktien verbriefen dann verschiedene Rechte. So kann das Unternehmen im Stimmrecht (Stammaktie oder Vorzugsaktie), in der \u00dcbertragbarkeit (Inhaberaktie oder Namensaktie) oder im Zeitpunkt der Ausgabe (Junge Aktie oder Alte Aktie) Unterschiede machen. Alle diese verschiedenen Klassen von Aktien k\u00f6nnen nebeneinander und zeitgleich an der B\u00f6rse gehandelt werden. Von der Aktiengesellschaft k\u00f6nnen somit zeitgleich unterschiedliche Aktiengattungen \u00fcber die B\u00f6rse gehandelt werden.<\/p>\n","protected":false},"excerpt":{"rendered":"<p>Auch Aktienform oder Aktienart engl. Share Class An der B\u00f6rse gibt es verschiedene Klassen von Aktien, welche dann mit unterschiedlichen Rechten ausgestattet sind. Diese verschiedenen Klassen von Aktien werden unter dem Begriff &#8216;Aktiengattung&#8217; zusammengefasst. Dieselbe Aktiengesellschaft kann dabei unterschiedliche Klassen von Aktien ausgeben. Diese Aktien verbriefen dann verschiedene Rechte. So kann das Unternehmen im Stimmrecht [&hellip;]<\/p>\n","protected":false},"author":1,"featured_media":0,"parent":0,"menu_order":0,"comment_status":"closed","ping_status":"closed","template":"","meta":{"site-sidebar-layout":"default","site-content-layout":"","ast-site-content-layout":"","site-content-style":"default","site-sidebar-style":"default","ast-global-header-display":"","ast-banner-title-visibility":"","ast-main-header-display":"","ast-hfb-above-header-display":"","ast-hfb-below-header-display":"","ast-hfb-mobile-header-display":"","site-post-title":"","ast-breadcrumbs-content":"","ast-featured-img":"","footer-sml-layout":"","theme-transparent-header-meta":"","adv-header-id-meta":"","stick-header-meta":"","header-above-stick-meta":"","header-main-stick-meta":"","header-below-stick-meta":"","astra-migrate-meta-layouts":"default","ast-page-background-enabled":"default","ast-page-background-meta":{"desktop":{"background-color":"","background-image":"","background-repeat":"repeat","background-position":"center center","background-size":"auto","background-attachment":"scroll","background-type":"","background-media":"","overlay-type":"","overlay-color":"","overlay-opacity":"","overlay-gradient":""},"tablet":{"background-color":"","background-image":"","background-repeat":"repeat","background-position":"center center","background-size":"auto","background-attachment":"scroll","background-type":"","background-media":"","overlay-type":"","overlay-color":"","overlay-opacity":"","overlay-gradient":""},"mobile":{"background-color":"","background-image":"","background-repeat":"repeat","background-position":"center center","background-size":"auto","background-attachment":"scroll","background-type":"","background-media":"","overlay-type":"","overlay-color":"","overlay-opacity":"","overlay-gradient":""}},"ast-content-background-meta":{"desktop":{"background-color":"var(--ast-global-color-5)","background-image":"","background-repeat":"repeat","background-position":"center center","background-size":"auto","background-attachment":"scroll","background-type":"","background-media":"","overlay-type":"","overlay-color":"","overlay-opacity":"","overlay-gradient":""},"tablet":{"background-color":"var(--ast-global-color-5)","background-image":"","background-repeat":"repeat","background-position":"center center","background-size":"auto","background-attachment":"scroll","background-type":"","background-media":"","overlay-type":"","overlay-color":"","overlay-opacity":"","overlay-gradient":""},"mobile":{"background-color":"var(--ast-global-color-5)","background-image":"","background-repeat":"repeat","background-position":"center center","background-size":"auto","background-attachment":"scroll","background-type":"","background-media":"","overlay-type":"","overlay-color":"","overlay-opacity":"","overlay-gradient":""}},"footnotes":""},"class_list":["post-3858","page","type-page","status-publish","hentry"],"translation":{"provider":"WPGlobus","version":"3.0.2","language":"en","enabled_languages":["de","en"],"languages":{"de":{"title":true,"content":true,"excerpt":false},"en":{"title":false,"content":false,"excerpt":false}}},"featured_image_urls_v2":{"full":"","thumbnail":"","medium":"","medium_large":"","large":"","1536x1536":"","2048x2048":""},"post_excerpt_stackable_v2":"<p>Auch Aktienform oder Aktienart engl. Share Class An der B\u00f6rse gibt es verschiedene Klassen von Aktien, welche dann mit unterschiedlichen Rechten ausgestattet sind. Diese verschiedenen Klassen von Aktien werden unter dem Begriff &#8216;Aktiengattung&#8217; zusammengefasst. Dieselbe Aktiengesellschaft kann dabei unterschiedliche Klassen von Aktien ausgeben. Diese Aktien verbriefen dann verschiedene Rechte. So kann das Unternehmen im Stimmrecht (Stammaktie oder Vorzugsaktie), in der \u00dcbertragbarkeit (Inhaberaktie oder Namensaktie) oder im Zeitpunkt der Ausgabe (Junge Aktie oder Alte Aktie) Unterschiede machen. Alle diese verschiedenen Klassen von Aktien k\u00f6nnen nebeneinander und zeitgleich an der B\u00f6rse gehandelt werden. Von der Aktiengesellschaft k\u00f6nnen somit zeitgleich unterschiedliche Aktiengattungen \u00fcber&hellip;<\/p>\n","category_list_v2":"","author_info_v2":{"name":"PrudentWater","url":"https:\/\/prudentwater.com\/en\/author\/niklas33\/"},"comments_num_v2":"0 comments","_links":{"self":[{"href":"https:\/\/prudentwater.com\/en\/wp-json\/wp\/v2\/pages\/3858","targetHints":{"allow":["GET"]}}],"collection":[{"href":"https:\/\/prudentwater.com\/en\/wp-json\/wp\/v2\/pages"}],"about":[{"href":"https:\/\/prudentwater.com\/en\/wp-json\/wp\/v2\/types\/page"}],"author":[{"embeddable":true,"href":"https:\/\/prudentwater.com\/en\/wp-json\/wp\/v2\/users\/1"}],"replies":[{"embeddable":true,"href":"https:\/\/prudentwater.com\/en\/wp-json\/wp\/v2\/comments?post=3858"}],"version-history":[{"count":0,"href":"https:\/\/prudentwater.com\/en\/wp-json\/wp\/v2\/pages\/3858\/revisions"}],"wp:attachment":[{"href":"https:\/\/prudentwater.com\/en\/wp-json\/wp\/v2\/media?parent=3858"}],"curies":[{"name":"wp","href":"https:\/\/api.w.org\/{rel}","templated":true}]}}