{"id":3893,"date":"2015-05-29T08:37:38","date_gmt":"2015-05-29T08:37:38","guid":{"rendered":"http:\/\/www.kunnskap.de\/?page_id=3893"},"modified":"2021-06-25T12:49:00","modified_gmt":"2021-06-25T10:49:00","slug":"ex-kupon","status":"publish","type":"page","link":"https:\/\/prudentwater.com\/en\/ex-kupon\/","title":{"rendered":"Ex Kupon"},"content":{"rendered":"<p>Auch <strong>Clean Price<\/strong><\/p>\n<p>Wird der Kurs einer Anleihe mit dem Zusatz &#8220;ex Kupon&#8221; gekennzeichnet, so enth\u00e4lt dieser Kurs keine aufgelaufenen St\u00fcckzinsen. Diese sind jedoch beim Kauf der Anleihe neben dem aktuellen Anleihepreis zus\u00e4tzlich an den Verk\u00e4ufer zu zahlen. Der Kurs mit St\u00fcckzinsen (Dirty Price) wird separat ausgewiesen und ist auch der Preis, den der K\u00e4ufer der Anleihe zu bezahlen hat. Anleihen notieren jedoch in der Regel ex Kupon, also ohne aufgelaufene St\u00fcckzinsen.<\/p>\n","protected":false},"excerpt":{"rendered":"<p>Auch Clean Price Wird der Kurs einer Anleihe mit dem Zusatz &#8220;ex Kupon&#8221; gekennzeichnet, so enth\u00e4lt dieser Kurs keine aufgelaufenen St\u00fcckzinsen. Diese sind jedoch beim Kauf der Anleihe neben dem aktuellen Anleihepreis zus\u00e4tzlich an den Verk\u00e4ufer zu zahlen. Der Kurs mit St\u00fcckzinsen (Dirty Price) wird separat ausgewiesen und ist auch der Preis, den der K\u00e4ufer [&hellip;]<\/p>\n","protected":false},"author":1,"featured_media":0,"parent":0,"menu_order":0,"comment_status":"closed","ping_status":"closed","template":"","meta":{"site-sidebar-layout":"default","site-content-layout":"","ast-site-content-layout":"","site-content-style":"default","site-sidebar-style":"default","ast-global-header-display":"","ast-banner-title-visibility":"","ast-main-header-display":"","ast-hfb-above-header-display":"","ast-hfb-below-header-display":"","ast-hfb-mobile-header-display":"","site-post-title":"","ast-breadcrumbs-content":"","ast-featured-img":"","footer-sml-layout":"","theme-transparent-header-meta":"","adv-header-id-meta":"","stick-header-meta":"","header-above-stick-meta":"","header-main-stick-meta":"","header-below-stick-meta":"","astra-migrate-meta-layouts":"default","ast-page-background-enabled":"default","ast-page-background-meta":{"desktop":{"background-color":"","background-image":"","background-repeat":"repeat","background-position":"center center","background-size":"auto","background-attachment":"scroll","background-type":"","background-media":"","overlay-type":"","overlay-color":"","overlay-opacity":"","overlay-gradient":""},"tablet":{"background-color":"","background-image":"","background-repeat":"repeat","background-position":"center center","background-size":"auto","background-attachment":"scroll","background-type":"","background-media":"","overlay-type":"","overlay-color":"","overlay-opacity":"","overlay-gradient":""},"mobile":{"background-color":"","background-image":"","background-repeat":"repeat","background-position":"center center","background-size":"auto","background-attachment":"scroll","background-type":"","background-media":"","overlay-type":"","overlay-color":"","overlay-opacity":"","overlay-gradient":""}},"ast-content-background-meta":{"desktop":{"background-color":"var(--ast-global-color-5)","background-image":"","background-repeat":"repeat","background-position":"center center","background-size":"auto","background-attachment":"scroll","background-type":"","background-media":"","overlay-type":"","overlay-color":"","overlay-opacity":"","overlay-gradient":""},"tablet":{"background-color":"var(--ast-global-color-5)","background-image":"","background-repeat":"repeat","background-position":"center center","background-size":"auto","background-attachment":"scroll","background-type":"","background-media":"","overlay-type":"","overlay-color":"","overlay-opacity":"","overlay-gradient":""},"mobile":{"background-color":"var(--ast-global-color-5)","background-image":"","background-repeat":"repeat","background-position":"center center","background-size":"auto","background-attachment":"scroll","background-type":"","background-media":"","overlay-type":"","overlay-color":"","overlay-opacity":"","overlay-gradient":""}},"footnotes":""},"class_list":["post-3893","page","type-page","status-publish","hentry"],"translation":{"provider":"WPGlobus","version":"3.0.2","language":"en","enabled_languages":["de","en"],"languages":{"de":{"title":true,"content":true,"excerpt":false},"en":{"title":false,"content":false,"excerpt":false}}},"featured_image_urls_v2":{"full":"","thumbnail":"","medium":"","medium_large":"","large":"","1536x1536":"","2048x2048":""},"post_excerpt_stackable_v2":"<p>Auch Clean Price Wird der Kurs einer Anleihe mit dem Zusatz &#8220;ex Kupon&#8221; gekennzeichnet, so enth\u00e4lt dieser Kurs keine aufgelaufenen St\u00fcckzinsen. Diese sind jedoch beim Kauf der Anleihe neben dem aktuellen Anleihepreis zus\u00e4tzlich an den Verk\u00e4ufer zu zahlen. Der Kurs mit St\u00fcckzinsen (Dirty Price) wird separat ausgewiesen und ist auch der Preis, den der K\u00e4ufer der Anleihe zu bezahlen hat. Anleihen notieren jedoch in der Regel ex Kupon, also ohne aufgelaufene St\u00fcckzinsen.<\/p>\n","category_list_v2":"","author_info_v2":{"name":"PrudentWater","url":"https:\/\/prudentwater.com\/en\/author\/niklas33\/"},"comments_num_v2":"0 comments","_links":{"self":[{"href":"https:\/\/prudentwater.com\/en\/wp-json\/wp\/v2\/pages\/3893","targetHints":{"allow":["GET"]}}],"collection":[{"href":"https:\/\/prudentwater.com\/en\/wp-json\/wp\/v2\/pages"}],"about":[{"href":"https:\/\/prudentwater.com\/en\/wp-json\/wp\/v2\/types\/page"}],"author":[{"embeddable":true,"href":"https:\/\/prudentwater.com\/en\/wp-json\/wp\/v2\/users\/1"}],"replies":[{"embeddable":true,"href":"https:\/\/prudentwater.com\/en\/wp-json\/wp\/v2\/comments?post=3893"}],"version-history":[{"count":0,"href":"https:\/\/prudentwater.com\/en\/wp-json\/wp\/v2\/pages\/3893\/revisions"}],"wp:attachment":[{"href":"https:\/\/prudentwater.com\/en\/wp-json\/wp\/v2\/media?parent=3893"}],"curies":[{"name":"wp","href":"https:\/\/api.w.org\/{rel}","templated":true}]}}