{"id":3905,"date":"2015-06-01T07:28:24","date_gmt":"2015-06-01T07:28:24","guid":{"rendered":"http:\/\/www.kunnskap.de\/?page_id=3905"},"modified":"2022-10-23T14:37:56","modified_gmt":"2022-10-23T12:37:56","slug":"debt-to-income-ratio","status":"publish","type":"page","link":"https:\/\/prudentwater.com\/en\/debt-to-income-ratio\/","title":{"rendered":"Debt-to-Income Ratio"},"content":{"rendered":"<p>Auch <b>DTI<\/b><\/p>\n<p>Die Debt-to-Income Ratio zeigt das Verh\u00e4ltnis zwischen monatlich abzuzahlenden Schulden und monatlich zur Verf\u00fcgung stehendem Einkommen einer Privatperson auf. Die Debt-to-Income Ratio dient vor allem Kreditinstituten, um die Zahlungsf\u00e4higkeit von Kreditnehmern beurteilen zu k\u00f6nnen und ob sie eventuell in der Lage sind, einen weiteren Kredit fristgerecht tilgen zu k\u00f6nnen. Als allgemeiner Richtwert gilt, dass 43 % das h\u00f6chste DTI-Verh\u00e4ltnis ist, den ein Kreditnehmer haben kann, um sich f\u00fcr einen m\u00f6glichen weiteren Kredit oder f\u00fcr eine weitere Hypothek zu qualifizieren. Im Idealfall bevorzugen Kreditgeber ein Debt-to-Income-Verh\u00e4ltnis von weniger als 36 %.<\/p>\n<hr>\n<p><small><b>Berechnung:<\/b><\/small><br \/>\n<center><img loading=\"lazy\" decoding=\"async\" src=\"https:\/\/prudentwater.com\/wp-content\/uploads\/2021\/05\/debt-income-ratio.png\" alt=\"Debt to Income Ratio\" class=\"alignnone size-full wp-image-6423\" width=\"700\" height=\"59\" title=\"\"><\/center><\/p>\n<hr>\n<p style=\"margin-bottom: 60px;\">\n<h4>Beispiel der Debt-to-Income Ratio<\/h4>\n<p>Neben einem Autokredit (monatlich 500 Euro) und einem Immobilienkredit (700 Euro) muss die Privatperson einen weiteren Kredit in H\u00f6he von 300 Euro pro Monat tilgen. Sein monatliches Bruttoeinkommen liegt bei 3000 Euro. Die Debt-To-Income Ratio w\u00fcrde in diesem Fall bei 0.5 liegen. Dies ist nach allgemeinen Standards ein hohes Debt-to-Income-Verh\u00e4ltnis und die Privatperson w\u00fcrde deshalb h\u00f6chstwahrscheinlich keinen weiteren Kredit von seiner Bank erhalten. Als Faustregel gilt, umso niedriger die Kennzahl, desto h\u00f6her sind die Chancen auf einen m\u00f6glichen weiteren Kredit von der Bank. Je niedriger die Kennzahl ist, desto geringer sind die monatlichen Schuldr\u00fcckzahlungen im Verh\u00e4ltnis zum monatlichen Einkommen.<\/p>\n","protected":false},"excerpt":{"rendered":"<p>Auch DTI Die Debt-to-Income Ratio zeigt das Verh\u00e4ltnis zwischen monatlich abzuzahlenden Schulden und monatlich zur Verf\u00fcgung stehendem Einkommen einer Privatperson auf. Die Debt-to-Income Ratio dient vor allem Kreditinstituten, um die Zahlungsf\u00e4higkeit von Kreditnehmern beurteilen zu k\u00f6nnen und ob sie eventuell in der Lage sind, einen weiteren Kredit fristgerecht tilgen zu k\u00f6nnen. Als allgemeiner Richtwert gilt, [&hellip;]<\/p>\n","protected":false},"author":1,"featured_media":0,"parent":0,"menu_order":0,"comment_status":"closed","ping_status":"closed","template":"","meta":{"site-sidebar-layout":"default","site-content-layout":"","ast-site-content-layout":"","site-content-style":"default","site-sidebar-style":"default","ast-global-header-display":"","ast-banner-title-visibility":"","ast-main-header-display":"","ast-hfb-above-header-display":"","ast-hfb-below-header-display":"","ast-hfb-mobile-header-display":"","site-post-title":"","ast-breadcrumbs-content":"","ast-featured-img":"","footer-sml-layout":"","theme-transparent-header-meta":"","adv-header-id-meta":"","stick-header-meta":"","header-above-stick-meta":"","header-main-stick-meta":"","header-below-stick-meta":"","astra-migrate-meta-layouts":"default","ast-page-background-enabled":"default","ast-page-background-meta":{"desktop":{"background-color":"","background-image":"","background-repeat":"repeat","background-position":"center center","background-size":"auto","background-attachment":"scroll","background-type":"","background-media":"","overlay-type":"","overlay-color":"","overlay-opacity":"","overlay-gradient":""},"tablet":{"background-color":"","background-image":"","background-repeat":"repeat","background-position":"center center","background-size":"auto","background-attachment":"scroll","background-type":"","background-media":"","overlay-type":"","overlay-color":"","overlay-opacity":"","overlay-gradient":""},"mobile":{"background-color":"","background-image":"","background-repeat":"repeat","background-position":"center center","background-size":"auto","background-attachment":"scroll","background-type":"","background-media":"","overlay-type":"","overlay-color":"","overlay-opacity":"","overlay-gradient":""}},"ast-content-background-meta":{"desktop":{"background-color":"var(--ast-global-color-5)","background-image":"","background-repeat":"repeat","background-position":"center center","background-size":"auto","background-attachment":"scroll","background-type":"","background-media":"","overlay-type":"","overlay-color":"","overlay-opacity":"","overlay-gradient":""},"tablet":{"background-color":"var(--ast-global-color-5)","background-image":"","background-repeat":"repeat","background-position":"center center","background-size":"auto","background-attachment":"scroll","background-type":"","background-media":"","overlay-type":"","overlay-color":"","overlay-opacity":"","overlay-gradient":""},"mobile":{"background-color":"var(--ast-global-color-5)","background-image":"","background-repeat":"repeat","background-position":"center center","background-size":"auto","background-attachment":"scroll","background-type":"","background-media":"","overlay-type":"","overlay-color":"","overlay-opacity":"","overlay-gradient":""}},"footnotes":""},"class_list":["post-3905","page","type-page","status-publish","hentry"],"translation":{"provider":"WPGlobus","version":"3.0.2","language":"en","enabled_languages":["de","en"],"languages":{"de":{"title":true,"content":true,"excerpt":false},"en":{"title":false,"content":false,"excerpt":false}}},"featured_image_urls_v2":{"full":"","thumbnail":"","medium":"","medium_large":"","large":"","1536x1536":"","2048x2048":""},"post_excerpt_stackable_v2":"<p>Auch DTI Die Debt-to-Income Ratio zeigt das Verh\u00e4ltnis zwischen monatlich abzuzahlenden Schulden und monatlich zur Verf\u00fcgung stehendem Einkommen einer Privatperson auf. Die Debt-to-Income Ratio dient vor allem Kreditinstituten, um die Zahlungsf\u00e4higkeit von Kreditnehmern beurteilen zu k\u00f6nnen und ob sie eventuell in der Lage sind, einen weiteren Kredit fristgerecht tilgen zu k\u00f6nnen. Als allgemeiner Richtwert gilt, dass 43 % das h\u00f6chste DTI-Verh\u00e4ltnis ist, den ein Kreditnehmer haben kann, um sich f\u00fcr einen m\u00f6glichen weiteren Kredit oder f\u00fcr eine weitere Hypothek zu qualifizieren. Im Idealfall bevorzugen Kreditgeber ein Debt-to-Income-Verh\u00e4ltnis von weniger als 36 %. Berechnung: Beispiel der Debt-to-Income Ratio Neben einem Autokredit&hellip;<\/p>\n","category_list_v2":"","author_info_v2":{"name":"PrudentWater","url":"https:\/\/prudentwater.com\/en\/author\/niklas33\/"},"comments_num_v2":"0 comments","_links":{"self":[{"href":"https:\/\/prudentwater.com\/en\/wp-json\/wp\/v2\/pages\/3905","targetHints":{"allow":["GET"]}}],"collection":[{"href":"https:\/\/prudentwater.com\/en\/wp-json\/wp\/v2\/pages"}],"about":[{"href":"https:\/\/prudentwater.com\/en\/wp-json\/wp\/v2\/types\/page"}],"author":[{"embeddable":true,"href":"https:\/\/prudentwater.com\/en\/wp-json\/wp\/v2\/users\/1"}],"replies":[{"embeddable":true,"href":"https:\/\/prudentwater.com\/en\/wp-json\/wp\/v2\/comments?post=3905"}],"version-history":[{"count":0,"href":"https:\/\/prudentwater.com\/en\/wp-json\/wp\/v2\/pages\/3905\/revisions"}],"wp:attachment":[{"href":"https:\/\/prudentwater.com\/en\/wp-json\/wp\/v2\/media?parent=3905"}],"curies":[{"name":"wp","href":"https:\/\/api.w.org\/{rel}","templated":true}]}}