{"id":3970,"date":"2015-06-07T08:59:28","date_gmt":"2015-06-07T08:59:28","guid":{"rendered":"http:\/\/www.kunnskap.de\/?page_id=3970"},"modified":"2021-06-25T12:50:10","modified_gmt":"2021-06-25T10:50:10","slug":"schuldschein","status":"publish","type":"page","link":"https:\/\/prudentwater.com\/en\/schuldschein\/","title":{"rendered":"Schuldschein"},"content":{"rendered":"<p>engl. <strong>IOU (I owe you)<\/strong><\/p>\n<p>Bei einem Schuldschein handelt es sich um eine Urkunde, welche die Zahlung einer festgelegten Geldsumme verspricht. Die Urkunde dient dazu, die Schuld gegen\u00fcber dem Gl\u00e4ubiger zu best\u00e4tigen. Der Schuldschein ist jedoch kein Wertpapier. Die Forderung kann vom Gl\u00e4ubiger auch ohne Besitz des Schuldscheins geltend gemacht werden.<\/p>\n","protected":false},"excerpt":{"rendered":"<p>engl. IOU (I owe you) Bei einem Schuldschein handelt es sich um eine Urkunde, welche die Zahlung einer festgelegten Geldsumme verspricht. Die Urkunde dient dazu, die Schuld gegen\u00fcber dem Gl\u00e4ubiger zu best\u00e4tigen. Der Schuldschein ist jedoch kein Wertpapier. Die Forderung kann vom Gl\u00e4ubiger auch ohne Besitz des Schuldscheins geltend gemacht werden.<\/p>\n","protected":false},"author":1,"featured_media":0,"parent":0,"menu_order":0,"comment_status":"closed","ping_status":"closed","template":"","meta":{"site-sidebar-layout":"default","site-content-layout":"","ast-site-content-layout":"","site-content-style":"default","site-sidebar-style":"default","ast-global-header-display":"","ast-banner-title-visibility":"","ast-main-header-display":"","ast-hfb-above-header-display":"","ast-hfb-below-header-display":"","ast-hfb-mobile-header-display":"","site-post-title":"","ast-breadcrumbs-content":"","ast-featured-img":"","footer-sml-layout":"","theme-transparent-header-meta":"","adv-header-id-meta":"","stick-header-meta":"","header-above-stick-meta":"","header-main-stick-meta":"","header-below-stick-meta":"","astra-migrate-meta-layouts":"default","ast-page-background-enabled":"default","ast-page-background-meta":{"desktop":{"background-color":"","background-image":"","background-repeat":"repeat","background-position":"center center","background-size":"auto","background-attachment":"scroll","background-type":"","background-media":"","overlay-type":"","overlay-color":"","overlay-opacity":"","overlay-gradient":""},"tablet":{"background-color":"","background-image":"","background-repeat":"repeat","background-position":"center center","background-size":"auto","background-attachment":"scroll","background-type":"","background-media":"","overlay-type":"","overlay-color":"","overlay-opacity":"","overlay-gradient":""},"mobile":{"background-color":"","background-image":"","background-repeat":"repeat","background-position":"center center","background-size":"auto","background-attachment":"scroll","background-type":"","background-media":"","overlay-type":"","overlay-color":"","overlay-opacity":"","overlay-gradient":""}},"ast-content-background-meta":{"desktop":{"background-color":"var(--ast-global-color-5)","background-image":"","background-repeat":"repeat","background-position":"center center","background-size":"auto","background-attachment":"scroll","background-type":"","background-media":"","overlay-type":"","overlay-color":"","overlay-opacity":"","overlay-gradient":""},"tablet":{"background-color":"var(--ast-global-color-5)","background-image":"","background-repeat":"repeat","background-position":"center center","background-size":"auto","background-attachment":"scroll","background-type":"","background-media":"","overlay-type":"","overlay-color":"","overlay-opacity":"","overlay-gradient":""},"mobile":{"background-color":"var(--ast-global-color-5)","background-image":"","background-repeat":"repeat","background-position":"center center","background-size":"auto","background-attachment":"scroll","background-type":"","background-media":"","overlay-type":"","overlay-color":"","overlay-opacity":"","overlay-gradient":""}},"footnotes":""},"class_list":["post-3970","page","type-page","status-publish","hentry"],"translation":{"provider":"WPGlobus","version":"3.0.2","language":"en","enabled_languages":["de","en"],"languages":{"de":{"title":true,"content":true,"excerpt":false},"en":{"title":false,"content":false,"excerpt":false}}},"featured_image_urls_v2":{"full":"","thumbnail":"","medium":"","medium_large":"","large":"","1536x1536":"","2048x2048":""},"post_excerpt_stackable_v2":"<p>engl. IOU (I owe you) Bei einem Schuldschein handelt es sich um eine Urkunde, welche die Zahlung einer festgelegten Geldsumme verspricht. Die Urkunde dient dazu, die Schuld gegen\u00fcber dem Gl\u00e4ubiger zu best\u00e4tigen. Der Schuldschein ist jedoch kein Wertpapier. Die Forderung kann vom Gl\u00e4ubiger auch ohne Besitz des Schuldscheins geltend gemacht werden.<\/p>\n","category_list_v2":"","author_info_v2":{"name":"PrudentWater","url":"https:\/\/prudentwater.com\/en\/author\/niklas33\/"},"comments_num_v2":"0 comments","_links":{"self":[{"href":"https:\/\/prudentwater.com\/en\/wp-json\/wp\/v2\/pages\/3970","targetHints":{"allow":["GET"]}}],"collection":[{"href":"https:\/\/prudentwater.com\/en\/wp-json\/wp\/v2\/pages"}],"about":[{"href":"https:\/\/prudentwater.com\/en\/wp-json\/wp\/v2\/types\/page"}],"author":[{"embeddable":true,"href":"https:\/\/prudentwater.com\/en\/wp-json\/wp\/v2\/users\/1"}],"replies":[{"embeddable":true,"href":"https:\/\/prudentwater.com\/en\/wp-json\/wp\/v2\/comments?post=3970"}],"version-history":[{"count":0,"href":"https:\/\/prudentwater.com\/en\/wp-json\/wp\/v2\/pages\/3970\/revisions"}],"wp:attachment":[{"href":"https:\/\/prudentwater.com\/en\/wp-json\/wp\/v2\/media?parent=3970"}],"curies":[{"name":"wp","href":"https:\/\/api.w.org\/{rel}","templated":true}]}}