{"id":3973,"date":"2015-06-07T09:26:44","date_gmt":"2015-06-07T09:26:44","guid":{"rendered":"http:\/\/www.kunnskap.de\/?page_id=3973"},"modified":"2021-06-25T12:48:25","modified_gmt":"2021-06-25T10:48:25","slug":"devisenmarkt","status":"publish","type":"page","link":"https:\/\/prudentwater.com\/en\/devisenmarkt\/","title":{"rendered":"Devisenmarkt"},"content":{"rendered":"<p>engl. <strong>Foreign Exchange Market (Forex)<\/strong><\/p>\n<p>An dem Devisenmarkt findet der Handel mit allen weltweit handelbaren W\u00e4hrungen statt. Er ist der gr\u00f6\u00dfte Finanzmarkt der Welt mit einem t\u00e4glichen Umsatz von ca. 6.5 Billionen US-Dollar.<br \/>\nVorausgesetzt es handelt sich um flexible Wechselkurse, auch Floating genannt, wird durch den Handel (Angebot und Nachfrage) der einzelnen W\u00e4hrungen auch dort der Kurs bzw. Wert der jeweiligen W\u00e4hrungspaare gebildet. Die Einflussfaktoren auf die Wechselkurse sind vielf\u00e4ltig, setzen sich jedoch vor allem aus den wirtschaftlichen Fundamentaldaten, der Zinsdifferenz und der Leistungsbilanz zusammen.<br \/>\nBei dem Devisenmarkt handelt sich um einen nicht-lokalisierbaren Markt. Kauft ein Privatinvestor vom heimischen Computer einen Future auf ein bestimmtes W\u00e4hrungspaar, so wird dieses Gesch\u00e4ft dem Devisenmarkt zugeordnet. Der gr\u00f6\u00dfte Teil des Handels findet jedoch direkt zwischen den Banken und Devisenh\u00e4ndlern \u00fcber ein sogenanntes Interbankensystem statt. Der Devisenmarkt dient auch dazu, um Zahlungen abzuwickeln, welche durch den Im- und Export von Waren und Dienstleistungen entstanden sind. Zahlungen aus dem Warenverkehr machen am Devisenmarkt allerdings nur bis 2 Prozent des gesamten Umsatzes am Devisenmarkt aus. Der Rest des Umsatzes entsteht durch Zahlungen, welche durch internationale Finanztranskationen entstanden sind. Im Gegensatz zum Aktienmarkt ist der Devisenmarkt 24 Stunden, sieben Tage die Woche ge\u00f6ffnet.<\/p>\n","protected":false},"excerpt":{"rendered":"<p>engl. Foreign Exchange Market (Forex) An dem Devisenmarkt findet der Handel mit allen weltweit handelbaren W\u00e4hrungen statt. Er ist der gr\u00f6\u00dfte Finanzmarkt der Welt mit einem t\u00e4glichen Umsatz von ca. 6.5 Billionen US-Dollar. Vorausgesetzt es handelt sich um flexible Wechselkurse, auch Floating genannt, wird durch den Handel (Angebot und Nachfrage) der einzelnen W\u00e4hrungen auch dort [&hellip;]<\/p>\n","protected":false},"author":1,"featured_media":0,"parent":0,"menu_order":0,"comment_status":"closed","ping_status":"closed","template":"","meta":{"site-sidebar-layout":"default","site-content-layout":"","ast-site-content-layout":"","site-content-style":"default","site-sidebar-style":"default","ast-global-header-display":"","ast-banner-title-visibility":"","ast-main-header-display":"","ast-hfb-above-header-display":"","ast-hfb-below-header-display":"","ast-hfb-mobile-header-display":"","site-post-title":"","ast-breadcrumbs-content":"","ast-featured-img":"","footer-sml-layout":"","theme-transparent-header-meta":"","adv-header-id-meta":"","stick-header-meta":"","header-above-stick-meta":"","header-main-stick-meta":"","header-below-stick-meta":"","astra-migrate-meta-layouts":"default","ast-page-background-enabled":"default","ast-page-background-meta":{"desktop":{"background-color":"","background-image":"","background-repeat":"repeat","background-position":"center center","background-size":"auto","background-attachment":"scroll","background-type":"","background-media":"","overlay-type":"","overlay-color":"","overlay-opacity":"","overlay-gradient":""},"tablet":{"background-color":"","background-image":"","background-repeat":"repeat","background-position":"center center","background-size":"auto","background-attachment":"scroll","background-type":"","background-media":"","overlay-type":"","overlay-color":"","overlay-opacity":"","overlay-gradient":""},"mobile":{"background-color":"","background-image":"","background-repeat":"repeat","background-position":"center center","background-size":"auto","background-attachment":"scroll","background-type":"","background-media":"","overlay-type":"","overlay-color":"","overlay-opacity":"","overlay-gradient":""}},"ast-content-background-meta":{"desktop":{"background-color":"var(--ast-global-color-5)","background-image":"","background-repeat":"repeat","background-position":"center center","background-size":"auto","background-attachment":"scroll","background-type":"","background-media":"","overlay-type":"","overlay-color":"","overlay-opacity":"","overlay-gradient":""},"tablet":{"background-color":"var(--ast-global-color-5)","background-image":"","background-repeat":"repeat","background-position":"center center","background-size":"auto","background-attachment":"scroll","background-type":"","background-media":"","overlay-type":"","overlay-color":"","overlay-opacity":"","overlay-gradient":""},"mobile":{"background-color":"var(--ast-global-color-5)","background-image":"","background-repeat":"repeat","background-position":"center center","background-size":"auto","background-attachment":"scroll","background-type":"","background-media":"","overlay-type":"","overlay-color":"","overlay-opacity":"","overlay-gradient":""}},"footnotes":""},"class_list":["post-3973","page","type-page","status-publish","hentry"],"translation":{"provider":"WPGlobus","version":"3.0.2","language":"en","enabled_languages":["de","en"],"languages":{"de":{"title":true,"content":true,"excerpt":false},"en":{"title":false,"content":false,"excerpt":false}}},"featured_image_urls_v2":{"full":"","thumbnail":"","medium":"","medium_large":"","large":"","1536x1536":"","2048x2048":""},"post_excerpt_stackable_v2":"<p>engl. Foreign Exchange Market (Forex) An dem Devisenmarkt findet der Handel mit allen weltweit handelbaren W\u00e4hrungen statt. Er ist der gr\u00f6\u00dfte Finanzmarkt der Welt mit einem t\u00e4glichen Umsatz von ca. 6.5 Billionen US-Dollar. Vorausgesetzt es handelt sich um flexible Wechselkurse, auch Floating genannt, wird durch den Handel (Angebot und Nachfrage) der einzelnen W\u00e4hrungen auch dort der Kurs bzw. Wert der jeweiligen W\u00e4hrungspaare gebildet. Die Einflussfaktoren auf die Wechselkurse sind vielf\u00e4ltig, setzen sich jedoch vor allem aus den wirtschaftlichen Fundamentaldaten, der Zinsdifferenz und der Leistungsbilanz zusammen. Bei dem Devisenmarkt handelt sich um einen nicht-lokalisierbaren Markt. Kauft ein Privatinvestor vom heimischen Computer&hellip;<\/p>\n","category_list_v2":"","author_info_v2":{"name":"PrudentWater","url":"https:\/\/prudentwater.com\/en\/author\/niklas33\/"},"comments_num_v2":"0 comments","_links":{"self":[{"href":"https:\/\/prudentwater.com\/en\/wp-json\/wp\/v2\/pages\/3973","targetHints":{"allow":["GET"]}}],"collection":[{"href":"https:\/\/prudentwater.com\/en\/wp-json\/wp\/v2\/pages"}],"about":[{"href":"https:\/\/prudentwater.com\/en\/wp-json\/wp\/v2\/types\/page"}],"author":[{"embeddable":true,"href":"https:\/\/prudentwater.com\/en\/wp-json\/wp\/v2\/users\/1"}],"replies":[{"embeddable":true,"href":"https:\/\/prudentwater.com\/en\/wp-json\/wp\/v2\/comments?post=3973"}],"version-history":[{"count":0,"href":"https:\/\/prudentwater.com\/en\/wp-json\/wp\/v2\/pages\/3973\/revisions"}],"wp:attachment":[{"href":"https:\/\/prudentwater.com\/en\/wp-json\/wp\/v2\/media?parent=3973"}],"curies":[{"name":"wp","href":"https:\/\/api.w.org\/{rel}","templated":true}]}}