{"id":401,"date":"2014-08-22T15:53:49","date_gmt":"2014-08-22T15:53:49","guid":{"rendered":"http:\/\/www.kunnskap.de\/?page_id=401"},"modified":"2022-11-03T14:34:17","modified_gmt":"2022-11-03T13:34:17","slug":"innerer-wert","status":"publish","type":"page","link":"https:\/\/prudentwater.com\/en\/innerer-wert\/","title":{"rendered":"Innerer Wert"},"content":{"rendered":"<p>engl. <strong>Intrinsic Value<\/strong><\/p>\n<p>Der innere Wert einer Option ist jener Geldbetrag, den der Anleger bei sofortiger Aus\u00fcbung der Option erhalten w\u00fcrde. Zur Berechnung wird lediglich die Differenz zwischen dem aktuellen Kurs des Basiswertes und des Basispreises genommen und anschlie\u00dfend mit dem Bezugsverh\u00e4ltnis der Option multipliziert. Der Basispreis einer Option ist generell fest und ver\u00e4ndert sich w\u00e4hrend der gesamten Laufzeit der Option nicht. Der innere Wert einer Option ist immer positiv, er kann nicht negativ sein. Eine Option, die sich im Geld befindet, hat einen inneren Wert. Bei einer Option, die sich jedoch am Geld oder aus dem Geld befindet, betr\u00e4gt der innere Wert null.<\/p>\n<h3>Berechnung &amp; Beispiel<\/h3>\n<p>Eine <b>Call Option<\/b> mit einem Bezugsverh\u00e4ltnis von 1:1 bezieht sich auf einen Basispreis von 30 Euro auf eine jeweilige Aktie. Der Kurs dieser Aktie liegt jedoch aktuell bei 42 Euro. Der innere Wert der Option liegt somit bei 12 Euro. Diese 12 Euro pro Option w\u00fcrde der Anleger bei Aus\u00fcbung seines Optionsrechts als Gewinn erzielen. Unber\u00fccksichtigt bleibt hier der urspr\u00fcngliche Kaufpreis der Option plus m\u00f6gliche Transaktionskosten.<\/p>\n<hr>\n<p><small><b>Formel<\/b><\/small><br \/>\n<center><img loading=\"lazy\" decoding=\"async\" src=\"https:\/\/prudentwater.com\/wp-content\/uploads\/2022\/11\/Innerer-Wert-Call.png\" alt=\"Innerer Wert Call\" class=\"alignnone size-full wp-image-6503\" width=\"695\" height=\"42\" title=\"\"><\/center><\/p>\n<p style=\"margin-bottom: 50px;\">\nDer innere Wert kann jedoch nie negativ sein. W\u00fcrde der Kurs der Aktie bei 25 Euro liegen, w\u00fcrde der innere Wert bei 0 liegen. In diesem Fall w\u00fcrde der Anleger bei theoretischer Aus\u00fcbung einen Verlust von 5 Euro je Optionsrecht machen.<\/p>\n<hr>\n<p style=\"margin-bottom: 50px;\">\nBei einer <b>Put Option<\/b> (ebenfalls Bezugsverh\u00e4ltnis 1:1) entspricht der innere Wert dem Betrag, um den der Wert des Basiswertes unter dem Basispreis liegt. Notiert die zugrunde liegende Aktie aktuell bei 40 Euro und liegt der Basispreis der Verkaufsoption gleichzeitig bei 55 Euro, so betr\u00e4gt der innere Wert der Option 15 Euro. Nun hat der Besitzer der Put-Option n\u00e4mlich das Recht, die Aktie f\u00fcr 55 Euro an den Stillhalter des Optionsgesch\u00e4ftes zu verkaufen. Dazu kauft er die Aktie \u00fcber die B\u00f6rse f\u00fcr 40 Euro ein und verkauft sie direkt weiter an den Stillhalter f\u00fcr 55 Euro, da er durch den Besitz der Put-Option das Recht auf den Verkauf der zugrunde liegenden Aktie hat.<\/p>\n<hr>\n<p><small><b>Formel<\/b><\/small><br \/>\n<center><img loading=\"lazy\" decoding=\"async\" src=\"https:\/\/prudentwater.com\/wp-content\/uploads\/2022\/11\/Innerer-Wert-Put.png\" alt=\"innerer wert put\" class=\"alignnone size-full wp-image-6504\" width=\"695\" height=\"42\" title=\"\"><\/center><\/p>\n<hr>\n<p style=\"margin-bottom: 50px;\">\n<h3>Innerer Wert einer Option in der Praxis<\/h3>\n<p>Heutzutage im Jahre 2026 ist jedoch in den beiden F\u00e4llen ein Barausgleich \u00fcblich. Dabei wird lediglich der Differenzbetrag zwischen Basispreis und aktuellem Marktwert des Basiswertes ausgezahlt. Es findet also in der Regel keine Aus\u00fcbung der Option statt, bei der die Aktien tats\u00e4chlich zwischen den beiden Parteien untereinander ausgetauscht werden. Jedoch ist sowohl bei der Call Option als auch bei der Put Option das Bezugsverh\u00e4ltnis zu beachten. Ein Bezugsverh\u00e4ltnis einer Option von zum Beispiel 0.1 besagt n\u00e4mlich, dass sich jede Option nur auf 1\/10 der zugrunde liegenden Aktie bezieht. Somit bezieht sich schlie\u00dflich auch der innere Wert einer Option nur auf 1\/10.<\/p>\n","protected":false},"excerpt":{"rendered":"<p>engl. Intrinsic Value Der innere Wert einer Option ist jener Geldbetrag, den der Anleger bei sofortiger Aus\u00fcbung der Option erhalten w\u00fcrde. Zur Berechnung wird lediglich die Differenz zwischen dem aktuellen Kurs des Basiswertes und des Basispreises genommen und anschlie\u00dfend mit dem Bezugsverh\u00e4ltnis der Option multipliziert. Der Basispreis einer Option ist generell fest und ver\u00e4ndert sich [&hellip;]<\/p>\n","protected":false},"author":1,"featured_media":0,"parent":0,"menu_order":0,"comment_status":"closed","ping_status":"closed","template":"","meta":{"site-sidebar-layout":"default","site-content-layout":"","ast-site-content-layout":"","site-content-style":"default","site-sidebar-style":"default","ast-global-header-display":"","ast-banner-title-visibility":"","ast-main-header-display":"","ast-hfb-above-header-display":"","ast-hfb-below-header-display":"","ast-hfb-mobile-header-display":"","site-post-title":"","ast-breadcrumbs-content":"","ast-featured-img":"","footer-sml-layout":"","theme-transparent-header-meta":"","adv-header-id-meta":"","stick-header-meta":"","header-above-stick-meta":"","header-main-stick-meta":"","header-below-stick-meta":"","astra-migrate-meta-layouts":"default","ast-page-background-enabled":"default","ast-page-background-meta":{"desktop":{"background-color":"","background-image":"","background-repeat":"repeat","background-position":"center center","background-size":"auto","background-attachment":"scroll","background-type":"","background-media":"","overlay-type":"","overlay-color":"","overlay-opacity":"","overlay-gradient":""},"tablet":{"background-color":"","background-image":"","background-repeat":"repeat","background-position":"center center","background-size":"auto","background-attachment":"scroll","background-type":"","background-media":"","overlay-type":"","overlay-color":"","overlay-opacity":"","overlay-gradient":""},"mobile":{"background-color":"","background-image":"","background-repeat":"repeat","background-position":"center center","background-size":"auto","background-attachment":"scroll","background-type":"","background-media":"","overlay-type":"","overlay-color":"","overlay-opacity":"","overlay-gradient":""}},"ast-content-background-meta":{"desktop":{"background-color":"var(--ast-global-color-5)","background-image":"","background-repeat":"repeat","background-position":"center center","background-size":"auto","background-attachment":"scroll","background-type":"","background-media":"","overlay-type":"","overlay-color":"","overlay-opacity":"","overlay-gradient":""},"tablet":{"background-color":"var(--ast-global-color-5)","background-image":"","background-repeat":"repeat","background-position":"center center","background-size":"auto","background-attachment":"scroll","background-type":"","background-media":"","overlay-type":"","overlay-color":"","overlay-opacity":"","overlay-gradient":""},"mobile":{"background-color":"var(--ast-global-color-5)","background-image":"","background-repeat":"repeat","background-position":"center center","background-size":"auto","background-attachment":"scroll","background-type":"","background-media":"","overlay-type":"","overlay-color":"","overlay-opacity":"","overlay-gradient":""}},"footnotes":""},"class_list":["post-401","page","type-page","status-publish","hentry"],"translation":{"provider":"WPGlobus","version":"3.0.2","language":"en","enabled_languages":["de","en"],"languages":{"de":{"title":true,"content":true,"excerpt":false},"en":{"title":false,"content":false,"excerpt":false}}},"featured_image_urls_v2":{"full":"","thumbnail":"","medium":"","medium_large":"","large":"","1536x1536":"","2048x2048":""},"post_excerpt_stackable_v2":"<p>engl. Intrinsic Value Der innere Wert einer Option ist jener Geldbetrag, den der Anleger bei sofortiger Aus\u00fcbung der Option erhalten w\u00fcrde. Zur Berechnung wird lediglich die Differenz zwischen dem aktuellen Kurs des Basiswertes und des Basispreises genommen und anschlie\u00dfend mit dem Bezugsverh\u00e4ltnis der Option multipliziert. Der Basispreis einer Option ist generell fest und ver\u00e4ndert sich w\u00e4hrend der gesamten Laufzeit der Option nicht. Der innere Wert einer Option ist immer positiv, er kann nicht negativ sein. Eine Option, die sich im Geld befindet, hat einen inneren Wert. Bei einer Option, die sich jedoch am Geld oder aus dem Geld befindet, betr\u00e4gt&hellip;<\/p>\n","category_list_v2":"","author_info_v2":{"name":"PrudentWater","url":"https:\/\/prudentwater.com\/en\/author\/niklas33\/"},"comments_num_v2":"0 comments","_links":{"self":[{"href":"https:\/\/prudentwater.com\/en\/wp-json\/wp\/v2\/pages\/401","targetHints":{"allow":["GET"]}}],"collection":[{"href":"https:\/\/prudentwater.com\/en\/wp-json\/wp\/v2\/pages"}],"about":[{"href":"https:\/\/prudentwater.com\/en\/wp-json\/wp\/v2\/types\/page"}],"author":[{"embeddable":true,"href":"https:\/\/prudentwater.com\/en\/wp-json\/wp\/v2\/users\/1"}],"replies":[{"embeddable":true,"href":"https:\/\/prudentwater.com\/en\/wp-json\/wp\/v2\/comments?post=401"}],"version-history":[{"count":0,"href":"https:\/\/prudentwater.com\/en\/wp-json\/wp\/v2\/pages\/401\/revisions"}],"wp:attachment":[{"href":"https:\/\/prudentwater.com\/en\/wp-json\/wp\/v2\/media?parent=401"}],"curies":[{"name":"wp","href":"https:\/\/api.w.org\/{rel}","templated":true}]}}