{"id":4051,"date":"2015-06-10T06:27:12","date_gmt":"2015-06-10T06:27:12","guid":{"rendered":"http:\/\/www.kunnskap.de\/?page_id=4051"},"modified":"2021-06-25T12:50:09","modified_gmt":"2021-06-25T10:50:09","slug":"ruckkaufvereinbarung","status":"publish","type":"page","link":"https:\/\/prudentwater.com\/en\/ruckkaufvereinbarung\/","title":{"rendered":"R\u00fcckkaufvereinbarung"},"content":{"rendered":"<p>engl. <strong>Repurchase Agreement (Repo)<\/strong><\/p>\n<p>Die R\u00fcckkaufvereinbarung ist ein durch Wertpapiere besicherter kurzfristiger Kredit. Er beinhaltet den Verkauf von Wertpapieren gekoppelt mit einem gleichzeitig fest vereinbartem R\u00fcckkauftermin derselben Wertpapiere zu einem sp\u00e4teren Zeitpunkt. Bei der R\u00fcckkaufvereinbarung verkauft der Seller (Kreditnehmer) seine Wertpapiere an den Buyer (Kreditgeber), erh\u00e4lt daf\u00fcr eine entsprechende Geldsumme in Form eines Kredites und vereinbart gleichzeitig den R\u00fcckkauf dieser Wertpapiere zu einem bestimmten Zeitpunkt in der Zukunft. Die R\u00fcckkaufvereinbarung dient somit als Finanzierungsinstrument, welches oftmals von Finanzinstituten genutzt wird, um sich kurzfristig und g\u00fcnstig Geld zu beschaffen. Die Repo Rate ist dabei der Zinssatz, den der Seller f\u00fcr den erhaltenen Geldbetrag bezahlen muss. Da es sich jedoch aus der Sicht des Buyers um ein Gesch\u00e4ft mit geringerem Risiko handelt (der Kredit ist durch die im Gegenzug erhaltenen Wertpapiere besichert), liegt der Zinssatz oftmals unter dem vergleichbaren Geldmarktzins mit gleicher Laufzeit. Falls der Buyer jedoch nicht mehr in der Lage sein sollte, bei F\u00e4lligkeit die Wertpapiere zur\u00fcckzuliefern, so kann der Seller den erhaltenen Kredit zur Wiederbeschaffung der entliehenen Wertpapiere nutzen.<\/p>\n<p>Pflichten und Anspr\u00fcche, die allgemein mit dem Besitz eines Wertpapieres einhergehen, bleiben jedoch die ganze Zeit \u00fcber beim Seller, auch wenn er zu dieser Zeit die Wertpapiere nicht direkt h\u00e4lt. Dividenden und Zinsen, welche w\u00e4hrend der Laufzeit der R\u00fcckkaufvereinbarung anfallen, werden dem Buyer zun\u00e4chst gutgeschrieben, er muss sie jedoch anschlie\u00dfend an den Seller weiterreichen. Falls der Emittent der Wertpapiere zahlungsunf\u00e4hig wird, muss der Seller f\u00fcr einen entsprechenden Ersatz sorgen. Sinkt der Wert der Wertpapiere, so tr\u00e4gt auch der Seller hinterher den Verlust. Bonit\u00e4tsrisiko sowie Kursrisiko bleiben somit bei dem Repo-Gesch\u00e4ft weiterhin beim Seller, auch wenn dieser aktuell die Wertpapeire nicht direkt h\u00e4lt.<\/p>\n<p>R\u00fcckkaufvereinbarungen dienen dazu, kurzfristige Liquidit\u00e4tsengp\u00e4sse auszugleichen. Die Bank verkauft im Besitz befindliche Wertpapiere an eine weitere Bank und erh\u00e4lt im Gegenzug daf\u00fcr die entsprechende Geldsumme. Nach einer vorher festgelegten Laufzeit findet die R\u00fcckabwicklung des Gesch\u00e4ftes statt. Heutzutage im Jahre 2026 gelten Repos f\u00fcr Banken als wichtigstes Instrument, um kurzfristig Geld aufzunehmen bzw. um kurzfristig Geld anzulegen. Das Wertpapierpensionsgesch\u00e4ft beinhaltet beispielsweise eine solche R\u00fcckkaufvereinbarung.<\/p>\n","protected":false},"excerpt":{"rendered":"<p>engl. Repurchase Agreement (Repo) Die R\u00fcckkaufvereinbarung ist ein durch Wertpapiere besicherter kurzfristiger Kredit. Er beinhaltet den Verkauf von Wertpapieren gekoppelt mit einem gleichzeitig fest vereinbartem R\u00fcckkauftermin derselben Wertpapiere zu einem sp\u00e4teren Zeitpunkt. Bei der R\u00fcckkaufvereinbarung verkauft der Seller (Kreditnehmer) seine Wertpapiere an den Buyer (Kreditgeber), erh\u00e4lt daf\u00fcr eine entsprechende Geldsumme in Form eines Kredites und [&hellip;]<\/p>\n","protected":false},"author":1,"featured_media":0,"parent":0,"menu_order":0,"comment_status":"closed","ping_status":"closed","template":"","meta":{"site-sidebar-layout":"default","site-content-layout":"","ast-site-content-layout":"","site-content-style":"default","site-sidebar-style":"default","ast-global-header-display":"","ast-banner-title-visibility":"","ast-main-header-display":"","ast-hfb-above-header-display":"","ast-hfb-below-header-display":"","ast-hfb-mobile-header-display":"","site-post-title":"","ast-breadcrumbs-content":"","ast-featured-img":"","footer-sml-layout":"","theme-transparent-header-meta":"","adv-header-id-meta":"","stick-header-meta":"","header-above-stick-meta":"","header-main-stick-meta":"","header-below-stick-meta":"","astra-migrate-meta-layouts":"default","ast-page-background-enabled":"default","ast-page-background-meta":{"desktop":{"background-color":"","background-image":"","background-repeat":"repeat","background-position":"center center","background-size":"auto","background-attachment":"scroll","background-type":"","background-media":"","overlay-type":"","overlay-color":"","overlay-opacity":"","overlay-gradient":""},"tablet":{"background-color":"","background-image":"","background-repeat":"repeat","background-position":"center center","background-size":"auto","background-attachment":"scroll","background-type":"","background-media":"","overlay-type":"","overlay-color":"","overlay-opacity":"","overlay-gradient":""},"mobile":{"background-color":"","background-image":"","background-repeat":"repeat","background-position":"center center","background-size":"auto","background-attachment":"scroll","background-type":"","background-media":"","overlay-type":"","overlay-color":"","overlay-opacity":"","overlay-gradient":""}},"ast-content-background-meta":{"desktop":{"background-color":"var(--ast-global-color-5)","background-image":"","background-repeat":"repeat","background-position":"center center","background-size":"auto","background-attachment":"scroll","background-type":"","background-media":"","overlay-type":"","overlay-color":"","overlay-opacity":"","overlay-gradient":""},"tablet":{"background-color":"var(--ast-global-color-5)","background-image":"","background-repeat":"repeat","background-position":"center center","background-size":"auto","background-attachment":"scroll","background-type":"","background-media":"","overlay-type":"","overlay-color":"","overlay-opacity":"","overlay-gradient":""},"mobile":{"background-color":"var(--ast-global-color-5)","background-image":"","background-repeat":"repeat","background-position":"center center","background-size":"auto","background-attachment":"scroll","background-type":"","background-media":"","overlay-type":"","overlay-color":"","overlay-opacity":"","overlay-gradient":""}},"footnotes":""},"class_list":["post-4051","page","type-page","status-publish","hentry"],"translation":{"provider":"WPGlobus","version":"3.0.2","language":"en","enabled_languages":["de","en"],"languages":{"de":{"title":true,"content":true,"excerpt":false},"en":{"title":false,"content":false,"excerpt":false}}},"featured_image_urls_v2":{"full":"","thumbnail":"","medium":"","medium_large":"","large":"","1536x1536":"","2048x2048":""},"post_excerpt_stackable_v2":"<p>engl. Repurchase Agreement (Repo) Die R\u00fcckkaufvereinbarung ist ein durch Wertpapiere besicherter kurzfristiger Kredit. Er beinhaltet den Verkauf von Wertpapieren gekoppelt mit einem gleichzeitig fest vereinbartem R\u00fcckkauftermin derselben Wertpapiere zu einem sp\u00e4teren Zeitpunkt. Bei der R\u00fcckkaufvereinbarung verkauft der Seller (Kreditnehmer) seine Wertpapiere an den Buyer (Kreditgeber), erh\u00e4lt daf\u00fcr eine entsprechende Geldsumme in Form eines Kredites und vereinbart gleichzeitig den R\u00fcckkauf dieser Wertpapiere zu einem bestimmten Zeitpunkt in der Zukunft. Die R\u00fcckkaufvereinbarung dient somit als Finanzierungsinstrument, welches oftmals von Finanzinstituten genutzt wird, um sich kurzfristig und g\u00fcnstig Geld zu beschaffen. Die Repo Rate ist dabei der Zinssatz, den der Seller f\u00fcr den&hellip;<\/p>\n","category_list_v2":"","author_info_v2":{"name":"PrudentWater","url":"https:\/\/prudentwater.com\/en\/author\/niklas33\/"},"comments_num_v2":"0 comments","_links":{"self":[{"href":"https:\/\/prudentwater.com\/en\/wp-json\/wp\/v2\/pages\/4051","targetHints":{"allow":["GET"]}}],"collection":[{"href":"https:\/\/prudentwater.com\/en\/wp-json\/wp\/v2\/pages"}],"about":[{"href":"https:\/\/prudentwater.com\/en\/wp-json\/wp\/v2\/types\/page"}],"author":[{"embeddable":true,"href":"https:\/\/prudentwater.com\/en\/wp-json\/wp\/v2\/users\/1"}],"replies":[{"embeddable":true,"href":"https:\/\/prudentwater.com\/en\/wp-json\/wp\/v2\/comments?post=4051"}],"version-history":[{"count":0,"href":"https:\/\/prudentwater.com\/en\/wp-json\/wp\/v2\/pages\/4051\/revisions"}],"wp:attachment":[{"href":"https:\/\/prudentwater.com\/en\/wp-json\/wp\/v2\/media?parent=4051"}],"curies":[{"name":"wp","href":"https:\/\/api.w.org\/{rel}","templated":true}]}}