{"id":4087,"date":"2015-06-13T21:09:59","date_gmt":"2015-06-13T21:09:59","guid":{"rendered":"http:\/\/www.kunnskap.de\/?page_id=4087"},"modified":"2021-06-25T12:48:18","modified_gmt":"2021-06-25T10:48:18","slug":"anlagevermogen","status":"publish","type":"page","link":"https:\/\/prudentwater.com\/en\/anlagevermogen\/","title":{"rendered":"Anlageverm\u00f6gen"},"content":{"rendered":"<p>Auch <strong>Langfristig gebundenes Verm\u00f6gen<\/strong><br \/>\nengl. <strong>Fixed Assets<\/strong><\/p>\n<p>Das Anlageverm\u00f6gen besteht aus allen Verm\u00f6gensgegenst\u00e4nden, die dem Unternehmen langfristig zur Verf\u00fcgung stehen, fest in das Unternehmen integriert sind und durch Gebrauch und wiederholte Nutzung dem t\u00e4glichen Gesch\u00e4ftsbetrieb dienen. Das Anlageverm\u00f6gen ist nicht zum Verkauf bestimmt und gliedert sich in folgende drei Bilanzposten:<\/p>\n<hr>\n<ul>\n<h4>Sachanlagen<\/h4>\n<p>Sachanlagen bestehen aus (Produktions-) Anlagen und Maschinen, Grundst\u00fccke und Immobilien.<\/p>\n<h4>Immaterielle Verm\u00f6gensgegenst\u00e4nde<\/h4>\n<p>Die immateriellen Verm\u00f6gensgegenst\u00e4nde bestehen aus Lizenzen, Patente, Markennamen sowie aus dem erworbenen Gesch\u00e4fts- oder Firmenwert.<\/p>\n<h4>Finanzanlagen<\/h4>\n<p>Die Finanzanlagen bilden sich aus Anteilen an anderen Unternehmen, Wertpapieren und weiteren Beteiligungen.<\/ul>\n<hr>\n<p>Das Anlageverm\u00f6gen wird auf der linken Seite der Bilanz, der Aktivseite, angeordnet. Das Umlaufverm\u00f6gen ist der Gegenpart zum Anlageverm\u00f6gen, da dies dem Unternehmen nur kurzfristig zur Verf\u00fcgung steht. Anlageverm\u00f6gen und Umlaufverm\u00f6gen bilden zusammen das Gesamtverm\u00f6gen des Unternehmens.<\/p>\n<p>Die Nutzungsdauer einzelner Verm\u00f6gensgegenst\u00e4nde des Anlageverm\u00f6gens kann zeitlich unbegrenzt sein (Grundst\u00fccke) oder aber auch aufgrund von Abnutzung oder Verschlei\u00df zeitlich begrenzt sein (Maschinen und Anlagen zur Produktion). Im letzteren Fall m\u00fcssen die Verm\u00f6gensgegenst\u00e4nde \u00fcber den Zeitraum der Nutzungsdauer planm\u00e4\u00dfig abgeschrieben werden und d\u00fcrfen in der Bilanz maximal zu den Anschaffungskosten bzw. Herstellungskosten bewertet werden. Zeitlich unbegrenzte Verm\u00f6gensgegenst\u00e4nde des Anlageverm\u00f6gens d\u00fcrfen nur mit den Anschaffungs- oder Herstellunsgkosten bewertet werden.<\/p>\n<p>Ein niedriges Anlageverm\u00f6gen bietet dem Unternehmen eine h\u00f6here Flexibilit\u00e4t in konjunkturell schwierigen Lagen, da dadurch weniger Kapital langfristig gebunden ist und die Fixkosten geringer ausfallen. Dem Unternehmen mit einem niedrigen Anlageverm\u00f6gen wird es in einem konjunkturellen Abschwung leichter fallen, die Produktion umzustellen und sich auf die \u00e4u\u00dferlichen Faktoren anzupassen. Eine hohe Anlagenintensit\u00e4t hingegen hat eine geringere Flexibilit\u00e4t f\u00fcr das jeweilige Unternehmen zur Folge. Es kann dann nicht schnell auf neue Trends am Markt reagieren, da erst Maschinen und Anlagen auf die neuen Produkttrends angepasst werden m\u00fcssen.<\/p>\n","protected":false},"excerpt":{"rendered":"<p>Auch Langfristig gebundenes Verm\u00f6gen engl. Fixed Assets Das Anlageverm\u00f6gen besteht aus allen Verm\u00f6gensgegenst\u00e4nden, die dem Unternehmen langfristig zur Verf\u00fcgung stehen, fest in das Unternehmen integriert sind und durch Gebrauch und wiederholte Nutzung dem t\u00e4glichen Gesch\u00e4ftsbetrieb dienen. Das Anlageverm\u00f6gen ist nicht zum Verkauf bestimmt und gliedert sich in folgende drei Bilanzposten: Sachanlagen Sachanlagen bestehen aus (Produktions-) [&hellip;]<\/p>\n","protected":false},"author":1,"featured_media":0,"parent":0,"menu_order":0,"comment_status":"closed","ping_status":"closed","template":"","meta":{"site-sidebar-layout":"default","site-content-layout":"","ast-site-content-layout":"","site-content-style":"default","site-sidebar-style":"default","ast-global-header-display":"","ast-banner-title-visibility":"","ast-main-header-display":"","ast-hfb-above-header-display":"","ast-hfb-below-header-display":"","ast-hfb-mobile-header-display":"","site-post-title":"","ast-breadcrumbs-content":"","ast-featured-img":"","footer-sml-layout":"","theme-transparent-header-meta":"","adv-header-id-meta":"","stick-header-meta":"","header-above-stick-meta":"","header-main-stick-meta":"","header-below-stick-meta":"","astra-migrate-meta-layouts":"default","ast-page-background-enabled":"default","ast-page-background-meta":{"desktop":{"background-color":"","background-image":"","background-repeat":"repeat","background-position":"center center","background-size":"auto","background-attachment":"scroll","background-type":"","background-media":"","overlay-type":"","overlay-color":"","overlay-opacity":"","overlay-gradient":""},"tablet":{"background-color":"","background-image":"","background-repeat":"repeat","background-position":"center center","background-size":"auto","background-attachment":"scroll","background-type":"","background-media":"","overlay-type":"","overlay-color":"","overlay-opacity":"","overlay-gradient":""},"mobile":{"background-color":"","background-image":"","background-repeat":"repeat","background-position":"center center","background-size":"auto","background-attachment":"scroll","background-type":"","background-media":"","overlay-type":"","overlay-color":"","overlay-opacity":"","overlay-gradient":""}},"ast-content-background-meta":{"desktop":{"background-color":"var(--ast-global-color-5)","background-image":"","background-repeat":"repeat","background-position":"center center","background-size":"auto","background-attachment":"scroll","background-type":"","background-media":"","overlay-type":"","overlay-color":"","overlay-opacity":"","overlay-gradient":""},"tablet":{"background-color":"var(--ast-global-color-5)","background-image":"","background-repeat":"repeat","background-position":"center center","background-size":"auto","background-attachment":"scroll","background-type":"","background-media":"","overlay-type":"","overlay-color":"","overlay-opacity":"","overlay-gradient":""},"mobile":{"background-color":"var(--ast-global-color-5)","background-image":"","background-repeat":"repeat","background-position":"center center","background-size":"auto","background-attachment":"scroll","background-type":"","background-media":"","overlay-type":"","overlay-color":"","overlay-opacity":"","overlay-gradient":""}},"footnotes":""},"class_list":["post-4087","page","type-page","status-publish","hentry"],"translation":{"provider":"WPGlobus","version":"3.0.2","language":"en","enabled_languages":["de","en"],"languages":{"de":{"title":true,"content":true,"excerpt":false},"en":{"title":false,"content":false,"excerpt":false}}},"featured_image_urls_v2":{"full":"","thumbnail":"","medium":"","medium_large":"","large":"","1536x1536":"","2048x2048":""},"post_excerpt_stackable_v2":"<p>Auch Langfristig gebundenes Verm\u00f6gen engl. Fixed Assets Das Anlageverm\u00f6gen besteht aus allen Verm\u00f6gensgegenst\u00e4nden, die dem Unternehmen langfristig zur Verf\u00fcgung stehen, fest in das Unternehmen integriert sind und durch Gebrauch und wiederholte Nutzung dem t\u00e4glichen Gesch\u00e4ftsbetrieb dienen. Das Anlageverm\u00f6gen ist nicht zum Verkauf bestimmt und gliedert sich in folgende drei Bilanzposten: Sachanlagen Sachanlagen bestehen aus (Produktions-) Anlagen und Maschinen, Grundst\u00fccke und Immobilien. Immaterielle Verm\u00f6gensgegenst\u00e4nde Die immateriellen Verm\u00f6gensgegenst\u00e4nde bestehen aus Lizenzen, Patente, Markennamen sowie aus dem erworbenen Gesch\u00e4fts- oder Firmenwert. Finanzanlagen Die Finanzanlagen bilden sich aus Anteilen an anderen Unternehmen, Wertpapieren und weiteren Beteiligungen. Das Anlageverm\u00f6gen wird auf der linken Seite der&hellip;<\/p>\n","category_list_v2":"","author_info_v2":{"name":"PrudentWater","url":"https:\/\/prudentwater.com\/en\/author\/niklas33\/"},"comments_num_v2":"0 comments","_links":{"self":[{"href":"https:\/\/prudentwater.com\/en\/wp-json\/wp\/v2\/pages\/4087","targetHints":{"allow":["GET"]}}],"collection":[{"href":"https:\/\/prudentwater.com\/en\/wp-json\/wp\/v2\/pages"}],"about":[{"href":"https:\/\/prudentwater.com\/en\/wp-json\/wp\/v2\/types\/page"}],"author":[{"embeddable":true,"href":"https:\/\/prudentwater.com\/en\/wp-json\/wp\/v2\/users\/1"}],"replies":[{"embeddable":true,"href":"https:\/\/prudentwater.com\/en\/wp-json\/wp\/v2\/comments?post=4087"}],"version-history":[{"count":0,"href":"https:\/\/prudentwater.com\/en\/wp-json\/wp\/v2\/pages\/4087\/revisions"}],"wp:attachment":[{"href":"https:\/\/prudentwater.com\/en\/wp-json\/wp\/v2\/media?parent=4087"}],"curies":[{"name":"wp","href":"https:\/\/api.w.org\/{rel}","templated":true}]}}