{"id":4097,"date":"2015-06-14T09:53:10","date_gmt":"2015-06-14T09:53:10","guid":{"rendered":"http:\/\/www.kunnskap.de\/?page_id=4097"},"modified":"2021-06-25T12:50:15","modified_gmt":"2021-06-25T10:50:15","slug":"umlaufvermogen","status":"publish","type":"page","link":"https:\/\/prudentwater.com\/en\/umlaufvermogen\/","title":{"rendered":"Umlaufverm\u00f6gen"},"content":{"rendered":"<p>Auch <strong>Kurzfristig gebundenes Verm\u00f6gen<\/strong><br \/>\nengl. <strong>Current Assets<\/strong><\/p>\n<p>Das Umlaufverm\u00f6gen besteht aus den Verm\u00f6gensgegenst\u00e4nden, welche dem Unternehmen nur f\u00fcr eine befristete und oftmals kurze Zeit zur Verf\u00fcgung stehen. Diese Gegenst\u00e4nde haben eine kurze Umschlagsdauer und sind nicht dazu bestimmt, \u00fcber eine langfristige Dauer dem Betrieb zu dienen. Das Umlaufverm\u00f6gen steht dem Unternehmen nur f\u00fcr eine Dauer von bis zu einem Jahr zur Verf\u00fcgung. Es bildet in der Bilanz zusammen mit dem Anlageverm\u00f6gen das Aktiva. Es gibt keine planm\u00e4\u00dfigen Abschreibungen auf das Umlaufverm\u00f6gen, au\u00dferplanm\u00e4\u00dfige Abschreibungen sind bei einer Wertminderung zum Bilanzstichtag hingegen m\u00f6glich. Zu dem Umlaufverm\u00f6gen z\u00e4hlen folgende Posten:<\/p>\n<ul>\n<h4>Zahlungsmittel und Zahlungsmittel\u00e4quivalente<\/h4>\n<p>Die Zahlungsmittel und Zahlungsmittel\u00e4quivalente bestehen aus Bankguthaben, Kassenbest\u00e4nden und kurzfristigen Wertpapieren.<\/p>\n<hr>\n<h4>Forderungen aus Lieferungen und Leistungen<\/h4>\n<p>Die Forderungen aus Lieferungen und Leistungen bestehen aus noch offenen Forderungen gegen\u00fcber Kunden und Vertragspartnern. .<\/p>\n<hr>\n<h4>Vorr\u00e4te<\/h4>\n<p>Die Vorr\u00e4te des Unternehmens sind Rohstoffe sowie fertig- und nicht-fertig produzierte Waren.<\/ul>\n<hr>\n","protected":false},"excerpt":{"rendered":"<p>Auch Kurzfristig gebundenes Verm\u00f6gen engl. Current Assets Das Umlaufverm\u00f6gen besteht aus den Verm\u00f6gensgegenst\u00e4nden, welche dem Unternehmen nur f\u00fcr eine befristete und oftmals kurze Zeit zur Verf\u00fcgung stehen. Diese Gegenst\u00e4nde haben eine kurze Umschlagsdauer und sind nicht dazu bestimmt, \u00fcber eine langfristige Dauer dem Betrieb zu dienen. Das Umlaufverm\u00f6gen steht dem Unternehmen nur f\u00fcr eine Dauer [&hellip;]<\/p>\n","protected":false},"author":1,"featured_media":0,"parent":0,"menu_order":0,"comment_status":"closed","ping_status":"closed","template":"","meta":{"site-sidebar-layout":"default","site-content-layout":"","ast-site-content-layout":"","site-content-style":"default","site-sidebar-style":"default","ast-global-header-display":"","ast-banner-title-visibility":"","ast-main-header-display":"","ast-hfb-above-header-display":"","ast-hfb-below-header-display":"","ast-hfb-mobile-header-display":"","site-post-title":"","ast-breadcrumbs-content":"","ast-featured-img":"","footer-sml-layout":"","theme-transparent-header-meta":"","adv-header-id-meta":"","stick-header-meta":"","header-above-stick-meta":"","header-main-stick-meta":"","header-below-stick-meta":"","astra-migrate-meta-layouts":"default","ast-page-background-enabled":"default","ast-page-background-meta":{"desktop":{"background-color":"","background-image":"","background-repeat":"repeat","background-position":"center center","background-size":"auto","background-attachment":"scroll","background-type":"","background-media":"","overlay-type":"","overlay-color":"","overlay-opacity":"","overlay-gradient":""},"tablet":{"background-color":"","background-image":"","background-repeat":"repeat","background-position":"center center","background-size":"auto","background-attachment":"scroll","background-type":"","background-media":"","overlay-type":"","overlay-color":"","overlay-opacity":"","overlay-gradient":""},"mobile":{"background-color":"","background-image":"","background-repeat":"repeat","background-position":"center center","background-size":"auto","background-attachment":"scroll","background-type":"","background-media":"","overlay-type":"","overlay-color":"","overlay-opacity":"","overlay-gradient":""}},"ast-content-background-meta":{"desktop":{"background-color":"var(--ast-global-color-5)","background-image":"","background-repeat":"repeat","background-position":"center center","background-size":"auto","background-attachment":"scroll","background-type":"","background-media":"","overlay-type":"","overlay-color":"","overlay-opacity":"","overlay-gradient":""},"tablet":{"background-color":"var(--ast-global-color-5)","background-image":"","background-repeat":"repeat","background-position":"center center","background-size":"auto","background-attachment":"scroll","background-type":"","background-media":"","overlay-type":"","overlay-color":"","overlay-opacity":"","overlay-gradient":""},"mobile":{"background-color":"var(--ast-global-color-5)","background-image":"","background-repeat":"repeat","background-position":"center center","background-size":"auto","background-attachment":"scroll","background-type":"","background-media":"","overlay-type":"","overlay-color":"","overlay-opacity":"","overlay-gradient":""}},"footnotes":""},"class_list":["post-4097","page","type-page","status-publish","hentry"],"translation":{"provider":"WPGlobus","version":"3.0.2","language":"en","enabled_languages":["de","en"],"languages":{"de":{"title":true,"content":true,"excerpt":false},"en":{"title":false,"content":false,"excerpt":false}}},"featured_image_urls_v2":{"full":"","thumbnail":"","medium":"","medium_large":"","large":"","1536x1536":"","2048x2048":""},"post_excerpt_stackable_v2":"<p>Auch Kurzfristig gebundenes Verm\u00f6gen engl. Current Assets Das Umlaufverm\u00f6gen besteht aus den Verm\u00f6gensgegenst\u00e4nden, welche dem Unternehmen nur f\u00fcr eine befristete und oftmals kurze Zeit zur Verf\u00fcgung stehen. Diese Gegenst\u00e4nde haben eine kurze Umschlagsdauer und sind nicht dazu bestimmt, \u00fcber eine langfristige Dauer dem Betrieb zu dienen. Das Umlaufverm\u00f6gen steht dem Unternehmen nur f\u00fcr eine Dauer von bis zu einem Jahr zur Verf\u00fcgung. Es bildet in der Bilanz zusammen mit dem Anlageverm\u00f6gen das Aktiva. Es gibt keine planm\u00e4\u00dfigen Abschreibungen auf das Umlaufverm\u00f6gen, au\u00dferplanm\u00e4\u00dfige Abschreibungen sind bei einer Wertminderung zum Bilanzstichtag hingegen m\u00f6glich. Zu dem Umlaufverm\u00f6gen z\u00e4hlen folgende Posten: Zahlungsmittel und Zahlungsmittel\u00e4quivalente&hellip;<\/p>\n","category_list_v2":"","author_info_v2":{"name":"PrudentWater","url":"https:\/\/prudentwater.com\/en\/author\/niklas33\/"},"comments_num_v2":"0 comments","_links":{"self":[{"href":"https:\/\/prudentwater.com\/en\/wp-json\/wp\/v2\/pages\/4097","targetHints":{"allow":["GET"]}}],"collection":[{"href":"https:\/\/prudentwater.com\/en\/wp-json\/wp\/v2\/pages"}],"about":[{"href":"https:\/\/prudentwater.com\/en\/wp-json\/wp\/v2\/types\/page"}],"author":[{"embeddable":true,"href":"https:\/\/prudentwater.com\/en\/wp-json\/wp\/v2\/users\/1"}],"replies":[{"embeddable":true,"href":"https:\/\/prudentwater.com\/en\/wp-json\/wp\/v2\/comments?post=4097"}],"version-history":[{"count":0,"href":"https:\/\/prudentwater.com\/en\/wp-json\/wp\/v2\/pages\/4097\/revisions"}],"wp:attachment":[{"href":"https:\/\/prudentwater.com\/en\/wp-json\/wp\/v2\/media?parent=4097"}],"curies":[{"name":"wp","href":"https:\/\/api.w.org\/{rel}","templated":true}]}}