{"id":4114,"date":"2015-06-15T08:09:49","date_gmt":"2015-06-15T08:09:49","guid":{"rendered":"http:\/\/www.kunnskap.de\/?page_id=4114"},"modified":"2021-06-25T12:49:35","modified_gmt":"2021-06-25T10:49:35","slug":"margin-trading","status":"publish","type":"page","link":"https:\/\/prudentwater.com\/en\/margin-trading\/","title":{"rendered":"Margin Trading"},"content":{"rendered":"<div class=\"perfect-pullquote vcard pullquote-align-full pullquote-border-placement-top\" style=\"font-size:20px !important;\"><blockquote><p style=\"font-size:20px !important;\">Margin Trading bezeichnet ein riskantes Spekulieren mit geliehenem Geld auf die kurz- bis mittelfristige Entwicklung eines Wertpapieres. Margin Trader nutzen dabei den sogenannten Leverage Effekt, um \u00fcberdurchschnittliche Renditen zu erzielen.<\/p><\/blockquote><\/div>\n<p>Beim Margin Trading kauft der Marktteilnehmer Wertpapiere wie zum Beispiel Aktien, ohne dabei tats\u00e4chlich das Geld f\u00fcr den Kauf zu besitzen. Er muss lediglich eine Sicherheitsleistung von ca. 10 % der Anlagesumme an seinen Broker leisten. Die H\u00f6he der Sicherheitsleistung kann jedoch von Broker zu Broker und von Land zu Land unterschiedlich sein. Der Rest &#8211; also die 90 % &#8211; wird durch einen Kredit des Brokers finanziert. Kauft ein H\u00e4ndler beim Margin Trading somit Wertpapiere, so wird der Gro\u00dfteil des Kaufes durch den Broker finanziert. Dieser gew\u00e4hrt den Marktteilnehmer einen kurzfristigen zinstragenden Kredit, um die jeweiligen Wertpapiere zu kaufen. F\u00e4llt jedoch der Wert der mit dem geliehenen Geld gekauften Aktienposition unter eine bestimmte Grenze, so werden die Sicherheitsleistungen auf seinem Marginkonto als nicht mehr ausreichend bewertet und folglich muss eine Nachzahlung stattfinden, damit wieder ausreichend Sicherheiten hinterlegt sind. Dabei erh\u00e4lt er dann einen sogenannten Margin Call, welcher ihn zu einer Nachschusszahlung auffordert.<\/p>\n","protected":false},"excerpt":{"rendered":"<p>Beim Margin Trading kauft der Marktteilnehmer Wertpapiere wie zum Beispiel Aktien, ohne dabei tats\u00e4chlich das Geld f\u00fcr den Kauf zu besitzen. Er muss lediglich eine Sicherheitsleistung von ca. 10 % der Anlagesumme an seinen Broker leisten. Die H\u00f6he der Sicherheitsleistung kann jedoch von Broker zu Broker und von Land zu Land unterschiedlich sein. Der Rest [&hellip;]<\/p>\n","protected":false},"author":1,"featured_media":0,"parent":0,"menu_order":0,"comment_status":"closed","ping_status":"closed","template":"","meta":{"site-sidebar-layout":"default","site-content-layout":"","ast-site-content-layout":"","site-content-style":"default","site-sidebar-style":"default","ast-global-header-display":"","ast-banner-title-visibility":"","ast-main-header-display":"","ast-hfb-above-header-display":"","ast-hfb-below-header-display":"","ast-hfb-mobile-header-display":"","site-post-title":"","ast-breadcrumbs-content":"","ast-featured-img":"","footer-sml-layout":"","theme-transparent-header-meta":"","adv-header-id-meta":"","stick-header-meta":"","header-above-stick-meta":"","header-main-stick-meta":"","header-below-stick-meta":"","astra-migrate-meta-layouts":"default","ast-page-background-enabled":"default","ast-page-background-meta":{"desktop":{"background-color":"","background-image":"","background-repeat":"repeat","background-position":"center center","background-size":"auto","background-attachment":"scroll","background-type":"","background-media":"","overlay-type":"","overlay-color":"","overlay-opacity":"","overlay-gradient":""},"tablet":{"background-color":"","background-image":"","background-repeat":"repeat","background-position":"center center","background-size":"auto","background-attachment":"scroll","background-type":"","background-media":"","overlay-type":"","overlay-color":"","overlay-opacity":"","overlay-gradient":""},"mobile":{"background-color":"","background-image":"","background-repeat":"repeat","background-position":"center center","background-size":"auto","background-attachment":"scroll","background-type":"","background-media":"","overlay-type":"","overlay-color":"","overlay-opacity":"","overlay-gradient":""}},"ast-content-background-meta":{"desktop":{"background-color":"var(--ast-global-color-5)","background-image":"","background-repeat":"repeat","background-position":"center center","background-size":"auto","background-attachment":"scroll","background-type":"","background-media":"","overlay-type":"","overlay-color":"","overlay-opacity":"","overlay-gradient":""},"tablet":{"background-color":"var(--ast-global-color-5)","background-image":"","background-repeat":"repeat","background-position":"center center","background-size":"auto","background-attachment":"scroll","background-type":"","background-media":"","overlay-type":"","overlay-color":"","overlay-opacity":"","overlay-gradient":""},"mobile":{"background-color":"var(--ast-global-color-5)","background-image":"","background-repeat":"repeat","background-position":"center center","background-size":"auto","background-attachment":"scroll","background-type":"","background-media":"","overlay-type":"","overlay-color":"","overlay-opacity":"","overlay-gradient":""}},"footnotes":""},"class_list":["post-4114","page","type-page","status-publish","hentry"],"translation":{"provider":"WPGlobus","version":"3.0.2","language":"en","enabled_languages":["de","en"],"languages":{"de":{"title":true,"content":true,"excerpt":false},"en":{"title":false,"content":false,"excerpt":false}}},"featured_image_urls_v2":{"full":"","thumbnail":"","medium":"","medium_large":"","large":"","1536x1536":"","2048x2048":""},"post_excerpt_stackable_v2":"<p>Margin Trading bezeichnet ein riskantes Spekulieren mit geliehenem Geld auf die kurz- bis mittelfristige Entwicklung eines Wertpapieres. Margin Trader nutzen dabei den sogenannten Leverage Effekt, um \u00fcberdurchschnittliche Renditen zu erzielen. Beim Margin Trading kauft der Marktteilnehmer Wertpapiere wie zum Beispiel Aktien, ohne dabei tats\u00e4chlich das Geld f\u00fcr den Kauf zu besitzen. Er muss lediglich eine Sicherheitsleistung von ca. 10 % der Anlagesumme an seinen Broker leisten. Die H\u00f6he der Sicherheitsleistung kann jedoch von Broker zu Broker und von Land zu Land unterschiedlich sein. Der Rest &#8211; also die 90 % &#8211; wird durch einen Kredit des Brokers finanziert. Kauft ein&hellip;<\/p>\n","category_list_v2":"","author_info_v2":{"name":"PrudentWater","url":"https:\/\/prudentwater.com\/en\/author\/niklas33\/"},"comments_num_v2":"0 comments","_links":{"self":[{"href":"https:\/\/prudentwater.com\/en\/wp-json\/wp\/v2\/pages\/4114","targetHints":{"allow":["GET"]}}],"collection":[{"href":"https:\/\/prudentwater.com\/en\/wp-json\/wp\/v2\/pages"}],"about":[{"href":"https:\/\/prudentwater.com\/en\/wp-json\/wp\/v2\/types\/page"}],"author":[{"embeddable":true,"href":"https:\/\/prudentwater.com\/en\/wp-json\/wp\/v2\/users\/1"}],"replies":[{"embeddable":true,"href":"https:\/\/prudentwater.com\/en\/wp-json\/wp\/v2\/comments?post=4114"}],"version-history":[{"count":0,"href":"https:\/\/prudentwater.com\/en\/wp-json\/wp\/v2\/pages\/4114\/revisions"}],"wp:attachment":[{"href":"https:\/\/prudentwater.com\/en\/wp-json\/wp\/v2\/media?parent=4114"}],"curies":[{"name":"wp","href":"https:\/\/api.w.org\/{rel}","templated":true}]}}