{"id":4155,"date":"2015-06-17T20:49:40","date_gmt":"2015-06-17T20:49:40","guid":{"rendered":"http:\/\/www.kunnskap.de\/?page_id=4155"},"modified":"2022-11-16T14:49:53","modified_gmt":"2022-11-16T13:49:53","slug":"terminkurs","status":"publish","type":"page","link":"https:\/\/prudentwater.com\/en\/terminkurs\/","title":{"rendered":"Terminkurs"},"content":{"rendered":"<p>Auch <b>Forward-Preis<\/b> oder <b>Terminpreis<\/b><br>\nengl. <b>Forward Price<\/b><\/p>\n\n\n<div class=\"wp-block-stackable-notification stk-block-notification stk-block stk-b3a7798 is-style-plain\" data-block-id=\"b3a7798\"><style>.stk-b3a7798{box-shadow:0px 2px 20px rgba(153,153,153,0.2) !important}.stk-b3a7798-container{border-radius:20px !important;overflow:hidden !important;box-shadow:0px 10px 60px rgba(0,0,0,0.1) !important}.stk-b3a7798 .stk-block-notification__content{padding-top:32px !important;padding-right:32px !important;padding-bottom:32px !important;padding-left:32px !important}<\/style><div class=\"stk-block-notification__content stk-content-align stk-b3a7798-column stk-container stk-b3a7798-container stk--no-background stk--no-padding\"><div class=\"stk-block-content stk-inner-blocks\">\n<div class=\"wp-block-stackable-heading stk-block-heading stk-block stk-40c06f9\" id=\"strong-zentrale-kernaussagen-strong\" data-block-id=\"40c06f9\"><style>.stk-40c06f9{margin-bottom:15px !important}.stk-40c06f9 .stk-block-heading__text{font-size:17px !important;margin:0 !important;color:#da8611 !important;font-weight:400 !important;letter-spacing:1px !important}@media screen and (max-width:1023px){.stk-40c06f9 .stk-block-heading__text{font-size:17px !important}}<\/style><h2 class=\"stk-block-heading__text has-text-color\"><b>ZENTRALE KERNAUSSAGEN<\/b><\/h2><\/div>\n\n\n\n<ul class=\"wp-block-list\">\n<li>Der Terminkurs ist innerhalb des Termingesch\u00e4ftes der in der Gegenwart bereits fest gesicherte Preis f\u00fcr die Lieferung eines zugrunde liegenden Basiswertes in der Zukunft.<\/li>\n\n\n\n<li>Bei dem Terminkurs kann es sich beispielsweise um den fest vereinbarten Preis f\u00fcr die Lieferung von Rohstoffen, Aktien oder W\u00e4hrungen handeln.<\/li>\n\n\n\n<li>Der Terminkurs gilt also f\u00fcr Gesch\u00e4fte, welche erst in Zukunft abgewickelt werden, wohingegen der Kassakurs f\u00fcr Gesch\u00e4fte mit sofortiger Abwicklung und Lieferung gilt.<\/li>\n<\/ul>\n<\/div><\/div><\/div>\n\n\n<p>Der Terminkurs wird in einem Termingesch\u00e4ft festgelegt und ist der zu zahlende Preis f\u00fcr den zugrunde liegenden Basiswert eines Derivates. Bei dem Derivat kann es sich beispielsweise um ein Future oder eine Option handeln. Der Basiswert muss dabei zu einem festgelegten Zeitpunkt in der Zukunft vom Verk\u00e4ufer an den K\u00e4ufer geliefert werden. Entscheidend ist, dass der zugrunde liegende Basiswert des Termingesch\u00e4ftes erst zu einem bestimmten Zeitpunkt in der Zukunft geliefert und abgenommen werden muss. In der Gegenwart wurde jedoch schon der Preis (Terminkurs) festgelegt. Der Terminkurs ist von dem Tag, an dem K\u00e4ufer und Verk\u00e4ufer das Termingesch\u00e4ft abschlie\u00dfen, fest und kann nicht mehr ver\u00e4ndert werden. Der Terminkurs von Rohstoffen und Aktien bildet sich durch Angebot und Nachfrage an den M\u00e4rkten, der Terminkurs einer W\u00e4hrung hingegen wird ausschlie\u00dflich durch das Zinsniveau der beiden involvierten W\u00e4hrungen zum aktuellen Kassakurs gebildet. Jenseits von spekulativen Zwecken werden Terminkurse h\u00e4ufig von Exporteuren genutzt, um das Wechselkursrisiko auszuschalten. Der Unterschied zwischen Terminkurs und Kassakurs liegt darin, dass der Terminkurs f\u00fcr ein Gesch\u00e4ft gilt, welches erst (weit) in der Zukunft abgewickelt wird, wohingegen der Kassakurs f\u00fcr Gesch\u00e4fte mit sofortiger Abwicklung und Lieferung des Basiswertes gilt.<\/p>","protected":false},"excerpt":{"rendered":"<p>Auch Forward-Preis oder Terminpreis engl. Forward Price ZENTRALE KERNAUSSAGEN Der Terminkurs wird in einem Termingesch\u00e4ft festgelegt und ist der zu zahlende Preis f\u00fcr den zugrunde liegenden Basiswert eines Derivates. Bei dem Derivat kann es sich beispielsweise um ein Future oder eine Option handeln. Der Basiswert muss dabei zu einem festgelegten Zeitpunkt in der Zukunft vom [&hellip;]<\/p>\n","protected":false},"author":1,"featured_media":0,"parent":0,"menu_order":0,"comment_status":"closed","ping_status":"closed","template":"","meta":{"site-sidebar-layout":"default","site-content-layout":"","ast-site-content-layout":"","site-content-style":"default","site-sidebar-style":"default","ast-global-header-display":"","ast-banner-title-visibility":"","ast-main-header-display":"","ast-hfb-above-header-display":"","ast-hfb-below-header-display":"","ast-hfb-mobile-header-display":"","site-post-title":"","ast-breadcrumbs-content":"","ast-featured-img":"","footer-sml-layout":"","theme-transparent-header-meta":"","adv-header-id-meta":"","stick-header-meta":"","header-above-stick-meta":"","header-main-stick-meta":"","header-below-stick-meta":"","astra-migrate-meta-layouts":"default","ast-page-background-enabled":"default","ast-page-background-meta":{"desktop":{"background-color":"","background-image":"","background-repeat":"repeat","background-position":"center center","background-size":"auto","background-attachment":"scroll","background-type":"","background-media":"","overlay-type":"","overlay-color":"","overlay-opacity":"","overlay-gradient":""},"tablet":{"background-color":"","background-image":"","background-repeat":"repeat","background-position":"center center","background-size":"auto","background-attachment":"scroll","background-type":"","background-media":"","overlay-type":"","overlay-color":"","overlay-opacity":"","overlay-gradient":""},"mobile":{"background-color":"","background-image":"","background-repeat":"repeat","background-position":"center center","background-size":"auto","background-attachment":"scroll","background-type":"","background-media":"","overlay-type":"","overlay-color":"","overlay-opacity":"","overlay-gradient":""}},"ast-content-background-meta":{"desktop":{"background-color":"var(--ast-global-color-5)","background-image":"","background-repeat":"repeat","background-position":"center center","background-size":"auto","background-attachment":"scroll","background-type":"","background-media":"","overlay-type":"","overlay-color":"","overlay-opacity":"","overlay-gradient":""},"tablet":{"background-color":"var(--ast-global-color-5)","background-image":"","background-repeat":"repeat","background-position":"center center","background-size":"auto","background-attachment":"scroll","background-type":"","background-media":"","overlay-type":"","overlay-color":"","overlay-opacity":"","overlay-gradient":""},"mobile":{"background-color":"var(--ast-global-color-5)","background-image":"","background-repeat":"repeat","background-position":"center center","background-size":"auto","background-attachment":"scroll","background-type":"","background-media":"","overlay-type":"","overlay-color":"","overlay-opacity":"","overlay-gradient":""}},"footnotes":""},"class_list":["post-4155","page","type-page","status-publish","hentry"],"translation":{"provider":"WPGlobus","version":"3.0.2","language":"en","enabled_languages":["de","en"],"languages":{"de":{"title":true,"content":true,"excerpt":false},"en":{"title":false,"content":false,"excerpt":false}}},"featured_image_urls_v2":{"full":"","thumbnail":"","medium":"","medium_large":"","large":"","1536x1536":"","2048x2048":""},"post_excerpt_stackable_v2":"<p>Auch Forward-Preis oder Terminpreis engl. Forward Price ZENTRALE KERNAUSSAGEN Der Terminkurs ist innerhalb des Termingesch\u00e4ftes der in der Gegenwart bereits fest gesicherte Preis f\u00fcr die Lieferung eines zugrunde liegenden Basiswertes in der Zukunft. Bei dem Terminkurs kann es sich beispielsweise um den fest vereinbarten Preis f\u00fcr die Lieferung von Rohstoffen, Aktien oder W\u00e4hrungen handeln. Der Terminkurs gilt also f\u00fcr Gesch\u00e4fte, welche erst in Zukunft abgewickelt werden, wohingegen der Kassakurs f\u00fcr Gesch\u00e4fte mit sofortiger Abwicklung und Lieferung gilt. Der Terminkurs wird in einem Termingesch\u00e4ft festgelegt und ist der zu zahlende Preis f\u00fcr den zugrunde liegenden Basiswert eines Derivates. Bei dem Derivat&hellip;<\/p>\n","category_list_v2":"","author_info_v2":{"name":"PrudentWater","url":"https:\/\/prudentwater.com\/en\/author\/niklas33\/"},"comments_num_v2":"0 comments","_links":{"self":[{"href":"https:\/\/prudentwater.com\/en\/wp-json\/wp\/v2\/pages\/4155","targetHints":{"allow":["GET"]}}],"collection":[{"href":"https:\/\/prudentwater.com\/en\/wp-json\/wp\/v2\/pages"}],"about":[{"href":"https:\/\/prudentwater.com\/en\/wp-json\/wp\/v2\/types\/page"}],"author":[{"embeddable":true,"href":"https:\/\/prudentwater.com\/en\/wp-json\/wp\/v2\/users\/1"}],"replies":[{"embeddable":true,"href":"https:\/\/prudentwater.com\/en\/wp-json\/wp\/v2\/comments?post=4155"}],"version-history":[{"count":0,"href":"https:\/\/prudentwater.com\/en\/wp-json\/wp\/v2\/pages\/4155\/revisions"}],"wp:attachment":[{"href":"https:\/\/prudentwater.com\/en\/wp-json\/wp\/v2\/media?parent=4155"}],"curies":[{"name":"wp","href":"https:\/\/api.w.org\/{rel}","templated":true}]}}