{"id":4157,"date":"2015-06-19T09:28:00","date_gmt":"2015-06-19T09:28:00","guid":{"rendered":"http:\/\/www.kunnskap.de\/?page_id=4157"},"modified":"2021-06-25T12:50:41","modified_gmt":"2021-06-25T10:50:41","slug":"zinsniveau","status":"publish","type":"page","link":"https:\/\/prudentwater.com\/en\/zinsniveau\/","title":{"rendered":"Zinsniveau"},"content":{"rendered":"<p>Das Zinsniveau dr\u00fcckt aus, zu welchen Kosten aktuell am Markt Fremdkapital aufgenommen werden kann. Je h\u00f6her das Zinsniveau am Markt ist, desto h\u00f6her der Zins, den ein potenzieller Schuldner zu zahlen hat. Allgemein formuliert ist das Zinsniveau in wirtschaftlich guten Zeiten hoch, wohingegen in wirtschaftlich schlechten Zeiten das Zinsniveau eher niedrig ist. Anleihenkurse passen sich dem aktuellen Zinsniveau an. Steigen nach der Emission einer Anleihe die Zinsen, so wird der Kurs der Anleihe sinken, wodurch sich der Kupon zwar nicht ver\u00e4ndert hat, jedoch die Anleiherendite gestiegen ist. F\u00e4llt jedoch das allgemeine Zinsniveau am Markt, so wird wahrscheinlich der Kurs der Anleihe steigen, wodurch sich die Anleiherendite f\u00fcr neue K\u00e4ufer der Anleihe verringert, da sie nun einen Aufschlag zum Nominalwert bezahlen m\u00fcssen.<br \/>\nDas Zinsniveau dr\u00fcckt jedoch nicht einen bestimmten Zinssatz aus, sondern resultiert aus den jeweiligen Zinss\u00e4tzen f\u00fcr verschiedene Laufzeiten am Geldmarkt und Kapitalmarkt. Das Zinsniveau gilt somit als eine Art Durchschnittwert f\u00fcr die Aufnahme oder Vergabe von Kapital und dr\u00fcckt dabei die aktuelle Situation an den M\u00e4rkten aus. Um das aktuelle Zinsniveau als konkreten Zinssatz auszudr\u00fccken, wird in Deutschland die Anleiherendite von deutschen Staatsanleihen mit einer Laufzeit von 10 Jahren herangezogen, weltweit werden hingegen oftmals 10-j\u00e4hrige US-amerikanische Staatsanleihen betrachtet. Diese gelten oftmals als Referenz f\u00fcr das aktuelle Zinsniveau am Markt.<\/p>\n","protected":false},"excerpt":{"rendered":"<p>Das Zinsniveau dr\u00fcckt aus, zu welchen Kosten aktuell am Markt Fremdkapital aufgenommen werden kann. Je h\u00f6her das Zinsniveau am Markt ist, desto h\u00f6her der Zins, den ein potenzieller Schuldner zu zahlen hat. Allgemein formuliert ist das Zinsniveau in wirtschaftlich guten Zeiten hoch, wohingegen in wirtschaftlich schlechten Zeiten das Zinsniveau eher niedrig ist. Anleihenkurse passen sich [&hellip;]<\/p>\n","protected":false},"author":1,"featured_media":0,"parent":0,"menu_order":0,"comment_status":"closed","ping_status":"closed","template":"","meta":{"site-sidebar-layout":"default","site-content-layout":"","ast-site-content-layout":"","site-content-style":"default","site-sidebar-style":"default","ast-global-header-display":"","ast-banner-title-visibility":"","ast-main-header-display":"","ast-hfb-above-header-display":"","ast-hfb-below-header-display":"","ast-hfb-mobile-header-display":"","site-post-title":"","ast-breadcrumbs-content":"","ast-featured-img":"","footer-sml-layout":"","theme-transparent-header-meta":"","adv-header-id-meta":"","stick-header-meta":"","header-above-stick-meta":"","header-main-stick-meta":"","header-below-stick-meta":"","astra-migrate-meta-layouts":"default","ast-page-background-enabled":"default","ast-page-background-meta":{"desktop":{"background-color":"","background-image":"","background-repeat":"repeat","background-position":"center center","background-size":"auto","background-attachment":"scroll","background-type":"","background-media":"","overlay-type":"","overlay-color":"","overlay-opacity":"","overlay-gradient":""},"tablet":{"background-color":"","background-image":"","background-repeat":"repeat","background-position":"center center","background-size":"auto","background-attachment":"scroll","background-type":"","background-media":"","overlay-type":"","overlay-color":"","overlay-opacity":"","overlay-gradient":""},"mobile":{"background-color":"","background-image":"","background-repeat":"repeat","background-position":"center center","background-size":"auto","background-attachment":"scroll","background-type":"","background-media":"","overlay-type":"","overlay-color":"","overlay-opacity":"","overlay-gradient":""}},"ast-content-background-meta":{"desktop":{"background-color":"var(--ast-global-color-5)","background-image":"","background-repeat":"repeat","background-position":"center center","background-size":"auto","background-attachment":"scroll","background-type":"","background-media":"","overlay-type":"","overlay-color":"","overlay-opacity":"","overlay-gradient":""},"tablet":{"background-color":"var(--ast-global-color-5)","background-image":"","background-repeat":"repeat","background-position":"center center","background-size":"auto","background-attachment":"scroll","background-type":"","background-media":"","overlay-type":"","overlay-color":"","overlay-opacity":"","overlay-gradient":""},"mobile":{"background-color":"var(--ast-global-color-5)","background-image":"","background-repeat":"repeat","background-position":"center center","background-size":"auto","background-attachment":"scroll","background-type":"","background-media":"","overlay-type":"","overlay-color":"","overlay-opacity":"","overlay-gradient":""}},"footnotes":""},"class_list":["post-4157","page","type-page","status-publish","hentry"],"translation":{"provider":"WPGlobus","version":"3.0.2","language":"en","enabled_languages":["de","en"],"languages":{"de":{"title":true,"content":true,"excerpt":false},"en":{"title":false,"content":false,"excerpt":false}}},"featured_image_urls_v2":{"full":"","thumbnail":"","medium":"","medium_large":"","large":"","1536x1536":"","2048x2048":""},"post_excerpt_stackable_v2":"<p>Das Zinsniveau dr\u00fcckt aus, zu welchen Kosten aktuell am Markt Fremdkapital aufgenommen werden kann. Je h\u00f6her das Zinsniveau am Markt ist, desto h\u00f6her der Zins, den ein potenzieller Schuldner zu zahlen hat. Allgemein formuliert ist das Zinsniveau in wirtschaftlich guten Zeiten hoch, wohingegen in wirtschaftlich schlechten Zeiten das Zinsniveau eher niedrig ist. Anleihenkurse passen sich dem aktuellen Zinsniveau an. Steigen nach der Emission einer Anleihe die Zinsen, so wird der Kurs der Anleihe sinken, wodurch sich der Kupon zwar nicht ver\u00e4ndert hat, jedoch die Anleiherendite gestiegen ist. F\u00e4llt jedoch das allgemeine Zinsniveau am Markt, so wird wahrscheinlich der Kurs der&hellip;<\/p>\n","category_list_v2":"","author_info_v2":{"name":"PrudentWater","url":"https:\/\/prudentwater.com\/en\/author\/niklas33\/"},"comments_num_v2":"0 comments","_links":{"self":[{"href":"https:\/\/prudentwater.com\/en\/wp-json\/wp\/v2\/pages\/4157","targetHints":{"allow":["GET"]}}],"collection":[{"href":"https:\/\/prudentwater.com\/en\/wp-json\/wp\/v2\/pages"}],"about":[{"href":"https:\/\/prudentwater.com\/en\/wp-json\/wp\/v2\/types\/page"}],"author":[{"embeddable":true,"href":"https:\/\/prudentwater.com\/en\/wp-json\/wp\/v2\/users\/1"}],"replies":[{"embeddable":true,"href":"https:\/\/prudentwater.com\/en\/wp-json\/wp\/v2\/comments?post=4157"}],"version-history":[{"count":0,"href":"https:\/\/prudentwater.com\/en\/wp-json\/wp\/v2\/pages\/4157\/revisions"}],"wp:attachment":[{"href":"https:\/\/prudentwater.com\/en\/wp-json\/wp\/v2\/media?parent=4157"}],"curies":[{"name":"wp","href":"https:\/\/api.w.org\/{rel}","templated":true}]}}