{"id":4174,"date":"2015-06-19T16:54:12","date_gmt":"2015-06-19T16:54:12","guid":{"rendered":"http:\/\/www.kunnskap.de\/?page_id=4174"},"modified":"2023-01-19T14:14:05","modified_gmt":"2023-01-19T13:14:05","slug":"federal-reserve-system","status":"publish","type":"page","link":"https:\/\/prudentwater.com\/en\/federal-reserve-system\/","title":{"rendered":"Federal Reserve System"},"content":{"rendered":"<p>Auch <b>Fed<\/b><\/p>\n<p>Das Federal Reserve System ist das Zentralbanksystem der Vereinigten Staaten von Amerika. Es wurde 1913 gegr\u00fcndet und hat seinen Hauptsitz in Washington. Die Fed wird auch als US-Notenbank bezeichnet. Die Hauptaufgaben der US-amerikanischen Notenbank sind es, die Stabilit\u00e4t des Geldes zu garantieren, die j\u00e4hrliche Inflationsrate von ca. 2 % zu erreichen, ein funktionierendes Zahlungssystem aufrechtzuerhalten und auch indirekt f\u00fcr einen hohen Besch\u00e4ftigungsstand zu sorgen. Die Fed ist zwar eine unabh\u00e4ngige staatliche Beh\u00f6rde, sie befindet sich jedoch zu 100 % im Besitz von US-amerikanischen Gro\u00dfbanken.<\/p>\n","protected":false},"excerpt":{"rendered":"<p>Auch Fed Das Federal Reserve System ist das Zentralbanksystem der Vereinigten Staaten von Amerika. Es wurde 1913 gegr\u00fcndet und hat seinen Hauptsitz in Washington. Die Fed wird auch als US-Notenbank bezeichnet. Die Hauptaufgaben der US-amerikanischen Notenbank sind es, die Stabilit\u00e4t des Geldes zu garantieren, die j\u00e4hrliche Inflationsrate von ca. 2 % zu erreichen, ein funktionierendes [&hellip;]<\/p>\n","protected":false},"author":1,"featured_media":0,"parent":0,"menu_order":0,"comment_status":"closed","ping_status":"closed","template":"","meta":{"site-sidebar-layout":"default","site-content-layout":"","ast-site-content-layout":"","site-content-style":"default","site-sidebar-style":"default","ast-global-header-display":"","ast-banner-title-visibility":"","ast-main-header-display":"","ast-hfb-above-header-display":"","ast-hfb-below-header-display":"","ast-hfb-mobile-header-display":"","site-post-title":"","ast-breadcrumbs-content":"","ast-featured-img":"","footer-sml-layout":"","theme-transparent-header-meta":"","adv-header-id-meta":"","stick-header-meta":"","header-above-stick-meta":"","header-main-stick-meta":"","header-below-stick-meta":"","astra-migrate-meta-layouts":"default","ast-page-background-enabled":"default","ast-page-background-meta":{"desktop":{"background-color":"","background-image":"","background-repeat":"repeat","background-position":"center center","background-size":"auto","background-attachment":"scroll","background-type":"","background-media":"","overlay-type":"","overlay-color":"","overlay-opacity":"","overlay-gradient":""},"tablet":{"background-color":"","background-image":"","background-repeat":"repeat","background-position":"center center","background-size":"auto","background-attachment":"scroll","background-type":"","background-media":"","overlay-type":"","overlay-color":"","overlay-opacity":"","overlay-gradient":""},"mobile":{"background-color":"","background-image":"","background-repeat":"repeat","background-position":"center center","background-size":"auto","background-attachment":"scroll","background-type":"","background-media":"","overlay-type":"","overlay-color":"","overlay-opacity":"","overlay-gradient":""}},"ast-content-background-meta":{"desktop":{"background-color":"var(--ast-global-color-5)","background-image":"","background-repeat":"repeat","background-position":"center center","background-size":"auto","background-attachment":"scroll","background-type":"","background-media":"","overlay-type":"","overlay-color":"","overlay-opacity":"","overlay-gradient":""},"tablet":{"background-color":"var(--ast-global-color-5)","background-image":"","background-repeat":"repeat","background-position":"center center","background-size":"auto","background-attachment":"scroll","background-type":"","background-media":"","overlay-type":"","overlay-color":"","overlay-opacity":"","overlay-gradient":""},"mobile":{"background-color":"var(--ast-global-color-5)","background-image":"","background-repeat":"repeat","background-position":"center center","background-size":"auto","background-attachment":"scroll","background-type":"","background-media":"","overlay-type":"","overlay-color":"","overlay-opacity":"","overlay-gradient":""}},"footnotes":""},"class_list":["post-4174","page","type-page","status-publish","hentry"],"translation":{"provider":"WPGlobus","version":"3.0.2","language":"en","enabled_languages":["de","en"],"languages":{"de":{"title":true,"content":true,"excerpt":false},"en":{"title":false,"content":false,"excerpt":false}}},"featured_image_urls_v2":{"full":"","thumbnail":"","medium":"","medium_large":"","large":"","1536x1536":"","2048x2048":""},"post_excerpt_stackable_v2":"<p>Auch Fed Das Federal Reserve System ist das Zentralbanksystem der Vereinigten Staaten von Amerika. Es wurde 1913 gegr\u00fcndet und hat seinen Hauptsitz in Washington. Die Fed wird auch als US-Notenbank bezeichnet. Die Hauptaufgaben der US-amerikanischen Notenbank sind es, die Stabilit\u00e4t des Geldes zu garantieren, die j\u00e4hrliche Inflationsrate von ca. 2 % zu erreichen, ein funktionierendes Zahlungssystem aufrechtzuerhalten und auch indirekt f\u00fcr einen hohen Besch\u00e4ftigungsstand zu sorgen. Die Fed ist zwar eine unabh\u00e4ngige staatliche Beh\u00f6rde, sie befindet sich jedoch zu 100 % im Besitz von US-amerikanischen Gro\u00dfbanken.<\/p>\n","category_list_v2":"","author_info_v2":{"name":"PrudentWater","url":"https:\/\/prudentwater.com\/en\/author\/niklas33\/"},"comments_num_v2":"0 comments","_links":{"self":[{"href":"https:\/\/prudentwater.com\/en\/wp-json\/wp\/v2\/pages\/4174","targetHints":{"allow":["GET"]}}],"collection":[{"href":"https:\/\/prudentwater.com\/en\/wp-json\/wp\/v2\/pages"}],"about":[{"href":"https:\/\/prudentwater.com\/en\/wp-json\/wp\/v2\/types\/page"}],"author":[{"embeddable":true,"href":"https:\/\/prudentwater.com\/en\/wp-json\/wp\/v2\/users\/1"}],"replies":[{"embeddable":true,"href":"https:\/\/prudentwater.com\/en\/wp-json\/wp\/v2\/comments?post=4174"}],"version-history":[{"count":0,"href":"https:\/\/prudentwater.com\/en\/wp-json\/wp\/v2\/pages\/4174\/revisions"}],"wp:attachment":[{"href":"https:\/\/prudentwater.com\/en\/wp-json\/wp\/v2\/media?parent=4174"}],"curies":[{"name":"wp","href":"https:\/\/api.w.org\/{rel}","templated":true}]}}