{"id":420,"date":"2014-08-23T00:00:42","date_gmt":"2014-08-23T00:00:42","guid":{"rendered":"http:\/\/www.kunnskap.de\/?page_id=420"},"modified":"2023-01-14T17:57:46","modified_gmt":"2023-01-14T16:57:46","slug":"aktiensplit","status":"publish","type":"page","link":"https:\/\/prudentwater.com\/en\/aktiensplit\/","title":{"rendered":"Aktiensplit"},"content":{"rendered":"<p>engl. <b>Stock Split<\/b><\/p>\n<p>Bei einem Aktiensplit werden die existierenden Aktien in ein bestimmtes Verh\u00e4ltnis vervielf\u00e4ltigt (gesplittet). Der Gesamtwert aller Aktien (Marktkapitalisierung) bleibt dabei jedoch gleich, das Aktienkapital wird beim Aktiensplit also nicht ver\u00e4ndert. F\u00fcr den Investor gibt es nach dem Aktiensplit in Bezug auf seinen Anteil am Unternehmen auch keine Ver\u00e4nderung. Die Aktie wirkt nach dem Aktiensplit optisch lediglich g\u00fcnstiger &#8211; dies ist auch oftmals der Sinn eines Aktiensplits.<\/p>\n<h3>Beispiel eines Aktiensplits im Verh\u00e4ltnis 1:2<\/h3>\n<p>Vor dem Aktiensplit hat die Aktiengesellschaft 1 Million an ausstehenden Aktien mit einem aktuellem B\u00f6rsenkurs von 6,00 Euro. Die Marktkapitalisierung des Unternehmens liegt somit aktuell bei 6 Millionen Euro. Nun f\u00fchrt es einen Aktiensplit im Verh\u00e4ltnis von 1:2 durch. Die Anzahl aller ausstehenden Aktien verdoppelt sich damit auf genau 2 Millionen St\u00fcck. Der Aktienkurs passt sich aber nun zeitgleich auf 3,00 Euro an. Somit liegt nach dem Aktiensplit die Marktkapitalisierung des Unternehmens weiterhin bei 6 Millionen Euro.<\/p>\n<p>F\u00fcr den Aktion\u00e4r \u00e4ndert sich bei einem Aktiensplit also im Grunde genommen nichts, seine Aktien werden im Depot lediglich verdoppelt. Nach dem Split besitzt er jedoch denselben Anteil am Unternehmen wie vor dem Split. Aktiensplits werden oftmals dann durchgef\u00fchrt, wenn der Aktienkurs in den letzten Jahren stark angestiegen ist und das Unternehmensmanagement durch den hinterher optisch geringeren Aktienkurs Kleinanleger weiterhin die Chancen bieten m\u00f6chte, in das Wertpapier zu investieren. Deshalb gibt es nicht nur Aktiensplits im Verh\u00e4ltnis 1:2, sondern auch im Verh\u00e4ltnis 1:4 oder h\u00f6her. Oftmals sind Aktiensplits aber auch reine Werbema\u00dfnahmen, weshalb wiederholte Aktiensplits vom Investor eher kritisch betrachtet werden sollten.<\/p>\n","protected":false},"excerpt":{"rendered":"<p>engl. Stock Split Bei einem Aktiensplit werden die existierenden Aktien in ein bestimmtes Verh\u00e4ltnis vervielf\u00e4ltigt (gesplittet). Der Gesamtwert aller Aktien (Marktkapitalisierung) bleibt dabei jedoch gleich, das Aktienkapital wird beim Aktiensplit also nicht ver\u00e4ndert. F\u00fcr den Investor gibt es nach dem Aktiensplit in Bezug auf seinen Anteil am Unternehmen auch keine Ver\u00e4nderung. Die Aktie wirkt nach [&hellip;]<\/p>\n","protected":false},"author":1,"featured_media":0,"parent":0,"menu_order":0,"comment_status":"closed","ping_status":"closed","template":"","meta":{"site-sidebar-layout":"default","site-content-layout":"","ast-site-content-layout":"","site-content-style":"default","site-sidebar-style":"default","ast-global-header-display":"","ast-banner-title-visibility":"","ast-main-header-display":"","ast-hfb-above-header-display":"","ast-hfb-below-header-display":"","ast-hfb-mobile-header-display":"","site-post-title":"","ast-breadcrumbs-content":"","ast-featured-img":"","footer-sml-layout":"","theme-transparent-header-meta":"","adv-header-id-meta":"","stick-header-meta":"","header-above-stick-meta":"","header-main-stick-meta":"","header-below-stick-meta":"","astra-migrate-meta-layouts":"default","ast-page-background-enabled":"default","ast-page-background-meta":{"desktop":{"background-color":"","background-image":"","background-repeat":"repeat","background-position":"center center","background-size":"auto","background-attachment":"scroll","background-type":"","background-media":"","overlay-type":"","overlay-color":"","overlay-opacity":"","overlay-gradient":""},"tablet":{"background-color":"","background-image":"","background-repeat":"repeat","background-position":"center center","background-size":"auto","background-attachment":"scroll","background-type":"","background-media":"","overlay-type":"","overlay-color":"","overlay-opacity":"","overlay-gradient":""},"mobile":{"background-color":"","background-image":"","background-repeat":"repeat","background-position":"center center","background-size":"auto","background-attachment":"scroll","background-type":"","background-media":"","overlay-type":"","overlay-color":"","overlay-opacity":"","overlay-gradient":""}},"ast-content-background-meta":{"desktop":{"background-color":"var(--ast-global-color-5)","background-image":"","background-repeat":"repeat","background-position":"center center","background-size":"auto","background-attachment":"scroll","background-type":"","background-media":"","overlay-type":"","overlay-color":"","overlay-opacity":"","overlay-gradient":""},"tablet":{"background-color":"var(--ast-global-color-5)","background-image":"","background-repeat":"repeat","background-position":"center center","background-size":"auto","background-attachment":"scroll","background-type":"","background-media":"","overlay-type":"","overlay-color":"","overlay-opacity":"","overlay-gradient":""},"mobile":{"background-color":"var(--ast-global-color-5)","background-image":"","background-repeat":"repeat","background-position":"center center","background-size":"auto","background-attachment":"scroll","background-type":"","background-media":"","overlay-type":"","overlay-color":"","overlay-opacity":"","overlay-gradient":""}},"footnotes":""},"class_list":["post-420","page","type-page","status-publish","hentry"],"translation":{"provider":"WPGlobus","version":"3.0.2","language":"en","enabled_languages":["de","en"],"languages":{"de":{"title":true,"content":true,"excerpt":false},"en":{"title":false,"content":false,"excerpt":false}}},"featured_image_urls_v2":{"full":"","thumbnail":"","medium":"","medium_large":"","large":"","1536x1536":"","2048x2048":""},"post_excerpt_stackable_v2":"<p>engl. Stock Split Bei einem Aktiensplit werden die existierenden Aktien in ein bestimmtes Verh\u00e4ltnis vervielf\u00e4ltigt (gesplittet). Der Gesamtwert aller Aktien (Marktkapitalisierung) bleibt dabei jedoch gleich, das Aktienkapital wird beim Aktiensplit also nicht ver\u00e4ndert. F\u00fcr den Investor gibt es nach dem Aktiensplit in Bezug auf seinen Anteil am Unternehmen auch keine Ver\u00e4nderung. Die Aktie wirkt nach dem Aktiensplit optisch lediglich g\u00fcnstiger &#8211; dies ist auch oftmals der Sinn eines Aktiensplits. Beispiel eines Aktiensplits im Verh\u00e4ltnis 1:2 Vor dem Aktiensplit hat die Aktiengesellschaft 1 Million an ausstehenden Aktien mit einem aktuellem B\u00f6rsenkurs von 6,00 Euro. Die Marktkapitalisierung des Unternehmens liegt somit aktuell&hellip;<\/p>\n","category_list_v2":"","author_info_v2":{"name":"PrudentWater","url":"https:\/\/prudentwater.com\/en\/author\/niklas33\/"},"comments_num_v2":"0 comments","_links":{"self":[{"href":"https:\/\/prudentwater.com\/en\/wp-json\/wp\/v2\/pages\/420","targetHints":{"allow":["GET"]}}],"collection":[{"href":"https:\/\/prudentwater.com\/en\/wp-json\/wp\/v2\/pages"}],"about":[{"href":"https:\/\/prudentwater.com\/en\/wp-json\/wp\/v2\/types\/page"}],"author":[{"embeddable":true,"href":"https:\/\/prudentwater.com\/en\/wp-json\/wp\/v2\/users\/1"}],"replies":[{"embeddable":true,"href":"https:\/\/prudentwater.com\/en\/wp-json\/wp\/v2\/comments?post=420"}],"version-history":[{"count":0,"href":"https:\/\/prudentwater.com\/en\/wp-json\/wp\/v2\/pages\/420\/revisions"}],"wp:attachment":[{"href":"https:\/\/prudentwater.com\/en\/wp-json\/wp\/v2\/media?parent=420"}],"curies":[{"name":"wp","href":"https:\/\/api.w.org\/{rel}","templated":true}]}}