{"id":4244,"date":"2015-06-22T19:35:42","date_gmt":"2015-06-22T19:35:42","guid":{"rendered":"http:\/\/www.kunnskap.de\/?page_id=4244"},"modified":"2023-03-16T21:04:53","modified_gmt":"2023-03-16T20:04:53","slug":"absichern","status":"publish","type":"page","link":"https:\/\/prudentwater.com\/en\/absichern\/","title":{"rendered":"Absicherung"},"content":{"rendered":"<p>Die Absicherung an der B\u00f6rse bedeutet im Allgemeinen, Ma\u00dfnahmen zu ergreifen, um Verluste im Depot zu begrenzen oder zu minimieren, die durch negative Marktbewegungen verursacht werden k\u00f6nnen. Es gibt verschiedene M\u00f6glichkeiten, um sich an der B\u00f6rse abzusichern, aber im Allgemeinen geht es darum, eine Position in einem Verm\u00f6genswert abzusichern, um das Risiko von Verlusten zu verringern.<\/p>\n<p>Dazu werden in erster Linie Derivate wie Optionsscheine, Futures oder Swaps eingesetzt. Ist das Portfolio so ausgerichtet, dass der Anleger mehrheitlich mit Aktien auf steigende Kurse spekuliert, k\u00f6nnte er mit Derivaten auf fallende Kurse setzen. Falls die Aktienm\u00e4rkte dann wirklich fallen, k\u00f6nnen die Aktienverluste teilweise durch die Derivategewinne ausgeglichen werden. In diesem Fall w\u00fcrde der Anleger mit den Derivaten Gewinne verbuchen und so die Aktienverluste teilweise oder ganz ausgleichen. Au\u00dferdem kann ein hoher Aktienanteil innerhalb eines Portfolios durch Diversifikation in Form von Zuk\u00e4ufen von Anleihen abgesichert werden, da die Kursentwicklung von Aktien und Anleihen oftmals entgegengesetzt ist. Dann ist jedoch vor dem Kauf der Anleihen auf deren Qualit\u00e4t zu achten. Ebenso kann sich der Anleger mit einer Stop-Loss-Order Strategie absichern. Dabei werden die Wertpapiere im Depot automatisch verkauft, sobald sie eine bestimmte Kursschwelle unterschreiten. So lassen sich st\u00e4rkere Verluste vermeiden.<\/p>\n","protected":false},"excerpt":{"rendered":"<p>Die Absicherung an der B\u00f6rse bedeutet im Allgemeinen, Ma\u00dfnahmen zu ergreifen, um Verluste im Depot zu begrenzen oder zu minimieren, die durch negative Marktbewegungen verursacht werden k\u00f6nnen. Es gibt verschiedene M\u00f6glichkeiten, um sich an der B\u00f6rse abzusichern, aber im Allgemeinen geht es darum, eine Position in einem Verm\u00f6genswert abzusichern, um das Risiko von Verlusten zu [&hellip;]<\/p>\n","protected":false},"author":1,"featured_media":0,"parent":0,"menu_order":0,"comment_status":"closed","ping_status":"closed","template":"","meta":{"site-sidebar-layout":"default","site-content-layout":"","ast-site-content-layout":"","site-content-style":"default","site-sidebar-style":"default","ast-global-header-display":"","ast-banner-title-visibility":"","ast-main-header-display":"","ast-hfb-above-header-display":"","ast-hfb-below-header-display":"","ast-hfb-mobile-header-display":"","site-post-title":"","ast-breadcrumbs-content":"","ast-featured-img":"","footer-sml-layout":"","theme-transparent-header-meta":"","adv-header-id-meta":"","stick-header-meta":"","header-above-stick-meta":"","header-main-stick-meta":"","header-below-stick-meta":"","astra-migrate-meta-layouts":"default","ast-page-background-enabled":"default","ast-page-background-meta":{"desktop":{"background-color":"","background-image":"","background-repeat":"repeat","background-position":"center center","background-size":"auto","background-attachment":"scroll","background-type":"","background-media":"","overlay-type":"","overlay-color":"","overlay-opacity":"","overlay-gradient":""},"tablet":{"background-color":"","background-image":"","background-repeat":"repeat","background-position":"center center","background-size":"auto","background-attachment":"scroll","background-type":"","background-media":"","overlay-type":"","overlay-color":"","overlay-opacity":"","overlay-gradient":""},"mobile":{"background-color":"","background-image":"","background-repeat":"repeat","background-position":"center center","background-size":"auto","background-attachment":"scroll","background-type":"","background-media":"","overlay-type":"","overlay-color":"","overlay-opacity":"","overlay-gradient":""}},"ast-content-background-meta":{"desktop":{"background-color":"var(--ast-global-color-5)","background-image":"","background-repeat":"repeat","background-position":"center center","background-size":"auto","background-attachment":"scroll","background-type":"","background-media":"","overlay-type":"","overlay-color":"","overlay-opacity":"","overlay-gradient":""},"tablet":{"background-color":"var(--ast-global-color-5)","background-image":"","background-repeat":"repeat","background-position":"center center","background-size":"auto","background-attachment":"scroll","background-type":"","background-media":"","overlay-type":"","overlay-color":"","overlay-opacity":"","overlay-gradient":""},"mobile":{"background-color":"var(--ast-global-color-5)","background-image":"","background-repeat":"repeat","background-position":"center center","background-size":"auto","background-attachment":"scroll","background-type":"","background-media":"","overlay-type":"","overlay-color":"","overlay-opacity":"","overlay-gradient":""}},"footnotes":""},"class_list":["post-4244","page","type-page","status-publish","hentry"],"translation":{"provider":"WPGlobus","version":"3.0.2","language":"en","enabled_languages":["de","en"],"languages":{"de":{"title":true,"content":true,"excerpt":false},"en":{"title":false,"content":false,"excerpt":false}}},"featured_image_urls_v2":{"full":"","thumbnail":"","medium":"","medium_large":"","large":"","1536x1536":"","2048x2048":""},"post_excerpt_stackable_v2":"<p>Die Absicherung an der B\u00f6rse bedeutet im Allgemeinen, Ma\u00dfnahmen zu ergreifen, um Verluste im Depot zu begrenzen oder zu minimieren, die durch negative Marktbewegungen verursacht werden k\u00f6nnen. Es gibt verschiedene M\u00f6glichkeiten, um sich an der B\u00f6rse abzusichern, aber im Allgemeinen geht es darum, eine Position in einem Verm\u00f6genswert abzusichern, um das Risiko von Verlusten zu verringern. Dazu werden in erster Linie Derivate wie Optionsscheine, Futures oder Swaps eingesetzt. Ist das Portfolio so ausgerichtet, dass der Anleger mehrheitlich mit Aktien auf steigende Kurse spekuliert, k\u00f6nnte er mit Derivaten auf fallende Kurse setzen. Falls die Aktienm\u00e4rkte dann wirklich fallen, k\u00f6nnen die Aktienverluste&hellip;<\/p>\n","category_list_v2":"","author_info_v2":{"name":"PrudentWater","url":"https:\/\/prudentwater.com\/en\/author\/niklas33\/"},"comments_num_v2":"0 comments","_links":{"self":[{"href":"https:\/\/prudentwater.com\/en\/wp-json\/wp\/v2\/pages\/4244","targetHints":{"allow":["GET"]}}],"collection":[{"href":"https:\/\/prudentwater.com\/en\/wp-json\/wp\/v2\/pages"}],"about":[{"href":"https:\/\/prudentwater.com\/en\/wp-json\/wp\/v2\/types\/page"}],"author":[{"embeddable":true,"href":"https:\/\/prudentwater.com\/en\/wp-json\/wp\/v2\/users\/1"}],"replies":[{"embeddable":true,"href":"https:\/\/prudentwater.com\/en\/wp-json\/wp\/v2\/comments?post=4244"}],"version-history":[{"count":0,"href":"https:\/\/prudentwater.com\/en\/wp-json\/wp\/v2\/pages\/4244\/revisions"}],"wp:attachment":[{"href":"https:\/\/prudentwater.com\/en\/wp-json\/wp\/v2\/media?parent=4244"}],"curies":[{"name":"wp","href":"https:\/\/api.w.org\/{rel}","templated":true}]}}