{"id":4297,"date":"2015-06-25T20:44:24","date_gmt":"2015-06-25T20:44:24","guid":{"rendered":"http:\/\/www.kunnskap.de\/?page_id=4297"},"modified":"2022-10-04T20:25:11","modified_gmt":"2022-10-04T18:25:11","slug":"handelsbilanzdefizit","status":"publish","type":"page","link":"https:\/\/prudentwater.com\/en\/handelsbilanzdefizit\/","title":{"rendered":"Handelsbilanzdefizit"},"content":{"rendered":"<p>Auch <strong>Exportdefizit<\/strong><br>\nengl. <strong>Trade Deficit<\/strong><\/p>\n\n\n<div class=\"wp-block-stackable-notification is-style-plain stk-block-notification stk-block stk-b3a7798\" data-block-id=\"b3a7798\"><style>.stk-b3a7798{box-shadow:0px 2px 20px rgba(153,153,153,0.2) !important}.stk-b3a7798-container{border-radius:20px !important;overflow:hidden !important;box-shadow:0px 10px 60px rgba(0,0,0,0.1) !important}.stk-b3a7798 .stk-block-notification__content{padding-top:32px !important;padding-right:32px !important;padding-bottom:32px !important;padding-left:32px !important}<\/style><div class=\"stk-block-notification__content stk-content-align stk-b3a7798-column stk-container stk-b3a7798-container stk--no-background stk--no-padding\"><div class=\"stk-block-content stk-inner-blocks\">\n<div class=\"wp-block-stackable-heading stk-block-heading stk-block stk-40c06f9\" id=\"strong-zentrale-kernaussagen-strong\" data-block-id=\"40c06f9\"><style>.stk-40c06f9{margin-bottom:15px !important}.stk-40c06f9 .stk-block-heading__text{font-size:17px !important;margin:0 !important;color:#da8611 !important;font-weight:400 !important;letter-spacing:1px !important}@media screen and (max-width:1023px){.stk-40c06f9 .stk-block-heading__text{font-size:17px !important}}<\/style><h2 class=\"stk-block-heading__text has-text-color\"><b>ZENTRALE KERNAUSSAGEN<\/b><\/h2><\/div>\n\n\n\n<ul class=\"has-ast-global-color-8-color has-text-color wp-block-list\" style=\"font-size:16px;font-style:normal;font-weight:500;line-height:2\"><li>Bei einem Handelsbilanzdefizit importiert das jeweilige Land innerhalb einer bestimmten Periode wertm\u00e4\u00dfig mehr Waren aus dem Ausland als es selbst in andere L\u00e4nder importiert.<\/li><li>Notiert das Handelsbilanzdefizit eines Industrielandes konstant \u00fcber 5 % im Verh\u00e4ltnis zum Bruttoinlandsprodukt, so gilt dies als ein beinahe zuverl\u00e4ssiges Signal f\u00fcr kommende finanzielle Schwierigkeiten.<\/li><li>Aufgrund der Globalisierung hat die Handelsbilanz an sich jedoch etwas an Aussagekraft verloren.<\/li><\/ul>\n<\/div><\/div><\/div>\n\n\n<p>Bei einem Handelsbilanzdefizit \u00fcbersteigt der Wert aller Warenimporte den Wert aller Warenexporte eines Landes innerhalb eines bestimmten Zeitraumes. Importiert beispielsweise ein Land G\u00fcter im Wert von 600 Milliarden Euro, exportiert es jedoch nur G\u00fcter im Wert von 500 Milliarden Euro, so weist das Land ein Handelsbilanzdefizit von 100 Milliarden Euro auf. Das Handelsdefizit wird dabei immer in der heimischen W\u00e4hrung angegeben. Der gro\u00dfe Nachteil des Handelsbilanzdefizites liegt darin, dass so die Verschuldung im Ausland zunimmt, worauf auch schlie\u00dflich Zinsen zu zahlen sind. Das Handelsbilanzdefizit muss jedoch nicht nur Nachteile f\u00fcr das Land und dessen Wirtschaft haben. Als Vorteil des Handelsbilanzdefizites gilt, dass sich oftmals einhergehend der Konsum im Imland positiv entwickelt. Die B\u00fcrger des Landes haben ausreichend Geld zur Verf\u00fcgung, um vor allem zu konsumieren. Das beste Beispiel hierf\u00fcr sind die USA, welche aufgrund ihrer stark konsumausgerichteten Wirtschaft stetig ein Handelsbilanzdefizit aufweisen, was wiederum die inl\u00e4ndische Wirtschaft ankurbelt.<div class=\"perfect-pullquote vcard pullquote-align-full pullquote-border-placement-left\" style=\"border-color:#3A434F !important;font-size:22px !important;\"><blockquote><p style=\"font-size:22px !important;\">Weist ein Land ein Handelsdefizit auf, importiert es mehr Waren aus anderen L\u00e4ndern, als es international in andere L\u00e4nder exportiert. Das Handelsbilanzdefizit notiert dabei in der heimischen W\u00e4hrung des Landes. <\/p><\/blockquote><\/div>Durch die Globalisierung und der Internationalisierung des Warenverkehrs hat die Handelsbilanz jedoch etwas an Aussagekraft verloren. International agierende Unternehmen haben Produktionsstandorte auf der ganzen Welt. Exportieren diese Unternehmen nun nicht von ihren Standorten innerhalb der eigenen Landesgrenzen, sondern von Produktionsstandorten au\u00dferhalb des Heimatlandes, so tauchen diese Erzeugnisse auch nicht in der Handelsbilanz auf. Die Internationalisierung der Produktion f\u00fchrt somit zu einer gewissen Verzerrung der Handelsbilanz.<\/p>","protected":false},"excerpt":{"rendered":"<p>Auch Exportdefizit engl. Trade Deficit ZENTRALE KERNAUSSAGEN Bei einem Handelsbilanzdefizit importiert das jeweilige Land innerhalb einer bestimmten Periode wertm\u00e4\u00dfig mehr Waren aus dem Ausland als es selbst in andere L\u00e4nder importiert. Notiert das Handelsbilanzdefizit eines Industrielandes konstant \u00fcber 5 % im Verh\u00e4ltnis zum Bruttoinlandsprodukt, so gilt dies als ein beinahe zuverl\u00e4ssiges Signal f\u00fcr kommende finanzielle [&hellip;]<\/p>\n","protected":false},"author":1,"featured_media":0,"parent":0,"menu_order":0,"comment_status":"closed","ping_status":"closed","template":"","meta":{"site-sidebar-layout":"default","site-content-layout":"default","ast-site-content-layout":"","site-content-style":"default","site-sidebar-style":"default","ast-global-header-display":"","ast-banner-title-visibility":"","ast-main-header-display":"","ast-hfb-above-header-display":"","ast-hfb-below-header-display":"","ast-hfb-mobile-header-display":"","site-post-title":"","ast-breadcrumbs-content":"","ast-featured-img":"","footer-sml-layout":"","theme-transparent-header-meta":"default","adv-header-id-meta":"","stick-header-meta":"","header-above-stick-meta":"","header-main-stick-meta":"","header-below-stick-meta":"","astra-migrate-meta-layouts":"default","ast-page-background-enabled":"default","ast-page-background-meta":{"desktop":{"background-color":"","background-image":"","background-repeat":"repeat","background-position":"center center","background-size":"auto","background-attachment":"scroll","background-type":"","background-media":"","overlay-type":"","overlay-color":"","overlay-opacity":"","overlay-gradient":""},"tablet":{"background-color":"","background-image":"","background-repeat":"repeat","background-position":"center center","background-size":"auto","background-attachment":"scroll","background-type":"","background-media":"","overlay-type":"","overlay-color":"","overlay-opacity":"","overlay-gradient":""},"mobile":{"background-color":"","background-image":"","background-repeat":"repeat","background-position":"center center","background-size":"auto","background-attachment":"scroll","background-type":"","background-media":"","overlay-type":"","overlay-color":"","overlay-opacity":"","overlay-gradient":""}},"ast-content-background-meta":{"desktop":{"background-color":"var(--ast-global-color-5)","background-image":"","background-repeat":"repeat","background-position":"center center","background-size":"auto","background-attachment":"scroll","background-type":"","background-media":"","overlay-type":"","overlay-color":"","overlay-opacity":"","overlay-gradient":""},"tablet":{"background-color":"var(--ast-global-color-5)","background-image":"","background-repeat":"repeat","background-position":"center center","background-size":"auto","background-attachment":"scroll","background-type":"","background-media":"","overlay-type":"","overlay-color":"","overlay-opacity":"","overlay-gradient":""},"mobile":{"background-color":"var(--ast-global-color-5)","background-image":"","background-repeat":"repeat","background-position":"center center","background-size":"auto","background-attachment":"scroll","background-type":"","background-media":"","overlay-type":"","overlay-color":"","overlay-opacity":"","overlay-gradient":""}},"footnotes":""},"class_list":["post-4297","page","type-page","status-publish","hentry"],"translation":{"provider":"WPGlobus","version":"3.0.2","language":"en","enabled_languages":["de","en"],"languages":{"de":{"title":true,"content":true,"excerpt":false},"en":{"title":false,"content":false,"excerpt":false}}},"featured_image_urls_v2":{"full":"","thumbnail":"","medium":"","medium_large":"","large":"","1536x1536":"","2048x2048":""},"post_excerpt_stackable_v2":"<p>Auch Exportdefizit engl. Trade Deficit ZENTRALE KERNAUSSAGEN Bei einem Handelsbilanzdefizit importiert das jeweilige Land innerhalb einer bestimmten Periode wertm\u00e4\u00dfig mehr Waren aus dem Ausland als es selbst in andere L\u00e4nder importiert.Notiert das Handelsbilanzdefizit eines Industrielandes konstant \u00fcber 5 % im Verh\u00e4ltnis zum Bruttoinlandsprodukt, so gilt dies als ein beinahe zuverl\u00e4ssiges Signal f\u00fcr kommende finanzielle Schwierigkeiten.Aufgrund der Globalisierung hat die Handelsbilanz an sich jedoch etwas an Aussagekraft verloren. Bei einem Handelsbilanzdefizit \u00fcbersteigt der Wert aller Warenimporte den Wert aller Warenexporte eines Landes innerhalb eines bestimmten Zeitraumes. Importiert beispielsweise ein Land G\u00fcter im Wert von 600 Milliarden Euro, exportiert es jedoch nur&hellip;<\/p>\n","category_list_v2":"","author_info_v2":{"name":"PrudentWater","url":"https:\/\/prudentwater.com\/en\/author\/niklas33\/"},"comments_num_v2":"0 comments","_links":{"self":[{"href":"https:\/\/prudentwater.com\/en\/wp-json\/wp\/v2\/pages\/4297","targetHints":{"allow":["GET"]}}],"collection":[{"href":"https:\/\/prudentwater.com\/en\/wp-json\/wp\/v2\/pages"}],"about":[{"href":"https:\/\/prudentwater.com\/en\/wp-json\/wp\/v2\/types\/page"}],"author":[{"embeddable":true,"href":"https:\/\/prudentwater.com\/en\/wp-json\/wp\/v2\/users\/1"}],"replies":[{"embeddable":true,"href":"https:\/\/prudentwater.com\/en\/wp-json\/wp\/v2\/comments?post=4297"}],"version-history":[{"count":0,"href":"https:\/\/prudentwater.com\/en\/wp-json\/wp\/v2\/pages\/4297\/revisions"}],"wp:attachment":[{"href":"https:\/\/prudentwater.com\/en\/wp-json\/wp\/v2\/media?parent=4297"}],"curies":[{"name":"wp","href":"https:\/\/api.w.org\/{rel}","templated":true}]}}