{"id":4305,"date":"2015-06-25T20:48:00","date_gmt":"2015-06-25T20:48:00","guid":{"rendered":"http:\/\/www.kunnskap.de\/?page_id=4305"},"modified":"2022-10-06T13:24:43","modified_gmt":"2022-10-06T11:24:43","slug":"handelsbilanzuberschuss","status":"publish","type":"page","link":"https:\/\/prudentwater.com\/en\/handelsbilanzuberschuss\/","title":{"rendered":"Handelsbilanz\u00fcberschuss"},"content":{"rendered":"<p>Auch <strong>Export\u00fcberschuss<\/strong><br>\nengl. <strong>Trade Surplus<\/strong><\/p>\n\n\n<div class=\"wp-block-stackable-notification is-style-plain stk-block-notification stk-block stk-b3a7798\" data-block-id=\"b3a7798\"><style>.stk-b3a7798{box-shadow:0px 2px 20px rgba(153,153,153,0.2) !important}.stk-b3a7798-container{border-radius:20px !important;overflow:hidden !important;box-shadow:0px 10px 60px rgba(0,0,0,0.1) !important}.stk-b3a7798 .stk-block-notification__content{padding-top:32px !important;padding-right:32px !important;padding-bottom:32px !important;padding-left:32px !important}<\/style><div class=\"stk-block-notification__content stk-content-align stk-b3a7798-column stk-container stk-b3a7798-container stk--no-background stk--no-padding\"><div class=\"stk-block-content stk-inner-blocks\">\n<div class=\"wp-block-stackable-heading stk-block-heading stk-block stk-40c06f9\" id=\"strong-zentrale-kernaussagen-strong\" data-block-id=\"40c06f9\"><style>.stk-40c06f9{margin-bottom:15px !important}.stk-40c06f9 .stk-block-heading__text{font-size:17px !important;margin:0 !important;color:#da8611 !important;font-weight:400 !important;letter-spacing:1px !important}@media screen and (max-width:1023px){.stk-40c06f9 .stk-block-heading__text{font-size:17px !important}}<\/style><h2 class=\"stk-block-heading__text has-text-color\"><b>ZENTRALE KERNAUSSAGEN<\/b><\/h2><\/div>\n\n\n\n<ul class=\"has-ast-global-color-8-color has-text-color wp-block-list\" style=\"font-size:16px;font-style:normal;font-weight:500;line-height:2\"><li>Bei einem Handelsbilanz\u00fcberschuss exportiert das jeweilige Land innerhalb einer bestimmten Periode wertm\u00e4\u00dfig mehr Waren ins Ausland als es selbst aus anderen L\u00e4ndern importiert.<\/li><li>Ein regelm\u00e4\u00dfiger und hoher Handelsbilanz\u00fcberschuss bringt jedoch den Nachteil der hohen Abh\u00e4ngigkeit des Landes gegen\u00fcber der weltweiten Wirtschaftsentwicklung.<\/li><li>Aufgrund der Globalisierung hat die Handelsbilanz an sich jedoch etwas an Aussagekraft verloren.<\/li><\/ul>\n<\/div><\/div><\/div>\n\n\n<p>Bei einem Handelsbilanz\u00fcberschuss \u00fcbersteigt der Wert aller Warenexporte den Wert aller Warenimporte eines Landes innerhalb eines bestimmten Zeitraumes (in der Regel 12 Monate). Exportiert beispielsweise ein Land Waren im Wert von 800 Milliarden Euro, importiert es jedoch nur Waren im Wert von 700 Milliarden Euro, so weist das Land eine positive Handelsbilanz und somit einen Handelsbilanz\u00fcberschuss von 100 Milliarden Euro auf. Der \u00dcberschuss wird dabei immer in der heimischen W\u00e4hrung angegeben. Der Handelsbilanz\u00fcberschuss des einen Landes ist gleichzeitig auch immer das Handelsbilanzdefizit des anderen Landes. Somit ist es nicht m\u00f6glich, dass alle L\u00e4nder ein Handelsbilanz\u00fcberschuss aufweisen. Au\u00dferdem ist es technisch nicht m\u00f6glich, dass der Handel unter zwei einzelnen Handelspartnern (beispielsweise USA und Deutschland) davon gekennzeichnet ist, dass beide L\u00e4nder ein Handelsbilanz\u00fcberschuss gegen\u00fcber dem anderen Land aufweisen. Auch hier gilt, dass der \u00dcberschuss des einen Landes zwangsweise das Defizit des anderen Landes ist.<\/p>\n<h4>Der Nachteil eines Handelsbilanz\u00fcberschusses<\/h4>\n<p>Ein Nachteil des regelm\u00e4\u00dfigen Handelsbilanz\u00fcberschusses ist jedoch die damit einhergehende hohe Abh\u00e4ngigkeit des Landes von der Entwicklung der Weltwirtschaft in Bezug auf den eigenen Wohlstand und auch der eigenen Wirtschaftsentwicklung. Kommt es auf globaler Ebene zu einem Konjunkturabschwung oder gar zu einer Rezession der Weltwirtschaft, so sind L\u00e4nder mit vorab regelm\u00e4\u00dfigen und hohen Handelsbilanz\u00fcbersch\u00fcssen davon st\u00e4rker betroffen als jene L\u00e4nder, deren Wirtschaft weniger exportorientiert ausgerichtet ist. L\u00e4nder mit vorab hohen Handelsbilanz\u00fcbersch\u00fcssen weisen dann oftmals einen st\u00e4rkeren R\u00fcckgang des Bruttoinlandsproduktes auf. Exportorientierte L\u00e4nder reagieren somit deutlich sensibler auf weltwirtschaftliche Fehlentwicklungen oder auch auf sogenannte Handelskriege als im Vergleich zu konsumorientierten Nationen. Durch die Globalisierung und der Internationalisierung des Warenverkehrs hat die Handelsbilanz insgesamt jedoch etwas an Aussagekraft verloren. International agierende Unternehmen haben Produktionsstandorte auf der ganzen Welt. Exportieren diese Unternehmen nun nicht von ihren Standorten innerhalb der eigenen Landesgrenzen, sondern von Produktionsstandorten au\u00dferhalb des Heimatlandes, so tauchen diese Erzeugnisse auch nicht in der Handelsbilanz auf. Die Internationalisierung der Produktion f\u00fchrt somit zu einer gewissen Verzerrung der Handelsbilanz.<\/p>","protected":false},"excerpt":{"rendered":"<p>Auch Export\u00fcberschuss engl. Trade Surplus ZENTRALE KERNAUSSAGEN Bei einem Handelsbilanz\u00fcberschuss exportiert das jeweilige Land innerhalb einer bestimmten Periode wertm\u00e4\u00dfig mehr Waren ins Ausland als es selbst aus anderen L\u00e4ndern importiert. Ein regelm\u00e4\u00dfiger und hoher Handelsbilanz\u00fcberschuss bringt jedoch den Nachteil der hohen Abh\u00e4ngigkeit des Landes gegen\u00fcber der weltweiten Wirtschaftsentwicklung. Aufgrund der Globalisierung hat die Handelsbilanz an [&hellip;]<\/p>\n","protected":false},"author":1,"featured_media":0,"parent":0,"menu_order":0,"comment_status":"closed","ping_status":"closed","template":"","meta":{"site-sidebar-layout":"default","site-content-layout":"default","ast-site-content-layout":"","site-content-style":"default","site-sidebar-style":"default","ast-global-header-display":"","ast-banner-title-visibility":"","ast-main-header-display":"","ast-hfb-above-header-display":"","ast-hfb-below-header-display":"","ast-hfb-mobile-header-display":"","site-post-title":"","ast-breadcrumbs-content":"","ast-featured-img":"","footer-sml-layout":"","theme-transparent-header-meta":"default","adv-header-id-meta":"","stick-header-meta":"","header-above-stick-meta":"","header-main-stick-meta":"","header-below-stick-meta":"","astra-migrate-meta-layouts":"default","ast-page-background-enabled":"default","ast-page-background-meta":{"desktop":{"background-color":"","background-image":"","background-repeat":"repeat","background-position":"center center","background-size":"auto","background-attachment":"scroll","background-type":"","background-media":"","overlay-type":"","overlay-color":"","overlay-opacity":"","overlay-gradient":""},"tablet":{"background-color":"","background-image":"","background-repeat":"repeat","background-position":"center center","background-size":"auto","background-attachment":"scroll","background-type":"","background-media":"","overlay-type":"","overlay-color":"","overlay-opacity":"","overlay-gradient":""},"mobile":{"background-color":"","background-image":"","background-repeat":"repeat","background-position":"center center","background-size":"auto","background-attachment":"scroll","background-type":"","background-media":"","overlay-type":"","overlay-color":"","overlay-opacity":"","overlay-gradient":""}},"ast-content-background-meta":{"desktop":{"background-color":"var(--ast-global-color-5)","background-image":"","background-repeat":"repeat","background-position":"center center","background-size":"auto","background-attachment":"scroll","background-type":"","background-media":"","overlay-type":"","overlay-color":"","overlay-opacity":"","overlay-gradient":""},"tablet":{"background-color":"var(--ast-global-color-5)","background-image":"","background-repeat":"repeat","background-position":"center center","background-size":"auto","background-attachment":"scroll","background-type":"","background-media":"","overlay-type":"","overlay-color":"","overlay-opacity":"","overlay-gradient":""},"mobile":{"background-color":"var(--ast-global-color-5)","background-image":"","background-repeat":"repeat","background-position":"center center","background-size":"auto","background-attachment":"scroll","background-type":"","background-media":"","overlay-type":"","overlay-color":"","overlay-opacity":"","overlay-gradient":""}},"footnotes":""},"class_list":["post-4305","page","type-page","status-publish","hentry"],"translation":{"provider":"WPGlobus","version":"3.0.2","language":"en","enabled_languages":["de","en"],"languages":{"de":{"title":true,"content":true,"excerpt":false},"en":{"title":false,"content":false,"excerpt":false}}},"featured_image_urls_v2":{"full":"","thumbnail":"","medium":"","medium_large":"","large":"","1536x1536":"","2048x2048":""},"post_excerpt_stackable_v2":"<p>Auch Export\u00fcberschuss engl. Trade Surplus ZENTRALE KERNAUSSAGEN Bei einem Handelsbilanz\u00fcberschuss exportiert das jeweilige Land innerhalb einer bestimmten Periode wertm\u00e4\u00dfig mehr Waren ins Ausland als es selbst aus anderen L\u00e4ndern importiert.Ein regelm\u00e4\u00dfiger und hoher Handelsbilanz\u00fcberschuss bringt jedoch den Nachteil der hohen Abh\u00e4ngigkeit des Landes gegen\u00fcber der weltweiten Wirtschaftsentwicklung.Aufgrund der Globalisierung hat die Handelsbilanz an sich jedoch etwas an Aussagekraft verloren. Bei einem Handelsbilanz\u00fcberschuss \u00fcbersteigt der Wert aller Warenexporte den Wert aller Warenimporte eines Landes innerhalb eines bestimmten Zeitraumes (in der Regel 12 Monate). Exportiert beispielsweise ein Land Waren im Wert von 800 Milliarden Euro, importiert es jedoch nur Waren im Wert&hellip;<\/p>\n","category_list_v2":"","author_info_v2":{"name":"PrudentWater","url":"https:\/\/prudentwater.com\/en\/author\/niklas33\/"},"comments_num_v2":"0 comments","_links":{"self":[{"href":"https:\/\/prudentwater.com\/en\/wp-json\/wp\/v2\/pages\/4305","targetHints":{"allow":["GET"]}}],"collection":[{"href":"https:\/\/prudentwater.com\/en\/wp-json\/wp\/v2\/pages"}],"about":[{"href":"https:\/\/prudentwater.com\/en\/wp-json\/wp\/v2\/types\/page"}],"author":[{"embeddable":true,"href":"https:\/\/prudentwater.com\/en\/wp-json\/wp\/v2\/users\/1"}],"replies":[{"embeddable":true,"href":"https:\/\/prudentwater.com\/en\/wp-json\/wp\/v2\/comments?post=4305"}],"version-history":[{"count":0,"href":"https:\/\/prudentwater.com\/en\/wp-json\/wp\/v2\/pages\/4305\/revisions"}],"wp:attachment":[{"href":"https:\/\/prudentwater.com\/en\/wp-json\/wp\/v2\/media?parent=4305"}],"curies":[{"name":"wp","href":"https:\/\/api.w.org\/{rel}","templated":true}]}}