{"id":4307,"date":"2015-06-25T20:59:01","date_gmt":"2015-06-25T20:59:01","guid":{"rendered":"http:\/\/www.kunnskap.de\/?page_id=4307"},"modified":"2021-06-25T12:49:04","modified_gmt":"2021-06-25T10:49:04","slug":"handelsbilanz","status":"publish","type":"page","link":"https:\/\/prudentwater.com\/en\/handelsbilanz\/","title":{"rendered":"Handelsbilanz"},"content":{"rendered":"<p>engl. <strong>Balance of Trade<\/strong><\/p>\n<p>Die Handelsbilanz ist eine Gegen\u00fcberstellung aller Warenimporte und Warenexporte einer Volkswirtschaft innerhalb einer bestimmten Zeitperiode. Die Handelsbilanz erfasst somit den grenz\u00fcberschreitenden Warenhandel (Au\u00dfenhandel) eines Landes. Sie ist die wichtigste Teilbilanz der Leistungsbilanz. \u00dcbersteigt der Wert der Exporte den Wert der Importe, so kann das Land ein Handelsbilanz\u00fcberschuss aufweisen. \u00dcbersteigt jedoch der Wert der Importe den Wert der Exporte, so liegt f\u00fcr das betroffende Land ein Handelsbilanzdefizit vor.<\/p>\n<p>Durch die Globalisierung und der Internationalisierung des Warenverkehrs hat die Handelsbilanz jedoch etwas an Aussagekraft verloren. International agierende Unternehmen haben Produktionsstandorte auf der ganzen Welt. Exportieren diese Unternehmen nun nicht von ihren Standorten innerhalb der eigenen Landesgrenzen, sondern von Produktionsstandorten au\u00dferhalb des Heimatlandes, so tauchen diese Erzeugnisse auch nicht in der Handelsbilanz auf. Die Internationalisierung der Produktion f\u00fchrt somit zu einer gewissen Verzerrung der Handelsbilanz.<\/p>\n","protected":false},"excerpt":{"rendered":"<p>engl. Balance of Trade Die Handelsbilanz ist eine Gegen\u00fcberstellung aller Warenimporte und Warenexporte einer Volkswirtschaft innerhalb einer bestimmten Zeitperiode. Die Handelsbilanz erfasst somit den grenz\u00fcberschreitenden Warenhandel (Au\u00dfenhandel) eines Landes. Sie ist die wichtigste Teilbilanz der Leistungsbilanz. \u00dcbersteigt der Wert der Exporte den Wert der Importe, so kann das Land ein Handelsbilanz\u00fcberschuss aufweisen. \u00dcbersteigt jedoch der [&hellip;]<\/p>\n","protected":false},"author":1,"featured_media":0,"parent":0,"menu_order":0,"comment_status":"closed","ping_status":"closed","template":"","meta":{"site-sidebar-layout":"default","site-content-layout":"","ast-site-content-layout":"","site-content-style":"default","site-sidebar-style":"default","ast-global-header-display":"","ast-banner-title-visibility":"","ast-main-header-display":"","ast-hfb-above-header-display":"","ast-hfb-below-header-display":"","ast-hfb-mobile-header-display":"","site-post-title":"","ast-breadcrumbs-content":"","ast-featured-img":"","footer-sml-layout":"","theme-transparent-header-meta":"","adv-header-id-meta":"","stick-header-meta":"","header-above-stick-meta":"","header-main-stick-meta":"","header-below-stick-meta":"","astra-migrate-meta-layouts":"default","ast-page-background-enabled":"default","ast-page-background-meta":{"desktop":{"background-color":"","background-image":"","background-repeat":"repeat","background-position":"center center","background-size":"auto","background-attachment":"scroll","background-type":"","background-media":"","overlay-type":"","overlay-color":"","overlay-opacity":"","overlay-gradient":""},"tablet":{"background-color":"","background-image":"","background-repeat":"repeat","background-position":"center center","background-size":"auto","background-attachment":"scroll","background-type":"","background-media":"","overlay-type":"","overlay-color":"","overlay-opacity":"","overlay-gradient":""},"mobile":{"background-color":"","background-image":"","background-repeat":"repeat","background-position":"center center","background-size":"auto","background-attachment":"scroll","background-type":"","background-media":"","overlay-type":"","overlay-color":"","overlay-opacity":"","overlay-gradient":""}},"ast-content-background-meta":{"desktop":{"background-color":"var(--ast-global-color-5)","background-image":"","background-repeat":"repeat","background-position":"center center","background-size":"auto","background-attachment":"scroll","background-type":"","background-media":"","overlay-type":"","overlay-color":"","overlay-opacity":"","overlay-gradient":""},"tablet":{"background-color":"var(--ast-global-color-5)","background-image":"","background-repeat":"repeat","background-position":"center center","background-size":"auto","background-attachment":"scroll","background-type":"","background-media":"","overlay-type":"","overlay-color":"","overlay-opacity":"","overlay-gradient":""},"mobile":{"background-color":"var(--ast-global-color-5)","background-image":"","background-repeat":"repeat","background-position":"center center","background-size":"auto","background-attachment":"scroll","background-type":"","background-media":"","overlay-type":"","overlay-color":"","overlay-opacity":"","overlay-gradient":""}},"footnotes":""},"class_list":["post-4307","page","type-page","status-publish","hentry"],"translation":{"provider":"WPGlobus","version":"3.0.2","language":"en","enabled_languages":["de","en"],"languages":{"de":{"title":true,"content":true,"excerpt":false},"en":{"title":false,"content":false,"excerpt":false}}},"featured_image_urls_v2":{"full":"","thumbnail":"","medium":"","medium_large":"","large":"","1536x1536":"","2048x2048":""},"post_excerpt_stackable_v2":"<p>engl. Balance of Trade Die Handelsbilanz ist eine Gegen\u00fcberstellung aller Warenimporte und Warenexporte einer Volkswirtschaft innerhalb einer bestimmten Zeitperiode. Die Handelsbilanz erfasst somit den grenz\u00fcberschreitenden Warenhandel (Au\u00dfenhandel) eines Landes. Sie ist die wichtigste Teilbilanz der Leistungsbilanz. \u00dcbersteigt der Wert der Exporte den Wert der Importe, so kann das Land ein Handelsbilanz\u00fcberschuss aufweisen. \u00dcbersteigt jedoch der Wert der Importe den Wert der Exporte, so liegt f\u00fcr das betroffende Land ein Handelsbilanzdefizit vor. Durch die Globalisierung und der Internationalisierung des Warenverkehrs hat die Handelsbilanz jedoch etwas an Aussagekraft verloren. International agierende Unternehmen haben Produktionsstandorte auf der ganzen Welt. Exportieren diese Unternehmen nun&hellip;<\/p>\n","category_list_v2":"","author_info_v2":{"name":"PrudentWater","url":"https:\/\/prudentwater.com\/en\/author\/niklas33\/"},"comments_num_v2":"0 comments","_links":{"self":[{"href":"https:\/\/prudentwater.com\/en\/wp-json\/wp\/v2\/pages\/4307","targetHints":{"allow":["GET"]}}],"collection":[{"href":"https:\/\/prudentwater.com\/en\/wp-json\/wp\/v2\/pages"}],"about":[{"href":"https:\/\/prudentwater.com\/en\/wp-json\/wp\/v2\/types\/page"}],"author":[{"embeddable":true,"href":"https:\/\/prudentwater.com\/en\/wp-json\/wp\/v2\/users\/1"}],"replies":[{"embeddable":true,"href":"https:\/\/prudentwater.com\/en\/wp-json\/wp\/v2\/comments?post=4307"}],"version-history":[{"count":0,"href":"https:\/\/prudentwater.com\/en\/wp-json\/wp\/v2\/pages\/4307\/revisions"}],"wp:attachment":[{"href":"https:\/\/prudentwater.com\/en\/wp-json\/wp\/v2\/media?parent=4307"}],"curies":[{"name":"wp","href":"https:\/\/api.w.org\/{rel}","templated":true}]}}