{"id":4314,"date":"2015-06-25T21:22:01","date_gmt":"2015-06-25T21:22:01","guid":{"rendered":"http:\/\/www.kunnskap.de\/?page_id=4314"},"modified":"2023-04-14T15:10:18","modified_gmt":"2023-04-14T13:10:18","slug":"zwillingsdefizit","status":"publish","type":"page","link":"https:\/\/prudentwater.com\/en\/zwillingsdefizit\/","title":{"rendered":"Zwillingsdefizit"},"content":{"rendered":"<p>Auch <b>Doppeldefizit<\/b><br \/>\nengl. <b>Twin Deficit<\/b><\/p>\n<p>Ein Zwillingsdefizit liegt vor, wenn innerhalb einer bestimmten Zeitperiode der Staat ein Haushaltsdefizit und die Volkswirtschaft des Staates ein Leistungsbilanzdefizit aufweist. Das Leistungsbilanzdefizit sagt aus, dass die Volkswirtschaft wertm\u00e4\u00dfig mehr Waren und Dienstleistungen importiert als sie wertm\u00e4\u00dfig exportiert. Die Verbindlichkeiten vom Inland gegen\u00fcber dem Ausland nehmen dadurch zu. Bei dem Haushaltsdefizit handelt es sich um die Verschuldung des Staates. Die \u00f6ffentlichen Ausgaben \u00fcbersteigen die erzielten Einnahmen des Staates, die Konsequenz daraus ist ein Anstieg der staatlichen Verschuldung. In der Theorie f\u00fchrt ein anhaltendes Zwillingsdefizit zu einer Abwertung der W\u00e4hrung. In der Praxis muss ein Zwillingsdefizit jedoch nicht zwangsl\u00e4ufig zu einer W\u00e4hrungsabwertung f\u00fchren. Die USA beispielsweise weisen seit vielen Jahren ein Zwillingsdefizit auf, der US-Dollar hat sich in dieser Zeitphase jedoch mitunter als sehr robust und aufwertend erwiesen. Dies liegt daran, dass die Volkswirtschaft der USA trotz Zwillingsdefizit weiter solide Wachstumsraten aufgewiesen hat. Au\u00dferdem bestimmen weitere wichtige Einflussfaktoren den Wechselkurs einer W\u00e4hrung.<\/p>\n","protected":false},"excerpt":{"rendered":"<p>Auch Doppeldefizit engl. Twin Deficit Ein Zwillingsdefizit liegt vor, wenn innerhalb einer bestimmten Zeitperiode der Staat ein Haushaltsdefizit und die Volkswirtschaft des Staates ein Leistungsbilanzdefizit aufweist. Das Leistungsbilanzdefizit sagt aus, dass die Volkswirtschaft wertm\u00e4\u00dfig mehr Waren und Dienstleistungen importiert als sie wertm\u00e4\u00dfig exportiert. Die Verbindlichkeiten vom Inland gegen\u00fcber dem Ausland nehmen dadurch zu. Bei dem [&hellip;]<\/p>\n","protected":false},"author":1,"featured_media":0,"parent":0,"menu_order":0,"comment_status":"closed","ping_status":"closed","template":"","meta":{"site-sidebar-layout":"default","site-content-layout":"","ast-site-content-layout":"","site-content-style":"default","site-sidebar-style":"default","ast-global-header-display":"","ast-banner-title-visibility":"","ast-main-header-display":"","ast-hfb-above-header-display":"","ast-hfb-below-header-display":"","ast-hfb-mobile-header-display":"","site-post-title":"","ast-breadcrumbs-content":"","ast-featured-img":"","footer-sml-layout":"","theme-transparent-header-meta":"","adv-header-id-meta":"","stick-header-meta":"","header-above-stick-meta":"","header-main-stick-meta":"","header-below-stick-meta":"","astra-migrate-meta-layouts":"default","ast-page-background-enabled":"default","ast-page-background-meta":{"desktop":{"background-color":"","background-image":"","background-repeat":"repeat","background-position":"center center","background-size":"auto","background-attachment":"scroll","background-type":"","background-media":"","overlay-type":"","overlay-color":"","overlay-opacity":"","overlay-gradient":""},"tablet":{"background-color":"","background-image":"","background-repeat":"repeat","background-position":"center center","background-size":"auto","background-attachment":"scroll","background-type":"","background-media":"","overlay-type":"","overlay-color":"","overlay-opacity":"","overlay-gradient":""},"mobile":{"background-color":"","background-image":"","background-repeat":"repeat","background-position":"center center","background-size":"auto","background-attachment":"scroll","background-type":"","background-media":"","overlay-type":"","overlay-color":"","overlay-opacity":"","overlay-gradient":""}},"ast-content-background-meta":{"desktop":{"background-color":"var(--ast-global-color-5)","background-image":"","background-repeat":"repeat","background-position":"center center","background-size":"auto","background-attachment":"scroll","background-type":"","background-media":"","overlay-type":"","overlay-color":"","overlay-opacity":"","overlay-gradient":""},"tablet":{"background-color":"var(--ast-global-color-5)","background-image":"","background-repeat":"repeat","background-position":"center center","background-size":"auto","background-attachment":"scroll","background-type":"","background-media":"","overlay-type":"","overlay-color":"","overlay-opacity":"","overlay-gradient":""},"mobile":{"background-color":"var(--ast-global-color-5)","background-image":"","background-repeat":"repeat","background-position":"center center","background-size":"auto","background-attachment":"scroll","background-type":"","background-media":"","overlay-type":"","overlay-color":"","overlay-opacity":"","overlay-gradient":""}},"footnotes":""},"class_list":["post-4314","page","type-page","status-publish","hentry"],"translation":{"provider":"WPGlobus","version":"3.0.2","language":"en","enabled_languages":["de","en"],"languages":{"de":{"title":true,"content":true,"excerpt":false},"en":{"title":false,"content":false,"excerpt":false}}},"featured_image_urls_v2":{"full":"","thumbnail":"","medium":"","medium_large":"","large":"","1536x1536":"","2048x2048":""},"post_excerpt_stackable_v2":"<p>Auch Doppeldefizit engl. Twin Deficit Ein Zwillingsdefizit liegt vor, wenn innerhalb einer bestimmten Zeitperiode der Staat ein Haushaltsdefizit und die Volkswirtschaft des Staates ein Leistungsbilanzdefizit aufweist. Das Leistungsbilanzdefizit sagt aus, dass die Volkswirtschaft wertm\u00e4\u00dfig mehr Waren und Dienstleistungen importiert als sie wertm\u00e4\u00dfig exportiert. Die Verbindlichkeiten vom Inland gegen\u00fcber dem Ausland nehmen dadurch zu. Bei dem Haushaltsdefizit handelt es sich um die Verschuldung des Staates. Die \u00f6ffentlichen Ausgaben \u00fcbersteigen die erzielten Einnahmen des Staates, die Konsequenz daraus ist ein Anstieg der staatlichen Verschuldung. In der Theorie f\u00fchrt ein anhaltendes Zwillingsdefizit zu einer Abwertung der W\u00e4hrung. In der Praxis muss ein Zwillingsdefizit&hellip;<\/p>\n","category_list_v2":"","author_info_v2":{"name":"PrudentWater","url":"https:\/\/prudentwater.com\/en\/author\/niklas33\/"},"comments_num_v2":"0 comments","_links":{"self":[{"href":"https:\/\/prudentwater.com\/en\/wp-json\/wp\/v2\/pages\/4314","targetHints":{"allow":["GET"]}}],"collection":[{"href":"https:\/\/prudentwater.com\/en\/wp-json\/wp\/v2\/pages"}],"about":[{"href":"https:\/\/prudentwater.com\/en\/wp-json\/wp\/v2\/types\/page"}],"author":[{"embeddable":true,"href":"https:\/\/prudentwater.com\/en\/wp-json\/wp\/v2\/users\/1"}],"replies":[{"embeddable":true,"href":"https:\/\/prudentwater.com\/en\/wp-json\/wp\/v2\/comments?post=4314"}],"version-history":[{"count":0,"href":"https:\/\/prudentwater.com\/en\/wp-json\/wp\/v2\/pages\/4314\/revisions"}],"wp:attachment":[{"href":"https:\/\/prudentwater.com\/en\/wp-json\/wp\/v2\/media?parent=4314"}],"curies":[{"name":"wp","href":"https:\/\/api.w.org\/{rel}","templated":true}]}}