{"id":4317,"date":"2015-06-25T21:34:55","date_gmt":"2015-06-25T21:34:55","guid":{"rendered":"http:\/\/www.kunnskap.de\/?page_id=4317"},"modified":"2021-06-25T12:50:16","modified_gmt":"2021-06-25T10:50:16","slug":"wahrungsabwertung","status":"publish","type":"page","link":"https:\/\/prudentwater.com\/en\/wahrungsabwertung\/","title":{"rendered":"W\u00e4hrungsabwertung"},"content":{"rendered":"<p>engl. <strong>Currency Devaluation<\/strong><\/p>\n<p>Die W\u00e4hrungsabwertung beschreibt das Herabsetzen des Au\u00dfenwertes einer W\u00e4hrung. Im Vergleich zu anderen W\u00e4hrungen verliert sie somit an Wert. Die W\u00e4hrungsabwertung verteuert Importe und verbilligt zeitgleich Exporte f\u00fcr die Abnehmer. Sie kann und wird als Mittel eingesetzt, um die heimische Wirtschaft zu st\u00e4rken. Kunden aus dem Ausland mit einer anderen W\u00e4hrung k\u00f6nnen so die Produkte des Landes, welches eine W\u00e4hrungsabwertung vorgenommen hat, nun g\u00fcnstiger einkaufen. Dieses kann zu einem Nachfrageanstieg f\u00fchren und somit f\u00fcr h\u00f6here Einnahmen sorgen, was letztendlich die Wirtschaft ankurbeln kann.<br \/>\nDie Abwertung der inl\u00e4ndischen W\u00e4hrung f\u00fchrt zusammengefasst zu einer Verringerung der importierten Menge des Landes. Die Abwertung erh\u00f6ht den Preis der Importe in heimischer W\u00e4hrung, weshalb Importe f\u00fcr das Land unattraktiver werden und dadurch die inl\u00e4ndische Wirtschaft angekurbelt werden kann. F\u00fcr L\u00e4nder, die jedoch stark von Importen abh\u00e4ngig sind, kann die Abwertung der heimischen W\u00e4hrung somit auch negative Folgen haben. Da die Abwertung jedoch die Exportmenge erh\u00f6ht und damit den Preis des Exportguts in inl\u00e4ndischer W\u00e4hrung, kann eine W\u00e4hrungsabwertung genutzt werden, um die heimische Wirtschaft anzukurbeln.<br \/>\nEine W\u00e4hrungsabwertung schl\u00e4gt oftmals sehr schnell auf die Preise im Inland durch, zu aller erst auf die Preise der importierten G\u00fcter, wodurch eine Abwertung der heimischen W\u00e4hrung schnell zu einem Anstieg des allgemeinen Preisniveaus und der Lebenshaltungskosten f\u00fchren kann. Der erhoffte Stimuluseffekt, eine Erh\u00f6hung der Exporte, tritt erst oft verz\u00f6gernd ein, die nachteiligen Preiseffekte f\u00fcr die zu bezahlenden Importe jedoch sofort, wodurch sich zun\u00e4chst erst eine Verschlechterung der Leistungsbilanz ergibt, bevor es zu einem positiven Effekt aufgrund der W\u00e4hrungsabwertung kommt. <\/p>\n","protected":false},"excerpt":{"rendered":"<p>engl. Currency Devaluation Die W\u00e4hrungsabwertung beschreibt das Herabsetzen des Au\u00dfenwertes einer W\u00e4hrung. Im Vergleich zu anderen W\u00e4hrungen verliert sie somit an Wert. Die W\u00e4hrungsabwertung verteuert Importe und verbilligt zeitgleich Exporte f\u00fcr die Abnehmer. Sie kann und wird als Mittel eingesetzt, um die heimische Wirtschaft zu st\u00e4rken. Kunden aus dem Ausland mit einer anderen W\u00e4hrung k\u00f6nnen [&hellip;]<\/p>\n","protected":false},"author":1,"featured_media":0,"parent":0,"menu_order":0,"comment_status":"closed","ping_status":"closed","template":"","meta":{"site-sidebar-layout":"default","site-content-layout":"","ast-site-content-layout":"","site-content-style":"default","site-sidebar-style":"default","ast-global-header-display":"","ast-banner-title-visibility":"","ast-main-header-display":"","ast-hfb-above-header-display":"","ast-hfb-below-header-display":"","ast-hfb-mobile-header-display":"","site-post-title":"","ast-breadcrumbs-content":"","ast-featured-img":"","footer-sml-layout":"","theme-transparent-header-meta":"","adv-header-id-meta":"","stick-header-meta":"","header-above-stick-meta":"","header-main-stick-meta":"","header-below-stick-meta":"","astra-migrate-meta-layouts":"default","ast-page-background-enabled":"default","ast-page-background-meta":{"desktop":{"background-color":"","background-image":"","background-repeat":"repeat","background-position":"center center","background-size":"auto","background-attachment":"scroll","background-type":"","background-media":"","overlay-type":"","overlay-color":"","overlay-opacity":"","overlay-gradient":""},"tablet":{"background-color":"","background-image":"","background-repeat":"repeat","background-position":"center center","background-size":"auto","background-attachment":"scroll","background-type":"","background-media":"","overlay-type":"","overlay-color":"","overlay-opacity":"","overlay-gradient":""},"mobile":{"background-color":"","background-image":"","background-repeat":"repeat","background-position":"center center","background-size":"auto","background-attachment":"scroll","background-type":"","background-media":"","overlay-type":"","overlay-color":"","overlay-opacity":"","overlay-gradient":""}},"ast-content-background-meta":{"desktop":{"background-color":"var(--ast-global-color-5)","background-image":"","background-repeat":"repeat","background-position":"center center","background-size":"auto","background-attachment":"scroll","background-type":"","background-media":"","overlay-type":"","overlay-color":"","overlay-opacity":"","overlay-gradient":""},"tablet":{"background-color":"var(--ast-global-color-5)","background-image":"","background-repeat":"repeat","background-position":"center center","background-size":"auto","background-attachment":"scroll","background-type":"","background-media":"","overlay-type":"","overlay-color":"","overlay-opacity":"","overlay-gradient":""},"mobile":{"background-color":"var(--ast-global-color-5)","background-image":"","background-repeat":"repeat","background-position":"center center","background-size":"auto","background-attachment":"scroll","background-type":"","background-media":"","overlay-type":"","overlay-color":"","overlay-opacity":"","overlay-gradient":""}},"footnotes":""},"class_list":["post-4317","page","type-page","status-publish","hentry"],"translation":{"provider":"WPGlobus","version":"3.0.2","language":"en","enabled_languages":["de","en"],"languages":{"de":{"title":true,"content":true,"excerpt":false},"en":{"title":false,"content":false,"excerpt":false}}},"featured_image_urls_v2":{"full":"","thumbnail":"","medium":"","medium_large":"","large":"","1536x1536":"","2048x2048":""},"post_excerpt_stackable_v2":"<p>engl. Currency Devaluation Die W\u00e4hrungsabwertung beschreibt das Herabsetzen des Au\u00dfenwertes einer W\u00e4hrung. Im Vergleich zu anderen W\u00e4hrungen verliert sie somit an Wert. Die W\u00e4hrungsabwertung verteuert Importe und verbilligt zeitgleich Exporte f\u00fcr die Abnehmer. Sie kann und wird als Mittel eingesetzt, um die heimische Wirtschaft zu st\u00e4rken. Kunden aus dem Ausland mit einer anderen W\u00e4hrung k\u00f6nnen so die Produkte des Landes, welches eine W\u00e4hrungsabwertung vorgenommen hat, nun g\u00fcnstiger einkaufen. Dieses kann zu einem Nachfrageanstieg f\u00fchren und somit f\u00fcr h\u00f6here Einnahmen sorgen, was letztendlich die Wirtschaft ankurbeln kann. Die Abwertung der inl\u00e4ndischen W\u00e4hrung f\u00fchrt zusammengefasst zu einer Verringerung der importierten Menge des&hellip;<\/p>\n","category_list_v2":"","author_info_v2":{"name":"PrudentWater","url":"https:\/\/prudentwater.com\/en\/author\/niklas33\/"},"comments_num_v2":"0 comments","_links":{"self":[{"href":"https:\/\/prudentwater.com\/en\/wp-json\/wp\/v2\/pages\/4317","targetHints":{"allow":["GET"]}}],"collection":[{"href":"https:\/\/prudentwater.com\/en\/wp-json\/wp\/v2\/pages"}],"about":[{"href":"https:\/\/prudentwater.com\/en\/wp-json\/wp\/v2\/types\/page"}],"author":[{"embeddable":true,"href":"https:\/\/prudentwater.com\/en\/wp-json\/wp\/v2\/users\/1"}],"replies":[{"embeddable":true,"href":"https:\/\/prudentwater.com\/en\/wp-json\/wp\/v2\/comments?post=4317"}],"version-history":[{"count":0,"href":"https:\/\/prudentwater.com\/en\/wp-json\/wp\/v2\/pages\/4317\/revisions"}],"wp:attachment":[{"href":"https:\/\/prudentwater.com\/en\/wp-json\/wp\/v2\/media?parent=4317"}],"curies":[{"name":"wp","href":"https:\/\/api.w.org\/{rel}","templated":true}]}}