{"id":4321,"date":"2015-06-25T21:48:14","date_gmt":"2015-06-25T21:48:14","guid":{"rendered":"http:\/\/www.kunnskap.de\/?page_id=4321"},"modified":"2021-06-25T12:50:16","modified_gmt":"2021-06-25T10:50:16","slug":"wahrungsaufwertung","status":"publish","type":"page","link":"https:\/\/prudentwater.com\/en\/wahrungsaufwertung\/","title":{"rendered":"W\u00e4hrungsaufwertung"},"content":{"rendered":"<p>Die W\u00e4hrungsaufwertung beschreibt das Aufwerten des Au\u00dfenwertes einer W\u00e4hrung. Gegen\u00fcber einer zweiten W\u00e4hrung gewinnt sie somit an Wert. Die W\u00e4hrungsaufwertung verbilligt die Importe f\u00fcr das Inland und verteuert zeitgleich die Exporte f\u00fcr die Abnehmer aus dem Ausland. Die Aufwertung der heimischen W\u00e4hrung kann somit die heimische Wirtschaft schw\u00e4chen, da von nun an das Inland entweder die Preise f\u00fcr ihre exportierten G\u00fcter senken muss oder aber bei gleichbleibenden Preisen das Ausland weniger nachfragen wird. In beiden F\u00e4llen hat die W\u00e4hrungsaufwertung f\u00fcr das Inland jedoch negative Auswirkungen auf dessen Export. Da Importe nun g\u00fcnstiger werden, besteht die Gefahr, dass Produkte aus dem Ausland st\u00e4rker nachgefragt werden und somit Produkte aus dem Inland weniger gekauft werden. Dies f\u00fchrt zu einem R\u00fcckgang der Binnennachfrage.<br \/>\nDie Aufwertung der inl\u00e4ndischen W\u00e4hrung f\u00fchrt zusammengefasst zu einer Erh\u00f6hung der importierten Menge des Landes. Zeitgleich verringert die Aufwertung den Preis der Importe in heimischer W\u00e4hrung, weshalb Importe f\u00fcr das Land attraktiver werden. Da die Aufwertung jedoch zeitgleich die Exportmenge senkt und damit den Preis des Exportguts in inl\u00e4ndischer W\u00e4hrung, kann ein Land nicht ausschlie\u00dflich \u00fcber die Importe von der W\u00e4hrungsaufwertung profitieren. <\/p>\n","protected":false},"excerpt":{"rendered":"<p>Die W\u00e4hrungsaufwertung beschreibt das Aufwerten des Au\u00dfenwertes einer W\u00e4hrung. Gegen\u00fcber einer zweiten W\u00e4hrung gewinnt sie somit an Wert. Die W\u00e4hrungsaufwertung verbilligt die Importe f\u00fcr das Inland und verteuert zeitgleich die Exporte f\u00fcr die Abnehmer aus dem Ausland. Die Aufwertung der heimischen W\u00e4hrung kann somit die heimische Wirtschaft schw\u00e4chen, da von nun an das Inland entweder [&hellip;]<\/p>\n","protected":false},"author":1,"featured_media":0,"parent":0,"menu_order":0,"comment_status":"closed","ping_status":"closed","template":"","meta":{"site-sidebar-layout":"default","site-content-layout":"","ast-site-content-layout":"","site-content-style":"default","site-sidebar-style":"default","ast-global-header-display":"","ast-banner-title-visibility":"","ast-main-header-display":"","ast-hfb-above-header-display":"","ast-hfb-below-header-display":"","ast-hfb-mobile-header-display":"","site-post-title":"","ast-breadcrumbs-content":"","ast-featured-img":"","footer-sml-layout":"","theme-transparent-header-meta":"","adv-header-id-meta":"","stick-header-meta":"","header-above-stick-meta":"","header-main-stick-meta":"","header-below-stick-meta":"","astra-migrate-meta-layouts":"default","ast-page-background-enabled":"default","ast-page-background-meta":{"desktop":{"background-color":"","background-image":"","background-repeat":"repeat","background-position":"center center","background-size":"auto","background-attachment":"scroll","background-type":"","background-media":"","overlay-type":"","overlay-color":"","overlay-opacity":"","overlay-gradient":""},"tablet":{"background-color":"","background-image":"","background-repeat":"repeat","background-position":"center center","background-size":"auto","background-attachment":"scroll","background-type":"","background-media":"","overlay-type":"","overlay-color":"","overlay-opacity":"","overlay-gradient":""},"mobile":{"background-color":"","background-image":"","background-repeat":"repeat","background-position":"center center","background-size":"auto","background-attachment":"scroll","background-type":"","background-media":"","overlay-type":"","overlay-color":"","overlay-opacity":"","overlay-gradient":""}},"ast-content-background-meta":{"desktop":{"background-color":"var(--ast-global-color-5)","background-image":"","background-repeat":"repeat","background-position":"center center","background-size":"auto","background-attachment":"scroll","background-type":"","background-media":"","overlay-type":"","overlay-color":"","overlay-opacity":"","overlay-gradient":""},"tablet":{"background-color":"var(--ast-global-color-5)","background-image":"","background-repeat":"repeat","background-position":"center center","background-size":"auto","background-attachment":"scroll","background-type":"","background-media":"","overlay-type":"","overlay-color":"","overlay-opacity":"","overlay-gradient":""},"mobile":{"background-color":"var(--ast-global-color-5)","background-image":"","background-repeat":"repeat","background-position":"center center","background-size":"auto","background-attachment":"scroll","background-type":"","background-media":"","overlay-type":"","overlay-color":"","overlay-opacity":"","overlay-gradient":""}},"footnotes":""},"class_list":["post-4321","page","type-page","status-publish","hentry"],"translation":{"provider":"WPGlobus","version":"3.0.2","language":"en","enabled_languages":["de","en"],"languages":{"de":{"title":true,"content":true,"excerpt":false},"en":{"title":false,"content":false,"excerpt":false}}},"featured_image_urls_v2":{"full":"","thumbnail":"","medium":"","medium_large":"","large":"","1536x1536":"","2048x2048":""},"post_excerpt_stackable_v2":"<p>Die W\u00e4hrungsaufwertung beschreibt das Aufwerten des Au\u00dfenwertes einer W\u00e4hrung. Gegen\u00fcber einer zweiten W\u00e4hrung gewinnt sie somit an Wert. Die W\u00e4hrungsaufwertung verbilligt die Importe f\u00fcr das Inland und verteuert zeitgleich die Exporte f\u00fcr die Abnehmer aus dem Ausland. Die Aufwertung der heimischen W\u00e4hrung kann somit die heimische Wirtschaft schw\u00e4chen, da von nun an das Inland entweder die Preise f\u00fcr ihre exportierten G\u00fcter senken muss oder aber bei gleichbleibenden Preisen das Ausland weniger nachfragen wird. In beiden F\u00e4llen hat die W\u00e4hrungsaufwertung f\u00fcr das Inland jedoch negative Auswirkungen auf dessen Export. Da Importe nun g\u00fcnstiger werden, besteht die Gefahr, dass Produkte aus dem&hellip;<\/p>\n","category_list_v2":"","author_info_v2":{"name":"PrudentWater","url":"https:\/\/prudentwater.com\/en\/author\/niklas33\/"},"comments_num_v2":"0 comments","_links":{"self":[{"href":"https:\/\/prudentwater.com\/en\/wp-json\/wp\/v2\/pages\/4321","targetHints":{"allow":["GET"]}}],"collection":[{"href":"https:\/\/prudentwater.com\/en\/wp-json\/wp\/v2\/pages"}],"about":[{"href":"https:\/\/prudentwater.com\/en\/wp-json\/wp\/v2\/types\/page"}],"author":[{"embeddable":true,"href":"https:\/\/prudentwater.com\/en\/wp-json\/wp\/v2\/users\/1"}],"replies":[{"embeddable":true,"href":"https:\/\/prudentwater.com\/en\/wp-json\/wp\/v2\/comments?post=4321"}],"version-history":[{"count":0,"href":"https:\/\/prudentwater.com\/en\/wp-json\/wp\/v2\/pages\/4321\/revisions"}],"wp:attachment":[{"href":"https:\/\/prudentwater.com\/en\/wp-json\/wp\/v2\/media?parent=4321"}],"curies":[{"name":"wp","href":"https:\/\/api.w.org\/{rel}","templated":true}]}}