{"id":4325,"date":"2015-06-26T08:52:05","date_gmt":"2015-06-26T08:52:05","guid":{"rendered":"http:\/\/www.kunnskap.de\/?page_id=4325"},"modified":"2022-10-20T15:39:39","modified_gmt":"2022-10-20T13:39:39","slug":"aktienindex","status":"publish","type":"page","link":"https:\/\/prudentwater.com\/en\/aktienindex\/","title":{"rendered":"Aktienindex"},"content":{"rendered":"<p>engl. <strong>Stock Index<\/strong><\/p>\n<p>Ein Aktienindex fasst eine bestimmte Gruppe von Aktien zusammen und funktioniert dadurch als eine Art B\u00f6rsenbarometer, welcher die Kursentwicklung einer bestimmten Aktiengruppe wiedergibt und grafisch darstellt. Der Aktienindex dient dazu, einen \u00dcberblick \u00fcber die aktuelle B\u00f6rsenstimmung und die wirtschaftliche Lage eines Landes oder einer Branche zu erhalten. Da der Kurs des Aktienindex jedoch an der B\u00f6rse durch die Marktteilnehmer ermittelt wird, muss die Entwicklung eines Aktienindex nicht immer mit der aktuellen Lage einer Volkswirtschaft \u00fcbereinstimmen.<br \/>\nDer Aktienindex besteht aus mehreren verschiedenen Einzelwerten, welche je nach Gr\u00f6\u00dfe des Unternehmens eine bestimmte Gewichtung im Aktienindex ausmachen. In Bezug auf die Gewichtung l\u00e4sst sich ein Aktienindex zwischen preisgewichteter Index und kapitalisierungsgewichteter Index unterscheiden. Des Weiteren l\u00e4sst sich zwischen einem Kursindex und einem Performanceindex unterscheiden, wenn es um die Berechnung der Performance des jeweiligen Aktienindex geht. Die bekanntesten Aktienindizes der Welt sind unter anderem der Dow Jones Industrial Average, der DAX, der S&amp;P 500 und der Nikkei 225.<\/p>\n","protected":false},"excerpt":{"rendered":"<p>engl. Stock Index Ein Aktienindex fasst eine bestimmte Gruppe von Aktien zusammen und funktioniert dadurch als eine Art B\u00f6rsenbarometer, welcher die Kursentwicklung einer bestimmten Aktiengruppe wiedergibt und grafisch darstellt. Der Aktienindex dient dazu, einen \u00dcberblick \u00fcber die aktuelle B\u00f6rsenstimmung und die wirtschaftliche Lage eines Landes oder einer Branche zu erhalten. Da der Kurs des Aktienindex [&hellip;]<\/p>\n","protected":false},"author":1,"featured_media":0,"parent":0,"menu_order":0,"comment_status":"closed","ping_status":"closed","template":"","meta":{"site-sidebar-layout":"default","site-content-layout":"","ast-site-content-layout":"","site-content-style":"default","site-sidebar-style":"default","ast-global-header-display":"","ast-banner-title-visibility":"","ast-main-header-display":"","ast-hfb-above-header-display":"","ast-hfb-below-header-display":"","ast-hfb-mobile-header-display":"","site-post-title":"","ast-breadcrumbs-content":"","ast-featured-img":"","footer-sml-layout":"","theme-transparent-header-meta":"","adv-header-id-meta":"","stick-header-meta":"","header-above-stick-meta":"","header-main-stick-meta":"","header-below-stick-meta":"","astra-migrate-meta-layouts":"default","ast-page-background-enabled":"default","ast-page-background-meta":{"desktop":{"background-color":"","background-image":"","background-repeat":"repeat","background-position":"center center","background-size":"auto","background-attachment":"scroll","background-type":"","background-media":"","overlay-type":"","overlay-color":"","overlay-opacity":"","overlay-gradient":""},"tablet":{"background-color":"","background-image":"","background-repeat":"repeat","background-position":"center center","background-size":"auto","background-attachment":"scroll","background-type":"","background-media":"","overlay-type":"","overlay-color":"","overlay-opacity":"","overlay-gradient":""},"mobile":{"background-color":"","background-image":"","background-repeat":"repeat","background-position":"center center","background-size":"auto","background-attachment":"scroll","background-type":"","background-media":"","overlay-type":"","overlay-color":"","overlay-opacity":"","overlay-gradient":""}},"ast-content-background-meta":{"desktop":{"background-color":"var(--ast-global-color-5)","background-image":"","background-repeat":"repeat","background-position":"center center","background-size":"auto","background-attachment":"scroll","background-type":"","background-media":"","overlay-type":"","overlay-color":"","overlay-opacity":"","overlay-gradient":""},"tablet":{"background-color":"var(--ast-global-color-5)","background-image":"","background-repeat":"repeat","background-position":"center center","background-size":"auto","background-attachment":"scroll","background-type":"","background-media":"","overlay-type":"","overlay-color":"","overlay-opacity":"","overlay-gradient":""},"mobile":{"background-color":"var(--ast-global-color-5)","background-image":"","background-repeat":"repeat","background-position":"center center","background-size":"auto","background-attachment":"scroll","background-type":"","background-media":"","overlay-type":"","overlay-color":"","overlay-opacity":"","overlay-gradient":""}},"footnotes":""},"class_list":["post-4325","page","type-page","status-publish","hentry"],"translation":{"provider":"WPGlobus","version":"3.0.2","language":"en","enabled_languages":["de","en"],"languages":{"de":{"title":true,"content":true,"excerpt":false},"en":{"title":false,"content":false,"excerpt":false}}},"featured_image_urls_v2":{"full":"","thumbnail":"","medium":"","medium_large":"","large":"","1536x1536":"","2048x2048":""},"post_excerpt_stackable_v2":"<p>engl. Stock Index Ein Aktienindex fasst eine bestimmte Gruppe von Aktien zusammen und funktioniert dadurch als eine Art B\u00f6rsenbarometer, welcher die Kursentwicklung einer bestimmten Aktiengruppe wiedergibt und grafisch darstellt. Der Aktienindex dient dazu, einen \u00dcberblick \u00fcber die aktuelle B\u00f6rsenstimmung und die wirtschaftliche Lage eines Landes oder einer Branche zu erhalten. Da der Kurs des Aktienindex jedoch an der B\u00f6rse durch die Marktteilnehmer ermittelt wird, muss die Entwicklung eines Aktienindex nicht immer mit der aktuellen Lage einer Volkswirtschaft \u00fcbereinstimmen. Der Aktienindex besteht aus mehreren verschiedenen Einzelwerten, welche je nach Gr\u00f6\u00dfe des Unternehmens eine bestimmte Gewichtung im Aktienindex ausmachen. In Bezug auf&hellip;<\/p>\n","category_list_v2":"","author_info_v2":{"name":"PrudentWater","url":"https:\/\/prudentwater.com\/en\/author\/niklas33\/"},"comments_num_v2":"0 comments","_links":{"self":[{"href":"https:\/\/prudentwater.com\/en\/wp-json\/wp\/v2\/pages\/4325","targetHints":{"allow":["GET"]}}],"collection":[{"href":"https:\/\/prudentwater.com\/en\/wp-json\/wp\/v2\/pages"}],"about":[{"href":"https:\/\/prudentwater.com\/en\/wp-json\/wp\/v2\/types\/page"}],"author":[{"embeddable":true,"href":"https:\/\/prudentwater.com\/en\/wp-json\/wp\/v2\/users\/1"}],"replies":[{"embeddable":true,"href":"https:\/\/prudentwater.com\/en\/wp-json\/wp\/v2\/comments?post=4325"}],"version-history":[{"count":0,"href":"https:\/\/prudentwater.com\/en\/wp-json\/wp\/v2\/pages\/4325\/revisions"}],"wp:attachment":[{"href":"https:\/\/prudentwater.com\/en\/wp-json\/wp\/v2\/media?parent=4325"}],"curies":[{"name":"wp","href":"https:\/\/api.w.org\/{rel}","templated":true}]}}