{"id":434,"date":"2014-08-24T12:44:58","date_gmt":"2014-08-24T12:44:58","guid":{"rendered":"http:\/\/www.kunnskap.de\/?page_id=434"},"modified":"2021-06-25T12:49:06","modified_gmt":"2021-06-25T10:49:06","slug":"interbankenmarkt","status":"publish","type":"page","link":"https:\/\/prudentwater.com\/en\/interbankenmarkt\/","title":{"rendered":"Interbankenmarkt"},"content":{"rendered":"<p>Der Interbankenmarkt ist der Markt, auf dem Gesch\u00e4fte des Geld- und Kreditverkehrs nur zwischen Banken stattfinden.<br \/>\nBanken und Finanzinstitute handeln am Interbankenmarkt untereinander, leihen sich gegenseitig Geld und k\u00f6nnen so sicherstellen liquide zu bleiben. Auf dem Interbankenmarkt werden Wertpapiere, Geld, Devisen, Edelmetalle oder Derivate ausgetauscht. Zugeordnet wird der Interbankenmarkt dem Geldmarkt. <\/p>\n<p>Folgende Referenzzinss\u00e4tze werden f\u00fcr das Geldleihen am Interbankenmarkt verwendet:<\/p>\n<ul>\n<li>EURIBOR<\/li>\n<li>LIBOR<\/li>\n<li>EONIA<\/li>\n<\/ul>\n<p><u>Sinn des Interbankenmarktes:<\/u><br \/>\nBankenrisiken sollen \u00fcber den Interbankenmarkt &#8216;gestreut&#8217; werden. \u00dcber ihn k\u00f6nnen die Banken Glattstellungen von offenen Positionen vornehmen, die vorher im Kundengesch\u00e4ft aufgebaut wurden. Oder aber die Banken betreiben Eigenhandel am Interbankenmarkt. Au\u00dferdem soll durch den Interbankenhandel eine zu jeder Zeit ausreichende Liquidit\u00e4t der Banken sichergestellt werden. <\/p>\n","protected":false},"excerpt":{"rendered":"<p>Der Interbankenmarkt ist der Markt, auf dem Gesch\u00e4fte des Geld- und Kreditverkehrs nur zwischen Banken stattfinden. Banken und Finanzinstitute handeln am Interbankenmarkt untereinander, leihen sich gegenseitig Geld und k\u00f6nnen so sicherstellen liquide zu bleiben. Auf dem Interbankenmarkt werden Wertpapiere, Geld, Devisen, Edelmetalle oder Derivate ausgetauscht. Zugeordnet wird der Interbankenmarkt dem Geldmarkt. Folgende Referenzzinss\u00e4tze werden f\u00fcr [&hellip;]<\/p>\n","protected":false},"author":1,"featured_media":0,"parent":0,"menu_order":0,"comment_status":"closed","ping_status":"closed","template":"","meta":{"site-sidebar-layout":"default","site-content-layout":"","ast-site-content-layout":"","site-content-style":"default","site-sidebar-style":"default","ast-global-header-display":"","ast-banner-title-visibility":"","ast-main-header-display":"","ast-hfb-above-header-display":"","ast-hfb-below-header-display":"","ast-hfb-mobile-header-display":"","site-post-title":"","ast-breadcrumbs-content":"","ast-featured-img":"","footer-sml-layout":"","theme-transparent-header-meta":"","adv-header-id-meta":"","stick-header-meta":"","header-above-stick-meta":"","header-main-stick-meta":"","header-below-stick-meta":"","astra-migrate-meta-layouts":"default","ast-page-background-enabled":"default","ast-page-background-meta":{"desktop":{"background-color":"","background-image":"","background-repeat":"repeat","background-position":"center center","background-size":"auto","background-attachment":"scroll","background-type":"","background-media":"","overlay-type":"","overlay-color":"","overlay-opacity":"","overlay-gradient":""},"tablet":{"background-color":"","background-image":"","background-repeat":"repeat","background-position":"center center","background-size":"auto","background-attachment":"scroll","background-type":"","background-media":"","overlay-type":"","overlay-color":"","overlay-opacity":"","overlay-gradient":""},"mobile":{"background-color":"","background-image":"","background-repeat":"repeat","background-position":"center center","background-size":"auto","background-attachment":"scroll","background-type":"","background-media":"","overlay-type":"","overlay-color":"","overlay-opacity":"","overlay-gradient":""}},"ast-content-background-meta":{"desktop":{"background-color":"var(--ast-global-color-5)","background-image":"","background-repeat":"repeat","background-position":"center center","background-size":"auto","background-attachment":"scroll","background-type":"","background-media":"","overlay-type":"","overlay-color":"","overlay-opacity":"","overlay-gradient":""},"tablet":{"background-color":"var(--ast-global-color-5)","background-image":"","background-repeat":"repeat","background-position":"center center","background-size":"auto","background-attachment":"scroll","background-type":"","background-media":"","overlay-type":"","overlay-color":"","overlay-opacity":"","overlay-gradient":""},"mobile":{"background-color":"var(--ast-global-color-5)","background-image":"","background-repeat":"repeat","background-position":"center center","background-size":"auto","background-attachment":"scroll","background-type":"","background-media":"","overlay-type":"","overlay-color":"","overlay-opacity":"","overlay-gradient":""}},"footnotes":""},"class_list":["post-434","page","type-page","status-publish","hentry"],"translation":{"provider":"WPGlobus","version":"3.0.2","language":"en","enabled_languages":["de","en"],"languages":{"de":{"title":true,"content":true,"excerpt":false},"en":{"title":false,"content":false,"excerpt":false}}},"featured_image_urls_v2":{"full":"","thumbnail":"","medium":"","medium_large":"","large":"","1536x1536":"","2048x2048":""},"post_excerpt_stackable_v2":"<p>Der Interbankenmarkt ist der Markt, auf dem Gesch\u00e4fte des Geld- und Kreditverkehrs nur zwischen Banken stattfinden. Banken und Finanzinstitute handeln am Interbankenmarkt untereinander, leihen sich gegenseitig Geld und k\u00f6nnen so sicherstellen liquide zu bleiben. Auf dem Interbankenmarkt werden Wertpapiere, Geld, Devisen, Edelmetalle oder Derivate ausgetauscht. Zugeordnet wird der Interbankenmarkt dem Geldmarkt. Folgende Referenzzinss\u00e4tze werden f\u00fcr das Geldleihen am Interbankenmarkt verwendet: EURIBOR LIBOR EONIA Sinn des Interbankenmarktes: Bankenrisiken sollen \u00fcber den Interbankenmarkt &#8216;gestreut&#8217; werden. \u00dcber ihn k\u00f6nnen die Banken Glattstellungen von offenen Positionen vornehmen, die vorher im Kundengesch\u00e4ft aufgebaut wurden. Oder aber die Banken betreiben Eigenhandel am Interbankenmarkt. Au\u00dferdem soll durch&hellip;<\/p>\n","category_list_v2":"","author_info_v2":{"name":"PrudentWater","url":"https:\/\/prudentwater.com\/en\/author\/niklas33\/"},"comments_num_v2":"0 comments","_links":{"self":[{"href":"https:\/\/prudentwater.com\/en\/wp-json\/wp\/v2\/pages\/434","targetHints":{"allow":["GET"]}}],"collection":[{"href":"https:\/\/prudentwater.com\/en\/wp-json\/wp\/v2\/pages"}],"about":[{"href":"https:\/\/prudentwater.com\/en\/wp-json\/wp\/v2\/types\/page"}],"author":[{"embeddable":true,"href":"https:\/\/prudentwater.com\/en\/wp-json\/wp\/v2\/users\/1"}],"replies":[{"embeddable":true,"href":"https:\/\/prudentwater.com\/en\/wp-json\/wp\/v2\/comments?post=434"}],"version-history":[{"count":0,"href":"https:\/\/prudentwater.com\/en\/wp-json\/wp\/v2\/pages\/434\/revisions"}],"wp:attachment":[{"href":"https:\/\/prudentwater.com\/en\/wp-json\/wp\/v2\/media?parent=434"}],"curies":[{"name":"wp","href":"https:\/\/api.w.org\/{rel}","templated":true}]}}