{"id":4399,"date":"2015-07-08T08:35:17","date_gmt":"2015-07-08T08:35:17","guid":{"rendered":"http:\/\/www.kunnskap.de\/?page_id=4399"},"modified":"2021-06-25T12:49:01","modified_gmt":"2021-06-25T10:49:01","slug":"fragile-funf","status":"publish","type":"page","link":"https:\/\/prudentwater.com\/en\/fragile-funf\/","title":{"rendered":"Fragile F\u00fcnf"},"content":{"rendered":"<p>Auch <strong>Biits<\/strong><br \/>\nengl. <strong>Fragile Five<\/strong><\/p>\n<p>Der Begriff &#8220;Fragile F\u00fcnf&#8221; bezeichnet die L\u00e4nder Brasilien, Indien, Indonesien, T\u00fcrkei und S\u00fcdafrika, welche im Jahre 2013 als besonders anf\u00e4llig angesehen wurden, falls die Federal Reserve System ihre quantitative Lockerung einstellen w\u00fcrde. Da all diese L\u00e4nder von dem Programm der Federal Reserve sehr profitiert haben (alle konnten dadurch hohe Kapitalzufl\u00fcsse verzeichnen), war die Annahme, dass das Auslaufen des Programmes zu einer Krise in diesen L\u00e4ndern f\u00fchren k\u00f6nnte. Ebenso w\u00fcrden diese Staaten am anf\u00e4lligsten auf steigende US-Zinsen reagieren und einen damit wahrscheinlich aufwertenden US-Dollar. Die &#8216;Fragilen F\u00fcnf&#8217; haben sich \u00fcber Jahre stark in der W\u00e4hrung USD verschuldet, ein aufwertender USD gegen\u00fcber ihren heimischen W\u00e4hrungen w\u00fcrde dadurch die Schuldenlast zus\u00e4tzlich vergr\u00f6\u00dfern.<br \/>\nDa die Biits-Staaten bereits mit hohen Inflationsraten und einem teilweise gro\u00dfen Leistungsbilanzdefizit zu k\u00e4mpfen hatten, w\u00fcrde das Einstellen der quantitativen Lockerung nach Meinung einiger Fachleute und Finanzinstitute die finanzielle Lage in diesen L\u00e4ndern verschlechtern. Durch die hohen Geldzufl\u00fcsse aus dem Konjunkturprogramm der US-amerikanischen Zentralbank konnten sie gr\u00f6\u00dftenteils ihren Staatshaushalt finanzieren, da das Geld aus den USA gr\u00f6\u00dftenteils weltweit angelegt wurde, um \u00fcberdurchschnittliche Renditen zu erzielen. Diese &#8216;St\u00fctze&#8217; bzw. dieser Zufluss an Geldmitteln w\u00fcrde jedoch mit dem Beenden des Programmes wegfallen und dadurch folglich w\u00fcrden die zu bezahlenden Zinsen steigen. <\/p>\n","protected":false},"excerpt":{"rendered":"<p>Auch Biits engl. Fragile Five Der Begriff &#8220;Fragile F\u00fcnf&#8221; bezeichnet die L\u00e4nder Brasilien, Indien, Indonesien, T\u00fcrkei und S\u00fcdafrika, welche im Jahre 2013 als besonders anf\u00e4llig angesehen wurden, falls die Federal Reserve System ihre quantitative Lockerung einstellen w\u00fcrde. Da all diese L\u00e4nder von dem Programm der Federal Reserve sehr profitiert haben (alle konnten dadurch hohe Kapitalzufl\u00fcsse [&hellip;]<\/p>\n","protected":false},"author":1,"featured_media":0,"parent":0,"menu_order":0,"comment_status":"closed","ping_status":"closed","template":"","meta":{"site-sidebar-layout":"default","site-content-layout":"","ast-site-content-layout":"","site-content-style":"default","site-sidebar-style":"default","ast-global-header-display":"","ast-banner-title-visibility":"","ast-main-header-display":"","ast-hfb-above-header-display":"","ast-hfb-below-header-display":"","ast-hfb-mobile-header-display":"","site-post-title":"","ast-breadcrumbs-content":"","ast-featured-img":"","footer-sml-layout":"","theme-transparent-header-meta":"","adv-header-id-meta":"","stick-header-meta":"","header-above-stick-meta":"","header-main-stick-meta":"","header-below-stick-meta":"","astra-migrate-meta-layouts":"default","ast-page-background-enabled":"default","ast-page-background-meta":{"desktop":{"background-color":"","background-image":"","background-repeat":"repeat","background-position":"center center","background-size":"auto","background-attachment":"scroll","background-type":"","background-media":"","overlay-type":"","overlay-color":"","overlay-opacity":"","overlay-gradient":""},"tablet":{"background-color":"","background-image":"","background-repeat":"repeat","background-position":"center center","background-size":"auto","background-attachment":"scroll","background-type":"","background-media":"","overlay-type":"","overlay-color":"","overlay-opacity":"","overlay-gradient":""},"mobile":{"background-color":"","background-image":"","background-repeat":"repeat","background-position":"center center","background-size":"auto","background-attachment":"scroll","background-type":"","background-media":"","overlay-type":"","overlay-color":"","overlay-opacity":"","overlay-gradient":""}},"ast-content-background-meta":{"desktop":{"background-color":"var(--ast-global-color-5)","background-image":"","background-repeat":"repeat","background-position":"center center","background-size":"auto","background-attachment":"scroll","background-type":"","background-media":"","overlay-type":"","overlay-color":"","overlay-opacity":"","overlay-gradient":""},"tablet":{"background-color":"var(--ast-global-color-5)","background-image":"","background-repeat":"repeat","background-position":"center center","background-size":"auto","background-attachment":"scroll","background-type":"","background-media":"","overlay-type":"","overlay-color":"","overlay-opacity":"","overlay-gradient":""},"mobile":{"background-color":"var(--ast-global-color-5)","background-image":"","background-repeat":"repeat","background-position":"center center","background-size":"auto","background-attachment":"scroll","background-type":"","background-media":"","overlay-type":"","overlay-color":"","overlay-opacity":"","overlay-gradient":""}},"footnotes":""},"class_list":["post-4399","page","type-page","status-publish","hentry"],"translation":{"provider":"WPGlobus","version":"3.0.2","language":"en","enabled_languages":["de","en"],"languages":{"de":{"title":true,"content":true,"excerpt":false},"en":{"title":false,"content":false,"excerpt":false}}},"featured_image_urls_v2":{"full":"","thumbnail":"","medium":"","medium_large":"","large":"","1536x1536":"","2048x2048":""},"post_excerpt_stackable_v2":"<p>Auch Biits engl. Fragile Five Der Begriff &#8220;Fragile F\u00fcnf&#8221; bezeichnet die L\u00e4nder Brasilien, Indien, Indonesien, T\u00fcrkei und S\u00fcdafrika, welche im Jahre 2013 als besonders anf\u00e4llig angesehen wurden, falls die Federal Reserve System ihre quantitative Lockerung einstellen w\u00fcrde. Da all diese L\u00e4nder von dem Programm der Federal Reserve sehr profitiert haben (alle konnten dadurch hohe Kapitalzufl\u00fcsse verzeichnen), war die Annahme, dass das Auslaufen des Programmes zu einer Krise in diesen L\u00e4ndern f\u00fchren k\u00f6nnte. Ebenso w\u00fcrden diese Staaten am anf\u00e4lligsten auf steigende US-Zinsen reagieren und einen damit wahrscheinlich aufwertenden US-Dollar. Die &#8216;Fragilen F\u00fcnf&#8217; haben sich \u00fcber Jahre stark in der W\u00e4hrung USD&hellip;<\/p>\n","category_list_v2":"","author_info_v2":{"name":"PrudentWater","url":"https:\/\/prudentwater.com\/en\/author\/niklas33\/"},"comments_num_v2":"0 comments","_links":{"self":[{"href":"https:\/\/prudentwater.com\/en\/wp-json\/wp\/v2\/pages\/4399","targetHints":{"allow":["GET"]}}],"collection":[{"href":"https:\/\/prudentwater.com\/en\/wp-json\/wp\/v2\/pages"}],"about":[{"href":"https:\/\/prudentwater.com\/en\/wp-json\/wp\/v2\/types\/page"}],"author":[{"embeddable":true,"href":"https:\/\/prudentwater.com\/en\/wp-json\/wp\/v2\/users\/1"}],"replies":[{"embeddable":true,"href":"https:\/\/prudentwater.com\/en\/wp-json\/wp\/v2\/comments?post=4399"}],"version-history":[{"count":0,"href":"https:\/\/prudentwater.com\/en\/wp-json\/wp\/v2\/pages\/4399\/revisions"}],"wp:attachment":[{"href":"https:\/\/prudentwater.com\/en\/wp-json\/wp\/v2\/media?parent=4399"}],"curies":[{"name":"wp","href":"https:\/\/api.w.org\/{rel}","templated":true}]}}