{"id":443,"date":"2014-08-24T18:52:45","date_gmt":"2014-08-24T18:52:45","guid":{"rendered":"http:\/\/www.kunnskap.de\/?page_id=443"},"modified":"2022-08-15T16:56:23","modified_gmt":"2022-08-15T14:56:23","slug":"euribor","status":"publish","type":"page","link":"https:\/\/prudentwater.com\/en\/euribor\/","title":{"rendered":"EURIBOR"},"content":{"rendered":"<p><b>Euro InterBank Offered Rate (EURIBOR)<\/b><\/p>\n<p>EURIBOR ist der Zinssatz, zu dem sich europ\u00e4ische Banken untereinander Geld in der W\u00e4hrung Euro leihen. Genauer ist es der Zinssatz f\u00fcr Termineinlagen in der W\u00e4hrung Euro am Interbankenmarkt. Dabei existieren jedoch 8 verschiedene Euribor-Zinss\u00e4tze mit je unterschiedlichen Laufzeiten: 1 Woche, 2 Wochen, 1 Monat sowie f\u00fcr 2, 3, 6, 9 und 12 Monate. Der Euribor bezeichnet den durchschnittlichen Zinssatz, zu dem eine europ\u00e4ische Bank bereit ist, einer anderen europ\u00e4ischen Bank Geld f\u00fcr eine bestimmte Laufzeit zu leihen. Der Euribor gilt zudem als Referenzzinssatz f\u00fcr zahlreiche Zinspapiere, Kredite und Finanzprodukte in Europa. So gibt es z. B. eine Form der Hypothek, dessen Zins aus dem Euribor-Wert plus einem festen Zuschlag besteht. Ebenso ist der Referenzzinssatz eines Euro-Floater der Euribor. Zur Berechnung des Euribor m\u00fcssen f\u00fchrende Banken in Europa t\u00e4glich ihre Briefs\u00e4tze \u00fcbermitteln. Anschlie\u00dfend werden die tiefsten und h\u00f6chsten Werte (jeweils 15 %) gestrichen, woraus dann anschlie\u00dfend ein arithmetischer Durchschnittszinssatz f\u00fcr die verschiedenen Laufzeiten ermittelt wird. Der Euribor basiert jedoch nicht auf die tats\u00e4chlich durchgef\u00fchrten Transaktionen, sondern er wird durch die Quotierungen der verschiedenen Banken berechnet.<\/p>\n","protected":false},"excerpt":{"rendered":"<p>Euro InterBank Offered Rate (EURIBOR) EURIBOR ist der Zinssatz, zu dem sich europ\u00e4ische Banken untereinander Geld in der W\u00e4hrung Euro leihen. Genauer ist es der Zinssatz f\u00fcr Termineinlagen in der W\u00e4hrung Euro am Interbankenmarkt. Dabei existieren jedoch 8 verschiedene Euribor-Zinss\u00e4tze mit je unterschiedlichen Laufzeiten: 1 Woche, 2 Wochen, 1 Monat sowie f\u00fcr 2, 3, 6, [&hellip;]<\/p>\n","protected":false},"author":1,"featured_media":0,"parent":0,"menu_order":0,"comment_status":"closed","ping_status":"closed","template":"","meta":{"site-sidebar-layout":"default","site-content-layout":"","ast-site-content-layout":"","site-content-style":"default","site-sidebar-style":"default","ast-global-header-display":"","ast-banner-title-visibility":"","ast-main-header-display":"","ast-hfb-above-header-display":"","ast-hfb-below-header-display":"","ast-hfb-mobile-header-display":"","site-post-title":"","ast-breadcrumbs-content":"","ast-featured-img":"","footer-sml-layout":"","theme-transparent-header-meta":"","adv-header-id-meta":"","stick-header-meta":"","header-above-stick-meta":"","header-main-stick-meta":"","header-below-stick-meta":"","astra-migrate-meta-layouts":"default","ast-page-background-enabled":"default","ast-page-background-meta":{"desktop":{"background-color":"","background-image":"","background-repeat":"repeat","background-position":"center center","background-size":"auto","background-attachment":"scroll","background-type":"","background-media":"","overlay-type":"","overlay-color":"","overlay-opacity":"","overlay-gradient":""},"tablet":{"background-color":"","background-image":"","background-repeat":"repeat","background-position":"center center","background-size":"auto","background-attachment":"scroll","background-type":"","background-media":"","overlay-type":"","overlay-color":"","overlay-opacity":"","overlay-gradient":""},"mobile":{"background-color":"","background-image":"","background-repeat":"repeat","background-position":"center center","background-size":"auto","background-attachment":"scroll","background-type":"","background-media":"","overlay-type":"","overlay-color":"","overlay-opacity":"","overlay-gradient":""}},"ast-content-background-meta":{"desktop":{"background-color":"var(--ast-global-color-5)","background-image":"","background-repeat":"repeat","background-position":"center center","background-size":"auto","background-attachment":"scroll","background-type":"","background-media":"","overlay-type":"","overlay-color":"","overlay-opacity":"","overlay-gradient":""},"tablet":{"background-color":"var(--ast-global-color-5)","background-image":"","background-repeat":"repeat","background-position":"center center","background-size":"auto","background-attachment":"scroll","background-type":"","background-media":"","overlay-type":"","overlay-color":"","overlay-opacity":"","overlay-gradient":""},"mobile":{"background-color":"var(--ast-global-color-5)","background-image":"","background-repeat":"repeat","background-position":"center center","background-size":"auto","background-attachment":"scroll","background-type":"","background-media":"","overlay-type":"","overlay-color":"","overlay-opacity":"","overlay-gradient":""}},"footnotes":""},"class_list":["post-443","page","type-page","status-publish","hentry"],"translation":{"provider":"WPGlobus","version":"3.0.2","language":"en","enabled_languages":["de","en"],"languages":{"de":{"title":true,"content":true,"excerpt":false},"en":{"title":false,"content":false,"excerpt":false}}},"featured_image_urls_v2":{"full":"","thumbnail":"","medium":"","medium_large":"","large":"","1536x1536":"","2048x2048":""},"post_excerpt_stackable_v2":"<p>Euro InterBank Offered Rate (EURIBOR) EURIBOR ist der Zinssatz, zu dem sich europ\u00e4ische Banken untereinander Geld in der W\u00e4hrung Euro leihen. Genauer ist es der Zinssatz f\u00fcr Termineinlagen in der W\u00e4hrung Euro am Interbankenmarkt. Dabei existieren jedoch 8 verschiedene Euribor-Zinss\u00e4tze mit je unterschiedlichen Laufzeiten: 1 Woche, 2 Wochen, 1 Monat sowie f\u00fcr 2, 3, 6, 9 und 12 Monate. Der Euribor bezeichnet den durchschnittlichen Zinssatz, zu dem eine europ\u00e4ische Bank bereit ist, einer anderen europ\u00e4ischen Bank Geld f\u00fcr eine bestimmte Laufzeit zu leihen. Der Euribor gilt zudem als Referenzzinssatz f\u00fcr zahlreiche Zinspapiere, Kredite und Finanzprodukte in Europa. So gibt es&hellip;<\/p>\n","category_list_v2":"","author_info_v2":{"name":"PrudentWater","url":"https:\/\/prudentwater.com\/en\/author\/niklas33\/"},"comments_num_v2":"0 comments","_links":{"self":[{"href":"https:\/\/prudentwater.com\/en\/wp-json\/wp\/v2\/pages\/443","targetHints":{"allow":["GET"]}}],"collection":[{"href":"https:\/\/prudentwater.com\/en\/wp-json\/wp\/v2\/pages"}],"about":[{"href":"https:\/\/prudentwater.com\/en\/wp-json\/wp\/v2\/types\/page"}],"author":[{"embeddable":true,"href":"https:\/\/prudentwater.com\/en\/wp-json\/wp\/v2\/users\/1"}],"replies":[{"embeddable":true,"href":"https:\/\/prudentwater.com\/en\/wp-json\/wp\/v2\/comments?post=443"}],"version-history":[{"count":0,"href":"https:\/\/prudentwater.com\/en\/wp-json\/wp\/v2\/pages\/443\/revisions"}],"wp:attachment":[{"href":"https:\/\/prudentwater.com\/en\/wp-json\/wp\/v2\/media?parent=443"}],"curies":[{"name":"wp","href":"https:\/\/api.w.org\/{rel}","templated":true}]}}