{"id":4448,"date":"2015-07-10T19:38:56","date_gmt":"2015-07-10T19:38:56","guid":{"rendered":"http:\/\/www.kunnskap.de\/?page_id=4448"},"modified":"2022-11-29T13:07:33","modified_gmt":"2022-11-29T12:07:33","slug":"marktzins","status":"publish","type":"page","link":"https:\/\/prudentwater.com\/en\/marktzins\/","title":{"rendered":"Marktzins"},"content":{"rendered":"<p>Auch <b>Zinsniveau<\/b><br \/>\nengl. <b>Market Interest Rate<\/b><\/p>\n<p>Bei dem Marktzins handelt es sich zun\u00e4chst um keinen bestimmten Zinssatz, sondern er beschreibt vielmehr die aktuelle Zinssituation am Markt und zu welchen Konditionen an den Finanzm\u00e4rkten zurzeit Geld aufgenommen und verliehen werden kann. Der Marktzins dr\u00fcckt somit gewisserma\u00dfen das aktuelle Zinsniveau f\u00fcr einen bestimmten W\u00e4hrungsraum aus. Als Ausdruck des aktuellen Marktzinses wird in Europa der EURIBOR sowie vor allem die Rendite f\u00fcr 10- j\u00e4hrige deutsche Staatsanleihen herangezogen. International betrachtet wird der Marktzins hingegen durch die aktuelle Rendite von 10- j\u00e4hrigen US-amerikanischen Staatsanleihen ausgedr\u00fcckt.<\/p>\n<h4>Auswirkungen des Marktzinses auf den Aktienmarkt<\/h4>\n<p>Der aktuelle Marktzins hat jedoch auch Auswirkungen auf den Aktienmarkt. Als allgemeine Regel gilt, dass je niedriger der Marktzins, desto mehr Verm\u00f6gen wird in Aktien umgeschichtet. Bietet beispielsweise eine risikofreie Geldanlage (Staatsanleihe mit h\u00f6chster Bonit\u00e4t) eine Verzinsung von lediglich 0,7 %, so erscheint eine Investition in ein rentables Aktienunternehmen mit einer Dividendenrendite von 3 % deutlich attraktiver als w\u00fcrde dieselbe Staatsanleihe 2,5 % an j\u00e4hrlicher Verzinsung bieten. Aus einem mittel- bis langfristigen niedrigen Marktzins kann somit ein \u00fcberbewerteter Aktienmarkt entstehen, allerdings handelt es sich dabei um keinen \u201eWenn-Dann-Mechanismus\u201c. Unternehmen profitieren n\u00e4mlich ebenso von den niedrigen Zinsen und deshalb k\u00f6nnen gestiegene Aktienkurse als Antwort auf ein niedriges Zinsniveau durchaus berechtigt sein. Die Fremdkapitalkosten von Unternehmen sinken immerhin inmitten eines niedrigen Marktzinses, wodurch ein h\u00f6herer Gewinn ausgewiesen werden kann. Ebenso kann durch eine verst\u00e4rkte Fremdkapitalaufnahme mehr in die Zukunft investiert werden, um das Unternehmen langfristig profitabler zu machen.<\/p>\n","protected":false},"excerpt":{"rendered":"<p>Auch Zinsniveau engl. Market Interest Rate Bei dem Marktzins handelt es sich zun\u00e4chst um keinen bestimmten Zinssatz, sondern er beschreibt vielmehr die aktuelle Zinssituation am Markt und zu welchen Konditionen an den Finanzm\u00e4rkten zurzeit Geld aufgenommen und verliehen werden kann. Der Marktzins dr\u00fcckt somit gewisserma\u00dfen das aktuelle Zinsniveau f\u00fcr einen bestimmten W\u00e4hrungsraum aus. Als Ausdruck [&hellip;]<\/p>\n","protected":false},"author":1,"featured_media":0,"parent":0,"menu_order":0,"comment_status":"closed","ping_status":"closed","template":"","meta":{"site-sidebar-layout":"default","site-content-layout":"","ast-site-content-layout":"","site-content-style":"default","site-sidebar-style":"default","ast-global-header-display":"","ast-banner-title-visibility":"","ast-main-header-display":"","ast-hfb-above-header-display":"","ast-hfb-below-header-display":"","ast-hfb-mobile-header-display":"","site-post-title":"","ast-breadcrumbs-content":"","ast-featured-img":"","footer-sml-layout":"","theme-transparent-header-meta":"","adv-header-id-meta":"","stick-header-meta":"","header-above-stick-meta":"","header-main-stick-meta":"","header-below-stick-meta":"","astra-migrate-meta-layouts":"default","ast-page-background-enabled":"default","ast-page-background-meta":{"desktop":{"background-color":"","background-image":"","background-repeat":"repeat","background-position":"center center","background-size":"auto","background-attachment":"scroll","background-type":"","background-media":"","overlay-type":"","overlay-color":"","overlay-opacity":"","overlay-gradient":""},"tablet":{"background-color":"","background-image":"","background-repeat":"repeat","background-position":"center center","background-size":"auto","background-attachment":"scroll","background-type":"","background-media":"","overlay-type":"","overlay-color":"","overlay-opacity":"","overlay-gradient":""},"mobile":{"background-color":"","background-image":"","background-repeat":"repeat","background-position":"center center","background-size":"auto","background-attachment":"scroll","background-type":"","background-media":"","overlay-type":"","overlay-color":"","overlay-opacity":"","overlay-gradient":""}},"ast-content-background-meta":{"desktop":{"background-color":"var(--ast-global-color-5)","background-image":"","background-repeat":"repeat","background-position":"center center","background-size":"auto","background-attachment":"scroll","background-type":"","background-media":"","overlay-type":"","overlay-color":"","overlay-opacity":"","overlay-gradient":""},"tablet":{"background-color":"var(--ast-global-color-5)","background-image":"","background-repeat":"repeat","background-position":"center center","background-size":"auto","background-attachment":"scroll","background-type":"","background-media":"","overlay-type":"","overlay-color":"","overlay-opacity":"","overlay-gradient":""},"mobile":{"background-color":"var(--ast-global-color-5)","background-image":"","background-repeat":"repeat","background-position":"center center","background-size":"auto","background-attachment":"scroll","background-type":"","background-media":"","overlay-type":"","overlay-color":"","overlay-opacity":"","overlay-gradient":""}},"footnotes":""},"class_list":["post-4448","page","type-page","status-publish","hentry"],"translation":{"provider":"WPGlobus","version":"3.0.2","language":"en","enabled_languages":["de","en"],"languages":{"de":{"title":true,"content":true,"excerpt":false},"en":{"title":false,"content":false,"excerpt":false}}},"featured_image_urls_v2":{"full":"","thumbnail":"","medium":"","medium_large":"","large":"","1536x1536":"","2048x2048":""},"post_excerpt_stackable_v2":"<p>Auch Zinsniveau engl. Market Interest Rate Bei dem Marktzins handelt es sich zun\u00e4chst um keinen bestimmten Zinssatz, sondern er beschreibt vielmehr die aktuelle Zinssituation am Markt und zu welchen Konditionen an den Finanzm\u00e4rkten zurzeit Geld aufgenommen und verliehen werden kann. Der Marktzins dr\u00fcckt somit gewisserma\u00dfen das aktuelle Zinsniveau f\u00fcr einen bestimmten W\u00e4hrungsraum aus. Als Ausdruck des aktuellen Marktzinses wird in Europa der EURIBOR sowie vor allem die Rendite f\u00fcr 10- j\u00e4hrige deutsche Staatsanleihen herangezogen. International betrachtet wird der Marktzins hingegen durch die aktuelle Rendite von 10- j\u00e4hrigen US-amerikanischen Staatsanleihen ausgedr\u00fcckt. Auswirkungen des Marktzinses auf den Aktienmarkt Der aktuelle Marktzins hat&hellip;<\/p>\n","category_list_v2":"","author_info_v2":{"name":"PrudentWater","url":"https:\/\/prudentwater.com\/en\/author\/niklas33\/"},"comments_num_v2":"0 comments","_links":{"self":[{"href":"https:\/\/prudentwater.com\/en\/wp-json\/wp\/v2\/pages\/4448","targetHints":{"allow":["GET"]}}],"collection":[{"href":"https:\/\/prudentwater.com\/en\/wp-json\/wp\/v2\/pages"}],"about":[{"href":"https:\/\/prudentwater.com\/en\/wp-json\/wp\/v2\/types\/page"}],"author":[{"embeddable":true,"href":"https:\/\/prudentwater.com\/en\/wp-json\/wp\/v2\/users\/1"}],"replies":[{"embeddable":true,"href":"https:\/\/prudentwater.com\/en\/wp-json\/wp\/v2\/comments?post=4448"}],"version-history":[{"count":0,"href":"https:\/\/prudentwater.com\/en\/wp-json\/wp\/v2\/pages\/4448\/revisions"}],"wp:attachment":[{"href":"https:\/\/prudentwater.com\/en\/wp-json\/wp\/v2\/media?parent=4448"}],"curies":[{"name":"wp","href":"https:\/\/api.w.org\/{rel}","templated":true}]}}