{"id":4454,"date":"2015-07-11T09:45:28","date_gmt":"2015-07-11T09:45:28","guid":{"rendered":"http:\/\/www.kunnskap.de\/?page_id=4454"},"modified":"2021-06-25T12:48:19","modified_gmt":"2021-06-25T10:48:19","slug":"ausfallrisiko","status":"publish","type":"page","link":"https:\/\/prudentwater.com\/en\/ausfallrisiko\/","title":{"rendered":"Ausfallrisiko"},"content":{"rendered":"<p>engl. <strong>Default Risk<\/strong><\/p>\n<h5>Ausfallrisiko einer Anleihe<\/h5>\n<p>Das Ausfallrisiko einer Anleihe besteht darin, dass der Emittent nicht in der Lage ist, die Anleihe fristgerecht und wie vorher vereinbart zum Nominalwert zu tilgen und auch nicht alle urspr\u00fcnglichen Zinszahlungen leisten zu k\u00f6nnen. Bei dem Ausfallereignis kann es sich um eine Insolvenz, eine Zahlungsverweigerung, eine Zahlungsaussetzung oder um eine Stundung der Zahlungen handeln. Dies kann passieren, wenn der Emittent (Land oder Unternehmen) in finanzielle Schwierigkeiten ger\u00e4t und den offenen Verpflichtungen nicht mehr nachkommen kann. Im schlimmsten Fall kann dies zu einem Totalverlust f\u00fchren oder aber der Anleihenbesitzer erh\u00e4lt lediglich einen Teil seines Geldes zur\u00fcck. Steigt die Wahrscheinlichkeit eines Zahlungsausfalles, so wird sich dies in einem steigenden Credit Spread am Markt bemerkbar machen. Dies bedeutet schlicht, dass der Kurs der entsprechenden Anleihe fallen wird. Falls es dem Emittenten dann \u00fcberhaupt noch m\u00f6glich ist neues Geld durch die Emission von Anleihen aufzunehmen, so muss er den Anlegern dann deutlich h\u00f6here Zinsen bieten.<\/p>\n<h5>Ausfallrisiko von Derivaten<\/h5>\n<p>Im Handel mit Optionen und Kontrakten wird das Ausfallrisiko durch ein Clearinghaus ausgeschaltet. Das Clearinghaus steht zwischen K\u00e4ufer und Verk\u00e4ufer der Option und \u00fcbernimmt das Ausfallrisiko, falls ein Marktteilnehmer nicht in der Lage ist, seinen Verpflichtungen nachzukommen.<\/p>\n","protected":false},"excerpt":{"rendered":"<p>engl. Default Risk Ausfallrisiko einer Anleihe Das Ausfallrisiko einer Anleihe besteht darin, dass der Emittent nicht in der Lage ist, die Anleihe fristgerecht und wie vorher vereinbart zum Nominalwert zu tilgen und auch nicht alle urspr\u00fcnglichen Zinszahlungen leisten zu k\u00f6nnen. Bei dem Ausfallereignis kann es sich um eine Insolvenz, eine Zahlungsverweigerung, eine Zahlungsaussetzung oder um [&hellip;]<\/p>\n","protected":false},"author":1,"featured_media":0,"parent":0,"menu_order":0,"comment_status":"closed","ping_status":"closed","template":"","meta":{"site-sidebar-layout":"default","site-content-layout":"","ast-site-content-layout":"","site-content-style":"default","site-sidebar-style":"default","ast-global-header-display":"","ast-banner-title-visibility":"","ast-main-header-display":"","ast-hfb-above-header-display":"","ast-hfb-below-header-display":"","ast-hfb-mobile-header-display":"","site-post-title":"","ast-breadcrumbs-content":"","ast-featured-img":"","footer-sml-layout":"","theme-transparent-header-meta":"","adv-header-id-meta":"","stick-header-meta":"","header-above-stick-meta":"","header-main-stick-meta":"","header-below-stick-meta":"","astra-migrate-meta-layouts":"default","ast-page-background-enabled":"default","ast-page-background-meta":{"desktop":{"background-color":"","background-image":"","background-repeat":"repeat","background-position":"center center","background-size":"auto","background-attachment":"scroll","background-type":"","background-media":"","overlay-type":"","overlay-color":"","overlay-opacity":"","overlay-gradient":""},"tablet":{"background-color":"","background-image":"","background-repeat":"repeat","background-position":"center center","background-size":"auto","background-attachment":"scroll","background-type":"","background-media":"","overlay-type":"","overlay-color":"","overlay-opacity":"","overlay-gradient":""},"mobile":{"background-color":"","background-image":"","background-repeat":"repeat","background-position":"center center","background-size":"auto","background-attachment":"scroll","background-type":"","background-media":"","overlay-type":"","overlay-color":"","overlay-opacity":"","overlay-gradient":""}},"ast-content-background-meta":{"desktop":{"background-color":"var(--ast-global-color-5)","background-image":"","background-repeat":"repeat","background-position":"center center","background-size":"auto","background-attachment":"scroll","background-type":"","background-media":"","overlay-type":"","overlay-color":"","overlay-opacity":"","overlay-gradient":""},"tablet":{"background-color":"var(--ast-global-color-5)","background-image":"","background-repeat":"repeat","background-position":"center center","background-size":"auto","background-attachment":"scroll","background-type":"","background-media":"","overlay-type":"","overlay-color":"","overlay-opacity":"","overlay-gradient":""},"mobile":{"background-color":"var(--ast-global-color-5)","background-image":"","background-repeat":"repeat","background-position":"center center","background-size":"auto","background-attachment":"scroll","background-type":"","background-media":"","overlay-type":"","overlay-color":"","overlay-opacity":"","overlay-gradient":""}},"footnotes":""},"class_list":["post-4454","page","type-page","status-publish","hentry"],"translation":{"provider":"WPGlobus","version":"3.0.2","language":"en","enabled_languages":["de","en"],"languages":{"de":{"title":true,"content":true,"excerpt":false},"en":{"title":false,"content":false,"excerpt":false}}},"featured_image_urls_v2":{"full":"","thumbnail":"","medium":"","medium_large":"","large":"","1536x1536":"","2048x2048":""},"post_excerpt_stackable_v2":"<p>engl. Default Risk Ausfallrisiko einer Anleihe Das Ausfallrisiko einer Anleihe besteht darin, dass der Emittent nicht in der Lage ist, die Anleihe fristgerecht und wie vorher vereinbart zum Nominalwert zu tilgen und auch nicht alle urspr\u00fcnglichen Zinszahlungen leisten zu k\u00f6nnen. Bei dem Ausfallereignis kann es sich um eine Insolvenz, eine Zahlungsverweigerung, eine Zahlungsaussetzung oder um eine Stundung der Zahlungen handeln. Dies kann passieren, wenn der Emittent (Land oder Unternehmen) in finanzielle Schwierigkeiten ger\u00e4t und den offenen Verpflichtungen nicht mehr nachkommen kann. Im schlimmsten Fall kann dies zu einem Totalverlust f\u00fchren oder aber der Anleihenbesitzer erh\u00e4lt lediglich einen Teil seines Geldes&hellip;<\/p>\n","category_list_v2":"","author_info_v2":{"name":"PrudentWater","url":"https:\/\/prudentwater.com\/en\/author\/niklas33\/"},"comments_num_v2":"0 comments","_links":{"self":[{"href":"https:\/\/prudentwater.com\/en\/wp-json\/wp\/v2\/pages\/4454","targetHints":{"allow":["GET"]}}],"collection":[{"href":"https:\/\/prudentwater.com\/en\/wp-json\/wp\/v2\/pages"}],"about":[{"href":"https:\/\/prudentwater.com\/en\/wp-json\/wp\/v2\/types\/page"}],"author":[{"embeddable":true,"href":"https:\/\/prudentwater.com\/en\/wp-json\/wp\/v2\/users\/1"}],"replies":[{"embeddable":true,"href":"https:\/\/prudentwater.com\/en\/wp-json\/wp\/v2\/comments?post=4454"}],"version-history":[{"count":0,"href":"https:\/\/prudentwater.com\/en\/wp-json\/wp\/v2\/pages\/4454\/revisions"}],"wp:attachment":[{"href":"https:\/\/prudentwater.com\/en\/wp-json\/wp\/v2\/media?parent=4454"}],"curies":[{"name":"wp","href":"https:\/\/api.w.org\/{rel}","templated":true}]}}