{"id":4459,"date":"2015-07-11T10:13:14","date_gmt":"2015-07-11T10:13:14","guid":{"rendered":"http:\/\/www.kunnskap.de\/?page_id=4459"},"modified":"2021-06-25T12:50:17","modified_gmt":"2021-06-25T10:50:17","slug":"wiederanlagerisiko","status":"publish","type":"page","link":"https:\/\/prudentwater.com\/en\/wiederanlagerisiko\/","title":{"rendered":"Wiederanlagerisiko"},"content":{"rendered":"<p>engl. <strong>Reinvestment Risk<\/strong><\/p>\n<p>Das Wiederanlagerisiko besteht f\u00fcr den Anleger darin, dass die anfallenden Kuponzahlungen, welche er w\u00e4hrend der Laufzeit einer Anleihe erhalten hat, nur zu einem niedrigeren Zinssatz erneut wieder angelegt werden k\u00f6nnen. Ist w\u00e4hrend der Laufzeit der Anleihe der allgemeine Marktzins gefallen, k\u00f6nnen Unternehmen und Staaten neue Anleihen mit einem niedrigeren Kupon emittieren. F\u00fcr den Investor f\u00fchrt dies dazu, dass, sobald er seine Kuponzahlungen oder auch bei F\u00e4lligkeit der Anleihe den Nominalwert erh\u00e4lt, er das Geld nur zu einer schlechteren Verzinsung als zuvor neu anlegen kann. Dies beschreibt das Wiederanlagerisiko und kann bei einem Investment in einen Fonds oder ETF nur dadurch abgemildert werden, indem ein thesaurierender Fonds gekauft wird. <\/p>\n","protected":false},"excerpt":{"rendered":"<p>engl. Reinvestment Risk Das Wiederanlagerisiko besteht f\u00fcr den Anleger darin, dass die anfallenden Kuponzahlungen, welche er w\u00e4hrend der Laufzeit einer Anleihe erhalten hat, nur zu einem niedrigeren Zinssatz erneut wieder angelegt werden k\u00f6nnen. Ist w\u00e4hrend der Laufzeit der Anleihe der allgemeine Marktzins gefallen, k\u00f6nnen Unternehmen und Staaten neue Anleihen mit einem niedrigeren Kupon emittieren. F\u00fcr [&hellip;]<\/p>\n","protected":false},"author":1,"featured_media":0,"parent":0,"menu_order":0,"comment_status":"closed","ping_status":"closed","template":"","meta":{"site-sidebar-layout":"default","site-content-layout":"","ast-site-content-layout":"","site-content-style":"default","site-sidebar-style":"default","ast-global-header-display":"","ast-banner-title-visibility":"","ast-main-header-display":"","ast-hfb-above-header-display":"","ast-hfb-below-header-display":"","ast-hfb-mobile-header-display":"","site-post-title":"","ast-breadcrumbs-content":"","ast-featured-img":"","footer-sml-layout":"","theme-transparent-header-meta":"","adv-header-id-meta":"","stick-header-meta":"","header-above-stick-meta":"","header-main-stick-meta":"","header-below-stick-meta":"","astra-migrate-meta-layouts":"default","ast-page-background-enabled":"default","ast-page-background-meta":{"desktop":{"background-color":"","background-image":"","background-repeat":"repeat","background-position":"center center","background-size":"auto","background-attachment":"scroll","background-type":"","background-media":"","overlay-type":"","overlay-color":"","overlay-opacity":"","overlay-gradient":""},"tablet":{"background-color":"","background-image":"","background-repeat":"repeat","background-position":"center center","background-size":"auto","background-attachment":"scroll","background-type":"","background-media":"","overlay-type":"","overlay-color":"","overlay-opacity":"","overlay-gradient":""},"mobile":{"background-color":"","background-image":"","background-repeat":"repeat","background-position":"center center","background-size":"auto","background-attachment":"scroll","background-type":"","background-media":"","overlay-type":"","overlay-color":"","overlay-opacity":"","overlay-gradient":""}},"ast-content-background-meta":{"desktop":{"background-color":"var(--ast-global-color-5)","background-image":"","background-repeat":"repeat","background-position":"center center","background-size":"auto","background-attachment":"scroll","background-type":"","background-media":"","overlay-type":"","overlay-color":"","overlay-opacity":"","overlay-gradient":""},"tablet":{"background-color":"var(--ast-global-color-5)","background-image":"","background-repeat":"repeat","background-position":"center center","background-size":"auto","background-attachment":"scroll","background-type":"","background-media":"","overlay-type":"","overlay-color":"","overlay-opacity":"","overlay-gradient":""},"mobile":{"background-color":"var(--ast-global-color-5)","background-image":"","background-repeat":"repeat","background-position":"center center","background-size":"auto","background-attachment":"scroll","background-type":"","background-media":"","overlay-type":"","overlay-color":"","overlay-opacity":"","overlay-gradient":""}},"footnotes":""},"class_list":["post-4459","page","type-page","status-publish","hentry"],"translation":{"provider":"WPGlobus","version":"3.0.2","language":"en","enabled_languages":["de","en"],"languages":{"de":{"title":true,"content":true,"excerpt":false},"en":{"title":false,"content":false,"excerpt":false}}},"featured_image_urls_v2":{"full":"","thumbnail":"","medium":"","medium_large":"","large":"","1536x1536":"","2048x2048":""},"post_excerpt_stackable_v2":"<p>engl. Reinvestment Risk Das Wiederanlagerisiko besteht f\u00fcr den Anleger darin, dass die anfallenden Kuponzahlungen, welche er w\u00e4hrend der Laufzeit einer Anleihe erhalten hat, nur zu einem niedrigeren Zinssatz erneut wieder angelegt werden k\u00f6nnen. Ist w\u00e4hrend der Laufzeit der Anleihe der allgemeine Marktzins gefallen, k\u00f6nnen Unternehmen und Staaten neue Anleihen mit einem niedrigeren Kupon emittieren. F\u00fcr den Investor f\u00fchrt dies dazu, dass, sobald er seine Kuponzahlungen oder auch bei F\u00e4lligkeit der Anleihe den Nominalwert erh\u00e4lt, er das Geld nur zu einer schlechteren Verzinsung als zuvor neu anlegen kann. Dies beschreibt das Wiederanlagerisiko und kann bei einem Investment in einen Fonds oder&hellip;<\/p>\n","category_list_v2":"","author_info_v2":{"name":"PrudentWater","url":"https:\/\/prudentwater.com\/en\/author\/niklas33\/"},"comments_num_v2":"0 comments","_links":{"self":[{"href":"https:\/\/prudentwater.com\/en\/wp-json\/wp\/v2\/pages\/4459","targetHints":{"allow":["GET"]}}],"collection":[{"href":"https:\/\/prudentwater.com\/en\/wp-json\/wp\/v2\/pages"}],"about":[{"href":"https:\/\/prudentwater.com\/en\/wp-json\/wp\/v2\/types\/page"}],"author":[{"embeddable":true,"href":"https:\/\/prudentwater.com\/en\/wp-json\/wp\/v2\/users\/1"}],"replies":[{"embeddable":true,"href":"https:\/\/prudentwater.com\/en\/wp-json\/wp\/v2\/comments?post=4459"}],"version-history":[{"count":0,"href":"https:\/\/prudentwater.com\/en\/wp-json\/wp\/v2\/pages\/4459\/revisions"}],"wp:attachment":[{"href":"https:\/\/prudentwater.com\/en\/wp-json\/wp\/v2\/media?parent=4459"}],"curies":[{"name":"wp","href":"https:\/\/api.w.org\/{rel}","templated":true}]}}