{"id":4478,"date":"2015-07-13T12:02:00","date_gmt":"2015-07-13T12:02:00","guid":{"rendered":"http:\/\/www.kunnskap.de\/?page_id=4478"},"modified":"2023-03-18T18:04:23","modified_gmt":"2023-03-18T17:04:23","slug":"aktiva","status":"publish","type":"page","link":"https:\/\/prudentwater.com\/en\/aktiva\/","title":{"rendered":"Aktiva"},"content":{"rendered":"<p>Auch <b>Aktivseite<\/b> oder <b>Verm\u00f6gensseite<\/b><br \/>\nengl. <b>Assets<\/b><\/p>\n<p>Aktiva zeigt alle Verm\u00f6gensgegenst\u00e4nde eines Unternehmens auf und wird in der Bilanz auf der linken Seite ausgewiesen. Die Aktivseite zeigt also die Verwendung der Geldmittel an, wohingegen die Passivseite (rechte Seite der Bilanz) detailliert aufzeigt, woher diese in das Unternehmen eingebrachte Geldmittel urspr\u00fcnglich stammen. Aktiva zeigt also die Verwendung des Kapitals an und wird dabei in der Bilanz unterteilt in folgende drei Posten:<\/p>\n<hr>\n<ul>\n<li><b>Anlageverm\u00f6gen<\/b><\/li>\n<p>Das Anlageverm\u00f6gen steht dem Unternehmen langfristig zur Verf\u00fcgung und dient zur Aufrechterhaltung des t\u00e4glichen Betriebes.<\/p>\n<li><b>Umlaufverm\u00f6gen<\/b><\/li>\n<p>Das Umlaufverm\u00f6gen besteht aus Verm\u00f6gensgegenst\u00e4nden, welche dem Unternehmen nur f\u00fcr eine kurze und befristete Zeit zur Verf\u00fcgung stehen.<\/p>\n<li><b>Rechnungsabgrenzungsposten<\/b><\/li>\n<p>Die Rechnungsabgrenzungsposten dienen dazu, den Erfolg eines Gesch\u00e4ftsjahres vom Erfolg eines sp\u00e4teren Zeitraumes klar abzugrenzen.<\/ul>\n<hr>\n<p>Bei Banken und Finanzinstituten jedoch besteht die Aktiva zum gr\u00f6\u00dften Teil aus offenen Forderungen und Wertpapieren und, im Gegensatz zu Unternehmen, nur zu einem geringen Teil aus Sachwerten.<\/p>\n","protected":false},"excerpt":{"rendered":"<p>Auch Aktivseite oder Verm\u00f6gensseite engl. Assets Aktiva zeigt alle Verm\u00f6gensgegenst\u00e4nde eines Unternehmens auf und wird in der Bilanz auf der linken Seite ausgewiesen. Die Aktivseite zeigt also die Verwendung der Geldmittel an, wohingegen die Passivseite (rechte Seite der Bilanz) detailliert aufzeigt, woher diese in das Unternehmen eingebrachte Geldmittel urspr\u00fcnglich stammen. Aktiva zeigt also die Verwendung [&hellip;]<\/p>\n","protected":false},"author":1,"featured_media":0,"parent":0,"menu_order":0,"comment_status":"closed","ping_status":"closed","template":"","meta":{"site-sidebar-layout":"default","site-content-layout":"","ast-site-content-layout":"","site-content-style":"default","site-sidebar-style":"default","ast-global-header-display":"","ast-banner-title-visibility":"","ast-main-header-display":"","ast-hfb-above-header-display":"","ast-hfb-below-header-display":"","ast-hfb-mobile-header-display":"","site-post-title":"","ast-breadcrumbs-content":"","ast-featured-img":"","footer-sml-layout":"","theme-transparent-header-meta":"","adv-header-id-meta":"","stick-header-meta":"","header-above-stick-meta":"","header-main-stick-meta":"","header-below-stick-meta":"","astra-migrate-meta-layouts":"default","ast-page-background-enabled":"default","ast-page-background-meta":{"desktop":{"background-color":"","background-image":"","background-repeat":"repeat","background-position":"center center","background-size":"auto","background-attachment":"scroll","background-type":"","background-media":"","overlay-type":"","overlay-color":"","overlay-opacity":"","overlay-gradient":""},"tablet":{"background-color":"","background-image":"","background-repeat":"repeat","background-position":"center center","background-size":"auto","background-attachment":"scroll","background-type":"","background-media":"","overlay-type":"","overlay-color":"","overlay-opacity":"","overlay-gradient":""},"mobile":{"background-color":"","background-image":"","background-repeat":"repeat","background-position":"center center","background-size":"auto","background-attachment":"scroll","background-type":"","background-media":"","overlay-type":"","overlay-color":"","overlay-opacity":"","overlay-gradient":""}},"ast-content-background-meta":{"desktop":{"background-color":"var(--ast-global-color-5)","background-image":"","background-repeat":"repeat","background-position":"center center","background-size":"auto","background-attachment":"scroll","background-type":"","background-media":"","overlay-type":"","overlay-color":"","overlay-opacity":"","overlay-gradient":""},"tablet":{"background-color":"var(--ast-global-color-5)","background-image":"","background-repeat":"repeat","background-position":"center center","background-size":"auto","background-attachment":"scroll","background-type":"","background-media":"","overlay-type":"","overlay-color":"","overlay-opacity":"","overlay-gradient":""},"mobile":{"background-color":"var(--ast-global-color-5)","background-image":"","background-repeat":"repeat","background-position":"center center","background-size":"auto","background-attachment":"scroll","background-type":"","background-media":"","overlay-type":"","overlay-color":"","overlay-opacity":"","overlay-gradient":""}},"footnotes":""},"class_list":["post-4478","page","type-page","status-publish","hentry"],"translation":{"provider":"WPGlobus","version":"3.0.2","language":"en","enabled_languages":["de","en"],"languages":{"de":{"title":true,"content":true,"excerpt":false},"en":{"title":false,"content":false,"excerpt":false}}},"featured_image_urls_v2":{"full":"","thumbnail":"","medium":"","medium_large":"","large":"","1536x1536":"","2048x2048":""},"post_excerpt_stackable_v2":"<p>Auch Aktivseite oder Verm\u00f6gensseite engl. Assets Aktiva zeigt alle Verm\u00f6gensgegenst\u00e4nde eines Unternehmens auf und wird in der Bilanz auf der linken Seite ausgewiesen. Die Aktivseite zeigt also die Verwendung der Geldmittel an, wohingegen die Passivseite (rechte Seite der Bilanz) detailliert aufzeigt, woher diese in das Unternehmen eingebrachte Geldmittel urspr\u00fcnglich stammen. Aktiva zeigt also die Verwendung des Kapitals an und wird dabei in der Bilanz unterteilt in folgende drei Posten: Anlageverm\u00f6gen Das Anlageverm\u00f6gen steht dem Unternehmen langfristig zur Verf\u00fcgung und dient zur Aufrechterhaltung des t\u00e4glichen Betriebes. Umlaufverm\u00f6gen Das Umlaufverm\u00f6gen besteht aus Verm\u00f6gensgegenst\u00e4nden, welche dem Unternehmen nur f\u00fcr eine kurze und befristete&hellip;<\/p>\n","category_list_v2":"","author_info_v2":{"name":"PrudentWater","url":"https:\/\/prudentwater.com\/en\/author\/niklas33\/"},"comments_num_v2":"0 comments","_links":{"self":[{"href":"https:\/\/prudentwater.com\/en\/wp-json\/wp\/v2\/pages\/4478","targetHints":{"allow":["GET"]}}],"collection":[{"href":"https:\/\/prudentwater.com\/en\/wp-json\/wp\/v2\/pages"}],"about":[{"href":"https:\/\/prudentwater.com\/en\/wp-json\/wp\/v2\/types\/page"}],"author":[{"embeddable":true,"href":"https:\/\/prudentwater.com\/en\/wp-json\/wp\/v2\/users\/1"}],"replies":[{"embeddable":true,"href":"https:\/\/prudentwater.com\/en\/wp-json\/wp\/v2\/comments?post=4478"}],"version-history":[{"count":0,"href":"https:\/\/prudentwater.com\/en\/wp-json\/wp\/v2\/pages\/4478\/revisions"}],"wp:attachment":[{"href":"https:\/\/prudentwater.com\/en\/wp-json\/wp\/v2\/media?parent=4478"}],"curies":[{"name":"wp","href":"https:\/\/api.w.org\/{rel}","templated":true}]}}