{"id":451,"date":"2014-08-25T11:24:13","date_gmt":"2014-08-25T11:24:13","guid":{"rendered":"http:\/\/www.kunnskap.de\/?page_id=451"},"modified":"2021-06-25T12:48:24","modified_gmt":"2021-06-25T10:48:24","slug":"debt-equity-swap","status":"publish","type":"page","link":"https:\/\/prudentwater.com\/en\/debt-equity-swap\/","title":{"rendered":"Debt Equity Swap"},"content":{"rendered":"<p>Auch <strong>Gl\u00e4ubigerbeteiligung<\/strong><\/p>\n<p>Ein Debt Equity Swap ist eine Sanierungsma\u00dfnahme bei dem Unternehmen, die in finanzielle Schwierigkeiten geraten sind, zinstragende Verbindlichkeiten in Eigenkapital umwandeln k\u00f6nnen. Anstelle der noch offenen Forderung erh\u00e4lt der Gl\u00e4ubiger stattdessen eine Aktienbeteiligung am Unternehmen. Die Aktiengesellschaft kann somit Fremdkapital in Eigenkapital umwandeln und dadurch seine Finanzstabilit\u00e4t st\u00e4rken. Au\u00dferdem erh\u00f6ht sich durch den Swap die Eigenkapitalquote des Unternhemens. Der Gl\u00e4ubiger kann jedoch nicht zu einem Swap gezwungen werden. Er hat jedoch auch keinen Anspruch darauf, dass ein Insolvenzplan einen Debt-Equity-Swap vorsieht. Vor allem f\u00fcr Sanierungsma\u00dfnahmen wird dieser Vorgang oft verwendet. Bei einem Debt Equity Swap an der B\u00f6rse werden oftmals Anleihen des Schuldners in neue Aktien des Schuldners umgewandelt. Altaktion\u00e4re hingegen erleiden durch den Swap eine Kapitalverw\u00e4sserung, da nach dem Swap mehr Aktien des Unternehmens existieren als vorher, der Altaktion\u00e4r jedoch keine Chance hatte seinen Anteil entsprechend zu erh\u00f6hen.<\/p>\n<p>Die Forderungen des Gl\u00e4ubigers werden bei einem Debt Equity Swap oftmals mit einem Abschlag an einen Dritten verkauft. Somit gehen die Anteile am Unternehmen nicht auf den Gl\u00e4ubiger \u00fcber, sondern auf den Erwerber der Forderung. Der K\u00e4ufer ist oft eine Investmentbank oder ein Hedgefonds. Der Gl\u00e4ubiger erleidet dadurch zwar einen Verlust, da seine offenen Forderungen oftmals mit einem hohen Abschlag zum Nominalwert verkauft werden, allerdings erleidet er dadurch zumindest keinen Totalverlust.<\/p>\n","protected":false},"excerpt":{"rendered":"<p>Auch Gl\u00e4ubigerbeteiligung Ein Debt Equity Swap ist eine Sanierungsma\u00dfnahme bei dem Unternehmen, die in finanzielle Schwierigkeiten geraten sind, zinstragende Verbindlichkeiten in Eigenkapital umwandeln k\u00f6nnen. Anstelle der noch offenen Forderung erh\u00e4lt der Gl\u00e4ubiger stattdessen eine Aktienbeteiligung am Unternehmen. Die Aktiengesellschaft kann somit Fremdkapital in Eigenkapital umwandeln und dadurch seine Finanzstabilit\u00e4t st\u00e4rken. Au\u00dferdem erh\u00f6ht sich durch den [&hellip;]<\/p>\n","protected":false},"author":1,"featured_media":0,"parent":0,"menu_order":0,"comment_status":"closed","ping_status":"closed","template":"","meta":{"site-sidebar-layout":"default","site-content-layout":"","ast-site-content-layout":"","site-content-style":"default","site-sidebar-style":"default","ast-global-header-display":"","ast-banner-title-visibility":"","ast-main-header-display":"","ast-hfb-above-header-display":"","ast-hfb-below-header-display":"","ast-hfb-mobile-header-display":"","site-post-title":"","ast-breadcrumbs-content":"","ast-featured-img":"","footer-sml-layout":"","theme-transparent-header-meta":"","adv-header-id-meta":"","stick-header-meta":"","header-above-stick-meta":"","header-main-stick-meta":"","header-below-stick-meta":"","astra-migrate-meta-layouts":"default","ast-page-background-enabled":"default","ast-page-background-meta":{"desktop":{"background-color":"","background-image":"","background-repeat":"repeat","background-position":"center center","background-size":"auto","background-attachment":"scroll","background-type":"","background-media":"","overlay-type":"","overlay-color":"","overlay-opacity":"","overlay-gradient":""},"tablet":{"background-color":"","background-image":"","background-repeat":"repeat","background-position":"center center","background-size":"auto","background-attachment":"scroll","background-type":"","background-media":"","overlay-type":"","overlay-color":"","overlay-opacity":"","overlay-gradient":""},"mobile":{"background-color":"","background-image":"","background-repeat":"repeat","background-position":"center center","background-size":"auto","background-attachment":"scroll","background-type":"","background-media":"","overlay-type":"","overlay-color":"","overlay-opacity":"","overlay-gradient":""}},"ast-content-background-meta":{"desktop":{"background-color":"var(--ast-global-color-5)","background-image":"","background-repeat":"repeat","background-position":"center center","background-size":"auto","background-attachment":"scroll","background-type":"","background-media":"","overlay-type":"","overlay-color":"","overlay-opacity":"","overlay-gradient":""},"tablet":{"background-color":"var(--ast-global-color-5)","background-image":"","background-repeat":"repeat","background-position":"center center","background-size":"auto","background-attachment":"scroll","background-type":"","background-media":"","overlay-type":"","overlay-color":"","overlay-opacity":"","overlay-gradient":""},"mobile":{"background-color":"var(--ast-global-color-5)","background-image":"","background-repeat":"repeat","background-position":"center center","background-size":"auto","background-attachment":"scroll","background-type":"","background-media":"","overlay-type":"","overlay-color":"","overlay-opacity":"","overlay-gradient":""}},"footnotes":""},"class_list":["post-451","page","type-page","status-publish","hentry"],"translation":{"provider":"WPGlobus","version":"3.0.2","language":"en","enabled_languages":["de","en"],"languages":{"de":{"title":true,"content":true,"excerpt":false},"en":{"title":false,"content":false,"excerpt":false}}},"featured_image_urls_v2":{"full":"","thumbnail":"","medium":"","medium_large":"","large":"","1536x1536":"","2048x2048":""},"post_excerpt_stackable_v2":"<p>Auch Gl\u00e4ubigerbeteiligung Ein Debt Equity Swap ist eine Sanierungsma\u00dfnahme bei dem Unternehmen, die in finanzielle Schwierigkeiten geraten sind, zinstragende Verbindlichkeiten in Eigenkapital umwandeln k\u00f6nnen. Anstelle der noch offenen Forderung erh\u00e4lt der Gl\u00e4ubiger stattdessen eine Aktienbeteiligung am Unternehmen. Die Aktiengesellschaft kann somit Fremdkapital in Eigenkapital umwandeln und dadurch seine Finanzstabilit\u00e4t st\u00e4rken. Au\u00dferdem erh\u00f6ht sich durch den Swap die Eigenkapitalquote des Unternhemens. Der Gl\u00e4ubiger kann jedoch nicht zu einem Swap gezwungen werden. Er hat jedoch auch keinen Anspruch darauf, dass ein Insolvenzplan einen Debt-Equity-Swap vorsieht. Vor allem f\u00fcr Sanierungsma\u00dfnahmen wird dieser Vorgang oft verwendet. Bei einem Debt Equity Swap an der B\u00f6rse&hellip;<\/p>\n","category_list_v2":"","author_info_v2":{"name":"PrudentWater","url":"https:\/\/prudentwater.com\/en\/author\/niklas33\/"},"comments_num_v2":"0 comments","_links":{"self":[{"href":"https:\/\/prudentwater.com\/en\/wp-json\/wp\/v2\/pages\/451","targetHints":{"allow":["GET"]}}],"collection":[{"href":"https:\/\/prudentwater.com\/en\/wp-json\/wp\/v2\/pages"}],"about":[{"href":"https:\/\/prudentwater.com\/en\/wp-json\/wp\/v2\/types\/page"}],"author":[{"embeddable":true,"href":"https:\/\/prudentwater.com\/en\/wp-json\/wp\/v2\/users\/1"}],"replies":[{"embeddable":true,"href":"https:\/\/prudentwater.com\/en\/wp-json\/wp\/v2\/comments?post=451"}],"version-history":[{"count":0,"href":"https:\/\/prudentwater.com\/en\/wp-json\/wp\/v2\/pages\/451\/revisions"}],"wp:attachment":[{"href":"https:\/\/prudentwater.com\/en\/wp-json\/wp\/v2\/media?parent=451"}],"curies":[{"name":"wp","href":"https:\/\/api.w.org\/{rel}","templated":true}]}}