{"id":4514,"date":"2015-07-19T12:04:06","date_gmt":"2015-07-19T12:04:06","guid":{"rendered":"http:\/\/www.kunnskap.de\/?page_id=4514"},"modified":"2021-06-25T12:50:41","modified_gmt":"2021-06-25T10:50:41","slug":"zinsfuture","status":"publish","type":"page","link":"https:\/\/prudentwater.com\/en\/zinsfuture\/","title":{"rendered":"Zinsfuture"},"content":{"rendered":"<p>engl. <strong>Interest Future<\/strong><\/p>\n<p>Ein Zinsfuture ist ein standardisierter Terminkontrakt, mit dem sich der K\u00e4ufer gegen fallende und der Verk\u00e4ufer gegen steigende Zinsen absichern kann. Er dient also in erster Linie dazu, das Zins\u00e4nderungsrisiko zu eliminieren.<br \/>\nDer Zinsfuture verpflichtet dabei zu einem bestimmten Zeitpunkt ein vorab festgelegtes Zinsinstrument zu kaufen oder zu verkaufen. Der Basiswert und ist eine synthetische (fiktive) Anleihe mit einer definierten Laufzeit und einem definierten Kupon. Oftmals handelt es sich bei dem zugrunde liegenden Zinsinstrument um eine Staatsanleihe.<br \/>\nDer K\u00e4ufer eines Zinsfuture verpflichtet sich dazu, eine bestimmte Anleihe zu einem festgelegten Preis und zu einem fixen Datum zu kaufen. Damit spekuliert er auf sinkende Zinsen. Falls die Zinsen tats\u00e4chlich fallen, steigt gleichzeitig der Kurs der Anleihe und der K\u00e4ufer erzielt einen Gewinn. Der Verk\u00e4ufer des Zinsfuture verpflichtet sich hingegen, eine bestimmte Anleihe zu einem festgelegten Preis und zu einem fixen Datum zu verkaufen. Damit spekuliert er auf steigende Zinsen oder aber m\u00f6chte sich gegen steigende Zinsen absichern. Auf der Verk\u00e4uferseite dient der Zinsfuture also unter anderem dazu, wenn eine zuk\u00fcnftige Kreditaufnahme geplant ist, bis dahin aber steigende Zinsen erwartet werden. Falls die Zinsen tats\u00e4chlich steigen, f\u00e4llt gleichzeitig der Kurs der Anleihe und der Verk\u00e4ufer erzielt einen Gewinn. Dies deshalb, weil nun der Basispreis des Future \u00fcber dem aktuellen Marktpreis der Anleihe liegt. Er kann somit die Anleihe g\u00fcnstiger am Markt einkaufen und zu einem h\u00f6heren Kurs an den K\u00e4ufer des Zinsfuture verkaufen. Bei dem Zinsfuture handelt sich um ein unbedingtes Termingesch\u00e4ft, allerdings findet die physische Lieferung in den meisten F\u00e4llen nicht statt. In der Regel erfolgt eine Glattstellung, die Differenz bei diesem Gegengesch\u00e4ft entspricht dann dem erzielten Gewinn \/ Verlust.  <\/p>\n","protected":false},"excerpt":{"rendered":"<p>engl. Interest Future Ein Zinsfuture ist ein standardisierter Terminkontrakt, mit dem sich der K\u00e4ufer gegen fallende und der Verk\u00e4ufer gegen steigende Zinsen absichern kann. Er dient also in erster Linie dazu, das Zins\u00e4nderungsrisiko zu eliminieren. Der Zinsfuture verpflichtet dabei zu einem bestimmten Zeitpunkt ein vorab festgelegtes Zinsinstrument zu kaufen oder zu verkaufen. Der Basiswert und [&hellip;]<\/p>\n","protected":false},"author":1,"featured_media":0,"parent":0,"menu_order":0,"comment_status":"closed","ping_status":"closed","template":"","meta":{"site-sidebar-layout":"default","site-content-layout":"","ast-site-content-layout":"","site-content-style":"default","site-sidebar-style":"default","ast-global-header-display":"","ast-banner-title-visibility":"","ast-main-header-display":"","ast-hfb-above-header-display":"","ast-hfb-below-header-display":"","ast-hfb-mobile-header-display":"","site-post-title":"","ast-breadcrumbs-content":"","ast-featured-img":"","footer-sml-layout":"","theme-transparent-header-meta":"","adv-header-id-meta":"","stick-header-meta":"","header-above-stick-meta":"","header-main-stick-meta":"","header-below-stick-meta":"","astra-migrate-meta-layouts":"default","ast-page-background-enabled":"default","ast-page-background-meta":{"desktop":{"background-color":"","background-image":"","background-repeat":"repeat","background-position":"center center","background-size":"auto","background-attachment":"scroll","background-type":"","background-media":"","overlay-type":"","overlay-color":"","overlay-opacity":"","overlay-gradient":""},"tablet":{"background-color":"","background-image":"","background-repeat":"repeat","background-position":"center center","background-size":"auto","background-attachment":"scroll","background-type":"","background-media":"","overlay-type":"","overlay-color":"","overlay-opacity":"","overlay-gradient":""},"mobile":{"background-color":"","background-image":"","background-repeat":"repeat","background-position":"center center","background-size":"auto","background-attachment":"scroll","background-type":"","background-media":"","overlay-type":"","overlay-color":"","overlay-opacity":"","overlay-gradient":""}},"ast-content-background-meta":{"desktop":{"background-color":"var(--ast-global-color-5)","background-image":"","background-repeat":"repeat","background-position":"center center","background-size":"auto","background-attachment":"scroll","background-type":"","background-media":"","overlay-type":"","overlay-color":"","overlay-opacity":"","overlay-gradient":""},"tablet":{"background-color":"var(--ast-global-color-5)","background-image":"","background-repeat":"repeat","background-position":"center center","background-size":"auto","background-attachment":"scroll","background-type":"","background-media":"","overlay-type":"","overlay-color":"","overlay-opacity":"","overlay-gradient":""},"mobile":{"background-color":"var(--ast-global-color-5)","background-image":"","background-repeat":"repeat","background-position":"center center","background-size":"auto","background-attachment":"scroll","background-type":"","background-media":"","overlay-type":"","overlay-color":"","overlay-opacity":"","overlay-gradient":""}},"footnotes":""},"class_list":["post-4514","page","type-page","status-publish","hentry"],"translation":{"provider":"WPGlobus","version":"3.0.2","language":"en","enabled_languages":["de","en"],"languages":{"de":{"title":true,"content":true,"excerpt":false},"en":{"title":false,"content":false,"excerpt":false}}},"featured_image_urls_v2":{"full":"","thumbnail":"","medium":"","medium_large":"","large":"","1536x1536":"","2048x2048":""},"post_excerpt_stackable_v2":"<p>engl. Interest Future Ein Zinsfuture ist ein standardisierter Terminkontrakt, mit dem sich der K\u00e4ufer gegen fallende und der Verk\u00e4ufer gegen steigende Zinsen absichern kann. Er dient also in erster Linie dazu, das Zins\u00e4nderungsrisiko zu eliminieren. Der Zinsfuture verpflichtet dabei zu einem bestimmten Zeitpunkt ein vorab festgelegtes Zinsinstrument zu kaufen oder zu verkaufen. Der Basiswert und ist eine synthetische (fiktive) Anleihe mit einer definierten Laufzeit und einem definierten Kupon. Oftmals handelt es sich bei dem zugrunde liegenden Zinsinstrument um eine Staatsanleihe. Der K\u00e4ufer eines Zinsfuture verpflichtet sich dazu, eine bestimmte Anleihe zu einem festgelegten Preis und zu einem fixen Datum zu&hellip;<\/p>\n","category_list_v2":"","author_info_v2":{"name":"PrudentWater","url":"https:\/\/prudentwater.com\/en\/author\/niklas33\/"},"comments_num_v2":"0 comments","_links":{"self":[{"href":"https:\/\/prudentwater.com\/en\/wp-json\/wp\/v2\/pages\/4514","targetHints":{"allow":["GET"]}}],"collection":[{"href":"https:\/\/prudentwater.com\/en\/wp-json\/wp\/v2\/pages"}],"about":[{"href":"https:\/\/prudentwater.com\/en\/wp-json\/wp\/v2\/types\/page"}],"author":[{"embeddable":true,"href":"https:\/\/prudentwater.com\/en\/wp-json\/wp\/v2\/users\/1"}],"replies":[{"embeddable":true,"href":"https:\/\/prudentwater.com\/en\/wp-json\/wp\/v2\/comments?post=4514"}],"version-history":[{"count":0,"href":"https:\/\/prudentwater.com\/en\/wp-json\/wp\/v2\/pages\/4514\/revisions"}],"wp:attachment":[{"href":"https:\/\/prudentwater.com\/en\/wp-json\/wp\/v2\/media?parent=4514"}],"curies":[{"name":"wp","href":"https:\/\/api.w.org\/{rel}","templated":true}]}}