{"id":453,"date":"2014-08-25T12:05:48","date_gmt":"2014-08-25T12:05:48","guid":{"rendered":"http:\/\/www.kunnskap.de\/?page_id=453"},"modified":"2021-06-25T12:48:57","modified_gmt":"2021-06-25T10:48:57","slug":"disagio","status":"publish","type":"page","link":"https:\/\/prudentwater.com\/en\/disagio\/","title":{"rendered":"Disagio"},"content":{"rendered":"<p>Auch <strong>Ausgabeabschlag<\/strong>, <strong>Damnum<\/strong> oder <strong>Abgeld<\/strong><\/p>\n<h4>Disagio bei Krediten<\/h4>\n<p>Das Disagio ist die Differenz zwischen dem Ausgabebetrag und dem h\u00f6heren R\u00fcckzahlungsbetrages eines Kredites. Der Kreditgeber zahlt also nicht den gesamten Kreditbetrag aus, sondern zieht vor der Auszahlung eine bestimmte Summe ab.<\/p>\n<hr>\n<p><center><\/p>\n<h6>Beispiel:<\/h6>\n<p>Nominalwert und R\u00fcckzahlungsbetrag des Kredites: 100.000 Euro<br \/>\nBetrag der ausgezahlt wird: 98.000.<br \/>\nDisagio: 2.000 Euro<br \/>\n<\/center><\/p>\n<hr>\n<p>Durch das Disagio wird der Zinssatz niedriger, da bereits eine Geb\u00fchr in H\u00f6he des Disagios bezahlt hat. Es wirkt sich somit auf den laufenden Zinssatz mindernd aus. F\u00fcr Banken kann dies steuerliche Vorteile haben. Zudem kann mit einem vermeintlich niedrigeren Zinssatz geworben werden.<\/p>\n<h4>Disagio bei Anleihen<\/h4>\n<p>Bei Anleihen sorgt das Disagio zu einem h\u00f6heren Effektivzins. Eine Anleihe weist grunds\u00e4tzlich einen Nominalwert von 100 % auf. Zu dem Nominalwert von 100 % wird die Anleihe bei F\u00e4lligkeit auch vom Emittenten zur\u00fcckgenommen. Wird die Anleihe vorher jedoch vom Anleger unter 100 % gekauft, so ist das Disagio, also die Differenz zwischen Kaufkurs und Nominalwert, ein zus\u00e4tzlicher Kursgewinn neben den j\u00e4hrlichen Zinszahlungen und beeinflusst positiv die Gesamtrendite des Investments.<\/p>\n<h4>Disagio bei Aktien<\/h4>\n<p>Bei Aktien ist ein Disagio &#8211; also ein Abschlag auf den Nominalwert der Aktien &#8211; verboten und existiert somit nicht.<\/p>\n","protected":false},"excerpt":{"rendered":"<p>Auch Ausgabeabschlag, Damnum oder Abgeld Disagio bei Krediten Das Disagio ist die Differenz zwischen dem Ausgabebetrag und dem h\u00f6heren R\u00fcckzahlungsbetrages eines Kredites. Der Kreditgeber zahlt also nicht den gesamten Kreditbetrag aus, sondern zieht vor der Auszahlung eine bestimmte Summe ab. Beispiel: Nominalwert und R\u00fcckzahlungsbetrag des Kredites: 100.000 Euro Betrag der ausgezahlt wird: 98.000. Disagio: 2.000 [&hellip;]<\/p>\n","protected":false},"author":1,"featured_media":0,"parent":0,"menu_order":0,"comment_status":"closed","ping_status":"closed","template":"","meta":{"site-sidebar-layout":"default","site-content-layout":"","ast-site-content-layout":"","site-content-style":"default","site-sidebar-style":"default","ast-global-header-display":"","ast-banner-title-visibility":"","ast-main-header-display":"","ast-hfb-above-header-display":"","ast-hfb-below-header-display":"","ast-hfb-mobile-header-display":"","site-post-title":"","ast-breadcrumbs-content":"","ast-featured-img":"","footer-sml-layout":"","theme-transparent-header-meta":"","adv-header-id-meta":"","stick-header-meta":"","header-above-stick-meta":"","header-main-stick-meta":"","header-below-stick-meta":"","astra-migrate-meta-layouts":"default","ast-page-background-enabled":"default","ast-page-background-meta":{"desktop":{"background-color":"","background-image":"","background-repeat":"repeat","background-position":"center center","background-size":"auto","background-attachment":"scroll","background-type":"","background-media":"","overlay-type":"","overlay-color":"","overlay-opacity":"","overlay-gradient":""},"tablet":{"background-color":"","background-image":"","background-repeat":"repeat","background-position":"center center","background-size":"auto","background-attachment":"scroll","background-type":"","background-media":"","overlay-type":"","overlay-color":"","overlay-opacity":"","overlay-gradient":""},"mobile":{"background-color":"","background-image":"","background-repeat":"repeat","background-position":"center center","background-size":"auto","background-attachment":"scroll","background-type":"","background-media":"","overlay-type":"","overlay-color":"","overlay-opacity":"","overlay-gradient":""}},"ast-content-background-meta":{"desktop":{"background-color":"var(--ast-global-color-5)","background-image":"","background-repeat":"repeat","background-position":"center center","background-size":"auto","background-attachment":"scroll","background-type":"","background-media":"","overlay-type":"","overlay-color":"","overlay-opacity":"","overlay-gradient":""},"tablet":{"background-color":"var(--ast-global-color-5)","background-image":"","background-repeat":"repeat","background-position":"center center","background-size":"auto","background-attachment":"scroll","background-type":"","background-media":"","overlay-type":"","overlay-color":"","overlay-opacity":"","overlay-gradient":""},"mobile":{"background-color":"var(--ast-global-color-5)","background-image":"","background-repeat":"repeat","background-position":"center center","background-size":"auto","background-attachment":"scroll","background-type":"","background-media":"","overlay-type":"","overlay-color":"","overlay-opacity":"","overlay-gradient":""}},"footnotes":""},"class_list":["post-453","page","type-page","status-publish","hentry"],"translation":{"provider":"WPGlobus","version":"3.0.2","language":"en","enabled_languages":["de","en"],"languages":{"de":{"title":true,"content":true,"excerpt":false},"en":{"title":false,"content":false,"excerpt":false}}},"featured_image_urls_v2":{"full":"","thumbnail":"","medium":"","medium_large":"","large":"","1536x1536":"","2048x2048":""},"post_excerpt_stackable_v2":"<p>Auch Ausgabeabschlag, Damnum oder Abgeld Disagio bei Krediten Das Disagio ist die Differenz zwischen dem Ausgabebetrag und dem h\u00f6heren R\u00fcckzahlungsbetrages eines Kredites. Der Kreditgeber zahlt also nicht den gesamten Kreditbetrag aus, sondern zieht vor der Auszahlung eine bestimmte Summe ab. Beispiel: Nominalwert und R\u00fcckzahlungsbetrag des Kredites: 100.000 Euro Betrag der ausgezahlt wird: 98.000. Disagio: 2.000 Euro Durch das Disagio wird der Zinssatz niedriger, da bereits eine Geb\u00fchr in H\u00f6he des Disagios bezahlt hat. Es wirkt sich somit auf den laufenden Zinssatz mindernd aus. F\u00fcr Banken kann dies steuerliche Vorteile haben. Zudem kann mit einem vermeintlich niedrigeren Zinssatz geworben werden. Disagio&hellip;<\/p>\n","category_list_v2":"","author_info_v2":{"name":"PrudentWater","url":"https:\/\/prudentwater.com\/en\/author\/niklas33\/"},"comments_num_v2":"0 comments","_links":{"self":[{"href":"https:\/\/prudentwater.com\/en\/wp-json\/wp\/v2\/pages\/453","targetHints":{"allow":["GET"]}}],"collection":[{"href":"https:\/\/prudentwater.com\/en\/wp-json\/wp\/v2\/pages"}],"about":[{"href":"https:\/\/prudentwater.com\/en\/wp-json\/wp\/v2\/types\/page"}],"author":[{"embeddable":true,"href":"https:\/\/prudentwater.com\/en\/wp-json\/wp\/v2\/users\/1"}],"replies":[{"embeddable":true,"href":"https:\/\/prudentwater.com\/en\/wp-json\/wp\/v2\/comments?post=453"}],"version-history":[{"count":0,"href":"https:\/\/prudentwater.com\/en\/wp-json\/wp\/v2\/pages\/453\/revisions"}],"wp:attachment":[{"href":"https:\/\/prudentwater.com\/en\/wp-json\/wp\/v2\/media?parent=453"}],"curies":[{"name":"wp","href":"https:\/\/api.w.org\/{rel}","templated":true}]}}