{"id":458,"date":"2014-08-25T15:20:21","date_gmt":"2014-08-25T15:20:21","guid":{"rendered":"http:\/\/www.kunnskap.de\/?page_id=458"},"modified":"2023-01-04T12:59:42","modified_gmt":"2023-01-04T11:59:42","slug":"libor","status":"publish","type":"page","link":"https:\/\/prudentwater.com\/en\/libor\/","title":{"rendered":"LIBOR"},"content":{"rendered":"<p><b>London InterBank Offered Rate (LIBOR)<\/b><\/p>\n\n\n<div class=\"wp-block-stackable-notification stk-block-notification stk-block stk-b3a7798 is-style-plain\" data-block-id=\"b3a7798\"><style>.stk-b3a7798{box-shadow:0px 2px 20px rgba(153,153,153,0.2) !important}.stk-b3a7798-container{border-radius:20px !important;overflow:hidden !important;box-shadow:0px 10px 60px rgba(0,0,0,0.1) !important}.stk-b3a7798 .stk-block-notification__content{padding-top:32px !important;padding-right:32px !important;padding-bottom:32px !important;padding-left:32px !important}<\/style><div class=\"stk-block-notification__content stk-content-align stk-b3a7798-column stk-container stk-b3a7798-container stk--no-background stk--no-padding\"><div class=\"stk-block-content stk-inner-blocks\">\n<div class=\"wp-block-stackable-heading stk-block-heading stk-block stk-40c06f9\" id=\"strong-zentrale-kernaussagen-strong\" data-block-id=\"40c06f9\"><style>.stk-40c06f9{margin-bottom:15px !important}.stk-40c06f9 .stk-block-heading__text{font-size:16px !important;margin:0 !important;color:#da8611 !important;font-weight:400 !important;letter-spacing:1px !important}@media screen and (max-width:1023px){.stk-40c06f9 .stk-block-heading__text{font-size:17px !important}}<\/style><h2 class=\"stk-block-heading__text has-text-color\"><b>ZENTRALE KERNAUSSAGEN<\/b><\/h2><\/div>\n\n\n\n<ul class=\"has-ast-global-color-8-color has-text-color wp-block-list\" style=\"font-size:16px;font-style:normal;font-weight:500;line-height:2\">\n<li>Der LIBOR bildete den durchschnittlichen Zinssatz ab, zu dem sich Banken untereinander kurzfristig Gelder leihen konnten. Er war weiltweit der wichtigste Zinssatz f\u00fcr verschiedene W\u00e4hrungen und galt als Grundlage f\u00fcr viele Finanzprodukte, da er oft als Basiszinssatz betrachtet wurde.<\/li>\n\n\n\n<li>Nach 2012 brach ein Skandal um die manipulative Festsetzung des LIBOR aus. Dies f\u00fchrte zur Anklage gegen H\u00e4ndler, die den Zinssatz zu ihren Gunsten manipuliert hatten und schlie\u00dflich zu Geldstrafen von rund 9 Billionen US-Dollar f\u00fcr Banken weltweit. <\/li>\n\n\n<\/ul>\n<\/div><\/div><\/div>\n\n\n<p>LIBOR ist ein Interbankenzinssatz, zu dem eine Gruppe von Banken auf dem Londoner Geldmarkt bereit war, einander Kredite zu geben. International war der LIBOR der wichtigste Referenzzinssatz und galt als Basiszinssatz f\u00fcr Finanzierungskosten in H\u00f6he von rund $225 Billionen. Darunter fielen Finanzierungsgesch\u00e4fte wie Hypotheken, Studentendarlehen sowie Firmenkredite. Der LIBOR wurde dabei f\u00fcr mehrere W\u00e4hrungen ermittelt. Um den LIBOR zu berechnen, wurden t\u00e4glich mindestens acht bedeutende Banken im Eurodepositenhandel als Referenzbanken gew\u00e4hlt. Diese mussten ihre jeweiligen Briefs\u00e4tze mitteilen, wonach dann ein arithmetisches Mittel gebildet und um 11.30 Uhr anschlie\u00dfend daraus der LIBOR in London ver\u00f6ffentlicht wurde. Der Libor basierte jedoch nicht auf die tats\u00e4chlich durchgef\u00fchrten Transaktionen, sondern er wurde durch die Quotierungen der verschiedenen Banken berechnet.<\/p>\n<h3>Das Auslaufen des LIBOR als Referenzzinssatz<\/h3>\n<p>Nach dem LIBOR-Skandal im Jahre 2012, bei dem Investmentbanker den Zinssatz zu ihren Gunsten hin manipulierten und die damit anschlie\u00dfende einhergehende schwindende Relevanz als internationaler Referenzzinssatz, hat die britische Regulierungsbeh\u00f6rde entschieden, den LIBOR bis zum Jahre 2021 einzustellen. Bis Ende Januar 2022 wurden allerdings erst 24 der 35 LIBOR-S\u00e4tze eingestellt, die restlichen LIBOR-S\u00e4tze laufen jedoch schrittweise bis Juni 2023 aus. Als Ersatz f\u00fcr den LIBOR gibt es aktuell mehrere verschiedene Referenzzinss\u00e4tze. So ist der Sonia der LIBOR-Ersatz f\u00fcr Finanzmarktgesch\u00e4fte in der W\u00e4hrung Britisches Pfund, der Tona gilt f\u00fcr die W\u00e4hrung Japanischer Yen, der Saron f\u00fcr die W\u00e4hrung Schweizer Franken und der Sofr f\u00fcr die W\u00e4hrung US Dollar. F\u00fcr Finanzmarktgesch\u00e4fte in der W\u00e4hrung Euro gilt der EURIBOR, dieser Referenzzinssatz ist jedoch schon seit vielen Jahren aktiv.<\/p>","protected":false},"excerpt":{"rendered":"<p>London InterBank Offered Rate (LIBOR) ZENTRALE KERNAUSSAGEN LIBOR ist ein Interbankenzinssatz, zu dem eine Gruppe von Banken auf dem Londoner Geldmarkt bereit war, einander Kredite zu geben. International war der LIBOR der wichtigste Referenzzinssatz und galt als Basiszinssatz f\u00fcr Finanzierungskosten in H\u00f6he von rund $225 Billionen. Darunter fielen Finanzierungsgesch\u00e4fte wie Hypotheken, Studentendarlehen sowie Firmenkredite. Der [&hellip;]<\/p>\n","protected":false},"author":1,"featured_media":0,"parent":0,"menu_order":0,"comment_status":"closed","ping_status":"closed","template":"","meta":{"site-sidebar-layout":"default","site-content-layout":"","ast-site-content-layout":"","site-content-style":"default","site-sidebar-style":"default","ast-global-header-display":"","ast-banner-title-visibility":"","ast-main-header-display":"","ast-hfb-above-header-display":"","ast-hfb-below-header-display":"","ast-hfb-mobile-header-display":"","site-post-title":"","ast-breadcrumbs-content":"","ast-featured-img":"","footer-sml-layout":"","theme-transparent-header-meta":"","adv-header-id-meta":"","stick-header-meta":"","header-above-stick-meta":"","header-main-stick-meta":"","header-below-stick-meta":"","astra-migrate-meta-layouts":"default","ast-page-background-enabled":"default","ast-page-background-meta":{"desktop":{"background-color":"","background-image":"","background-repeat":"repeat","background-position":"center center","background-size":"auto","background-attachment":"scroll","background-type":"","background-media":"","overlay-type":"","overlay-color":"","overlay-opacity":"","overlay-gradient":""},"tablet":{"background-color":"","background-image":"","background-repeat":"repeat","background-position":"center center","background-size":"auto","background-attachment":"scroll","background-type":"","background-media":"","overlay-type":"","overlay-color":"","overlay-opacity":"","overlay-gradient":""},"mobile":{"background-color":"","background-image":"","background-repeat":"repeat","background-position":"center center","background-size":"auto","background-attachment":"scroll","background-type":"","background-media":"","overlay-type":"","overlay-color":"","overlay-opacity":"","overlay-gradient":""}},"ast-content-background-meta":{"desktop":{"background-color":"var(--ast-global-color-5)","background-image":"","background-repeat":"repeat","background-position":"center center","background-size":"auto","background-attachment":"scroll","background-type":"","background-media":"","overlay-type":"","overlay-color":"","overlay-opacity":"","overlay-gradient":""},"tablet":{"background-color":"var(--ast-global-color-5)","background-image":"","background-repeat":"repeat","background-position":"center center","background-size":"auto","background-attachment":"scroll","background-type":"","background-media":"","overlay-type":"","overlay-color":"","overlay-opacity":"","overlay-gradient":""},"mobile":{"background-color":"var(--ast-global-color-5)","background-image":"","background-repeat":"repeat","background-position":"center center","background-size":"auto","background-attachment":"scroll","background-type":"","background-media":"","overlay-type":"","overlay-color":"","overlay-opacity":"","overlay-gradient":""}},"footnotes":""},"class_list":["post-458","page","type-page","status-publish","hentry"],"translation":{"provider":"WPGlobus","version":"3.0.2","language":"en","enabled_languages":["de","en"],"languages":{"de":{"title":true,"content":true,"excerpt":false},"en":{"title":false,"content":false,"excerpt":false}}},"featured_image_urls_v2":{"full":"","thumbnail":"","medium":"","medium_large":"","large":"","1536x1536":"","2048x2048":""},"post_excerpt_stackable_v2":"<p>London InterBank Offered Rate (LIBOR) ZENTRALE KERNAUSSAGEN Der LIBOR bildete den durchschnittlichen Zinssatz ab, zu dem sich Banken untereinander kurzfristig Gelder leihen konnten. Er war weiltweit der wichtigste Zinssatz f\u00fcr verschiedene W\u00e4hrungen und galt als Grundlage f\u00fcr viele Finanzprodukte, da er oft als Basiszinssatz betrachtet wurde. Nach 2012 brach ein Skandal um die manipulative Festsetzung des LIBOR aus. Dies f\u00fchrte zur Anklage gegen H\u00e4ndler, die den Zinssatz zu ihren Gunsten manipuliert hatten und schlie\u00dflich zu Geldstrafen von rund 9 Billionen US-Dollar f\u00fcr Banken weltweit. LIBOR ist ein Interbankenzinssatz, zu dem eine Gruppe von Banken auf dem Londoner Geldmarkt bereit war,&hellip;<\/p>\n","category_list_v2":"","author_info_v2":{"name":"PrudentWater","url":"https:\/\/prudentwater.com\/en\/author\/niklas33\/"},"comments_num_v2":"0 comments","_links":{"self":[{"href":"https:\/\/prudentwater.com\/en\/wp-json\/wp\/v2\/pages\/458","targetHints":{"allow":["GET"]}}],"collection":[{"href":"https:\/\/prudentwater.com\/en\/wp-json\/wp\/v2\/pages"}],"about":[{"href":"https:\/\/prudentwater.com\/en\/wp-json\/wp\/v2\/types\/page"}],"author":[{"embeddable":true,"href":"https:\/\/prudentwater.com\/en\/wp-json\/wp\/v2\/users\/1"}],"replies":[{"embeddable":true,"href":"https:\/\/prudentwater.com\/en\/wp-json\/wp\/v2\/comments?post=458"}],"version-history":[{"count":0,"href":"https:\/\/prudentwater.com\/en\/wp-json\/wp\/v2\/pages\/458\/revisions"}],"wp:attachment":[{"href":"https:\/\/prudentwater.com\/en\/wp-json\/wp\/v2\/media?parent=458"}],"curies":[{"name":"wp","href":"https:\/\/api.w.org\/{rel}","templated":true}]}}