{"id":4591,"date":"2015-07-30T07:45:56","date_gmt":"2015-07-30T07:45:56","guid":{"rendered":"http:\/\/www.kunnskap.de\/?page_id=4591"},"modified":"2021-06-25T12:49:02","modified_gmt":"2021-06-25T10:49:02","slug":"full-recourse","status":"publish","type":"page","link":"https:\/\/prudentwater.com\/en\/full-recourse\/","title":{"rendered":"Full Recourse"},"content":{"rendered":"<p>Full Recourse ist eine von mehreren m\u00f6glichen Covenants in Anleihenbedienungen oder Kreditvertr\u00e4gen. Die Klausel besagt, dass wenn ein Insolvenzfall des Schuldners eintritt, die Gl\u00e4ubiger das Recht haben, volle Anspr\u00fcche gegen\u00fcber dem Schuldner geltend zu machen, auch dann, wenn keine Sicherheiten hinterlegt sind. Bei einem Full Recourse-Kredit hat der Schuldner die M\u00f6glichkeit, auf das private Verm\u00f6gen des Gl\u00e4ubigers zuzugreifen, um seine Anspr\u00fcche geltend zu machen. Oder aber falls es sich bei dem Emittenten bzw. dem Schuldner um eine Tochtergesellschaft handelt, so kann der Gl\u00e4ubiger die ausstehenden Forderungen von der Muttergesellschaft verlangen. <\/p>\n","protected":false},"excerpt":{"rendered":"<p>Full Recourse ist eine von mehreren m\u00f6glichen Covenants in Anleihenbedienungen oder Kreditvertr\u00e4gen. Die Klausel besagt, dass wenn ein Insolvenzfall des Schuldners eintritt, die Gl\u00e4ubiger das Recht haben, volle Anspr\u00fcche gegen\u00fcber dem Schuldner geltend zu machen, auch dann, wenn keine Sicherheiten hinterlegt sind. Bei einem Full Recourse-Kredit hat der Schuldner die M\u00f6glichkeit, auf das private Verm\u00f6gen [&hellip;]<\/p>\n","protected":false},"author":1,"featured_media":0,"parent":0,"menu_order":0,"comment_status":"closed","ping_status":"closed","template":"","meta":{"site-sidebar-layout":"default","site-content-layout":"","ast-site-content-layout":"","site-content-style":"default","site-sidebar-style":"default","ast-global-header-display":"","ast-banner-title-visibility":"","ast-main-header-display":"","ast-hfb-above-header-display":"","ast-hfb-below-header-display":"","ast-hfb-mobile-header-display":"","site-post-title":"","ast-breadcrumbs-content":"","ast-featured-img":"","footer-sml-layout":"","theme-transparent-header-meta":"","adv-header-id-meta":"","stick-header-meta":"","header-above-stick-meta":"","header-main-stick-meta":"","header-below-stick-meta":"","astra-migrate-meta-layouts":"default","ast-page-background-enabled":"default","ast-page-background-meta":{"desktop":{"background-color":"","background-image":"","background-repeat":"repeat","background-position":"center center","background-size":"auto","background-attachment":"scroll","background-type":"","background-media":"","overlay-type":"","overlay-color":"","overlay-opacity":"","overlay-gradient":""},"tablet":{"background-color":"","background-image":"","background-repeat":"repeat","background-position":"center center","background-size":"auto","background-attachment":"scroll","background-type":"","background-media":"","overlay-type":"","overlay-color":"","overlay-opacity":"","overlay-gradient":""},"mobile":{"background-color":"","background-image":"","background-repeat":"repeat","background-position":"center center","background-size":"auto","background-attachment":"scroll","background-type":"","background-media":"","overlay-type":"","overlay-color":"","overlay-opacity":"","overlay-gradient":""}},"ast-content-background-meta":{"desktop":{"background-color":"var(--ast-global-color-5)","background-image":"","background-repeat":"repeat","background-position":"center center","background-size":"auto","background-attachment":"scroll","background-type":"","background-media":"","overlay-type":"","overlay-color":"","overlay-opacity":"","overlay-gradient":""},"tablet":{"background-color":"var(--ast-global-color-5)","background-image":"","background-repeat":"repeat","background-position":"center center","background-size":"auto","background-attachment":"scroll","background-type":"","background-media":"","overlay-type":"","overlay-color":"","overlay-opacity":"","overlay-gradient":""},"mobile":{"background-color":"var(--ast-global-color-5)","background-image":"","background-repeat":"repeat","background-position":"center center","background-size":"auto","background-attachment":"scroll","background-type":"","background-media":"","overlay-type":"","overlay-color":"","overlay-opacity":"","overlay-gradient":""}},"footnotes":""},"class_list":["post-4591","page","type-page","status-publish","hentry"],"translation":{"provider":"WPGlobus","version":"3.0.2","language":"en","enabled_languages":["de","en"],"languages":{"de":{"title":true,"content":true,"excerpt":false},"en":{"title":false,"content":false,"excerpt":false}}},"featured_image_urls_v2":{"full":"","thumbnail":"","medium":"","medium_large":"","large":"","1536x1536":"","2048x2048":""},"post_excerpt_stackable_v2":"<p>Full Recourse ist eine von mehreren m\u00f6glichen Covenants in Anleihenbedienungen oder Kreditvertr\u00e4gen. Die Klausel besagt, dass wenn ein Insolvenzfall des Schuldners eintritt, die Gl\u00e4ubiger das Recht haben, volle Anspr\u00fcche gegen\u00fcber dem Schuldner geltend zu machen, auch dann, wenn keine Sicherheiten hinterlegt sind. Bei einem Full Recourse-Kredit hat der Schuldner die M\u00f6glichkeit, auf das private Verm\u00f6gen des Gl\u00e4ubigers zuzugreifen, um seine Anspr\u00fcche geltend zu machen. Oder aber falls es sich bei dem Emittenten bzw. dem Schuldner um eine Tochtergesellschaft handelt, so kann der Gl\u00e4ubiger die ausstehenden Forderungen von der Muttergesellschaft verlangen.<\/p>\n","category_list_v2":"","author_info_v2":{"name":"PrudentWater","url":"https:\/\/prudentwater.com\/en\/author\/niklas33\/"},"comments_num_v2":"0 comments","_links":{"self":[{"href":"https:\/\/prudentwater.com\/en\/wp-json\/wp\/v2\/pages\/4591","targetHints":{"allow":["GET"]}}],"collection":[{"href":"https:\/\/prudentwater.com\/en\/wp-json\/wp\/v2\/pages"}],"about":[{"href":"https:\/\/prudentwater.com\/en\/wp-json\/wp\/v2\/types\/page"}],"author":[{"embeddable":true,"href":"https:\/\/prudentwater.com\/en\/wp-json\/wp\/v2\/users\/1"}],"replies":[{"embeddable":true,"href":"https:\/\/prudentwater.com\/en\/wp-json\/wp\/v2\/comments?post=4591"}],"version-history":[{"count":0,"href":"https:\/\/prudentwater.com\/en\/wp-json\/wp\/v2\/pages\/4591\/revisions"}],"wp:attachment":[{"href":"https:\/\/prudentwater.com\/en\/wp-json\/wp\/v2\/media?parent=4591"}],"curies":[{"name":"wp","href":"https:\/\/api.w.org\/{rel}","templated":true}]}}