{"id":4669,"date":"2015-08-04T08:06:50","date_gmt":"2015-08-04T08:06:50","guid":{"rendered":"http:\/\/www.kunnskap.de\/?page_id=4669"},"modified":"2021-06-25T12:48:59","modified_gmt":"2021-06-25T10:48:59","slug":"erganzungskapital","status":"publish","type":"page","link":"https:\/\/prudentwater.com\/en\/erganzungskapital\/","title":{"rendered":"Erg\u00e4nzungskapital"},"content":{"rendered":"<p>Auch <strong>Tier-2-Kapital<\/strong><\/p>\n<p>Das Erg\u00e4nzungskapital bildet einen Teil der Eigenmittel. Erg\u00e4nzungskapital zeichnet sich dadurch aus, dass es den Unternehmen von Dritten zur Verf\u00fcgung gestellt wird. Es steht dem Unternehmen somit erg\u00e4nzend zum Kernkapital zur Verf\u00fcgung.<br \/>\nEigenkapital und Erg\u00e4nzungskapital dienen als Sicherheit gegen\u00fcber m\u00f6glichen Gl\u00e4ubigern und bilden somit das haftende Eigenkapital des Unternehmens.<\/p>\n<p>Unterteilt wird das Erg\u00e4nzungskapital in:<\/p>\n<p><strong>Erg\u00e4nzungskapital 1. Klasse (Upper Tier 2)<\/strong><br \/>\nDas Erg\u00e4nzungskapital 1. Klasse darf nicht gr\u00f6\u00dfer sein als 100 % des Kernkapitals des Unternehmens.<br \/>\nEs setzt sich unter anderem zusammen aus Genussrechtskapital, bestimmte Vorsorgereserven und nachrangigen Verbindlichkeiten.<\/p>\n<p><strong>Erg\u00e4nzungskapital 2. Klasse (Lower Tier 2)<\/strong><br \/>\nDas Erg\u00e4nzungskapital 2. Klasse darf nicht gr\u00f6\u00dfer sein als 50 % des Kernkapitals der Bank. Es setzt sich unter anderem zusammen aus l\u00e4ngerfristigen nachrangigen Verbindlichkeiten und einem m\u00f6glichen Haftsummenzuschlag.<\/p>\n<p>Erg\u00e4nzungskapital 1. Klasse und Erg\u00e4nzungskapital 2. Klasse d\u00fcrfen zusammengerechnet nicht das Kernkapital des Kreditinstitutes \u00fcbersteigen.<\/p>\n","protected":false},"excerpt":{"rendered":"<p>Auch Tier-2-Kapital Das Erg\u00e4nzungskapital bildet einen Teil der Eigenmittel. Erg\u00e4nzungskapital zeichnet sich dadurch aus, dass es den Unternehmen von Dritten zur Verf\u00fcgung gestellt wird. Es steht dem Unternehmen somit erg\u00e4nzend zum Kernkapital zur Verf\u00fcgung. Eigenkapital und Erg\u00e4nzungskapital dienen als Sicherheit gegen\u00fcber m\u00f6glichen Gl\u00e4ubigern und bilden somit das haftende Eigenkapital des Unternehmens. Unterteilt wird das Erg\u00e4nzungskapital [&hellip;]<\/p>\n","protected":false},"author":1,"featured_media":0,"parent":0,"menu_order":0,"comment_status":"closed","ping_status":"closed","template":"","meta":{"site-sidebar-layout":"default","site-content-layout":"","ast-site-content-layout":"","site-content-style":"default","site-sidebar-style":"default","ast-global-header-display":"","ast-banner-title-visibility":"","ast-main-header-display":"","ast-hfb-above-header-display":"","ast-hfb-below-header-display":"","ast-hfb-mobile-header-display":"","site-post-title":"","ast-breadcrumbs-content":"","ast-featured-img":"","footer-sml-layout":"","theme-transparent-header-meta":"","adv-header-id-meta":"","stick-header-meta":"","header-above-stick-meta":"","header-main-stick-meta":"","header-below-stick-meta":"","astra-migrate-meta-layouts":"default","ast-page-background-enabled":"default","ast-page-background-meta":{"desktop":{"background-color":"","background-image":"","background-repeat":"repeat","background-position":"center center","background-size":"auto","background-attachment":"scroll","background-type":"","background-media":"","overlay-type":"","overlay-color":"","overlay-opacity":"","overlay-gradient":""},"tablet":{"background-color":"","background-image":"","background-repeat":"repeat","background-position":"center center","background-size":"auto","background-attachment":"scroll","background-type":"","background-media":"","overlay-type":"","overlay-color":"","overlay-opacity":"","overlay-gradient":""},"mobile":{"background-color":"","background-image":"","background-repeat":"repeat","background-position":"center center","background-size":"auto","background-attachment":"scroll","background-type":"","background-media":"","overlay-type":"","overlay-color":"","overlay-opacity":"","overlay-gradient":""}},"ast-content-background-meta":{"desktop":{"background-color":"var(--ast-global-color-5)","background-image":"","background-repeat":"repeat","background-position":"center center","background-size":"auto","background-attachment":"scroll","background-type":"","background-media":"","overlay-type":"","overlay-color":"","overlay-opacity":"","overlay-gradient":""},"tablet":{"background-color":"var(--ast-global-color-5)","background-image":"","background-repeat":"repeat","background-position":"center center","background-size":"auto","background-attachment":"scroll","background-type":"","background-media":"","overlay-type":"","overlay-color":"","overlay-opacity":"","overlay-gradient":""},"mobile":{"background-color":"var(--ast-global-color-5)","background-image":"","background-repeat":"repeat","background-position":"center center","background-size":"auto","background-attachment":"scroll","background-type":"","background-media":"","overlay-type":"","overlay-color":"","overlay-opacity":"","overlay-gradient":""}},"footnotes":""},"class_list":["post-4669","page","type-page","status-publish","hentry"],"translation":{"provider":"WPGlobus","version":"3.0.2","language":"en","enabled_languages":["de","en"],"languages":{"de":{"title":true,"content":true,"excerpt":false},"en":{"title":false,"content":false,"excerpt":false}}},"featured_image_urls_v2":{"full":"","thumbnail":"","medium":"","medium_large":"","large":"","1536x1536":"","2048x2048":""},"post_excerpt_stackable_v2":"<p>Auch Tier-2-Kapital Das Erg\u00e4nzungskapital bildet einen Teil der Eigenmittel. Erg\u00e4nzungskapital zeichnet sich dadurch aus, dass es den Unternehmen von Dritten zur Verf\u00fcgung gestellt wird. Es steht dem Unternehmen somit erg\u00e4nzend zum Kernkapital zur Verf\u00fcgung. Eigenkapital und Erg\u00e4nzungskapital dienen als Sicherheit gegen\u00fcber m\u00f6glichen Gl\u00e4ubigern und bilden somit das haftende Eigenkapital des Unternehmens. Unterteilt wird das Erg\u00e4nzungskapital in: Erg\u00e4nzungskapital 1. Klasse (Upper Tier 2) Das Erg\u00e4nzungskapital 1. Klasse darf nicht gr\u00f6\u00dfer sein als 100 % des Kernkapitals des Unternehmens. Es setzt sich unter anderem zusammen aus Genussrechtskapital, bestimmte Vorsorgereserven und nachrangigen Verbindlichkeiten. Erg\u00e4nzungskapital 2. Klasse (Lower Tier 2) Das Erg\u00e4nzungskapital 2. Klasse&hellip;<\/p>\n","category_list_v2":"","author_info_v2":{"name":"PrudentWater","url":"https:\/\/prudentwater.com\/en\/author\/niklas33\/"},"comments_num_v2":"0 comments","_links":{"self":[{"href":"https:\/\/prudentwater.com\/en\/wp-json\/wp\/v2\/pages\/4669","targetHints":{"allow":["GET"]}}],"collection":[{"href":"https:\/\/prudentwater.com\/en\/wp-json\/wp\/v2\/pages"}],"about":[{"href":"https:\/\/prudentwater.com\/en\/wp-json\/wp\/v2\/types\/page"}],"author":[{"embeddable":true,"href":"https:\/\/prudentwater.com\/en\/wp-json\/wp\/v2\/users\/1"}],"replies":[{"embeddable":true,"href":"https:\/\/prudentwater.com\/en\/wp-json\/wp\/v2\/comments?post=4669"}],"version-history":[{"count":0,"href":"https:\/\/prudentwater.com\/en\/wp-json\/wp\/v2\/pages\/4669\/revisions"}],"wp:attachment":[{"href":"https:\/\/prudentwater.com\/en\/wp-json\/wp\/v2\/media?parent=4669"}],"curies":[{"name":"wp","href":"https:\/\/api.w.org\/{rel}","templated":true}]}}