{"id":4722,"date":"2015-08-18T08:54:05","date_gmt":"2015-08-18T08:54:05","guid":{"rendered":"http:\/\/www.kunnskap.de\/?page_id=4722"},"modified":"2021-08-13T19:52:15","modified_gmt":"2021-08-13T17:52:15","slug":"conversion-period","status":"publish","type":"page","link":"https:\/\/prudentwater.com\/en\/conversion-period\/","title":{"rendered":"Conversion Period"},"content":{"rendered":"<p>Auch <strong>Wandelfrist<\/strong> oder <strong>Wandelperiode<\/strong><br \/>\n<div class=\"perfect-pullquote vcard pullquote-align-full pullquote-border-placement-top\" style=\"font-size:22px !important;\"><blockquote><p style=\"font-size:22px !important;\">Innerhalb der Conversion Period kann eine Wandelanleihe in die zugrunde liegenden Aktien getauscht werden. <\/p><\/blockquote><\/div><\/p>\n<p>Der Emittent der Wandelanleihe hat jedoch auch das Recht, die Anleihe zu k\u00fcndigen. Liegt dieses K\u00fcndigungsrecht nicht innerhalb der Conversion Period, so hat der Anleger zus\u00e4tzlich das Recht, bereits vor der Conversion Period die Wandelanleihe in Aktien zu wandeln. Der Emittent kann auch nur dann die Wandelanleihe k\u00fcndigen, wenn der Inhaber diese vorher nicht in Aktien gewandelt hat. Der Emittent kann die Wandelanleihe in der Regel erst nach einer gewissen Sperrfrist k\u00fcndigen. Die K\u00fcndigung wird vom Emittenten auch einige Tage vorher angek\u00fcndigt. Wandelt der Anleger seine Anleihe in dem Zeitraum von Ver\u00f6ffentlichung der K\u00fcndigung bis zur Durchf\u00fchrung der K\u00fcndigung nicht um, so erh\u00e4lt er zum K\u00fcndigungstermin den Nominalwert zur\u00fcck. In den meisten F\u00e4llen macht eine Wandlung vor K\u00fcndigungstermin jedoch Sinn, da der Emittent in der Regel die K\u00fcndigung aufgrund eines stark gestiegenen Aktienkurses vornimmt und er somit seine Aktien deutlich unter dem tats\u00e4chlichen Wert durch die Wandelanleihe anbietet.<\/p>\n","protected":false},"excerpt":{"rendered":"<p>Auch Wandelfrist oder Wandelperiode Der Emittent der Wandelanleihe hat jedoch auch das Recht, die Anleihe zu k\u00fcndigen. Liegt dieses K\u00fcndigungsrecht nicht innerhalb der Conversion Period, so hat der Anleger zus\u00e4tzlich das Recht, bereits vor der Conversion Period die Wandelanleihe in Aktien zu wandeln. Der Emittent kann auch nur dann die Wandelanleihe k\u00fcndigen, wenn der Inhaber [&hellip;]<\/p>\n","protected":false},"author":1,"featured_media":0,"parent":0,"menu_order":0,"comment_status":"closed","ping_status":"closed","template":"","meta":{"site-sidebar-layout":"default","site-content-layout":"default","ast-site-content-layout":"","site-content-style":"default","site-sidebar-style":"default","ast-global-header-display":"","ast-banner-title-visibility":"","ast-main-header-display":"","ast-hfb-above-header-display":"","ast-hfb-below-header-display":"","ast-hfb-mobile-header-display":"","site-post-title":"","ast-breadcrumbs-content":"","ast-featured-img":"","footer-sml-layout":"","theme-transparent-header-meta":"default","adv-header-id-meta":"","stick-header-meta":"","header-above-stick-meta":"","header-main-stick-meta":"","header-below-stick-meta":"","astra-migrate-meta-layouts":"default","ast-page-background-enabled":"default","ast-page-background-meta":{"desktop":{"background-color":"","background-image":"","background-repeat":"repeat","background-position":"center center","background-size":"auto","background-attachment":"scroll","background-type":"","background-media":"","overlay-type":"","overlay-color":"","overlay-opacity":"","overlay-gradient":""},"tablet":{"background-color":"","background-image":"","background-repeat":"repeat","background-position":"center center","background-size":"auto","background-attachment":"scroll","background-type":"","background-media":"","overlay-type":"","overlay-color":"","overlay-opacity":"","overlay-gradient":""},"mobile":{"background-color":"","background-image":"","background-repeat":"repeat","background-position":"center center","background-size":"auto","background-attachment":"scroll","background-type":"","background-media":"","overlay-type":"","overlay-color":"","overlay-opacity":"","overlay-gradient":""}},"ast-content-background-meta":{"desktop":{"background-color":"var(--ast-global-color-5)","background-image":"","background-repeat":"repeat","background-position":"center center","background-size":"auto","background-attachment":"scroll","background-type":"","background-media":"","overlay-type":"","overlay-color":"","overlay-opacity":"","overlay-gradient":""},"tablet":{"background-color":"var(--ast-global-color-5)","background-image":"","background-repeat":"repeat","background-position":"center center","background-size":"auto","background-attachment":"scroll","background-type":"","background-media":"","overlay-type":"","overlay-color":"","overlay-opacity":"","overlay-gradient":""},"mobile":{"background-color":"var(--ast-global-color-5)","background-image":"","background-repeat":"repeat","background-position":"center center","background-size":"auto","background-attachment":"scroll","background-type":"","background-media":"","overlay-type":"","overlay-color":"","overlay-opacity":"","overlay-gradient":""}},"footnotes":""},"class_list":["post-4722","page","type-page","status-publish","hentry"],"translation":{"provider":"WPGlobus","version":"3.0.2","language":"en","enabled_languages":["de","en"],"languages":{"de":{"title":true,"content":true,"excerpt":false},"en":{"title":false,"content":false,"excerpt":false}}},"featured_image_urls_v2":{"full":"","thumbnail":"","medium":"","medium_large":"","large":"","1536x1536":"","2048x2048":""},"post_excerpt_stackable_v2":"<p>Auch Wandelfrist oder Wandelperiode Innerhalb der Conversion Period kann eine Wandelanleihe in die zugrunde liegenden Aktien getauscht werden. Der Emittent der Wandelanleihe hat jedoch auch das Recht, die Anleihe zu k\u00fcndigen. Liegt dieses K\u00fcndigungsrecht nicht innerhalb der Conversion Period, so hat der Anleger zus\u00e4tzlich das Recht, bereits vor der Conversion Period die Wandelanleihe in Aktien zu wandeln. Der Emittent kann auch nur dann die Wandelanleihe k\u00fcndigen, wenn der Inhaber diese vorher nicht in Aktien gewandelt hat. Der Emittent kann die Wandelanleihe in der Regel erst nach einer gewissen Sperrfrist k\u00fcndigen. Die K\u00fcndigung wird vom Emittenten auch einige Tage vorher angek\u00fcndigt.&hellip;<\/p>\n","category_list_v2":"","author_info_v2":{"name":"PrudentWater","url":"https:\/\/prudentwater.com\/en\/author\/niklas33\/"},"comments_num_v2":"0 comments","_links":{"self":[{"href":"https:\/\/prudentwater.com\/en\/wp-json\/wp\/v2\/pages\/4722","targetHints":{"allow":["GET"]}}],"collection":[{"href":"https:\/\/prudentwater.com\/en\/wp-json\/wp\/v2\/pages"}],"about":[{"href":"https:\/\/prudentwater.com\/en\/wp-json\/wp\/v2\/types\/page"}],"author":[{"embeddable":true,"href":"https:\/\/prudentwater.com\/en\/wp-json\/wp\/v2\/users\/1"}],"replies":[{"embeddable":true,"href":"https:\/\/prudentwater.com\/en\/wp-json\/wp\/v2\/comments?post=4722"}],"version-history":[{"count":0,"href":"https:\/\/prudentwater.com\/en\/wp-json\/wp\/v2\/pages\/4722\/revisions"}],"wp:attachment":[{"href":"https:\/\/prudentwater.com\/en\/wp-json\/wp\/v2\/media?parent=4722"}],"curies":[{"name":"wp","href":"https:\/\/api.w.org\/{rel}","templated":true}]}}