{"id":4728,"date":"2015-08-18T17:32:42","date_gmt":"2015-08-18T17:32:42","guid":{"rendered":"http:\/\/www.kunnskap.de\/?page_id=4728"},"modified":"2021-06-25T12:48:24","modified_gmt":"2021-06-25T10:48:24","slug":"conversion-ratio","status":"publish","type":"page","link":"https:\/\/prudentwater.com\/en\/conversion-ratio\/","title":{"rendered":"Conversion Ratio"},"content":{"rendered":"<p>Auch <strong>Wandlungsverh\u00e4ltnis<\/strong> oder <strong>Wandelverh\u00e4ltnis<\/strong><\/p>\n<p>Die Conversion Ratio ist eine Kennzahl in Bezug auf Wandelanleihen. Sie gibt an, wie viele Aktien der Investor f\u00fcr eine Wandelanleihe erh\u00e4lt, wenn er von der Wandlungsoption Gebrauch machen m\u00f6chte. Liegt die Conversion Ratio beispielsweise bei 3, so bekommt er bei der Wandlung drei Aktien f\u00fcr jede im Depot befindliche Wandelanleihe. Ist die Kennzahl krumm, so wird der Restbetrag in bar ausgezahlt.<\/p>\n","protected":false},"excerpt":{"rendered":"<p>Auch Wandlungsverh\u00e4ltnis oder Wandelverh\u00e4ltnis Die Conversion Ratio ist eine Kennzahl in Bezug auf Wandelanleihen. Sie gibt an, wie viele Aktien der Investor f\u00fcr eine Wandelanleihe erh\u00e4lt, wenn er von der Wandlungsoption Gebrauch machen m\u00f6chte. Liegt die Conversion Ratio beispielsweise bei 3, so bekommt er bei der Wandlung drei Aktien f\u00fcr jede im Depot befindliche Wandelanleihe. [&hellip;]<\/p>\n","protected":false},"author":1,"featured_media":0,"parent":0,"menu_order":0,"comment_status":"closed","ping_status":"closed","template":"","meta":{"site-sidebar-layout":"default","site-content-layout":"","ast-site-content-layout":"","site-content-style":"default","site-sidebar-style":"default","ast-global-header-display":"","ast-banner-title-visibility":"","ast-main-header-display":"","ast-hfb-above-header-display":"","ast-hfb-below-header-display":"","ast-hfb-mobile-header-display":"","site-post-title":"","ast-breadcrumbs-content":"","ast-featured-img":"","footer-sml-layout":"","theme-transparent-header-meta":"","adv-header-id-meta":"","stick-header-meta":"","header-above-stick-meta":"","header-main-stick-meta":"","header-below-stick-meta":"","astra-migrate-meta-layouts":"default","ast-page-background-enabled":"default","ast-page-background-meta":{"desktop":{"background-color":"","background-image":"","background-repeat":"repeat","background-position":"center center","background-size":"auto","background-attachment":"scroll","background-type":"","background-media":"","overlay-type":"","overlay-color":"","overlay-opacity":"","overlay-gradient":""},"tablet":{"background-color":"","background-image":"","background-repeat":"repeat","background-position":"center center","background-size":"auto","background-attachment":"scroll","background-type":"","background-media":"","overlay-type":"","overlay-color":"","overlay-opacity":"","overlay-gradient":""},"mobile":{"background-color":"","background-image":"","background-repeat":"repeat","background-position":"center center","background-size":"auto","background-attachment":"scroll","background-type":"","background-media":"","overlay-type":"","overlay-color":"","overlay-opacity":"","overlay-gradient":""}},"ast-content-background-meta":{"desktop":{"background-color":"var(--ast-global-color-5)","background-image":"","background-repeat":"repeat","background-position":"center center","background-size":"auto","background-attachment":"scroll","background-type":"","background-media":"","overlay-type":"","overlay-color":"","overlay-opacity":"","overlay-gradient":""},"tablet":{"background-color":"var(--ast-global-color-5)","background-image":"","background-repeat":"repeat","background-position":"center center","background-size":"auto","background-attachment":"scroll","background-type":"","background-media":"","overlay-type":"","overlay-color":"","overlay-opacity":"","overlay-gradient":""},"mobile":{"background-color":"var(--ast-global-color-5)","background-image":"","background-repeat":"repeat","background-position":"center center","background-size":"auto","background-attachment":"scroll","background-type":"","background-media":"","overlay-type":"","overlay-color":"","overlay-opacity":"","overlay-gradient":""}},"footnotes":""},"class_list":["post-4728","page","type-page","status-publish","hentry"],"translation":{"provider":"WPGlobus","version":"3.0.2","language":"en","enabled_languages":["de","en"],"languages":{"de":{"title":true,"content":true,"excerpt":false},"en":{"title":false,"content":false,"excerpt":false}}},"featured_image_urls_v2":{"full":"","thumbnail":"","medium":"","medium_large":"","large":"","1536x1536":"","2048x2048":""},"post_excerpt_stackable_v2":"<p>Auch Wandlungsverh\u00e4ltnis oder Wandelverh\u00e4ltnis Die Conversion Ratio ist eine Kennzahl in Bezug auf Wandelanleihen. Sie gibt an, wie viele Aktien der Investor f\u00fcr eine Wandelanleihe erh\u00e4lt, wenn er von der Wandlungsoption Gebrauch machen m\u00f6chte. Liegt die Conversion Ratio beispielsweise bei 3, so bekommt er bei der Wandlung drei Aktien f\u00fcr jede im Depot befindliche Wandelanleihe. Ist die Kennzahl krumm, so wird der Restbetrag in bar ausgezahlt.<\/p>\n","category_list_v2":"","author_info_v2":{"name":"PrudentWater","url":"https:\/\/prudentwater.com\/en\/author\/niklas33\/"},"comments_num_v2":"0 comments","_links":{"self":[{"href":"https:\/\/prudentwater.com\/en\/wp-json\/wp\/v2\/pages\/4728","targetHints":{"allow":["GET"]}}],"collection":[{"href":"https:\/\/prudentwater.com\/en\/wp-json\/wp\/v2\/pages"}],"about":[{"href":"https:\/\/prudentwater.com\/en\/wp-json\/wp\/v2\/types\/page"}],"author":[{"embeddable":true,"href":"https:\/\/prudentwater.com\/en\/wp-json\/wp\/v2\/users\/1"}],"replies":[{"embeddable":true,"href":"https:\/\/prudentwater.com\/en\/wp-json\/wp\/v2\/comments?post=4728"}],"version-history":[{"count":0,"href":"https:\/\/prudentwater.com\/en\/wp-json\/wp\/v2\/pages\/4728\/revisions"}],"wp:attachment":[{"href":"https:\/\/prudentwater.com\/en\/wp-json\/wp\/v2\/media?parent=4728"}],"curies":[{"name":"wp","href":"https:\/\/api.w.org\/{rel}","templated":true}]}}