{"id":4730,"date":"2015-08-18T18:04:52","date_gmt":"2015-08-18T18:04:52","guid":{"rendered":"http:\/\/www.kunnskap.de\/?page_id=4730"},"modified":"2022-09-25T21:03:34","modified_gmt":"2022-09-25T19:03:34","slug":"wandlungspreis","status":"publish","type":"page","link":"https:\/\/prudentwater.com\/en\/wandlungspreis\/","title":{"rendered":"Wandlungspreis"},"content":{"rendered":"<p>Auch <strong>Wandelpreis<\/strong><br \/>\nengl. <strong>Conversion Price<\/strong><\/p>\n<p>Mit einer Wandelanleihe hat der Anleger die M\u00f6glichkeit &#8211; jedoch nicht die Pflicht &#8211; w\u00e4hrend eines bestimmten Zeitraumes die Wandelanleihe in Aktien des emittierenden Unternehmens umzuwandeln. Der Wandlungspreis ist dabei der Aktienkurs, zu dem die Wandelanleihe in die entsprechende Aktie getauscht werden kann. Er entspricht somit den zu bezahlenden Preis pro Aktie, wenn sich der Anleger zur Wandlung der Anleihe entscheidet. Der Wandlungspreis wird bei der Emission bestimmt und ist von dem Tag an fest. Die Wandelanleihe in die entsprechenden Aktien zu wandeln lohnt sich jedoch nur dann, wenn der Wandlungspreis unter dem aktuellen Aktienkurs liegt. Liegt der Wandlungspreis \u00fcber dem aktuellen Aktienkurs, macht die Wandlung keinen Sinn, da dann die Aktie zu dem Zeitpunkt ganz normal \u00fcber die B\u00f6rse g\u00fcnstiger erworben werden kann.<\/p>\n<hr>\n<p><small><b>Berechnung:<\/b><\/small><br \/>\n<center><img loading=\"lazy\" decoding=\"async\" src=\"https:\/\/prudentwater.com\/wp-content\/uploads\/2021\/05\/Wandlungspreis.png\" alt=\"wandlungspreis\" class=\"alignnone size-full wp-image-7982\" width=\"563\" height=\"57\" title=\"\"><\/center><\/p>\n<hr>\n<p>Der Wandelpreis bezieht sich auf den Nominalwert der Wandelanleihe, welcher \u00fcblicherweise bei Anleihen 100 % betr\u00e4gt. Bei einer Conversion Ratio (Wandlungsverh\u00e4ltnis) von beispielsweise 5.0, w\u00fcrde der Wandelpreis folglich bei 20,00 Euro liegen. Entscheidet sich der Anleger also f\u00fcr die Wandlung der Anleihe in Aktien, so w\u00fcrde er je Aktie 20,00 Euro bezahlen. Weicht der aktuelle Marktkurs bzw. der Kaufkurs der Wandelanleihe vom Nominalwert ab, so unterscheiden sich Wandlungspreis und aktueller Wandlungspreis. Hat der Anleger die Wandelanleihe nicht zum Nominalwert von 100 % gekauft, sondern zu einem g\u00fcnstigeren oder teureren Kurs, so muss anstatt des Wandlungspreises der aktuelle Wandlungspreis herangezogen und berechnet werden.<\/p>\n","protected":false},"excerpt":{"rendered":"<p>Auch Wandelpreis engl. Conversion Price Mit einer Wandelanleihe hat der Anleger die M\u00f6glichkeit &#8211; jedoch nicht die Pflicht &#8211; w\u00e4hrend eines bestimmten Zeitraumes die Wandelanleihe in Aktien des emittierenden Unternehmens umzuwandeln. Der Wandlungspreis ist dabei der Aktienkurs, zu dem die Wandelanleihe in die entsprechende Aktie getauscht werden kann. Er entspricht somit den zu bezahlenden Preis [&hellip;]<\/p>\n","protected":false},"author":1,"featured_media":0,"parent":0,"menu_order":0,"comment_status":"closed","ping_status":"closed","template":"","meta":{"site-sidebar-layout":"default","site-content-layout":"","ast-site-content-layout":"","site-content-style":"default","site-sidebar-style":"default","ast-global-header-display":"","ast-banner-title-visibility":"","ast-main-header-display":"","ast-hfb-above-header-display":"","ast-hfb-below-header-display":"","ast-hfb-mobile-header-display":"","site-post-title":"","ast-breadcrumbs-content":"","ast-featured-img":"","footer-sml-layout":"","theme-transparent-header-meta":"","adv-header-id-meta":"","stick-header-meta":"","header-above-stick-meta":"","header-main-stick-meta":"","header-below-stick-meta":"","astra-migrate-meta-layouts":"default","ast-page-background-enabled":"default","ast-page-background-meta":{"desktop":{"background-color":"","background-image":"","background-repeat":"repeat","background-position":"center center","background-size":"auto","background-attachment":"scroll","background-type":"","background-media":"","overlay-type":"","overlay-color":"","overlay-opacity":"","overlay-gradient":""},"tablet":{"background-color":"","background-image":"","background-repeat":"repeat","background-position":"center center","background-size":"auto","background-attachment":"scroll","background-type":"","background-media":"","overlay-type":"","overlay-color":"","overlay-opacity":"","overlay-gradient":""},"mobile":{"background-color":"","background-image":"","background-repeat":"repeat","background-position":"center center","background-size":"auto","background-attachment":"scroll","background-type":"","background-media":"","overlay-type":"","overlay-color":"","overlay-opacity":"","overlay-gradient":""}},"ast-content-background-meta":{"desktop":{"background-color":"var(--ast-global-color-5)","background-image":"","background-repeat":"repeat","background-position":"center center","background-size":"auto","background-attachment":"scroll","background-type":"","background-media":"","overlay-type":"","overlay-color":"","overlay-opacity":"","overlay-gradient":""},"tablet":{"background-color":"var(--ast-global-color-5)","background-image":"","background-repeat":"repeat","background-position":"center center","background-size":"auto","background-attachment":"scroll","background-type":"","background-media":"","overlay-type":"","overlay-color":"","overlay-opacity":"","overlay-gradient":""},"mobile":{"background-color":"var(--ast-global-color-5)","background-image":"","background-repeat":"repeat","background-position":"center center","background-size":"auto","background-attachment":"scroll","background-type":"","background-media":"","overlay-type":"","overlay-color":"","overlay-opacity":"","overlay-gradient":""}},"footnotes":""},"class_list":["post-4730","page","type-page","status-publish","hentry"],"translation":{"provider":"WPGlobus","version":"3.0.2","language":"en","enabled_languages":["de","en"],"languages":{"de":{"title":true,"content":true,"excerpt":false},"en":{"title":false,"content":false,"excerpt":false}}},"featured_image_urls_v2":{"full":"","thumbnail":"","medium":"","medium_large":"","large":"","1536x1536":"","2048x2048":""},"post_excerpt_stackable_v2":"<p>Auch Wandelpreis engl. Conversion Price Mit einer Wandelanleihe hat der Anleger die M\u00f6glichkeit &#8211; jedoch nicht die Pflicht &#8211; w\u00e4hrend eines bestimmten Zeitraumes die Wandelanleihe in Aktien des emittierenden Unternehmens umzuwandeln. Der Wandlungspreis ist dabei der Aktienkurs, zu dem die Wandelanleihe in die entsprechende Aktie getauscht werden kann. Er entspricht somit den zu bezahlenden Preis pro Aktie, wenn sich der Anleger zur Wandlung der Anleihe entscheidet. Der Wandlungspreis wird bei der Emission bestimmt und ist von dem Tag an fest. Die Wandelanleihe in die entsprechenden Aktien zu wandeln lohnt sich jedoch nur dann, wenn der Wandlungspreis unter dem aktuellen Aktienkurs&hellip;<\/p>\n","category_list_v2":"","author_info_v2":{"name":"PrudentWater","url":"https:\/\/prudentwater.com\/en\/author\/niklas33\/"},"comments_num_v2":"0 comments","_links":{"self":[{"href":"https:\/\/prudentwater.com\/en\/wp-json\/wp\/v2\/pages\/4730","targetHints":{"allow":["GET"]}}],"collection":[{"href":"https:\/\/prudentwater.com\/en\/wp-json\/wp\/v2\/pages"}],"about":[{"href":"https:\/\/prudentwater.com\/en\/wp-json\/wp\/v2\/types\/page"}],"author":[{"embeddable":true,"href":"https:\/\/prudentwater.com\/en\/wp-json\/wp\/v2\/users\/1"}],"replies":[{"embeddable":true,"href":"https:\/\/prudentwater.com\/en\/wp-json\/wp\/v2\/comments?post=4730"}],"version-history":[{"count":0,"href":"https:\/\/prudentwater.com\/en\/wp-json\/wp\/v2\/pages\/4730\/revisions"}],"wp:attachment":[{"href":"https:\/\/prudentwater.com\/en\/wp-json\/wp\/v2\/media?parent=4730"}],"curies":[{"name":"wp","href":"https:\/\/api.w.org\/{rel}","templated":true}]}}