{"id":475,"date":"2014-08-26T11:01:36","date_gmt":"2014-08-26T11:01:36","guid":{"rendered":"http:\/\/www.kunnskap.de\/?page_id=475"},"modified":"2021-06-25T12:48:59","modified_gmt":"2021-06-25T10:48:59","slug":"eonia","status":"publish","type":"page","link":"https:\/\/prudentwater.com\/en\/eonia\/","title":{"rendered":"EONIA"},"content":{"rendered":"<p><strong>Euro Overnight Index Average (EONIA)<\/strong><\/p>\n<p>Ein durchschnittlicher Zinssatz, zu dem sich Banken am Interbankenmarkt f\u00fcr einen Tag (overnight) untereinander Euro-Geld leihen k\u00f6nnen. Da der EONIA als Referenzzinssatz f\u00fcr eine Kreditvergabe mit einer Laufzeit von einem Tag berechnet wird, dient er vielen Kreditinstituten als fast risikoloser Zins, den sie erhalten, wenn sie Geld f\u00fcr ein Tag verleihen.<br \/>\nDer Zinssatz wird t\u00e4glich von der EZB berechnet. Er unterscheidet sich zum EURIBOR jedoch dahingehend, dass er auf Basis effektiv get\u00e4tigter Ums\u00e4tze berechnet wird.<br \/>\nZur Berechnung des EONIA \u00fcbermittelt eine Gruppe von Banken t\u00e4glich der Europ\u00e4ischen Zentralbank in welchem Umfang und zu welchen Zinss\u00e4tzen sie unbesicherte Tagesgeldausleihungen durchgef\u00fchrt haben. Aus diesen Daten ermittelt anschlie\u00dfend die EZB unter Eliminierung der jeweils 15 h\u00f6chsten und 15 tiefsten Werte den Durchschnittswert dieser Daten als Zinssatz. Die EZB berechnet den EONIA-Zinssatz auf drei Nachkommastellen genau.<\/p>\n","protected":false},"excerpt":{"rendered":"<p>Euro Overnight Index Average (EONIA) Ein durchschnittlicher Zinssatz, zu dem sich Banken am Interbankenmarkt f\u00fcr einen Tag (overnight) untereinander Euro-Geld leihen k\u00f6nnen. Da der EONIA als Referenzzinssatz f\u00fcr eine Kreditvergabe mit einer Laufzeit von einem Tag berechnet wird, dient er vielen Kreditinstituten als fast risikoloser Zins, den sie erhalten, wenn sie Geld f\u00fcr ein Tag [&hellip;]<\/p>\n","protected":false},"author":1,"featured_media":0,"parent":0,"menu_order":0,"comment_status":"closed","ping_status":"closed","template":"","meta":{"site-sidebar-layout":"default","site-content-layout":"","ast-site-content-layout":"","site-content-style":"default","site-sidebar-style":"default","ast-global-header-display":"","ast-banner-title-visibility":"","ast-main-header-display":"","ast-hfb-above-header-display":"","ast-hfb-below-header-display":"","ast-hfb-mobile-header-display":"","site-post-title":"","ast-breadcrumbs-content":"","ast-featured-img":"","footer-sml-layout":"","theme-transparent-header-meta":"","adv-header-id-meta":"","stick-header-meta":"","header-above-stick-meta":"","header-main-stick-meta":"","header-below-stick-meta":"","astra-migrate-meta-layouts":"default","ast-page-background-enabled":"default","ast-page-background-meta":{"desktop":{"background-color":"","background-image":"","background-repeat":"repeat","background-position":"center center","background-size":"auto","background-attachment":"scroll","background-type":"","background-media":"","overlay-type":"","overlay-color":"","overlay-opacity":"","overlay-gradient":""},"tablet":{"background-color":"","background-image":"","background-repeat":"repeat","background-position":"center center","background-size":"auto","background-attachment":"scroll","background-type":"","background-media":"","overlay-type":"","overlay-color":"","overlay-opacity":"","overlay-gradient":""},"mobile":{"background-color":"","background-image":"","background-repeat":"repeat","background-position":"center center","background-size":"auto","background-attachment":"scroll","background-type":"","background-media":"","overlay-type":"","overlay-color":"","overlay-opacity":"","overlay-gradient":""}},"ast-content-background-meta":{"desktop":{"background-color":"var(--ast-global-color-5)","background-image":"","background-repeat":"repeat","background-position":"center center","background-size":"auto","background-attachment":"scroll","background-type":"","background-media":"","overlay-type":"","overlay-color":"","overlay-opacity":"","overlay-gradient":""},"tablet":{"background-color":"var(--ast-global-color-5)","background-image":"","background-repeat":"repeat","background-position":"center center","background-size":"auto","background-attachment":"scroll","background-type":"","background-media":"","overlay-type":"","overlay-color":"","overlay-opacity":"","overlay-gradient":""},"mobile":{"background-color":"var(--ast-global-color-5)","background-image":"","background-repeat":"repeat","background-position":"center center","background-size":"auto","background-attachment":"scroll","background-type":"","background-media":"","overlay-type":"","overlay-color":"","overlay-opacity":"","overlay-gradient":""}},"footnotes":""},"class_list":["post-475","page","type-page","status-publish","hentry"],"translation":{"provider":"WPGlobus","version":"3.0.2","language":"en","enabled_languages":["de","en"],"languages":{"de":{"title":true,"content":true,"excerpt":false},"en":{"title":false,"content":false,"excerpt":false}}},"featured_image_urls_v2":{"full":"","thumbnail":"","medium":"","medium_large":"","large":"","1536x1536":"","2048x2048":""},"post_excerpt_stackable_v2":"<p>Euro Overnight Index Average (EONIA) Ein durchschnittlicher Zinssatz, zu dem sich Banken am Interbankenmarkt f\u00fcr einen Tag (overnight) untereinander Euro-Geld leihen k\u00f6nnen. Da der EONIA als Referenzzinssatz f\u00fcr eine Kreditvergabe mit einer Laufzeit von einem Tag berechnet wird, dient er vielen Kreditinstituten als fast risikoloser Zins, den sie erhalten, wenn sie Geld f\u00fcr ein Tag verleihen. Der Zinssatz wird t\u00e4glich von der EZB berechnet. Er unterscheidet sich zum EURIBOR jedoch dahingehend, dass er auf Basis effektiv get\u00e4tigter Ums\u00e4tze berechnet wird. Zur Berechnung des EONIA \u00fcbermittelt eine Gruppe von Banken t\u00e4glich der Europ\u00e4ischen Zentralbank in welchem Umfang und zu welchen Zinss\u00e4tzen&hellip;<\/p>\n","category_list_v2":"","author_info_v2":{"name":"PrudentWater","url":"https:\/\/prudentwater.com\/en\/author\/niklas33\/"},"comments_num_v2":"0 comments","_links":{"self":[{"href":"https:\/\/prudentwater.com\/en\/wp-json\/wp\/v2\/pages\/475","targetHints":{"allow":["GET"]}}],"collection":[{"href":"https:\/\/prudentwater.com\/en\/wp-json\/wp\/v2\/pages"}],"about":[{"href":"https:\/\/prudentwater.com\/en\/wp-json\/wp\/v2\/types\/page"}],"author":[{"embeddable":true,"href":"https:\/\/prudentwater.com\/en\/wp-json\/wp\/v2\/users\/1"}],"replies":[{"embeddable":true,"href":"https:\/\/prudentwater.com\/en\/wp-json\/wp\/v2\/comments?post=475"}],"version-history":[{"count":0,"href":"https:\/\/prudentwater.com\/en\/wp-json\/wp\/v2\/pages\/475\/revisions"}],"wp:attachment":[{"href":"https:\/\/prudentwater.com\/en\/wp-json\/wp\/v2\/media?parent=475"}],"curies":[{"name":"wp","href":"https:\/\/api.w.org\/{rel}","templated":true}]}}