{"id":478,"date":"2014-08-26T20:28:19","date_gmt":"2014-08-26T20:28:19","guid":{"rendered":"http:\/\/www.kunnskap.de\/?page_id=478"},"modified":"2021-07-13T22:23:22","modified_gmt":"2021-07-13T20:23:22","slug":"grundkapital","status":"publish","type":"page","link":"https:\/\/prudentwater.com\/en\/grundkapital\/","title":{"rendered":"Grundkapital"},"content":{"rendered":"<p>Auch <strong>Nominalkapital<\/strong> oder <strong>Aktienkapital<\/strong><br \/>\nengl. <strong>Capital Stock<\/strong><\/p>\n<p>Das Grundkapital ist das gezeichnete Kapital einer Aktiengesellschaft, welches in die Anzahl der Aktien des Unternehmens zerlegt ist. Das Grundkapital ist einer von mehreren Bestandteilen des Eigenkapitals. Die Summe der Nominalwerte aller im Umlauf befindlichen Aktien eines Unternehmens stellt dessen Grundkapital dar. Gibt ein Unternehmen also 250 000 Aktien mit einem Nominalwert von jeweils 5 Euro je Aktie aus, so liegt das Grundkapital bei 1,25 Millionen Euro. Der Mindestnennbetrag des Grundkapitals einer Aktiengesellschaft muss jedoch immer mindestens 50.000 Euro betragen.<\/p>\n<h4>Merkmale des Grundkapitals<\/h4>\n<p>Im Gegensatz zu den Gewinnr\u00fccklagen &#8211; welche auch Bestadteil des Eigenkapitals sind &#8211; ver\u00e4ndert sich das Grundkapital nicht, au\u00dfer die Hauptversammlung beschlie\u00dft eine Erh\u00f6hung bzw. eine Senkung des Grundkapitals. Daf\u00fcr ist jedoch eine Dreiviertelmehrheit n\u00f6tig. F\u00fcr eine Erh\u00f6hung des Grundkapitals m\u00fcssen dann sogenannte junge Aktien ausgegeben werden. Das Grundkapital ist Bestandteil des auf der Passivseite der Bilanz verzeichneten Eigenkapitals und darf nicht an die Aktion\u00e4re zur\u00fcckgezahlt werden, es sei denn, es findet eine Aufl\u00f6sung des Unternehmens statt und es liegen keine Gl\u00e4ubigeranspr\u00fcche vor. Das Grundkapital bleibt auch dann gleich, wenn Aktion\u00e4re ihre Aktien verkaufen oder wenn das Unternehmen eine Dividende aussch\u00fcttet. Ebenso steigt \/ f\u00e4llt das Grundkapital nicht, wenn der Aktienkurs des jeweiligen Unternehmens steigt \/ f\u00e4llt. Das Grundkapital ist also fest und ver\u00e4ndert sich nur bei einer Kapitalerh\u00f6hung \/ Kapitalsenkung. Es darf auch nicht mit dem Verm\u00f6gen der Aktiengesellschaft verwechselt werden. Das Grundkapital kann nicht durch Gewinne oder Verluste ver\u00e4ndert werden. Das Eigenkapital als Gesamtgr\u00f6\u00dfe hingegen steigt \/ f\u00e4llt jedoch, wenn das Unternehmen einen Gewinn erzielt \/ einen Verlust erleidet.<\/p>\n<h4>Sinn des Grundkapitals<\/h4>\n<p>Das Grundkapital bietet potenziellen Gesch\u00e4ftspartnern ein gewisses Ma\u00df an Sicherheit. Ein Unternehmen, das Gesch\u00e4ftsbeziehungen mit einer Aktiengesellschaft eingeht, wei\u00df, dass im Schadensfall mindestens 50.000 Euro (jedoch meistens deutlich mehr) f\u00fcr eine Haftung zur Verf\u00fcgung stehen. Das Grundkapital einer AG ist von jedem einsehbar und dient Gesch\u00e4ftspartnern in verschiedensten Beziehungen somit als eine Art Vertrauenspuffer.<\/p>\n","protected":false},"excerpt":{"rendered":"<p>Auch Nominalkapital oder Aktienkapital engl. Capital Stock Das Grundkapital ist das gezeichnete Kapital einer Aktiengesellschaft, welches in die Anzahl der Aktien des Unternehmens zerlegt ist. Das Grundkapital ist einer von mehreren Bestandteilen des Eigenkapitals. Die Summe der Nominalwerte aller im Umlauf befindlichen Aktien eines Unternehmens stellt dessen Grundkapital dar. Gibt ein Unternehmen also 250 000 [&hellip;]<\/p>\n","protected":false},"author":1,"featured_media":0,"parent":0,"menu_order":0,"comment_status":"closed","ping_status":"closed","template":"","meta":{"site-sidebar-layout":"default","site-content-layout":"default","ast-site-content-layout":"","site-content-style":"default","site-sidebar-style":"default","ast-global-header-display":"","ast-banner-title-visibility":"","ast-main-header-display":"","ast-hfb-above-header-display":"","ast-hfb-below-header-display":"","ast-hfb-mobile-header-display":"","site-post-title":"","ast-breadcrumbs-content":"","ast-featured-img":"","footer-sml-layout":"","theme-transparent-header-meta":"default","adv-header-id-meta":"","stick-header-meta":"","header-above-stick-meta":"","header-main-stick-meta":"","header-below-stick-meta":"","astra-migrate-meta-layouts":"default","ast-page-background-enabled":"default","ast-page-background-meta":{"desktop":{"background-color":"","background-image":"","background-repeat":"repeat","background-position":"center center","background-size":"auto","background-attachment":"scroll","background-type":"","background-media":"","overlay-type":"","overlay-color":"","overlay-opacity":"","overlay-gradient":""},"tablet":{"background-color":"","background-image":"","background-repeat":"repeat","background-position":"center center","background-size":"auto","background-attachment":"scroll","background-type":"","background-media":"","overlay-type":"","overlay-color":"","overlay-opacity":"","overlay-gradient":""},"mobile":{"background-color":"","background-image":"","background-repeat":"repeat","background-position":"center center","background-size":"auto","background-attachment":"scroll","background-type":"","background-media":"","overlay-type":"","overlay-color":"","overlay-opacity":"","overlay-gradient":""}},"ast-content-background-meta":{"desktop":{"background-color":"var(--ast-global-color-5)","background-image":"","background-repeat":"repeat","background-position":"center center","background-size":"auto","background-attachment":"scroll","background-type":"","background-media":"","overlay-type":"","overlay-color":"","overlay-opacity":"","overlay-gradient":""},"tablet":{"background-color":"var(--ast-global-color-5)","background-image":"","background-repeat":"repeat","background-position":"center center","background-size":"auto","background-attachment":"scroll","background-type":"","background-media":"","overlay-type":"","overlay-color":"","overlay-opacity":"","overlay-gradient":""},"mobile":{"background-color":"var(--ast-global-color-5)","background-image":"","background-repeat":"repeat","background-position":"center center","background-size":"auto","background-attachment":"scroll","background-type":"","background-media":"","overlay-type":"","overlay-color":"","overlay-opacity":"","overlay-gradient":""}},"footnotes":""},"class_list":["post-478","page","type-page","status-publish","hentry"],"translation":{"provider":"WPGlobus","version":"3.0.2","language":"en","enabled_languages":["de","en"],"languages":{"de":{"title":true,"content":true,"excerpt":false},"en":{"title":false,"content":false,"excerpt":false}}},"featured_image_urls_v2":{"full":"","thumbnail":"","medium":"","medium_large":"","large":"","1536x1536":"","2048x2048":""},"post_excerpt_stackable_v2":"<p>Auch Nominalkapital oder Aktienkapital engl. Capital Stock Das Grundkapital ist das gezeichnete Kapital einer Aktiengesellschaft, welches in die Anzahl der Aktien des Unternehmens zerlegt ist. Das Grundkapital ist einer von mehreren Bestandteilen des Eigenkapitals. Die Summe der Nominalwerte aller im Umlauf befindlichen Aktien eines Unternehmens stellt dessen Grundkapital dar. Gibt ein Unternehmen also 250 000 Aktien mit einem Nominalwert von jeweils 5 Euro je Aktie aus, so liegt das Grundkapital bei 1,25 Millionen Euro. Der Mindestnennbetrag des Grundkapitals einer Aktiengesellschaft muss jedoch immer mindestens 50.000 Euro betragen. Merkmale des Grundkapitals Im Gegensatz zu den Gewinnr\u00fccklagen &#8211; welche auch Bestadteil des&hellip;<\/p>\n","category_list_v2":"","author_info_v2":{"name":"PrudentWater","url":"https:\/\/prudentwater.com\/en\/author\/niklas33\/"},"comments_num_v2":"0 comments","_links":{"self":[{"href":"https:\/\/prudentwater.com\/en\/wp-json\/wp\/v2\/pages\/478","targetHints":{"allow":["GET"]}}],"collection":[{"href":"https:\/\/prudentwater.com\/en\/wp-json\/wp\/v2\/pages"}],"about":[{"href":"https:\/\/prudentwater.com\/en\/wp-json\/wp\/v2\/types\/page"}],"author":[{"embeddable":true,"href":"https:\/\/prudentwater.com\/en\/wp-json\/wp\/v2\/users\/1"}],"replies":[{"embeddable":true,"href":"https:\/\/prudentwater.com\/en\/wp-json\/wp\/v2\/comments?post=478"}],"version-history":[{"count":0,"href":"https:\/\/prudentwater.com\/en\/wp-json\/wp\/v2\/pages\/478\/revisions"}],"wp:attachment":[{"href":"https:\/\/prudentwater.com\/en\/wp-json\/wp\/v2\/media?parent=478"}],"curies":[{"name":"wp","href":"https:\/\/api.w.org\/{rel}","templated":true}]}}