{"id":4805,"date":"2015-09-09T21:25:14","date_gmt":"2015-09-09T21:25:14","guid":{"rendered":"http:\/\/www.kunnskap.de\/?page_id=4805"},"modified":"2021-12-13T16:49:23","modified_gmt":"2021-12-13T15:49:23","slug":"kerninflation","status":"publish","type":"page","link":"https:\/\/prudentwater.com\/en\/kerninflation\/","title":{"rendered":"Kerninflation"},"content":{"rendered":"<p>engl. <strong>Core Inflation<\/strong><\/p>\n<p>Die Kerninflation misst die Preisentwicklung innerhalb eines Landes f\u00fcr einen bestimmten Zeitraum, ber\u00fccksichtigt dabei jedoch nicht die Preise f\u00fcr Lebensmittel und Energie (Benzin, Gas, Heiz\u00f6l). Lebensmittel und Energie werden somit bei der Berechnung der Kerninflation ausgeschlossen. Der Grund daf\u00fcr ist, dass Lebensmittel und Energie oftmals starken Schwankungen unterworfen sind. Wetterfaktoren und inl\u00e4ndische St\u00f6rfaktoren k\u00f6nnen vor allem in den unterentwickelten L\u00e4ndern die Preise f\u00fcr Grundnahrungsmittel (kurzfristig) in die H\u00f6he treiben. Aus diesem Grund werden die Preisver\u00e4nderungen von Lebensmitteln und Energie bei der Kerninflation nicht ber\u00fccksichtigt.<br \/>\n<div class=\"perfect-pullquote vcard pullquote-align-full pullquote-border-placement-left\" style=\"border-color:#9cd3db !important;font-size:22px !important;\"><blockquote><p style=\"font-size:22px !important;\">Die Kerninflation gilt als der Indikator f\u00fcr die Erwartung der langfristigen Inflationsentwicklung, da die volatilen Preise f\u00fcr Lebensmittel und Energie nicht mit in die Berechnung einflie\u00dfen. <\/p><\/blockquote><\/div>Allgemein wird die Kerninflation als Indikator f\u00fcr eine aussagekr\u00e4ftige und langfristige Inflationserwartung genutzt. Deshalb bevorzugen Zentralbanken in geldpolitischen Entscheidungen auch oftmals die Kerninflation anstatt der Headline Inflation, welche Preise f\u00fcr Lebensmittel und Energie bei der Berechnung mitber\u00fccksichtigt, wodurch die Headline Inflation schwankungsanf\u00e4lliger ist und eine geringere Aussagekraft \u00fcber die langfristige Inflationsentwicklung bietet.<\/p>\n","protected":false},"excerpt":{"rendered":"<p>engl. Core Inflation Die Kerninflation misst die Preisentwicklung innerhalb eines Landes f\u00fcr einen bestimmten Zeitraum, ber\u00fccksichtigt dabei jedoch nicht die Preise f\u00fcr Lebensmittel und Energie (Benzin, Gas, Heiz\u00f6l). Lebensmittel und Energie werden somit bei der Berechnung der Kerninflation ausgeschlossen. Der Grund daf\u00fcr ist, dass Lebensmittel und Energie oftmals starken Schwankungen unterworfen sind. Wetterfaktoren und inl\u00e4ndische [&hellip;]<\/p>\n","protected":false},"author":1,"featured_media":0,"parent":0,"menu_order":0,"comment_status":"closed","ping_status":"closed","template":"","meta":{"site-sidebar-layout":"default","site-content-layout":"default","ast-site-content-layout":"","site-content-style":"default","site-sidebar-style":"default","ast-global-header-display":"","ast-banner-title-visibility":"","ast-main-header-display":"","ast-hfb-above-header-display":"","ast-hfb-below-header-display":"","ast-hfb-mobile-header-display":"","site-post-title":"","ast-breadcrumbs-content":"","ast-featured-img":"","footer-sml-layout":"","theme-transparent-header-meta":"default","adv-header-id-meta":"","stick-header-meta":"","header-above-stick-meta":"","header-main-stick-meta":"","header-below-stick-meta":"","astra-migrate-meta-layouts":"default","ast-page-background-enabled":"default","ast-page-background-meta":{"desktop":{"background-color":"","background-image":"","background-repeat":"repeat","background-position":"center center","background-size":"auto","background-attachment":"scroll","background-type":"","background-media":"","overlay-type":"","overlay-color":"","overlay-opacity":"","overlay-gradient":""},"tablet":{"background-color":"","background-image":"","background-repeat":"repeat","background-position":"center center","background-size":"auto","background-attachment":"scroll","background-type":"","background-media":"","overlay-type":"","overlay-color":"","overlay-opacity":"","overlay-gradient":""},"mobile":{"background-color":"","background-image":"","background-repeat":"repeat","background-position":"center center","background-size":"auto","background-attachment":"scroll","background-type":"","background-media":"","overlay-type":"","overlay-color":"","overlay-opacity":"","overlay-gradient":""}},"ast-content-background-meta":{"desktop":{"background-color":"var(--ast-global-color-5)","background-image":"","background-repeat":"repeat","background-position":"center center","background-size":"auto","background-attachment":"scroll","background-type":"","background-media":"","overlay-type":"","overlay-color":"","overlay-opacity":"","overlay-gradient":""},"tablet":{"background-color":"var(--ast-global-color-5)","background-image":"","background-repeat":"repeat","background-position":"center center","background-size":"auto","background-attachment":"scroll","background-type":"","background-media":"","overlay-type":"","overlay-color":"","overlay-opacity":"","overlay-gradient":""},"mobile":{"background-color":"var(--ast-global-color-5)","background-image":"","background-repeat":"repeat","background-position":"center center","background-size":"auto","background-attachment":"scroll","background-type":"","background-media":"","overlay-type":"","overlay-color":"","overlay-opacity":"","overlay-gradient":""}},"footnotes":""},"class_list":["post-4805","page","type-page","status-publish","hentry"],"translation":{"provider":"WPGlobus","version":"3.0.2","language":"en","enabled_languages":["de","en"],"languages":{"de":{"title":true,"content":true,"excerpt":false},"en":{"title":false,"content":false,"excerpt":false}}},"featured_image_urls_v2":{"full":"","thumbnail":"","medium":"","medium_large":"","large":"","1536x1536":"","2048x2048":""},"post_excerpt_stackable_v2":"<p>engl. Core Inflation Die Kerninflation misst die Preisentwicklung innerhalb eines Landes f\u00fcr einen bestimmten Zeitraum, ber\u00fccksichtigt dabei jedoch nicht die Preise f\u00fcr Lebensmittel und Energie (Benzin, Gas, Heiz\u00f6l). Lebensmittel und Energie werden somit bei der Berechnung der Kerninflation ausgeschlossen. Der Grund daf\u00fcr ist, dass Lebensmittel und Energie oftmals starken Schwankungen unterworfen sind. Wetterfaktoren und inl\u00e4ndische St\u00f6rfaktoren k\u00f6nnen vor allem in den unterentwickelten L\u00e4ndern die Preise f\u00fcr Grundnahrungsmittel (kurzfristig) in die H\u00f6he treiben. Aus diesem Grund werden die Preisver\u00e4nderungen von Lebensmitteln und Energie bei der Kerninflation nicht ber\u00fccksichtigt. Die Kerninflation gilt als der Indikator f\u00fcr die Erwartung der langfristigen Inflationsentwicklung, da&hellip;<\/p>\n","category_list_v2":"","author_info_v2":{"name":"PrudentWater","url":"https:\/\/prudentwater.com\/en\/author\/niklas33\/"},"comments_num_v2":"0 comments","_links":{"self":[{"href":"https:\/\/prudentwater.com\/en\/wp-json\/wp\/v2\/pages\/4805","targetHints":{"allow":["GET"]}}],"collection":[{"href":"https:\/\/prudentwater.com\/en\/wp-json\/wp\/v2\/pages"}],"about":[{"href":"https:\/\/prudentwater.com\/en\/wp-json\/wp\/v2\/types\/page"}],"author":[{"embeddable":true,"href":"https:\/\/prudentwater.com\/en\/wp-json\/wp\/v2\/users\/1"}],"replies":[{"embeddable":true,"href":"https:\/\/prudentwater.com\/en\/wp-json\/wp\/v2\/comments?post=4805"}],"version-history":[{"count":0,"href":"https:\/\/prudentwater.com\/en\/wp-json\/wp\/v2\/pages\/4805\/revisions"}],"wp:attachment":[{"href":"https:\/\/prudentwater.com\/en\/wp-json\/wp\/v2\/media?parent=4805"}],"curies":[{"name":"wp","href":"https:\/\/api.w.org\/{rel}","templated":true}]}}