{"id":4808,"date":"2015-09-09T21:40:43","date_gmt":"2015-09-09T21:40:43","guid":{"rendered":"http:\/\/www.kunnskap.de\/?page_id=4808"},"modified":"2021-09-29T13:16:19","modified_gmt":"2021-09-29T11:16:19","slug":"headline-inflation","status":"publish","type":"page","link":"https:\/\/prudentwater.com\/en\/headline-inflation\/","title":{"rendered":"Headline Inflation"},"content":{"rendered":"<p>Die Headline Inflation misst die Inflation eines Landes und ber\u00fccksichtigt im Gegensatz zur Kerninflation auch Preisver\u00e4nderungen f\u00fcr Lebensmittel und Energie (Benzin, Gas, Heiz\u00f6l). Dadurch wird die Headline Inflation jedoch als nicht sehr pr\u00e4zise angesehen, da Preise f\u00fcr Lebensmittel und Energie oftmals (starken) Schwankungen unterworfen sind und somit das Bild der Preisentwicklung verzerren k\u00f6nnen. Dadurch, dass Preise f\u00fcr Lebensmittel und Energie bei der Berechnung mitber\u00fccksichtigt werden, ist die Headline Inflation grundlegend schwankungsanf\u00e4lliger und bietet eine geringere Aussagekraft \u00fcber die langfristige Inflationsentwicklung. Aus diesem Grund wird stattdessen die Kerninflation von Zentralbanken in geldpolitischen Entscheidungen bevorzugt, da die Kerninflation die langfristige Inflationserwartung genauer wiedergeben kann und eine h\u00f6here Aussagekraft hat.<\/p>\n","protected":false},"excerpt":{"rendered":"<p>Die Headline Inflation misst die Inflation eines Landes und ber\u00fccksichtigt im Gegensatz zur Kerninflation auch Preisver\u00e4nderungen f\u00fcr Lebensmittel und Energie (Benzin, Gas, Heiz\u00f6l). Dadurch wird die Headline Inflation jedoch als nicht sehr pr\u00e4zise angesehen, da Preise f\u00fcr Lebensmittel und Energie oftmals (starken) Schwankungen unterworfen sind und somit das Bild der Preisentwicklung verzerren k\u00f6nnen. Dadurch, dass [&hellip;]<\/p>\n","protected":false},"author":1,"featured_media":0,"parent":0,"menu_order":0,"comment_status":"closed","ping_status":"closed","template":"","meta":{"site-sidebar-layout":"default","site-content-layout":"default","ast-site-content-layout":"","site-content-style":"default","site-sidebar-style":"default","ast-global-header-display":"","ast-banner-title-visibility":"","ast-main-header-display":"","ast-hfb-above-header-display":"","ast-hfb-below-header-display":"","ast-hfb-mobile-header-display":"","site-post-title":"","ast-breadcrumbs-content":"","ast-featured-img":"","footer-sml-layout":"","theme-transparent-header-meta":"default","adv-header-id-meta":"","stick-header-meta":"","header-above-stick-meta":"","header-main-stick-meta":"","header-below-stick-meta":"","astra-migrate-meta-layouts":"default","ast-page-background-enabled":"default","ast-page-background-meta":{"desktop":{"background-color":"","background-image":"","background-repeat":"repeat","background-position":"center center","background-size":"auto","background-attachment":"scroll","background-type":"","background-media":"","overlay-type":"","overlay-color":"","overlay-opacity":"","overlay-gradient":""},"tablet":{"background-color":"","background-image":"","background-repeat":"repeat","background-position":"center center","background-size":"auto","background-attachment":"scroll","background-type":"","background-media":"","overlay-type":"","overlay-color":"","overlay-opacity":"","overlay-gradient":""},"mobile":{"background-color":"","background-image":"","background-repeat":"repeat","background-position":"center center","background-size":"auto","background-attachment":"scroll","background-type":"","background-media":"","overlay-type":"","overlay-color":"","overlay-opacity":"","overlay-gradient":""}},"ast-content-background-meta":{"desktop":{"background-color":"var(--ast-global-color-5)","background-image":"","background-repeat":"repeat","background-position":"center center","background-size":"auto","background-attachment":"scroll","background-type":"","background-media":"","overlay-type":"","overlay-color":"","overlay-opacity":"","overlay-gradient":""},"tablet":{"background-color":"var(--ast-global-color-5)","background-image":"","background-repeat":"repeat","background-position":"center center","background-size":"auto","background-attachment":"scroll","background-type":"","background-media":"","overlay-type":"","overlay-color":"","overlay-opacity":"","overlay-gradient":""},"mobile":{"background-color":"var(--ast-global-color-5)","background-image":"","background-repeat":"repeat","background-position":"center center","background-size":"auto","background-attachment":"scroll","background-type":"","background-media":"","overlay-type":"","overlay-color":"","overlay-opacity":"","overlay-gradient":""}},"footnotes":""},"class_list":["post-4808","page","type-page","status-publish","hentry"],"translation":{"provider":"WPGlobus","version":"3.0.2","language":"en","enabled_languages":["de","en"],"languages":{"de":{"title":true,"content":true,"excerpt":false},"en":{"title":false,"content":false,"excerpt":false}}},"featured_image_urls_v2":{"full":"","thumbnail":"","medium":"","medium_large":"","large":"","1536x1536":"","2048x2048":""},"post_excerpt_stackable_v2":"<p>Die Headline Inflation misst die Inflation eines Landes und ber\u00fccksichtigt im Gegensatz zur Kerninflation auch Preisver\u00e4nderungen f\u00fcr Lebensmittel und Energie (Benzin, Gas, Heiz\u00f6l). Dadurch wird die Headline Inflation jedoch als nicht sehr pr\u00e4zise angesehen, da Preise f\u00fcr Lebensmittel und Energie oftmals (starken) Schwankungen unterworfen sind und somit das Bild der Preisentwicklung verzerren k\u00f6nnen. Dadurch, dass Preise f\u00fcr Lebensmittel und Energie bei der Berechnung mitber\u00fccksichtigt werden, ist die Headline Inflation grundlegend schwankungsanf\u00e4lliger und bietet eine geringere Aussagekraft \u00fcber die langfristige Inflationsentwicklung. Aus diesem Grund wird stattdessen die Kerninflation von Zentralbanken in geldpolitischen Entscheidungen bevorzugt, da die Kerninflation die langfristige Inflationserwartung genauer&hellip;<\/p>\n","category_list_v2":"","author_info_v2":{"name":"PrudentWater","url":"https:\/\/prudentwater.com\/en\/author\/niklas33\/"},"comments_num_v2":"0 comments","_links":{"self":[{"href":"https:\/\/prudentwater.com\/en\/wp-json\/wp\/v2\/pages\/4808","targetHints":{"allow":["GET"]}}],"collection":[{"href":"https:\/\/prudentwater.com\/en\/wp-json\/wp\/v2\/pages"}],"about":[{"href":"https:\/\/prudentwater.com\/en\/wp-json\/wp\/v2\/types\/page"}],"author":[{"embeddable":true,"href":"https:\/\/prudentwater.com\/en\/wp-json\/wp\/v2\/users\/1"}],"replies":[{"embeddable":true,"href":"https:\/\/prudentwater.com\/en\/wp-json\/wp\/v2\/comments?post=4808"}],"version-history":[{"count":0,"href":"https:\/\/prudentwater.com\/en\/wp-json\/wp\/v2\/pages\/4808\/revisions"}],"wp:attachment":[{"href":"https:\/\/prudentwater.com\/en\/wp-json\/wp\/v2\/media?parent=4808"}],"curies":[{"name":"wp","href":"https:\/\/api.w.org\/{rel}","templated":true}]}}