{"id":4816,"date":"2015-09-10T18:35:28","date_gmt":"2015-09-10T18:35:28","guid":{"rendered":"http:\/\/www.kunnskap.de\/?page_id=4816"},"modified":"2021-06-25T12:49:05","modified_gmt":"2021-06-25T10:49:05","slug":"in-arrears-floater","status":"publish","type":"page","link":"https:\/\/prudentwater.com\/en\/in-arrears-floater\/","title":{"rendered":"In Arrears Floater"},"content":{"rendered":"<p>Bei einem herk\u00f6mmlichen Floater findet die Zinsfeststellung am Anfang der Periode und die Zinszahlung am Ende der Periode statt. Bei einem In Arrears Floater findet die Zinsfeststellung jedoch am Ende der Periode statt und kurz darauf erfolgt dann auch die Zinszahlung f\u00fcr diese Periode. In Arrears Floater erzielen h\u00f6here Zinsen, wenn eine steigende Zinskurve vorliegt, also wenn die Forward-Rates (Terminzins) \u00fcber den Spot-Rates (Kassazins) liegen. Der Anleger spekuliert also darauf, dass w\u00e4hrend der Periode (bei Floatern immer 3, 6 oder 12 Monate) die Zinsen ansteigen. <\/p>\n","protected":false},"excerpt":{"rendered":"<p>Bei einem herk\u00f6mmlichen Floater findet die Zinsfeststellung am Anfang der Periode und die Zinszahlung am Ende der Periode statt. Bei einem In Arrears Floater findet die Zinsfeststellung jedoch am Ende der Periode statt und kurz darauf erfolgt dann auch die Zinszahlung f\u00fcr diese Periode. In Arrears Floater erzielen h\u00f6here Zinsen, wenn eine steigende Zinskurve vorliegt, [&hellip;]<\/p>\n","protected":false},"author":1,"featured_media":0,"parent":0,"menu_order":0,"comment_status":"closed","ping_status":"closed","template":"","meta":{"site-sidebar-layout":"default","site-content-layout":"","ast-site-content-layout":"","site-content-style":"default","site-sidebar-style":"default","ast-global-header-display":"","ast-banner-title-visibility":"","ast-main-header-display":"","ast-hfb-above-header-display":"","ast-hfb-below-header-display":"","ast-hfb-mobile-header-display":"","site-post-title":"","ast-breadcrumbs-content":"","ast-featured-img":"","footer-sml-layout":"","theme-transparent-header-meta":"","adv-header-id-meta":"","stick-header-meta":"","header-above-stick-meta":"","header-main-stick-meta":"","header-below-stick-meta":"","astra-migrate-meta-layouts":"default","ast-page-background-enabled":"default","ast-page-background-meta":{"desktop":{"background-color":"","background-image":"","background-repeat":"repeat","background-position":"center center","background-size":"auto","background-attachment":"scroll","background-type":"","background-media":"","overlay-type":"","overlay-color":"","overlay-opacity":"","overlay-gradient":""},"tablet":{"background-color":"","background-image":"","background-repeat":"repeat","background-position":"center center","background-size":"auto","background-attachment":"scroll","background-type":"","background-media":"","overlay-type":"","overlay-color":"","overlay-opacity":"","overlay-gradient":""},"mobile":{"background-color":"","background-image":"","background-repeat":"repeat","background-position":"center center","background-size":"auto","background-attachment":"scroll","background-type":"","background-media":"","overlay-type":"","overlay-color":"","overlay-opacity":"","overlay-gradient":""}},"ast-content-background-meta":{"desktop":{"background-color":"var(--ast-global-color-5)","background-image":"","background-repeat":"repeat","background-position":"center center","background-size":"auto","background-attachment":"scroll","background-type":"","background-media":"","overlay-type":"","overlay-color":"","overlay-opacity":"","overlay-gradient":""},"tablet":{"background-color":"var(--ast-global-color-5)","background-image":"","background-repeat":"repeat","background-position":"center center","background-size":"auto","background-attachment":"scroll","background-type":"","background-media":"","overlay-type":"","overlay-color":"","overlay-opacity":"","overlay-gradient":""},"mobile":{"background-color":"var(--ast-global-color-5)","background-image":"","background-repeat":"repeat","background-position":"center center","background-size":"auto","background-attachment":"scroll","background-type":"","background-media":"","overlay-type":"","overlay-color":"","overlay-opacity":"","overlay-gradient":""}},"footnotes":""},"class_list":["post-4816","page","type-page","status-publish","hentry"],"translation":{"provider":"WPGlobus","version":"3.0.2","language":"en","enabled_languages":["de","en"],"languages":{"de":{"title":true,"content":true,"excerpt":false},"en":{"title":false,"content":false,"excerpt":false}}},"featured_image_urls_v2":{"full":"","thumbnail":"","medium":"","medium_large":"","large":"","1536x1536":"","2048x2048":""},"post_excerpt_stackable_v2":"<p>Bei einem herk\u00f6mmlichen Floater findet die Zinsfeststellung am Anfang der Periode und die Zinszahlung am Ende der Periode statt. Bei einem In Arrears Floater findet die Zinsfeststellung jedoch am Ende der Periode statt und kurz darauf erfolgt dann auch die Zinszahlung f\u00fcr diese Periode. In Arrears Floater erzielen h\u00f6here Zinsen, wenn eine steigende Zinskurve vorliegt, also wenn die Forward-Rates (Terminzins) \u00fcber den Spot-Rates (Kassazins) liegen. Der Anleger spekuliert also darauf, dass w\u00e4hrend der Periode (bei Floatern immer 3, 6 oder 12 Monate) die Zinsen ansteigen.<\/p>\n","category_list_v2":"","author_info_v2":{"name":"PrudentWater","url":"https:\/\/prudentwater.com\/en\/author\/niklas33\/"},"comments_num_v2":"0 comments","_links":{"self":[{"href":"https:\/\/prudentwater.com\/en\/wp-json\/wp\/v2\/pages\/4816","targetHints":{"allow":["GET"]}}],"collection":[{"href":"https:\/\/prudentwater.com\/en\/wp-json\/wp\/v2\/pages"}],"about":[{"href":"https:\/\/prudentwater.com\/en\/wp-json\/wp\/v2\/types\/page"}],"author":[{"embeddable":true,"href":"https:\/\/prudentwater.com\/en\/wp-json\/wp\/v2\/users\/1"}],"replies":[{"embeddable":true,"href":"https:\/\/prudentwater.com\/en\/wp-json\/wp\/v2\/comments?post=4816"}],"version-history":[{"count":0,"href":"https:\/\/prudentwater.com\/en\/wp-json\/wp\/v2\/pages\/4816\/revisions"}],"wp:attachment":[{"href":"https:\/\/prudentwater.com\/en\/wp-json\/wp\/v2\/media?parent=4816"}],"curies":[{"name":"wp","href":"https:\/\/api.w.org\/{rel}","templated":true}]}}