{"id":4869,"date":"2015-10-06T06:22:19","date_gmt":"2015-10-06T06:22:19","guid":{"rendered":"http:\/\/www.kunnskap.de\/?page_id=4869"},"modified":"2021-06-25T12:48:19","modified_gmt":"2021-06-25T10:48:19","slug":"aufgeld","status":"publish","type":"page","link":"https:\/\/prudentwater.com\/en\/aufgeld\/","title":{"rendered":"Aufgeld"},"content":{"rendered":"<p>Das Aufgeld informiert den Anleger dar\u00fcber, um wie viel der Kauf des Basiswertes mittels Optionsschein zum aktuellen Zeitpunkt teurer ist als der Direktkauf des Basiswertes. Das Aufgeld dr\u00fcckt also aus, um wie viel der Basiswert bis zum Verfallsdatum steigen muss (Call-Optionsschein) bzw. fallen muss (Put-Optionsschein), damit der Besitzer des Scheines die Gewinnschwelle erreicht. Das Aufgeld l\u00e4sst sich in absolutes und j\u00e4hrliches Aufgeld unterscheiden. Das absolute Aufgeld zeigt an, um wie viel aktuell der Kauf des Basiswertes durch Aus\u00fcbung der Option teurer ist als der Direktkauf des Basiswertes. Liegt das Aufgeld eines Call-Optionsscheines auf eine Aktie bei 5,5 %, so ist der Kauf der Aktie \u00fcber dem Optionsschein aktuell um 5,5 % teurer als der Direktkauf der Aktie. Allgemein gilt, dass je niedriger das Aufgeld, desto attraktiver der Optionsschein.<\/p>\n<h5>Berechnungen des Aufgelds:<\/h5>\n<p><br class=\"\u201cclear\u201d\"><br \/>\nAbsolutes Aufgeld (Call in %):<br \/>\n<center><img loading=\"lazy\" decoding=\"async\" src=\"https:\/\/prudentwater.com\/wp-content\/uploads\/2020\/03\/Globales-Aufgeld-Call.bmp\" alt=\"Globales Aufgeld Call\" class=\"alignnone size-full wp-image-6538\" width=\"553\" height=\"25\" title=\"\"><\/center><\/p>\n<hr>\n<p>Absolutes Aufgeld (Put in %):<br \/>\n<center><img loading=\"lazy\" decoding=\"async\" src=\"https:\/\/prudentwater.com\/wp-content\/uploads\/2020\/03\/Absolutes-Aufgeld-Put.bmp\" alt=\"Absolutes Aufgeld Put\" class=\"alignnone size-full wp-image-6539\" width=\"553\" height=\"25\" title=\"\"><\/center><\/p>\n<hr>\n<p>Absolutes Aufgeld in Prozent:<br \/>\n<center><img loading=\"lazy\" decoding=\"async\" src=\"https:\/\/prudentwater.com\/wp-content\/uploads\/2020\/03\/Aufgeld-in-Prozent.bmp\" alt=\"Aufgeld in Prozent\" class=\"alignnone size-full wp-image-6540\" width=\"195\" height=\"48\" title=\"\"><\/center><\/p>\n<hr>\n<p>J\u00e4hrliches Aufgeld in Prozent:<br \/>\n<center><img loading=\"lazy\" decoding=\"async\" src=\"https:\/\/prudentwater.com\/wp-content\/uploads\/2020\/03\/J\u00e4hrliches-Aufgeld.bmp\" alt=\"J\u00e4hrliches Aufgeld\" class=\"alignnone size-full wp-image-6544\" width=\"208\" height=\"48\" title=\"\"><\/center><\/p>\n<hr>\n<p>Das j\u00e4hrliche Aufgeld zeigt an, um wie viel der Basiswert j\u00e4hrlich steigen (Call) bzw. fallen (Put) muss, damit bei Laufzeitende eine verlustfreie, jedoch keine gewinnbringende, Aus\u00fcbung m\u00f6glich ist. Das j\u00e4hrliche Aufgeld wird genutzt, um Optionsscheine mit unterschiedlichen Laufzeiten vergleichen zu k\u00f6nnen.<\/p>\n","protected":false},"excerpt":{"rendered":"<p>Das Aufgeld informiert den Anleger dar\u00fcber, um wie viel der Kauf des Basiswertes mittels Optionsschein zum aktuellen Zeitpunkt teurer ist als der Direktkauf des Basiswertes. Das Aufgeld dr\u00fcckt also aus, um wie viel der Basiswert bis zum Verfallsdatum steigen muss (Call-Optionsschein) bzw. fallen muss (Put-Optionsschein), damit der Besitzer des Scheines die Gewinnschwelle erreicht. Das Aufgeld [&hellip;]<\/p>\n","protected":false},"author":1,"featured_media":0,"parent":0,"menu_order":0,"comment_status":"closed","ping_status":"closed","template":"","meta":{"site-sidebar-layout":"default","site-content-layout":"","ast-site-content-layout":"","site-content-style":"default","site-sidebar-style":"default","ast-global-header-display":"","ast-banner-title-visibility":"","ast-main-header-display":"","ast-hfb-above-header-display":"","ast-hfb-below-header-display":"","ast-hfb-mobile-header-display":"","site-post-title":"","ast-breadcrumbs-content":"","ast-featured-img":"","footer-sml-layout":"","theme-transparent-header-meta":"","adv-header-id-meta":"","stick-header-meta":"","header-above-stick-meta":"","header-main-stick-meta":"","header-below-stick-meta":"","astra-migrate-meta-layouts":"default","ast-page-background-enabled":"default","ast-page-background-meta":{"desktop":{"background-color":"","background-image":"","background-repeat":"repeat","background-position":"center center","background-size":"auto","background-attachment":"scroll","background-type":"","background-media":"","overlay-type":"","overlay-color":"","overlay-opacity":"","overlay-gradient":""},"tablet":{"background-color":"","background-image":"","background-repeat":"repeat","background-position":"center center","background-size":"auto","background-attachment":"scroll","background-type":"","background-media":"","overlay-type":"","overlay-color":"","overlay-opacity":"","overlay-gradient":""},"mobile":{"background-color":"","background-image":"","background-repeat":"repeat","background-position":"center center","background-size":"auto","background-attachment":"scroll","background-type":"","background-media":"","overlay-type":"","overlay-color":"","overlay-opacity":"","overlay-gradient":""}},"ast-content-background-meta":{"desktop":{"background-color":"var(--ast-global-color-5)","background-image":"","background-repeat":"repeat","background-position":"center center","background-size":"auto","background-attachment":"scroll","background-type":"","background-media":"","overlay-type":"","overlay-color":"","overlay-opacity":"","overlay-gradient":""},"tablet":{"background-color":"var(--ast-global-color-5)","background-image":"","background-repeat":"repeat","background-position":"center center","background-size":"auto","background-attachment":"scroll","background-type":"","background-media":"","overlay-type":"","overlay-color":"","overlay-opacity":"","overlay-gradient":""},"mobile":{"background-color":"var(--ast-global-color-5)","background-image":"","background-repeat":"repeat","background-position":"center center","background-size":"auto","background-attachment":"scroll","background-type":"","background-media":"","overlay-type":"","overlay-color":"","overlay-opacity":"","overlay-gradient":""}},"footnotes":""},"class_list":["post-4869","page","type-page","status-publish","hentry"],"translation":{"provider":"WPGlobus","version":"3.0.2","language":"en","enabled_languages":["de","en"],"languages":{"de":{"title":true,"content":true,"excerpt":false},"en":{"title":false,"content":false,"excerpt":false}}},"featured_image_urls_v2":{"full":"","thumbnail":"","medium":"","medium_large":"","large":"","1536x1536":"","2048x2048":""},"post_excerpt_stackable_v2":"<p>Das Aufgeld informiert den Anleger dar\u00fcber, um wie viel der Kauf des Basiswertes mittels Optionsschein zum aktuellen Zeitpunkt teurer ist als der Direktkauf des Basiswertes. Das Aufgeld dr\u00fcckt also aus, um wie viel der Basiswert bis zum Verfallsdatum steigen muss (Call-Optionsschein) bzw. fallen muss (Put-Optionsschein), damit der Besitzer des Scheines die Gewinnschwelle erreicht. Das Aufgeld l\u00e4sst sich in absolutes und j\u00e4hrliches Aufgeld unterscheiden. Das absolute Aufgeld zeigt an, um wie viel aktuell der Kauf des Basiswertes durch Aus\u00fcbung der Option teurer ist als der Direktkauf des Basiswertes. Liegt das Aufgeld eines Call-Optionsscheines auf eine Aktie bei 5,5 %, so ist&hellip;<\/p>\n","category_list_v2":"","author_info_v2":{"name":"PrudentWater","url":"https:\/\/prudentwater.com\/en\/author\/niklas33\/"},"comments_num_v2":"0 comments","_links":{"self":[{"href":"https:\/\/prudentwater.com\/en\/wp-json\/wp\/v2\/pages\/4869","targetHints":{"allow":["GET"]}}],"collection":[{"href":"https:\/\/prudentwater.com\/en\/wp-json\/wp\/v2\/pages"}],"about":[{"href":"https:\/\/prudentwater.com\/en\/wp-json\/wp\/v2\/types\/page"}],"author":[{"embeddable":true,"href":"https:\/\/prudentwater.com\/en\/wp-json\/wp\/v2\/users\/1"}],"replies":[{"embeddable":true,"href":"https:\/\/prudentwater.com\/en\/wp-json\/wp\/v2\/comments?post=4869"}],"version-history":[{"count":0,"href":"https:\/\/prudentwater.com\/en\/wp-json\/wp\/v2\/pages\/4869\/revisions"}],"wp:attachment":[{"href":"https:\/\/prudentwater.com\/en\/wp-json\/wp\/v2\/media?parent=4869"}],"curies":[{"name":"wp","href":"https:\/\/api.w.org\/{rel}","templated":true}]}}