{"id":4874,"date":"2015-10-06T10:52:42","date_gmt":"2015-10-06T10:52:42","guid":{"rendered":"http:\/\/www.kunnskap.de\/?page_id=4874"},"modified":"2021-06-25T12:48:22","modified_gmt":"2021-06-25T10:48:22","slug":"break-even","status":"publish","type":"page","link":"https:\/\/prudentwater.com\/en\/break-even\/","title":{"rendered":"Break-Even"},"content":{"rendered":"<p>Auch <strong>Gewinnschwelle<\/strong><\/p>\n<p>Der Break-Even eines Optionsscheines gibt die Schwelle an, die der Basiswert des Optionsscheines mindestens erreichen muss, um unter Ber\u00fccksichtigung des vorher gezahlten Optionspreises eine verlustfreie, jedoch keine gewinnbringende Aus\u00fcbung des Optionsscheines zu erm\u00f6glichen. Der Break-Even ist f\u00fcr jeden K\u00e4ufer eines Optionsscheines jedoch anders, da er davon abh\u00e4ngt, zu welchem Kurs er den Optionsschein gekauft hat.<\/p>\n<h6>Berechnung:<\/h6>\n<hr>\n<h5>Break-Even-Call<\/h5>\n<p><center><img loading=\"lazy\" decoding=\"async\" src=\"https:\/\/prudentwater.com\/wp-content\/uploads\/2020\/03\/Break-Even-Call.bmp\" alt=\"Break Even Call\" class=\"alignnone size-full wp-image-6551\" width=\"504\" height=\"35\" title=\"\"><\/center><br \/>\nBei einem Call-Optionsschein muss der Kurs des Basiswertes \u00fcber den Break-Even Kurs steigen, damit der Anleger einen Gewinn erzielt.<\/p>\n<hr>\n<h5>Break-Even-Put<\/h5>\n<p><center><img loading=\"lazy\" decoding=\"async\" src=\"https:\/\/prudentwater.com\/wp-content\/uploads\/2020\/03\/Break-Even-Put.bmp\" alt=\"Break Even Put\" class=\"alignnone size-full wp-image-6550\" width=\"504\" height=\"35\" title=\"\"><\/center><br \/>\nBei einem Put-Optionsschein muss der Kurs des Basiswertes unter den Break-Even Kurs fallen, damit der Anleger einen Gewinn erzielt.<\/p>\n<hr>\n<h6>Beispiel<\/h6>\n<p>Liegt der Break-Even eines Optionsscheines bei 54,00 Euro, so kann sich dieser Wert aus einem Basispreis von 50,00 Euro und aus einem Optionsscheinpreis von 4,00 Euro zusammensetzen. Erst wenn nun der Kurs des Basiswertes am Verfallstag bei mindestens 54,00 Euro liegt, erleidet der Besitzer des Call-Optionsscheines keinen Verlust. Liegt der Kurs des Basiswertes \u00fcber 54,00 Euro, so erzielt der Besitzer einen Gewinn.<\/p>\n","protected":false},"excerpt":{"rendered":"<p>Auch Gewinnschwelle Der Break-Even eines Optionsscheines gibt die Schwelle an, die der Basiswert des Optionsscheines mindestens erreichen muss, um unter Ber\u00fccksichtigung des vorher gezahlten Optionspreises eine verlustfreie, jedoch keine gewinnbringende Aus\u00fcbung des Optionsscheines zu erm\u00f6glichen. Der Break-Even ist f\u00fcr jeden K\u00e4ufer eines Optionsscheines jedoch anders, da er davon abh\u00e4ngt, zu welchem Kurs er den Optionsschein [&hellip;]<\/p>\n","protected":false},"author":1,"featured_media":0,"parent":0,"menu_order":0,"comment_status":"closed","ping_status":"closed","template":"","meta":{"site-sidebar-layout":"default","site-content-layout":"","ast-site-content-layout":"","site-content-style":"default","site-sidebar-style":"default","ast-global-header-display":"","ast-banner-title-visibility":"","ast-main-header-display":"","ast-hfb-above-header-display":"","ast-hfb-below-header-display":"","ast-hfb-mobile-header-display":"","site-post-title":"","ast-breadcrumbs-content":"","ast-featured-img":"","footer-sml-layout":"","theme-transparent-header-meta":"","adv-header-id-meta":"","stick-header-meta":"","header-above-stick-meta":"","header-main-stick-meta":"","header-below-stick-meta":"","astra-migrate-meta-layouts":"default","ast-page-background-enabled":"default","ast-page-background-meta":{"desktop":{"background-color":"","background-image":"","background-repeat":"repeat","background-position":"center center","background-size":"auto","background-attachment":"scroll","background-type":"","background-media":"","overlay-type":"","overlay-color":"","overlay-opacity":"","overlay-gradient":""},"tablet":{"background-color":"","background-image":"","background-repeat":"repeat","background-position":"center center","background-size":"auto","background-attachment":"scroll","background-type":"","background-media":"","overlay-type":"","overlay-color":"","overlay-opacity":"","overlay-gradient":""},"mobile":{"background-color":"","background-image":"","background-repeat":"repeat","background-position":"center center","background-size":"auto","background-attachment":"scroll","background-type":"","background-media":"","overlay-type":"","overlay-color":"","overlay-opacity":"","overlay-gradient":""}},"ast-content-background-meta":{"desktop":{"background-color":"var(--ast-global-color-5)","background-image":"","background-repeat":"repeat","background-position":"center center","background-size":"auto","background-attachment":"scroll","background-type":"","background-media":"","overlay-type":"","overlay-color":"","overlay-opacity":"","overlay-gradient":""},"tablet":{"background-color":"var(--ast-global-color-5)","background-image":"","background-repeat":"repeat","background-position":"center center","background-size":"auto","background-attachment":"scroll","background-type":"","background-media":"","overlay-type":"","overlay-color":"","overlay-opacity":"","overlay-gradient":""},"mobile":{"background-color":"var(--ast-global-color-5)","background-image":"","background-repeat":"repeat","background-position":"center center","background-size":"auto","background-attachment":"scroll","background-type":"","background-media":"","overlay-type":"","overlay-color":"","overlay-opacity":"","overlay-gradient":""}},"footnotes":""},"class_list":["post-4874","page","type-page","status-publish","hentry"],"translation":{"provider":"WPGlobus","version":"3.0.2","language":"en","enabled_languages":["de","en"],"languages":{"de":{"title":true,"content":true,"excerpt":false},"en":{"title":false,"content":false,"excerpt":false}}},"featured_image_urls_v2":{"full":"","thumbnail":"","medium":"","medium_large":"","large":"","1536x1536":"","2048x2048":""},"post_excerpt_stackable_v2":"<p>Auch Gewinnschwelle Der Break-Even eines Optionsscheines gibt die Schwelle an, die der Basiswert des Optionsscheines mindestens erreichen muss, um unter Ber\u00fccksichtigung des vorher gezahlten Optionspreises eine verlustfreie, jedoch keine gewinnbringende Aus\u00fcbung des Optionsscheines zu erm\u00f6glichen. Der Break-Even ist f\u00fcr jeden K\u00e4ufer eines Optionsscheines jedoch anders, da er davon abh\u00e4ngt, zu welchem Kurs er den Optionsschein gekauft hat. Berechnung: Break-Even-Call Bei einem Call-Optionsschein muss der Kurs des Basiswertes \u00fcber den Break-Even Kurs steigen, damit der Anleger einen Gewinn erzielt. Break-Even-Put Bei einem Put-Optionsschein muss der Kurs des Basiswertes unter den Break-Even Kurs fallen, damit der Anleger einen Gewinn erzielt. Beispiel Liegt&hellip;<\/p>\n","category_list_v2":"","author_info_v2":{"name":"PrudentWater","url":"https:\/\/prudentwater.com\/en\/author\/niklas33\/"},"comments_num_v2":"0 comments","_links":{"self":[{"href":"https:\/\/prudentwater.com\/en\/wp-json\/wp\/v2\/pages\/4874","targetHints":{"allow":["GET"]}}],"collection":[{"href":"https:\/\/prudentwater.com\/en\/wp-json\/wp\/v2\/pages"}],"about":[{"href":"https:\/\/prudentwater.com\/en\/wp-json\/wp\/v2\/types\/page"}],"author":[{"embeddable":true,"href":"https:\/\/prudentwater.com\/en\/wp-json\/wp\/v2\/users\/1"}],"replies":[{"embeddable":true,"href":"https:\/\/prudentwater.com\/en\/wp-json\/wp\/v2\/comments?post=4874"}],"version-history":[{"count":0,"href":"https:\/\/prudentwater.com\/en\/wp-json\/wp\/v2\/pages\/4874\/revisions"}],"wp:attachment":[{"href":"https:\/\/prudentwater.com\/en\/wp-json\/wp\/v2\/media?parent=4874"}],"curies":[{"name":"wp","href":"https:\/\/api.w.org\/{rel}","templated":true}]}}