{"id":488,"date":"2014-08-26T21:46:22","date_gmt":"2014-08-26T21:46:22","guid":{"rendered":"http:\/\/www.kunnskap.de\/?page_id=488"},"modified":"2021-06-25T12:49:03","modified_gmt":"2021-06-25T10:49:03","slug":"gezeichnetes-kapital","status":"publish","type":"page","link":"https:\/\/prudentwater.com\/en\/gezeichnetes-kapital\/","title":{"rendered":"Gezeichnetes Kapital"},"content":{"rendered":"<h4>Gezeichnetes Kapital bei einer Aktiengesellschaft<\/h4>\n<p>Bei einer Aktiengesellschaft ist das gezeichnete Kapital das Grundkapital und geh\u00f6rt gleichzeitig auch zum Eigenkapital des Unternehmens. Es ist das Kapital, auf welches die Haftung der Aktion\u00e4re f\u00fcr alle Verbindlichkeiten des Unternehmens gegen\u00fcber seinen Gl\u00e4ubigern beschr\u00e4nkt ist. Es muss mindestens 50.000 Euro betragen und ist in der Bilanz zum Nennbetrag anzusetzen.<\/p>\n<hr>\n<h4>Gezeichnetes Kapital bei einer GmbH<\/h4>\n<p>Bei einer Gesellschaft mit beschr\u00e4nkter Haftung (GmbH) ist das gezeichnete Kapital das Stammkapital. Es muss mindestens 25.000 Euro betragen.<\/p>\n","protected":false},"excerpt":{"rendered":"<p>Gezeichnetes Kapital bei einer Aktiengesellschaft Bei einer Aktiengesellschaft ist das gezeichnete Kapital das Grundkapital und geh\u00f6rt gleichzeitig auch zum Eigenkapital des Unternehmens. Es ist das Kapital, auf welches die Haftung der Aktion\u00e4re f\u00fcr alle Verbindlichkeiten des Unternehmens gegen\u00fcber seinen Gl\u00e4ubigern beschr\u00e4nkt ist. Es muss mindestens 50.000 Euro betragen und ist in der Bilanz zum Nennbetrag [&hellip;]<\/p>\n","protected":false},"author":1,"featured_media":0,"parent":0,"menu_order":0,"comment_status":"closed","ping_status":"closed","template":"","meta":{"site-sidebar-layout":"default","site-content-layout":"","ast-site-content-layout":"","site-content-style":"default","site-sidebar-style":"default","ast-global-header-display":"","ast-banner-title-visibility":"","ast-main-header-display":"","ast-hfb-above-header-display":"","ast-hfb-below-header-display":"","ast-hfb-mobile-header-display":"","site-post-title":"","ast-breadcrumbs-content":"","ast-featured-img":"","footer-sml-layout":"","theme-transparent-header-meta":"","adv-header-id-meta":"","stick-header-meta":"","header-above-stick-meta":"","header-main-stick-meta":"","header-below-stick-meta":"","astra-migrate-meta-layouts":"default","ast-page-background-enabled":"default","ast-page-background-meta":{"desktop":{"background-color":"","background-image":"","background-repeat":"repeat","background-position":"center center","background-size":"auto","background-attachment":"scroll","background-type":"","background-media":"","overlay-type":"","overlay-color":"","overlay-opacity":"","overlay-gradient":""},"tablet":{"background-color":"","background-image":"","background-repeat":"repeat","background-position":"center center","background-size":"auto","background-attachment":"scroll","background-type":"","background-media":"","overlay-type":"","overlay-color":"","overlay-opacity":"","overlay-gradient":""},"mobile":{"background-color":"","background-image":"","background-repeat":"repeat","background-position":"center center","background-size":"auto","background-attachment":"scroll","background-type":"","background-media":"","overlay-type":"","overlay-color":"","overlay-opacity":"","overlay-gradient":""}},"ast-content-background-meta":{"desktop":{"background-color":"var(--ast-global-color-5)","background-image":"","background-repeat":"repeat","background-position":"center center","background-size":"auto","background-attachment":"scroll","background-type":"","background-media":"","overlay-type":"","overlay-color":"","overlay-opacity":"","overlay-gradient":""},"tablet":{"background-color":"var(--ast-global-color-5)","background-image":"","background-repeat":"repeat","background-position":"center center","background-size":"auto","background-attachment":"scroll","background-type":"","background-media":"","overlay-type":"","overlay-color":"","overlay-opacity":"","overlay-gradient":""},"mobile":{"background-color":"var(--ast-global-color-5)","background-image":"","background-repeat":"repeat","background-position":"center center","background-size":"auto","background-attachment":"scroll","background-type":"","background-media":"","overlay-type":"","overlay-color":"","overlay-opacity":"","overlay-gradient":""}},"footnotes":""},"class_list":["post-488","page","type-page","status-publish","hentry"],"translation":{"provider":"WPGlobus","version":"3.0.2","language":"en","enabled_languages":["de","en"],"languages":{"de":{"title":true,"content":true,"excerpt":false},"en":{"title":false,"content":false,"excerpt":false}}},"featured_image_urls_v2":{"full":"","thumbnail":"","medium":"","medium_large":"","large":"","1536x1536":"","2048x2048":""},"post_excerpt_stackable_v2":"<p>Gezeichnetes Kapital bei einer Aktiengesellschaft Bei einer Aktiengesellschaft ist das gezeichnete Kapital das Grundkapital und geh\u00f6rt gleichzeitig auch zum Eigenkapital des Unternehmens. Es ist das Kapital, auf welches die Haftung der Aktion\u00e4re f\u00fcr alle Verbindlichkeiten des Unternehmens gegen\u00fcber seinen Gl\u00e4ubigern beschr\u00e4nkt ist. Es muss mindestens 50.000 Euro betragen und ist in der Bilanz zum Nennbetrag anzusetzen. Gezeichnetes Kapital bei einer GmbH Bei einer Gesellschaft mit beschr\u00e4nkter Haftung (GmbH) ist das gezeichnete Kapital das Stammkapital. Es muss mindestens 25.000 Euro betragen.<\/p>\n","category_list_v2":"","author_info_v2":{"name":"PrudentWater","url":"https:\/\/prudentwater.com\/en\/author\/niklas33\/"},"comments_num_v2":"0 comments","_links":{"self":[{"href":"https:\/\/prudentwater.com\/en\/wp-json\/wp\/v2\/pages\/488","targetHints":{"allow":["GET"]}}],"collection":[{"href":"https:\/\/prudentwater.com\/en\/wp-json\/wp\/v2\/pages"}],"about":[{"href":"https:\/\/prudentwater.com\/en\/wp-json\/wp\/v2\/types\/page"}],"author":[{"embeddable":true,"href":"https:\/\/prudentwater.com\/en\/wp-json\/wp\/v2\/users\/1"}],"replies":[{"embeddable":true,"href":"https:\/\/prudentwater.com\/en\/wp-json\/wp\/v2\/comments?post=488"}],"version-history":[{"count":0,"href":"https:\/\/prudentwater.com\/en\/wp-json\/wp\/v2\/pages\/488\/revisions"}],"wp:attachment":[{"href":"https:\/\/prudentwater.com\/en\/wp-json\/wp\/v2\/media?parent=488"}],"curies":[{"name":"wp","href":"https:\/\/api.w.org\/{rel}","templated":true}]}}