{"id":4913,"date":"2015-10-11T14:56:12","date_gmt":"2015-10-11T14:56:12","guid":{"rendered":"http:\/\/www.kunnskap.de\/?page_id=4913"},"modified":"2021-06-25T12:48:24","modified_gmt":"2021-06-25T10:48:24","slug":"credit-linked-note","status":"publish","type":"page","link":"https:\/\/prudentwater.com\/en\/credit-linked-note\/","title":{"rendered":"Credit Linked Note"},"content":{"rendered":"<p>Auch <strong>CLN<\/strong><\/p>\n<p>Bei einem Credit Linked Note handelt es sich um ein Kreditderivat, welches eine Anleihe mit einem Credit Default Swap kombiniert. Der Credit Linked Note verweist neben dem Emittenten auf einen weiteren Referenzschuldner. Bei dem Referenzschuldner handelt es sich in der Regel um ein weiteres Unternehmen, welches jedoch nicht aus der Finanzbranche stammen muss. Tritt bei diesem zweiten Unternehmen nun ein Kreditereignis ein, wie zum Beispiel eine Insolvenz oder ein Zahlungsausfall, dann erh\u00e4lt der Besitzer des Credit Linked Note keine weiteren Kuponzahlungen und auch nicht mehr am Ende der Laufzeit den Nominalwert der Anleihe. Stattdessen erh\u00e4lt der Anleger einen Geldbetrag zur\u00fcck, welcher deutlich unter dem Nominalwert (100 %) liegt oder aber er erleidet sogar einen Totalverlust. Dar\u00fcber hinaus besteht auch wie bei einer herk\u00f6mmlichen Anleihe das Risiko, dass sich die Kreditw\u00fcrdigkeit des Emittenten verschlechtert und er nicht mehr in der Lage sein wird, die Anleihe am Laufzeitende fristgerecht zum Nominalwert zur\u00fcckzunehmen. Es besteht somit auch ein Emittentenrisiko gegen\u00fcber dem Finanzinstitut, welches das CLN emittiert hat. Bei einem Credit Linked Note bezieht sich das Risiko somit auf zwei verschiedene Schuldner. Als Ausgleich f\u00fcr das erh\u00f6hte Risiko erh\u00e4lt der Investor einen h\u00f6heren Kupon als im Vergleich zu einer herk\u00f6mmlichen Anleihe. Besitzer von Credit Linked Notes m\u00fcssen den Credit Spread des Referenzschuldners beachten. Verringert sich dieser, wird der Kurs der Anleihe steigen, vergr\u00f6\u00dfert sich dieser jedoch, so wird der Kurs der Anleihe h\u00f6chstwahrscheinlich fallen.  <\/p>\n","protected":false},"excerpt":{"rendered":"<p>Auch CLN Bei einem Credit Linked Note handelt es sich um ein Kreditderivat, welches eine Anleihe mit einem Credit Default Swap kombiniert. Der Credit Linked Note verweist neben dem Emittenten auf einen weiteren Referenzschuldner. Bei dem Referenzschuldner handelt es sich in der Regel um ein weiteres Unternehmen, welches jedoch nicht aus der Finanzbranche stammen muss. [&hellip;]<\/p>\n","protected":false},"author":1,"featured_media":0,"parent":0,"menu_order":0,"comment_status":"closed","ping_status":"closed","template":"","meta":{"site-sidebar-layout":"default","site-content-layout":"","ast-site-content-layout":"","site-content-style":"default","site-sidebar-style":"default","ast-global-header-display":"","ast-banner-title-visibility":"","ast-main-header-display":"","ast-hfb-above-header-display":"","ast-hfb-below-header-display":"","ast-hfb-mobile-header-display":"","site-post-title":"","ast-breadcrumbs-content":"","ast-featured-img":"","footer-sml-layout":"","theme-transparent-header-meta":"","adv-header-id-meta":"","stick-header-meta":"","header-above-stick-meta":"","header-main-stick-meta":"","header-below-stick-meta":"","astra-migrate-meta-layouts":"default","ast-page-background-enabled":"default","ast-page-background-meta":{"desktop":{"background-color":"","background-image":"","background-repeat":"repeat","background-position":"center center","background-size":"auto","background-attachment":"scroll","background-type":"","background-media":"","overlay-type":"","overlay-color":"","overlay-opacity":"","overlay-gradient":""},"tablet":{"background-color":"","background-image":"","background-repeat":"repeat","background-position":"center center","background-size":"auto","background-attachment":"scroll","background-type":"","background-media":"","overlay-type":"","overlay-color":"","overlay-opacity":"","overlay-gradient":""},"mobile":{"background-color":"","background-image":"","background-repeat":"repeat","background-position":"center center","background-size":"auto","background-attachment":"scroll","background-type":"","background-media":"","overlay-type":"","overlay-color":"","overlay-opacity":"","overlay-gradient":""}},"ast-content-background-meta":{"desktop":{"background-color":"var(--ast-global-color-5)","background-image":"","background-repeat":"repeat","background-position":"center center","background-size":"auto","background-attachment":"scroll","background-type":"","background-media":"","overlay-type":"","overlay-color":"","overlay-opacity":"","overlay-gradient":""},"tablet":{"background-color":"var(--ast-global-color-5)","background-image":"","background-repeat":"repeat","background-position":"center center","background-size":"auto","background-attachment":"scroll","background-type":"","background-media":"","overlay-type":"","overlay-color":"","overlay-opacity":"","overlay-gradient":""},"mobile":{"background-color":"var(--ast-global-color-5)","background-image":"","background-repeat":"repeat","background-position":"center center","background-size":"auto","background-attachment":"scroll","background-type":"","background-media":"","overlay-type":"","overlay-color":"","overlay-opacity":"","overlay-gradient":""}},"footnotes":""},"class_list":["post-4913","page","type-page","status-publish","hentry"],"translation":{"provider":"WPGlobus","version":"3.0.2","language":"en","enabled_languages":["de","en"],"languages":{"de":{"title":true,"content":true,"excerpt":false},"en":{"title":false,"content":false,"excerpt":false}}},"featured_image_urls_v2":{"full":"","thumbnail":"","medium":"","medium_large":"","large":"","1536x1536":"","2048x2048":""},"post_excerpt_stackable_v2":"<p>Auch CLN Bei einem Credit Linked Note handelt es sich um ein Kreditderivat, welches eine Anleihe mit einem Credit Default Swap kombiniert. Der Credit Linked Note verweist neben dem Emittenten auf einen weiteren Referenzschuldner. Bei dem Referenzschuldner handelt es sich in der Regel um ein weiteres Unternehmen, welches jedoch nicht aus der Finanzbranche stammen muss. Tritt bei diesem zweiten Unternehmen nun ein Kreditereignis ein, wie zum Beispiel eine Insolvenz oder ein Zahlungsausfall, dann erh\u00e4lt der Besitzer des Credit Linked Note keine weiteren Kuponzahlungen und auch nicht mehr am Ende der Laufzeit den Nominalwert der Anleihe. Stattdessen erh\u00e4lt der Anleger einen&hellip;<\/p>\n","category_list_v2":"","author_info_v2":{"name":"PrudentWater","url":"https:\/\/prudentwater.com\/en\/author\/niklas33\/"},"comments_num_v2":"0 comments","_links":{"self":[{"href":"https:\/\/prudentwater.com\/en\/wp-json\/wp\/v2\/pages\/4913","targetHints":{"allow":["GET"]}}],"collection":[{"href":"https:\/\/prudentwater.com\/en\/wp-json\/wp\/v2\/pages"}],"about":[{"href":"https:\/\/prudentwater.com\/en\/wp-json\/wp\/v2\/types\/page"}],"author":[{"embeddable":true,"href":"https:\/\/prudentwater.com\/en\/wp-json\/wp\/v2\/users\/1"}],"replies":[{"embeddable":true,"href":"https:\/\/prudentwater.com\/en\/wp-json\/wp\/v2\/comments?post=4913"}],"version-history":[{"count":0,"href":"https:\/\/prudentwater.com\/en\/wp-json\/wp\/v2\/pages\/4913\/revisions"}],"wp:attachment":[{"href":"https:\/\/prudentwater.com\/en\/wp-json\/wp\/v2\/media?parent=4913"}],"curies":[{"name":"wp","href":"https:\/\/api.w.org\/{rel}","templated":true}]}}