{"id":4931,"date":"2015-10-13T09:12:51","date_gmt":"2015-10-13T09:12:51","guid":{"rendered":"http:\/\/www.kunnskap.de\/?page_id=4931"},"modified":"2021-06-25T12:50:14","modified_gmt":"2021-06-25T10:50:14","slug":"true-sale","status":"publish","type":"page","link":"https:\/\/prudentwater.com\/en\/true-sale\/","title":{"rendered":"True Sale"},"content":{"rendered":"<p>True Sale ist eine Verbriefungsart in Bezug auf Asset Backed Securities. Dabei werden die Forderungen gegen\u00fcber den Schuldnern komplett aus der Bilanz des Kreditinstitutes herausgel\u00f6st und auf eine Zweckgesellschaft (Special Purpose Vehicle) \u00fcbertragen. Bei den Forderungen kann es sich um Hypothekenkredite, Studentenkredite oder allgemeine Kredite handeln.<br \/>\nDie Zweckgesellschaft ist nun neuer Gl\u00e4ubiger der Forderungen, die Verwaltung der Kredite bleibt jedoch in der Regel bei dem Kreditinstitut. <\/p>\n","protected":false},"excerpt":{"rendered":"<p>True Sale ist eine Verbriefungsart in Bezug auf Asset Backed Securities. Dabei werden die Forderungen gegen\u00fcber den Schuldnern komplett aus der Bilanz des Kreditinstitutes herausgel\u00f6st und auf eine Zweckgesellschaft (Special Purpose Vehicle) \u00fcbertragen. Bei den Forderungen kann es sich um Hypothekenkredite, Studentenkredite oder allgemeine Kredite handeln. Die Zweckgesellschaft ist nun neuer Gl\u00e4ubiger der Forderungen, die [&hellip;]<\/p>\n","protected":false},"author":1,"featured_media":0,"parent":0,"menu_order":0,"comment_status":"closed","ping_status":"closed","template":"","meta":{"site-sidebar-layout":"default","site-content-layout":"","ast-site-content-layout":"","site-content-style":"default","site-sidebar-style":"default","ast-global-header-display":"","ast-banner-title-visibility":"","ast-main-header-display":"","ast-hfb-above-header-display":"","ast-hfb-below-header-display":"","ast-hfb-mobile-header-display":"","site-post-title":"","ast-breadcrumbs-content":"","ast-featured-img":"","footer-sml-layout":"","theme-transparent-header-meta":"","adv-header-id-meta":"","stick-header-meta":"","header-above-stick-meta":"","header-main-stick-meta":"","header-below-stick-meta":"","astra-migrate-meta-layouts":"default","ast-page-background-enabled":"default","ast-page-background-meta":{"desktop":{"background-color":"","background-image":"","background-repeat":"repeat","background-position":"center center","background-size":"auto","background-attachment":"scroll","background-type":"","background-media":"","overlay-type":"","overlay-color":"","overlay-opacity":"","overlay-gradient":""},"tablet":{"background-color":"","background-image":"","background-repeat":"repeat","background-position":"center center","background-size":"auto","background-attachment":"scroll","background-type":"","background-media":"","overlay-type":"","overlay-color":"","overlay-opacity":"","overlay-gradient":""},"mobile":{"background-color":"","background-image":"","background-repeat":"repeat","background-position":"center center","background-size":"auto","background-attachment":"scroll","background-type":"","background-media":"","overlay-type":"","overlay-color":"","overlay-opacity":"","overlay-gradient":""}},"ast-content-background-meta":{"desktop":{"background-color":"var(--ast-global-color-5)","background-image":"","background-repeat":"repeat","background-position":"center center","background-size":"auto","background-attachment":"scroll","background-type":"","background-media":"","overlay-type":"","overlay-color":"","overlay-opacity":"","overlay-gradient":""},"tablet":{"background-color":"var(--ast-global-color-5)","background-image":"","background-repeat":"repeat","background-position":"center center","background-size":"auto","background-attachment":"scroll","background-type":"","background-media":"","overlay-type":"","overlay-color":"","overlay-opacity":"","overlay-gradient":""},"mobile":{"background-color":"var(--ast-global-color-5)","background-image":"","background-repeat":"repeat","background-position":"center center","background-size":"auto","background-attachment":"scroll","background-type":"","background-media":"","overlay-type":"","overlay-color":"","overlay-opacity":"","overlay-gradient":""}},"footnotes":""},"class_list":["post-4931","page","type-page","status-publish","hentry"],"translation":{"provider":"WPGlobus","version":"3.0.2","language":"en","enabled_languages":["de","en"],"languages":{"de":{"title":true,"content":true,"excerpt":false},"en":{"title":false,"content":false,"excerpt":false}}},"featured_image_urls_v2":{"full":"","thumbnail":"","medium":"","medium_large":"","large":"","1536x1536":"","2048x2048":""},"post_excerpt_stackable_v2":"<p>True Sale ist eine Verbriefungsart in Bezug auf Asset Backed Securities. Dabei werden die Forderungen gegen\u00fcber den Schuldnern komplett aus der Bilanz des Kreditinstitutes herausgel\u00f6st und auf eine Zweckgesellschaft (Special Purpose Vehicle) \u00fcbertragen. Bei den Forderungen kann es sich um Hypothekenkredite, Studentenkredite oder allgemeine Kredite handeln. Die Zweckgesellschaft ist nun neuer Gl\u00e4ubiger der Forderungen, die Verwaltung der Kredite bleibt jedoch in der Regel bei dem Kreditinstitut.<\/p>\n","category_list_v2":"","author_info_v2":{"name":"PrudentWater","url":"https:\/\/prudentwater.com\/en\/author\/niklas33\/"},"comments_num_v2":"0 comments","_links":{"self":[{"href":"https:\/\/prudentwater.com\/en\/wp-json\/wp\/v2\/pages\/4931","targetHints":{"allow":["GET"]}}],"collection":[{"href":"https:\/\/prudentwater.com\/en\/wp-json\/wp\/v2\/pages"}],"about":[{"href":"https:\/\/prudentwater.com\/en\/wp-json\/wp\/v2\/types\/page"}],"author":[{"embeddable":true,"href":"https:\/\/prudentwater.com\/en\/wp-json\/wp\/v2\/users\/1"}],"replies":[{"embeddable":true,"href":"https:\/\/prudentwater.com\/en\/wp-json\/wp\/v2\/comments?post=4931"}],"version-history":[{"count":0,"href":"https:\/\/prudentwater.com\/en\/wp-json\/wp\/v2\/pages\/4931\/revisions"}],"wp:attachment":[{"href":"https:\/\/prudentwater.com\/en\/wp-json\/wp\/v2\/media?parent=4931"}],"curies":[{"name":"wp","href":"https:\/\/api.w.org\/{rel}","templated":true}]}}