{"id":4937,"date":"2015-10-14T09:46:05","date_gmt":"2015-10-14T09:46:05","guid":{"rendered":"http:\/\/www.kunnskap.de\/?page_id=4937"},"modified":"2021-06-25T12:50:11","modified_gmt":"2021-06-25T10:50:11","slug":"special-purpose-vehicle","status":"publish","type":"page","link":"https:\/\/prudentwater.com\/en\/special-purpose-vehicle\/","title":{"rendered":"Special Purpose Vehicle"},"content":{"rendered":"<p>Auch <strong>Zweckgesellslchaft<\/strong><\/p>\n<p>Ein Special Purpose Vehicle ist eine Zweckgesellschaft eines Unternehmens und hat den Sinn, bestimmte und oftmals risikobehaftete Verm\u00f6gensgegenst\u00e4nde aus der Bilanz des Unternehmens auszulagern und auf die Zweckgesellschaft zu \u00fcbertragen. Ein Special Purpose Vehicle wird beispielsweise f\u00fcr Asset Backed Securities verwendet. Hierbei werden die Assets auf diese Zweckgesellschaft \u00fcbertragen, bzw. die Bank verkauft diese an die Zweckgesellschaft weiter. Diese wiederum refinanziert den Kauf durch den anschlie\u00dfenden Verkauf dieser Assets am Markt an die Investoren. Im Falle einer Insolvenz der Bank hat der Insolvenzverwalter keinen Zugriff auf die Zweckgesellschaft. Die Assets, welche die Zweckgesellschaft h\u00e4lt, k\u00f6nnen ein Rating erhalten, die Gesellschaft selbst jedoch nicht.<br \/>\nBei dem  Special Purpose Vehicle handelt es sich um eine selbstst\u00e4ndige Rechtspers\u00f6nlichkeit, welche oftmals in steuerbeg\u00fcnstigten Orten angesiedelt ist.<\/p>\n","protected":false},"excerpt":{"rendered":"<p>Auch Zweckgesellslchaft Ein Special Purpose Vehicle ist eine Zweckgesellschaft eines Unternehmens und hat den Sinn, bestimmte und oftmals risikobehaftete Verm\u00f6gensgegenst\u00e4nde aus der Bilanz des Unternehmens auszulagern und auf die Zweckgesellschaft zu \u00fcbertragen. Ein Special Purpose Vehicle wird beispielsweise f\u00fcr Asset Backed Securities verwendet. Hierbei werden die Assets auf diese Zweckgesellschaft \u00fcbertragen, bzw. die Bank verkauft [&hellip;]<\/p>\n","protected":false},"author":1,"featured_media":0,"parent":0,"menu_order":0,"comment_status":"closed","ping_status":"closed","template":"","meta":{"site-sidebar-layout":"default","site-content-layout":"","ast-site-content-layout":"","site-content-style":"default","site-sidebar-style":"default","ast-global-header-display":"","ast-banner-title-visibility":"","ast-main-header-display":"","ast-hfb-above-header-display":"","ast-hfb-below-header-display":"","ast-hfb-mobile-header-display":"","site-post-title":"","ast-breadcrumbs-content":"","ast-featured-img":"","footer-sml-layout":"","theme-transparent-header-meta":"","adv-header-id-meta":"","stick-header-meta":"","header-above-stick-meta":"","header-main-stick-meta":"","header-below-stick-meta":"","astra-migrate-meta-layouts":"default","ast-page-background-enabled":"default","ast-page-background-meta":{"desktop":{"background-color":"","background-image":"","background-repeat":"repeat","background-position":"center center","background-size":"auto","background-attachment":"scroll","background-type":"","background-media":"","overlay-type":"","overlay-color":"","overlay-opacity":"","overlay-gradient":""},"tablet":{"background-color":"","background-image":"","background-repeat":"repeat","background-position":"center center","background-size":"auto","background-attachment":"scroll","background-type":"","background-media":"","overlay-type":"","overlay-color":"","overlay-opacity":"","overlay-gradient":""},"mobile":{"background-color":"","background-image":"","background-repeat":"repeat","background-position":"center center","background-size":"auto","background-attachment":"scroll","background-type":"","background-media":"","overlay-type":"","overlay-color":"","overlay-opacity":"","overlay-gradient":""}},"ast-content-background-meta":{"desktop":{"background-color":"var(--ast-global-color-5)","background-image":"","background-repeat":"repeat","background-position":"center center","background-size":"auto","background-attachment":"scroll","background-type":"","background-media":"","overlay-type":"","overlay-color":"","overlay-opacity":"","overlay-gradient":""},"tablet":{"background-color":"var(--ast-global-color-5)","background-image":"","background-repeat":"repeat","background-position":"center center","background-size":"auto","background-attachment":"scroll","background-type":"","background-media":"","overlay-type":"","overlay-color":"","overlay-opacity":"","overlay-gradient":""},"mobile":{"background-color":"var(--ast-global-color-5)","background-image":"","background-repeat":"repeat","background-position":"center center","background-size":"auto","background-attachment":"scroll","background-type":"","background-media":"","overlay-type":"","overlay-color":"","overlay-opacity":"","overlay-gradient":""}},"footnotes":""},"class_list":["post-4937","page","type-page","status-publish","hentry"],"translation":{"provider":"WPGlobus","version":"3.0.2","language":"en","enabled_languages":["de","en"],"languages":{"de":{"title":true,"content":true,"excerpt":false},"en":{"title":false,"content":false,"excerpt":false}}},"featured_image_urls_v2":{"full":"","thumbnail":"","medium":"","medium_large":"","large":"","1536x1536":"","2048x2048":""},"post_excerpt_stackable_v2":"<p>Auch Zweckgesellslchaft Ein Special Purpose Vehicle ist eine Zweckgesellschaft eines Unternehmens und hat den Sinn, bestimmte und oftmals risikobehaftete Verm\u00f6gensgegenst\u00e4nde aus der Bilanz des Unternehmens auszulagern und auf die Zweckgesellschaft zu \u00fcbertragen. Ein Special Purpose Vehicle wird beispielsweise f\u00fcr Asset Backed Securities verwendet. Hierbei werden die Assets auf diese Zweckgesellschaft \u00fcbertragen, bzw. die Bank verkauft diese an die Zweckgesellschaft weiter. Diese wiederum refinanziert den Kauf durch den anschlie\u00dfenden Verkauf dieser Assets am Markt an die Investoren. Im Falle einer Insolvenz der Bank hat der Insolvenzverwalter keinen Zugriff auf die Zweckgesellschaft. Die Assets, welche die Zweckgesellschaft h\u00e4lt, k\u00f6nnen ein Rating erhalten,&hellip;<\/p>\n","category_list_v2":"","author_info_v2":{"name":"PrudentWater","url":"https:\/\/prudentwater.com\/en\/author\/niklas33\/"},"comments_num_v2":"0 comments","_links":{"self":[{"href":"https:\/\/prudentwater.com\/en\/wp-json\/wp\/v2\/pages\/4937","targetHints":{"allow":["GET"]}}],"collection":[{"href":"https:\/\/prudentwater.com\/en\/wp-json\/wp\/v2\/pages"}],"about":[{"href":"https:\/\/prudentwater.com\/en\/wp-json\/wp\/v2\/types\/page"}],"author":[{"embeddable":true,"href":"https:\/\/prudentwater.com\/en\/wp-json\/wp\/v2\/users\/1"}],"replies":[{"embeddable":true,"href":"https:\/\/prudentwater.com\/en\/wp-json\/wp\/v2\/comments?post=4937"}],"version-history":[{"count":0,"href":"https:\/\/prudentwater.com\/en\/wp-json\/wp\/v2\/pages\/4937\/revisions"}],"wp:attachment":[{"href":"https:\/\/prudentwater.com\/en\/wp-json\/wp\/v2\/media?parent=4937"}],"curies":[{"name":"wp","href":"https:\/\/api.w.org\/{rel}","templated":true}]}}